{"id":1059,"date":"2019-05-18T02:05:22","date_gmt":"2019-05-18T00:05:22","guid":{"rendered":"http:\/\/wp.kristdemokraterna.se\/emmaboda\/?page_id=1059"},"modified":"2019-05-18T02:50:38","modified_gmt":"2019-05-18T00:50:38","slug":"arsmotet","status":"publish","type":"page","link":"https:\/\/wp.kristdemokraterna.se\/emmaboda\/partiavdelningen\/arsmotet\/","title":{"rendered":"\u00c5rsm\u00f6tet"},"content":{"rendered":"<p>Partiavdelningens h\u00f6gsta beslutande organ \u00e4r \u00e5rsm\u00f6tet, som ska sammantr\u00e4da senast vecka 8. Alla medlemmar inom Emmaboda partiavdelning \u00e4r v\u00e4lkomna att delta, men endast betalande medlemmar har r\u00f6st-, yttrande-, f\u00f6rslags- och motionsr\u00e4tt.<\/p>\n<p>Det \u00e4r p\u00e5 \u00e5rsm\u00f6tena som styrelsen v\u00e4ljs, verksamhetsplan antas, ombud till partidistriktets \u00e5rsm\u00f6ten utses, budget beslutas med mycket mer. Det \u00e4r med andra ord p\u00e5 \u00e5rsm\u00f6tena som hela partiavdelningens sp\u00e4nnande framtid st\u00e5r p\u00e5 spel!<\/p>\n<hr \/>\n<p><em>Du finner tidigare partiavdelnings\u00e5rsm\u00f6ten under v\u00e4nstermenyn.<\/em><\/p>\n","protected":false},"excerpt":{"rendered":"<p>Partiavdelningens h\u00f6gsta beslutande organ \u00e4r \u00e5rsm\u00f6tet, som ska sammantr\u00e4da senast vecka 8. Alla medlemmar inom Emmaboda partiavdelning \u00e4r v\u00e4lkomna att delta, men endast betalande medlemmar har r\u00f6st-, yttrande-, f\u00f6rslags- och motionsr\u00e4tt. Det \u00e4r p\u00e5 \u00e5rsm\u00f6tena som styrelsen v\u00e4ljs, verksamhetsplan antas, ombud till partidistriktets \u00e5rsm\u00f6ten utses, budget beslutas med mycket mer. Det \u00e4r med andra ord <a class=\"read-more-link\" href=\"https:\/\/wp.kristdemokraterna.se\/emmaboda\/partiavdelningen\/arsmotet\/\">Read More<\/a><\/p>\n","protected":false},"author":525,"featured_media":0,"parent":31,"menu_order":3,"comment_status":"closed","ping_status":"closed","template":"","meta":{"_acf_changed":false,"footnotes":""},"class_list":["post-1059","page","type-page","status-publish","hentry"],"acf":[],"yoast_head":"<!-- This site is optimized with the Yoast SEO plugin v27.3 - https:\/\/yoast.com\/product\/yoast-seo-wordpress\/ -->\n<title>\u00c5rsm\u00f6tet - Kristdemokraterna i Emmaboda<\/title>\n<meta name=\"robots\" content=\"index, follow, max-snippet:-1, max-image-preview:large, max-video-preview:-1\" \/>\n<link rel=\"canonical\" href=\"https:\/\/wp.kristdemokraterna.se\/emmaboda\/partiavdelningen\/arsmotet\/\" \/>\n<meta property=\"og:locale\" content=\"sv_SE\" \/>\n<meta property=\"og:type\" content=\"article\" \/>\n<meta property=\"og:title\" content=\"\u00c5rsm\u00f6tet - Kristdemokraterna i Emmaboda\" \/>\n<meta property=\"og:description\" content=\"Partiavdelningens h\u00f6gsta beslutande organ \u00e4r \u00e5rsm\u00f6tet, som ska sammantr\u00e4da senast vecka 8. Alla medlemmar inom Emmaboda partiavdelning \u00e4r v\u00e4lkomna att delta, men endast betalande medlemmar har r\u00f6st-, yttrande-, f\u00f6rslags- och motionsr\u00e4tt. Det \u00e4r p\u00e5 \u00e5rsm\u00f6tena som styrelsen v\u00e4ljs, verksamhetsplan antas, ombud till partidistriktets \u00e5rsm\u00f6ten utses, budget beslutas med mycket mer. Det \u00e4r med andra ord Read More\" \/>\n<meta property=\"og:url\" content=\"https:\/\/wp.kristdemokraterna.se\/emmaboda\/partiavdelningen\/arsmotet\/\" \/>\n<meta property=\"og:site_name\" content=\"Kristdemokraterna i Emmaboda\" \/>\n<meta property=\"article:modified_time\" content=\"2019-05-18T00:50:38+00:00\" \/>\n<meta name=\"twitter:card\" content=\"summary_large_image\" \/>\n<script type=\"application\/ld+json\" class=\"yoast-schema-graph\">{\"@context\":\"https:\\\/\\\/schema.org\",\"@graph\":[{\"@type\":\"WebPage\",\"@id\":\"https:\\\/\\\/wp.kristdemokraterna.se\\\/emmaboda\\\/partiavdelningen\\\/arsmotet\\\/\",\"url\":\"https:\\\/\\\/wp.kristdemokraterna.se\\\/emmaboda\\\/partiavdelningen\\\/arsmotet\\\/\",\"name\":\"\u00c5rsm\u00f6tet - Kristdemokraterna i Emmaboda\",\"isPartOf\":{\"@id\":\"https:\\\/\\\/wp.kristdemokraterna.se\\\/emmaboda\\\/#website\"},\"datePublished\":\"2019-05-18T00:05:22+00:00\",\"dateModified\":\"2019-05-18T00:50:38+00:00\",\"breadcrumb\":{\"@id\":\"https:\\\/\\\/wp.kristdemokraterna.se\\\/emmaboda\\\/partiavdelningen\\\/arsmotet\\\/#breadcrumb\"},\"inLanguage\":\"sv-SE\",\"potentialAction\":[{\"@type\":\"ReadAction\",\"target\":[\"https:\\\/\\\/wp.kristdemokraterna.se\\\/emmaboda\\\/partiavdelningen\\\/arsmotet\\\/\"]}]},{\"@type\":\"BreadcrumbList\",\"@id\":\"https:\\\/\\\/wp.kristdemokraterna.se\\\/emmaboda\\\/partiavdelningen\\\/arsmotet\\\/#breadcrumb\",\"itemListElement\":[{\"@type\":\"ListItem\",\"position\":1,\"name\":\"Hem\",\"item\":\"https:\\\/\\\/wp.kristdemokraterna.se\\\/emmaboda\\\/\"},{\"@type\":\"ListItem\",\"position\":2,\"name\":\"Partiavdelningen\",\"item\":\"https:\\\/\\\/wp.kristdemokraterna.se\\\/emmaboda\\\/partiavdelningen\\\/\"},{\"@type\":\"ListItem\",\"position\":3,\"name\":\"\u00c5rsm\u00f6tet\"}]},{\"@type\":\"WebSite\",\"@id\":\"https:\\\/\\\/wp.kristdemokraterna.se\\\/emmaboda\\\/#website\",\"url\":\"https:\\\/\\\/wp.kristdemokraterna.se\\\/emmaboda\\\/\",\"name\":\"Kristdemokraterna i Emmaboda\",\"description\":\"Vi har Emmaboda i v\u00e5ra hj\u00e4rtan\",\"inLanguage\":\"sv-SE\"}]}<\/script>\n<!-- \/ Yoast SEO plugin. -->","yoast_head_json":{"title":"\u00c5rsm\u00f6tet - Kristdemokraterna i Emmaboda","robots":{"index":"index","follow":"follow","max-snippet":"max-snippet:-1","max-image-preview":"max-image-preview:large","max-video-preview":"max-video-preview:-1"},"canonical":"https:\/\/wp.kristdemokraterna.se\/emmaboda\/partiavdelningen\/arsmotet\/","og_locale":"sv_SE","og_type":"article","og_title":"\u00c5rsm\u00f6tet - Kristdemokraterna i Emmaboda","og_description":"Partiavdelningens h\u00f6gsta beslutande organ \u00e4r \u00e5rsm\u00f6tet, som ska sammantr\u00e4da senast vecka 8. Alla medlemmar inom Emmaboda partiavdelning \u00e4r v\u00e4lkomna att delta, men endast betalande medlemmar har r\u00f6st-, yttrande-, f\u00f6rslags- och motionsr\u00e4tt. Det \u00e4r p\u00e5 \u00e5rsm\u00f6tena som styrelsen v\u00e4ljs, verksamhetsplan antas, ombud till partidistriktets \u00e5rsm\u00f6ten utses, budget beslutas med mycket mer. Det \u00e4r med andra ord Read More","og_url":"https:\/\/wp.kristdemokraterna.se\/emmaboda\/partiavdelningen\/arsmotet\/","og_site_name":"Kristdemokraterna i Emmaboda","article_modified_time":"2019-05-18T00:50:38+00:00","twitter_card":"summary_large_image","schema":{"@context":"https:\/\/schema.org","@graph":[{"@type":"WebPage","@id":"https:\/\/wp.kristdemokraterna.se\/emmaboda\/partiavdelningen\/arsmotet\/","url":"https:\/\/wp.kristdemokraterna.se\/emmaboda\/partiavdelningen\/arsmotet\/","name":"\u00c5rsm\u00f6tet - Kristdemokraterna i Emmaboda","isPartOf":{"@id":"https:\/\/wp.kristdemokraterna.se\/emmaboda\/#website"},"datePublished":"2019-05-18T00:05:22+00:00","dateModified":"2019-05-18T00:50:38+00:00","breadcrumb":{"@id":"https:\/\/wp.kristdemokraterna.se\/emmaboda\/partiavdelningen\/arsmotet\/#breadcrumb"},"inLanguage":"sv-SE","potentialAction":[{"@type":"ReadAction","target":["https:\/\/wp.kristdemokraterna.se\/emmaboda\/partiavdelningen\/arsmotet\/"]}]},{"@type":"BreadcrumbList","@id":"https:\/\/wp.kristdemokraterna.se\/emmaboda\/partiavdelningen\/arsmotet\/#breadcrumb","itemListElement":[{"@type":"ListItem","position":1,"name":"Hem","item":"https:\/\/wp.kristdemokraterna.se\/emmaboda\/"},{"@type":"ListItem","position":2,"name":"Partiavdelningen","item":"https:\/\/wp.kristdemokraterna.se\/emmaboda\/partiavdelningen\/"},{"@type":"ListItem","position":3,"name":"\u00c5rsm\u00f6tet"}]},{"@type":"WebSite","@id":"https:\/\/wp.kristdemokraterna.se\/emmaboda\/#website","url":"https:\/\/wp.kristdemokraterna.se\/emmaboda\/","name":"Kristdemokraterna i Emmaboda","description":"Vi har Emmaboda i v\u00e5ra hj\u00e4rtan","inLanguage":"sv-SE"}]}},"_links":{"self":[{"href":"https:\/\/wp.kristdemokraterna.se\/emmaboda\/wp-json\/wp\/v2\/pages\/1059","targetHints":{"allow":["GET"]}}],"collection":[{"href":"https:\/\/wp.kristdemokraterna.se\/emmaboda\/wp-json\/wp\/v2\/pages"}],"about":[{"href":"https:\/\/wp.kristdemokraterna.se\/emmaboda\/wp-json\/wp\/v2\/types\/page"}],"author":[{"embeddable":true,"href":"https:\/\/wp.kristdemokraterna.se\/emmaboda\/wp-json\/wp\/v2\/users\/525"}],"replies":[{"embeddable":true,"href":"https:\/\/wp.kristdemokraterna.se\/emmaboda\/wp-json\/wp\/v2\/comments?post=1059"}],"version-history":[{"count":4,"href":"https:\/\/wp.kristdemokraterna.se\/emmaboda\/wp-json\/wp\/v2\/pages\/1059\/revisions"}],"predecessor-version":[{"id":1064,"href":"https:\/\/wp.kristdemokraterna.se\/emmaboda\/wp-json\/wp\/v2\/pages\/1059\/revisions\/1064"}],"up":[{"embeddable":true,"href":"https:\/\/wp.kristdemokraterna.se\/emmaboda\/wp-json\/wp\/v2\/pages\/31"}],"wp:attachment":[{"href":"https:\/\/wp.kristdemokraterna.se\/emmaboda\/wp-json\/wp\/v2\/media?parent=1059"}],"curies":[{"name":"wp","href":"https:\/\/api.w.org\/{rel}","templated":true}]}}