{"id":1066,"date":"2019-05-18T02:37:43","date_gmt":"2019-05-18T00:37:43","guid":{"rendered":"http:\/\/wp.kristdemokraterna.se\/emmaboda\/?page_id=1066"},"modified":"2019-10-15T21:29:44","modified_gmt":"2019-10-15T19:29:44","slug":"arsmotet-2018","status":"publish","type":"page","link":"https:\/\/wp.kristdemokraterna.se\/emmaboda\/partiavdelningen\/arsmotet\/arsmotet-2018\/","title":{"rendered":"\u00c5rsm\u00f6tet 2018"},"content":{"rendered":"<p>Den 28 februari h\u00f6ll Emmaboda partiavdelning sitt ordinarie partiavdelnings\u00e5rsm\u00f6te f\u00f6r 2018 p\u00e5 N\u00f6jeshuset i Emmaboda. Antalet deltagare var tio r\u00f6stber\u00e4ttigade medlemmar.<\/p>\n<p>Samuel Svensson, kommunrevisionens ordf\u00f6rande och kristdemokrat, talade p\u00e5 \u00e5rsm\u00f6tet om sin roll som revisor och vad det uppdrag inneb\u00e4r. Alla fick d\u00e4refter st\u00e4lla fr\u00e5gor som uppkom under hans anf\u00f6rande.<\/p>\n<p>Under m\u00f6tesf\u00f6rhandlingarna godk\u00e4ndes verksamhetsber\u00e4ttelsen f\u00f6r 2017, resultat- och balansr\u00e4kningen f\u00f6r 2017 samt revisorernas ber\u00e4ttelse f\u00f6r 2017. Dessutom antogs budgeten f\u00f6r 2018.<\/p>\n<p>Till ordf\u00f6rande och vice ordf\u00f6rande omvaldes Torgny Karlsson respektive Anne Gustavsson. Till ledam\u00f6ter i styrelsen valdes Mikael Berzelius (<em>omval<\/em>), Gull-Britt Hellborg (<em>omval<\/em>), Mac Hellborg (<em>omval<\/em>), Anders Johansson (<em>nyval<\/em>) och Albin Johansson (<em>nyval<\/em>). Ers\u00e4ttare blev Ros-Marie Sandberg (<em>omval<\/em>), Lotta Odlingson (<em>omval<\/em>), Kerstin Fridholm (<em>nyval<\/em>).<\/p>\n<p>Val- och kampanjledare under 2018 blev Mac Hellborg, som f\u00e5r hj\u00e4lp av Torgny Karlsson och Albin Johansson som valdes till valarbetare. Som ombud till partidistrikts\u00e5rsm\u00f6tena under 2018 s\u00e4nder Emmaboda partiavdelning Torgny Karlsson, Anne Gustavsson, Mac Hellborg och Gull-Britt Hellborg som ordinarie samt Kerstin Fridholm, Maria Karlsson Olvestrand, Anders Johansson och Mikael Berzelius som ers\u00e4ttare.<\/p>\n<hr \/>\n<p>Vid eventuella fr\u00e5gor \u00e4r du v\u00e4lkommen att kontakta Torgny Karlsson (<em>ordf\u00f6rande<\/em>) p\u00e5 <span style=\"color: #005ea1\"><a style=\"color: #005ea1\" href=\"mailto:torgny.karlsson77@gmail.com\">mejl<\/a><\/span>, eller Gull-Britt Hellborg (<em>sekreterare<\/em>) p\u00e5 <span style=\"color: #005ea1\"><a style=\"color: #005ea1\" href=\"gbhellborg@gmail.com\">mejl<\/a><\/span>.<\/p>\n","protected":false},"excerpt":{"rendered":"<p>Den 28 februari h\u00f6ll Emmaboda partiavdelning sitt ordinarie partiavdelnings\u00e5rsm\u00f6te f\u00f6r 2018 p\u00e5 N\u00f6jeshuset i Emmaboda. Antalet deltagare var tio r\u00f6stber\u00e4ttigade medlemmar. Samuel Svensson, kommunrevisionens ordf\u00f6rande och kristdemokrat, talade p\u00e5 \u00e5rsm\u00f6tet om sin roll som revisor och vad det uppdrag inneb\u00e4r. Alla fick d\u00e4refter st\u00e4lla fr\u00e5gor som uppkom under hans anf\u00f6rande. Under m\u00f6tesf\u00f6rhandlingarna godk\u00e4ndes verksamhetsber\u00e4ttelsen f\u00f6r <a class=\"read-more-link\" href=\"https:\/\/wp.kristdemokraterna.se\/emmaboda\/partiavdelningen\/arsmotet\/arsmotet-2018\/\">Read More<\/a><\/p>\n","protected":false},"author":525,"featured_media":0,"parent":1059,"menu_order":2,"comment_status":"closed","ping_status":"closed","template":"","meta":{"_acf_changed":false,"footnotes":""},"class_list":["post-1066","page","type-page","status-publish","hentry"],"acf":[],"yoast_head":"<!-- This site is optimized with the Yoast SEO plugin v27.3 - https:\/\/yoast.com\/product\/yoast-seo-wordpress\/ -->\n<title>\u00c5rsm\u00f6tet 2018 - Kristdemokraterna i Emmaboda<\/title>\n<meta name=\"robots\" content=\"index, follow, max-snippet:-1, max-image-preview:large, max-video-preview:-1\" \/>\n<link rel=\"canonical\" href=\"https:\/\/wp.kristdemokraterna.se\/emmaboda\/partiavdelningen\/arsmotet\/arsmotet-2018\/\" \/>\n<meta property=\"og:locale\" content=\"sv_SE\" \/>\n<meta property=\"og:type\" content=\"article\" \/>\n<meta property=\"og:title\" content=\"\u00c5rsm\u00f6tet 2018 - Kristdemokraterna i Emmaboda\" \/>\n<meta property=\"og:description\" content=\"Den 28 februari h\u00f6ll Emmaboda partiavdelning sitt ordinarie partiavdelnings\u00e5rsm\u00f6te f\u00f6r 2018 p\u00e5 N\u00f6jeshuset i Emmaboda. Antalet deltagare var tio r\u00f6stber\u00e4ttigade medlemmar. Samuel Svensson, kommunrevisionens ordf\u00f6rande och kristdemokrat, talade p\u00e5 \u00e5rsm\u00f6tet om sin roll som revisor och vad det uppdrag inneb\u00e4r. Alla fick d\u00e4refter st\u00e4lla fr\u00e5gor som uppkom under hans anf\u00f6rande. Under m\u00f6tesf\u00f6rhandlingarna godk\u00e4ndes verksamhetsber\u00e4ttelsen f\u00f6r Read More\" \/>\n<meta property=\"og:url\" content=\"https:\/\/wp.kristdemokraterna.se\/emmaboda\/partiavdelningen\/arsmotet\/arsmotet-2018\/\" \/>\n<meta property=\"og:site_name\" content=\"Kristdemokraterna i Emmaboda\" \/>\n<meta property=\"article:modified_time\" content=\"2019-10-15T19:29:44+00:00\" \/>\n<meta name=\"twitter:card\" content=\"summary_large_image\" \/>\n<meta name=\"twitter:label1\" content=\"Ber\u00e4knad l\u00e4stid\" \/>\n\t<meta name=\"twitter:data1\" content=\"1 minut\" \/>\n<script type=\"application\/ld+json\" class=\"yoast-schema-graph\">{\"@context\":\"https:\\\/\\\/schema.org\",\"@graph\":[{\"@type\":\"WebPage\",\"@id\":\"https:\\\/\\\/wp.kristdemokraterna.se\\\/emmaboda\\\/partiavdelningen\\\/arsmotet\\\/arsmotet-2018\\\/\",\"url\":\"https:\\\/\\\/wp.kristdemokraterna.se\\\/emmaboda\\\/partiavdelningen\\\/arsmotet\\\/arsmotet-2018\\\/\",\"name\":\"\u00c5rsm\u00f6tet 2018 - Kristdemokraterna i Emmaboda\",\"isPartOf\":{\"@id\":\"https:\\\/\\\/wp.kristdemokraterna.se\\\/emmaboda\\\/#website\"},\"datePublished\":\"2019-05-18T00:37:43+00:00\",\"dateModified\":\"2019-10-15T19:29:44+00:00\",\"breadcrumb\":{\"@id\":\"https:\\\/\\\/wp.kristdemokraterna.se\\\/emmaboda\\\/partiavdelningen\\\/arsmotet\\\/arsmotet-2018\\\/#breadcrumb\"},\"inLanguage\":\"sv-SE\",\"potentialAction\":[{\"@type\":\"ReadAction\",\"target\":[\"https:\\\/\\\/wp.kristdemokraterna.se\\\/emmaboda\\\/partiavdelningen\\\/arsmotet\\\/arsmotet-2018\\\/\"]}]},{\"@type\":\"BreadcrumbList\",\"@id\":\"https:\\\/\\\/wp.kristdemokraterna.se\\\/emmaboda\\\/partiavdelningen\\\/arsmotet\\\/arsmotet-2018\\\/#breadcrumb\",\"itemListElement\":[{\"@type\":\"ListItem\",\"position\":1,\"name\":\"Hem\",\"item\":\"https:\\\/\\\/wp.kristdemokraterna.se\\\/emmaboda\\\/\"},{\"@type\":\"ListItem\",\"position\":2,\"name\":\"Partiavdelningen\",\"item\":\"https:\\\/\\\/wp.kristdemokraterna.se\\\/emmaboda\\\/partiavdelningen\\\/\"},{\"@type\":\"ListItem\",\"position\":3,\"name\":\"\u00c5rsm\u00f6tet\",\"item\":\"https:\\\/\\\/wp.kristdemokraterna.se\\\/emmaboda\\\/partiavdelningen\\\/arsmotet\\\/\"},{\"@type\":\"ListItem\",\"position\":4,\"name\":\"\u00c5rsm\u00f6tet 2018\"}]},{\"@type\":\"WebSite\",\"@id\":\"https:\\\/\\\/wp.kristdemokraterna.se\\\/emmaboda\\\/#website\",\"url\":\"https:\\\/\\\/wp.kristdemokraterna.se\\\/emmaboda\\\/\",\"name\":\"Kristdemokraterna i Emmaboda\",\"description\":\"Vi har Emmaboda i v\u00e5ra hj\u00e4rtan\",\"inLanguage\":\"sv-SE\"}]}<\/script>\n<!-- \/ Yoast SEO plugin. -->","yoast_head_json":{"title":"\u00c5rsm\u00f6tet 2018 - Kristdemokraterna i Emmaboda","robots":{"index":"index","follow":"follow","max-snippet":"max-snippet:-1","max-image-preview":"max-image-preview:large","max-video-preview":"max-video-preview:-1"},"canonical":"https:\/\/wp.kristdemokraterna.se\/emmaboda\/partiavdelningen\/arsmotet\/arsmotet-2018\/","og_locale":"sv_SE","og_type":"article","og_title":"\u00c5rsm\u00f6tet 2018 - Kristdemokraterna i Emmaboda","og_description":"Den 28 februari h\u00f6ll Emmaboda partiavdelning sitt ordinarie partiavdelnings\u00e5rsm\u00f6te f\u00f6r 2018 p\u00e5 N\u00f6jeshuset i Emmaboda. Antalet deltagare var tio r\u00f6stber\u00e4ttigade medlemmar. Samuel Svensson, kommunrevisionens ordf\u00f6rande och kristdemokrat, talade p\u00e5 \u00e5rsm\u00f6tet om sin roll som revisor och vad det uppdrag inneb\u00e4r. Alla fick d\u00e4refter st\u00e4lla fr\u00e5gor som uppkom under hans anf\u00f6rande. Under m\u00f6tesf\u00f6rhandlingarna godk\u00e4ndes verksamhetsber\u00e4ttelsen f\u00f6r Read More","og_url":"https:\/\/wp.kristdemokraterna.se\/emmaboda\/partiavdelningen\/arsmotet\/arsmotet-2018\/","og_site_name":"Kristdemokraterna i Emmaboda","article_modified_time":"2019-10-15T19:29:44+00:00","twitter_card":"summary_large_image","twitter_misc":{"Ber\u00e4knad l\u00e4stid":"1 minut"},"schema":{"@context":"https:\/\/schema.org","@graph":[{"@type":"WebPage","@id":"https:\/\/wp.kristdemokraterna.se\/emmaboda\/partiavdelningen\/arsmotet\/arsmotet-2018\/","url":"https:\/\/wp.kristdemokraterna.se\/emmaboda\/partiavdelningen\/arsmotet\/arsmotet-2018\/","name":"\u00c5rsm\u00f6tet 2018 - Kristdemokraterna i Emmaboda","isPartOf":{"@id":"https:\/\/wp.kristdemokraterna.se\/emmaboda\/#website"},"datePublished":"2019-05-18T00:37:43+00:00","dateModified":"2019-10-15T19:29:44+00:00","breadcrumb":{"@id":"https:\/\/wp.kristdemokraterna.se\/emmaboda\/partiavdelningen\/arsmotet\/arsmotet-2018\/#breadcrumb"},"inLanguage":"sv-SE","potentialAction":[{"@type":"ReadAction","target":["https:\/\/wp.kristdemokraterna.se\/emmaboda\/partiavdelningen\/arsmotet\/arsmotet-2018\/"]}]},{"@type":"BreadcrumbList","@id":"https:\/\/wp.kristdemokraterna.se\/emmaboda\/partiavdelningen\/arsmotet\/arsmotet-2018\/#breadcrumb","itemListElement":[{"@type":"ListItem","position":1,"name":"Hem","item":"https:\/\/wp.kristdemokraterna.se\/emmaboda\/"},{"@type":"ListItem","position":2,"name":"Partiavdelningen","item":"https:\/\/wp.kristdemokraterna.se\/emmaboda\/partiavdelningen\/"},{"@type":"ListItem","position":3,"name":"\u00c5rsm\u00f6tet","item":"https:\/\/wp.kristdemokraterna.se\/emmaboda\/partiavdelningen\/arsmotet\/"},{"@type":"ListItem","position":4,"name":"\u00c5rsm\u00f6tet 2018"}]},{"@type":"WebSite","@id":"https:\/\/wp.kristdemokraterna.se\/emmaboda\/#website","url":"https:\/\/wp.kristdemokraterna.se\/emmaboda\/","name":"Kristdemokraterna i Emmaboda","description":"Vi har Emmaboda i v\u00e5ra hj\u00e4rtan","inLanguage":"sv-SE"}]}},"_links":{"self":[{"href":"https:\/\/wp.kristdemokraterna.se\/emmaboda\/wp-json\/wp\/v2\/pages\/1066","targetHints":{"allow":["GET"]}}],"collection":[{"href":"https:\/\/wp.kristdemokraterna.se\/emmaboda\/wp-json\/wp\/v2\/pages"}],"about":[{"href":"https:\/\/wp.kristdemokraterna.se\/emmaboda\/wp-json\/wp\/v2\/types\/page"}],"author":[{"embeddable":true,"href":"https:\/\/wp.kristdemokraterna.se\/emmaboda\/wp-json\/wp\/v2\/users\/525"}],"replies":[{"embeddable":true,"href":"https:\/\/wp.kristdemokraterna.se\/emmaboda\/wp-json\/wp\/v2\/comments?post=1066"}],"version-history":[{"count":4,"href":"https:\/\/wp.kristdemokraterna.se\/emmaboda\/wp-json\/wp\/v2\/pages\/1066\/revisions"}],"predecessor-version":[{"id":1136,"href":"https:\/\/wp.kristdemokraterna.se\/emmaboda\/wp-json\/wp\/v2\/pages\/1066\/revisions\/1136"}],"up":[{"embeddable":true,"href":"https:\/\/wp.kristdemokraterna.se\/emmaboda\/wp-json\/wp\/v2\/pages\/1059"}],"wp:attachment":[{"href":"https:\/\/wp.kristdemokraterna.se\/emmaboda\/wp-json\/wp\/v2\/media?parent=1066"}],"curies":[{"name":"wp","href":"https:\/\/api.w.org\/{rel}","templated":true}]}}