{"id":1364,"date":"2021-11-12T03:27:54","date_gmt":"2021-11-12T02:27:54","guid":{"rendered":"https:\/\/wp.kristdemokraterna.se\/emmaboda\/?page_id=1364"},"modified":"2021-11-12T03:27:54","modified_gmt":"2021-11-12T02:27:54","slug":"arsmotet-2021","status":"publish","type":"page","link":"https:\/\/wp.kristdemokraterna.se\/emmaboda\/partiavdelningen\/arsmotet\/arsmotet-2021\/","title":{"rendered":"\u00c5rsm\u00f6tet 2021"},"content":{"rendered":"<p>Emmaboda partiavdelnings \u00e5rsm\u00f6te h\u00f6lls den 17 februari och detta \u00e5r digitalt med anledning av den r\u00e5dande coronasituationen. Huvudfokuset detta \u00e5r var \u00e4rendebehandlingen.<\/p>\n<p>Verksamhetsber\u00e4ttelsen, verksamhetsrapporten, resultat- och balansr\u00e4kningen samt revisorernas ber\u00e4ttelse f\u00f6r f\u00f6reg\u00e5ende \u00e5r godk\u00e4ndes och lades till handlingarna. D\u00e4rut\u00f6ver antogs budget och verksamhetsplan f\u00f6r kommande verksamhets\u00e5r.<\/p>\n<p>Inte heller detta \u00e5r gjordes n\u00e5gra omval i styrelsen. D\u00e4remot blev Albin Johansson nyvald som PD\u00c5-ombud efter Kerstin Fridholm som har flyttat fr\u00e5n kommunen, och som d\u00e4rmed l\u00e4mnar sin plats i styrelsen som blev vakant. Ny val- och kampanjledare blev Mikael Berzelius.<\/p>\n<hr \/>\n<p>Vid eventuella fr\u00e5gor \u00e4r du v\u00e4lkommen att kontakta Torgny Karlsson (ordf\u00f6rande) p\u00e5 mejl, eller Albin Johansson (organisationssekreterare) p\u00e5 mejl.<\/p>\n","protected":false},"excerpt":{"rendered":"<p>Emmaboda partiavdelnings \u00e5rsm\u00f6te h\u00f6lls den 17 februari och detta \u00e5r digitalt med anledning av den r\u00e5dande coronasituationen. Huvudfokuset detta \u00e5r var \u00e4rendebehandlingen. Verksamhetsber\u00e4ttelsen, verksamhetsrapporten, resultat- och balansr\u00e4kningen samt revisorernas ber\u00e4ttelse f\u00f6r f\u00f6reg\u00e5ende \u00e5r godk\u00e4ndes och lades till handlingarna. D\u00e4rut\u00f6ver antogs budget och verksamhetsplan f\u00f6r kommande verksamhets\u00e5r. Inte heller detta \u00e5r gjordes n\u00e5gra omval i styrelsen. <a class=\"read-more-link\" href=\"https:\/\/wp.kristdemokraterna.se\/emmaboda\/partiavdelningen\/arsmotet\/arsmotet-2021\/\">Read More<\/a><\/p>\n","protected":false},"author":525,"featured_media":0,"parent":1059,"menu_order":0,"comment_status":"closed","ping_status":"closed","template":"","meta":{"_acf_changed":false,"footnotes":""},"class_list":["post-1364","page","type-page","status-publish","hentry"],"acf":[],"yoast_head":"<!-- This site is optimized with the Yoast SEO plugin v27.3 - https:\/\/yoast.com\/product\/yoast-seo-wordpress\/ -->\n<title>\u00c5rsm\u00f6tet 2021 - Kristdemokraterna i Emmaboda<\/title>\n<meta name=\"robots\" content=\"index, follow, max-snippet:-1, max-image-preview:large, max-video-preview:-1\" \/>\n<link rel=\"canonical\" href=\"https:\/\/wp.kristdemokraterna.se\/emmaboda\/partiavdelningen\/arsmotet\/arsmotet-2021\/\" \/>\n<meta property=\"og:locale\" content=\"sv_SE\" \/>\n<meta property=\"og:type\" content=\"article\" \/>\n<meta property=\"og:title\" content=\"\u00c5rsm\u00f6tet 2021 - Kristdemokraterna i Emmaboda\" \/>\n<meta property=\"og:description\" content=\"Emmaboda partiavdelnings \u00e5rsm\u00f6te h\u00f6lls den 17 februari och detta \u00e5r digitalt med anledning av den r\u00e5dande coronasituationen. Huvudfokuset detta \u00e5r var \u00e4rendebehandlingen. Verksamhetsber\u00e4ttelsen, verksamhetsrapporten, resultat- och balansr\u00e4kningen samt revisorernas ber\u00e4ttelse f\u00f6r f\u00f6reg\u00e5ende \u00e5r godk\u00e4ndes och lades till handlingarna. D\u00e4rut\u00f6ver antogs budget och verksamhetsplan f\u00f6r kommande verksamhets\u00e5r. Inte heller detta \u00e5r gjordes n\u00e5gra omval i styrelsen. Read More\" \/>\n<meta property=\"og:url\" content=\"https:\/\/wp.kristdemokraterna.se\/emmaboda\/partiavdelningen\/arsmotet\/arsmotet-2021\/\" \/>\n<meta property=\"og:site_name\" content=\"Kristdemokraterna i Emmaboda\" \/>\n<meta name=\"twitter:card\" content=\"summary_large_image\" \/>\n<meta name=\"twitter:label1\" content=\"Ber\u00e4knad l\u00e4stid\" \/>\n\t<meta name=\"twitter:data1\" content=\"1 minut\" \/>\n<script type=\"application\/ld+json\" class=\"yoast-schema-graph\">{\"@context\":\"https:\\\/\\\/schema.org\",\"@graph\":[{\"@type\":\"WebPage\",\"@id\":\"https:\\\/\\\/wp.kristdemokraterna.se\\\/emmaboda\\\/partiavdelningen\\\/arsmotet\\\/arsmotet-2021\\\/\",\"url\":\"https:\\\/\\\/wp.kristdemokraterna.se\\\/emmaboda\\\/partiavdelningen\\\/arsmotet\\\/arsmotet-2021\\\/\",\"name\":\"\u00c5rsm\u00f6tet 2021 - Kristdemokraterna i Emmaboda\",\"isPartOf\":{\"@id\":\"https:\\\/\\\/wp.kristdemokraterna.se\\\/emmaboda\\\/#website\"},\"datePublished\":\"2021-11-12T02:27:54+00:00\",\"breadcrumb\":{\"@id\":\"https:\\\/\\\/wp.kristdemokraterna.se\\\/emmaboda\\\/partiavdelningen\\\/arsmotet\\\/arsmotet-2021\\\/#breadcrumb\"},\"inLanguage\":\"sv-SE\",\"potentialAction\":[{\"@type\":\"ReadAction\",\"target\":[\"https:\\\/\\\/wp.kristdemokraterna.se\\\/emmaboda\\\/partiavdelningen\\\/arsmotet\\\/arsmotet-2021\\\/\"]}]},{\"@type\":\"BreadcrumbList\",\"@id\":\"https:\\\/\\\/wp.kristdemokraterna.se\\\/emmaboda\\\/partiavdelningen\\\/arsmotet\\\/arsmotet-2021\\\/#breadcrumb\",\"itemListElement\":[{\"@type\":\"ListItem\",\"position\":1,\"name\":\"Hem\",\"item\":\"https:\\\/\\\/wp.kristdemokraterna.se\\\/emmaboda\\\/\"},{\"@type\":\"ListItem\",\"position\":2,\"name\":\"Partiavdelningen\",\"item\":\"https:\\\/\\\/wp.kristdemokraterna.se\\\/emmaboda\\\/partiavdelningen\\\/\"},{\"@type\":\"ListItem\",\"position\":3,\"name\":\"\u00c5rsm\u00f6tet\",\"item\":\"https:\\\/\\\/wp.kristdemokraterna.se\\\/emmaboda\\\/partiavdelningen\\\/arsmotet\\\/\"},{\"@type\":\"ListItem\",\"position\":4,\"name\":\"\u00c5rsm\u00f6tet 2021\"}]},{\"@type\":\"WebSite\",\"@id\":\"https:\\\/\\\/wp.kristdemokraterna.se\\\/emmaboda\\\/#website\",\"url\":\"https:\\\/\\\/wp.kristdemokraterna.se\\\/emmaboda\\\/\",\"name\":\"Kristdemokraterna i Emmaboda\",\"description\":\"Vi har Emmaboda i v\u00e5ra hj\u00e4rtan\",\"inLanguage\":\"sv-SE\"}]}<\/script>\n<!-- \/ Yoast SEO plugin. -->","yoast_head_json":{"title":"\u00c5rsm\u00f6tet 2021 - Kristdemokraterna i Emmaboda","robots":{"index":"index","follow":"follow","max-snippet":"max-snippet:-1","max-image-preview":"max-image-preview:large","max-video-preview":"max-video-preview:-1"},"canonical":"https:\/\/wp.kristdemokraterna.se\/emmaboda\/partiavdelningen\/arsmotet\/arsmotet-2021\/","og_locale":"sv_SE","og_type":"article","og_title":"\u00c5rsm\u00f6tet 2021 - Kristdemokraterna i Emmaboda","og_description":"Emmaboda partiavdelnings \u00e5rsm\u00f6te h\u00f6lls den 17 februari och detta \u00e5r digitalt med anledning av den r\u00e5dande coronasituationen. Huvudfokuset detta \u00e5r var \u00e4rendebehandlingen. Verksamhetsber\u00e4ttelsen, verksamhetsrapporten, resultat- och balansr\u00e4kningen samt revisorernas ber\u00e4ttelse f\u00f6r f\u00f6reg\u00e5ende \u00e5r godk\u00e4ndes och lades till handlingarna. D\u00e4rut\u00f6ver antogs budget och verksamhetsplan f\u00f6r kommande verksamhets\u00e5r. Inte heller detta \u00e5r gjordes n\u00e5gra omval i styrelsen. Read More","og_url":"https:\/\/wp.kristdemokraterna.se\/emmaboda\/partiavdelningen\/arsmotet\/arsmotet-2021\/","og_site_name":"Kristdemokraterna i Emmaboda","twitter_card":"summary_large_image","twitter_misc":{"Ber\u00e4knad l\u00e4stid":"1 minut"},"schema":{"@context":"https:\/\/schema.org","@graph":[{"@type":"WebPage","@id":"https:\/\/wp.kristdemokraterna.se\/emmaboda\/partiavdelningen\/arsmotet\/arsmotet-2021\/","url":"https:\/\/wp.kristdemokraterna.se\/emmaboda\/partiavdelningen\/arsmotet\/arsmotet-2021\/","name":"\u00c5rsm\u00f6tet 2021 - Kristdemokraterna i Emmaboda","isPartOf":{"@id":"https:\/\/wp.kristdemokraterna.se\/emmaboda\/#website"},"datePublished":"2021-11-12T02:27:54+00:00","breadcrumb":{"@id":"https:\/\/wp.kristdemokraterna.se\/emmaboda\/partiavdelningen\/arsmotet\/arsmotet-2021\/#breadcrumb"},"inLanguage":"sv-SE","potentialAction":[{"@type":"ReadAction","target":["https:\/\/wp.kristdemokraterna.se\/emmaboda\/partiavdelningen\/arsmotet\/arsmotet-2021\/"]}]},{"@type":"BreadcrumbList","@id":"https:\/\/wp.kristdemokraterna.se\/emmaboda\/partiavdelningen\/arsmotet\/arsmotet-2021\/#breadcrumb","itemListElement":[{"@type":"ListItem","position":1,"name":"Hem","item":"https:\/\/wp.kristdemokraterna.se\/emmaboda\/"},{"@type":"ListItem","position":2,"name":"Partiavdelningen","item":"https:\/\/wp.kristdemokraterna.se\/emmaboda\/partiavdelningen\/"},{"@type":"ListItem","position":3,"name":"\u00c5rsm\u00f6tet","item":"https:\/\/wp.kristdemokraterna.se\/emmaboda\/partiavdelningen\/arsmotet\/"},{"@type":"ListItem","position":4,"name":"\u00c5rsm\u00f6tet 2021"}]},{"@type":"WebSite","@id":"https:\/\/wp.kristdemokraterna.se\/emmaboda\/#website","url":"https:\/\/wp.kristdemokraterna.se\/emmaboda\/","name":"Kristdemokraterna i Emmaboda","description":"Vi har Emmaboda i v\u00e5ra hj\u00e4rtan","inLanguage":"sv-SE"}]}},"_links":{"self":[{"href":"https:\/\/wp.kristdemokraterna.se\/emmaboda\/wp-json\/wp\/v2\/pages\/1364","targetHints":{"allow":["GET"]}}],"collection":[{"href":"https:\/\/wp.kristdemokraterna.se\/emmaboda\/wp-json\/wp\/v2\/pages"}],"about":[{"href":"https:\/\/wp.kristdemokraterna.se\/emmaboda\/wp-json\/wp\/v2\/types\/page"}],"author":[{"embeddable":true,"href":"https:\/\/wp.kristdemokraterna.se\/emmaboda\/wp-json\/wp\/v2\/users\/525"}],"replies":[{"embeddable":true,"href":"https:\/\/wp.kristdemokraterna.se\/emmaboda\/wp-json\/wp\/v2\/comments?post=1364"}],"version-history":[{"count":1,"href":"https:\/\/wp.kristdemokraterna.se\/emmaboda\/wp-json\/wp\/v2\/pages\/1364\/revisions"}],"predecessor-version":[{"id":1365,"href":"https:\/\/wp.kristdemokraterna.se\/emmaboda\/wp-json\/wp\/v2\/pages\/1364\/revisions\/1365"}],"up":[{"embeddable":true,"href":"https:\/\/wp.kristdemokraterna.se\/emmaboda\/wp-json\/wp\/v2\/pages\/1059"}],"wp:attachment":[{"href":"https:\/\/wp.kristdemokraterna.se\/emmaboda\/wp-json\/wp\/v2\/media?parent=1364"}],"curies":[{"name":"wp","href":"https:\/\/api.w.org\/{rel}","templated":true}]}}