{"id":273,"date":"2018-06-25T12:18:54","date_gmt":"2018-06-25T10:18:54","guid":{"rendered":"http:\/\/wp.kristdemokraterna.se\/emmaboda\/startsida\/"},"modified":"2019-07-14T17:25:52","modified_gmt":"2019-07-14T15:25:52","slug":"startsida","status":"publish","type":"page","link":"https:\/\/wp.kristdemokraterna.se\/emmaboda\/","title":{"rendered":"Startsida"},"content":{"rendered":"<p><strong>V\u00e5rt m\u00e5l \u00e4r ett Emmaboda d\u00e4r friheten att forma sitt eget liv g\u00e5r hand i hand med ansvaret f\u00f6r sin medm\u00e4nniska. Vi vill bygga ett Emmaboda som h\u00e5ller samman. Ingen ska h\u00e5llas tillbaka och ingen ska l\u00e4mnas efter.<\/strong><\/p>\n","protected":false},"excerpt":{"rendered":"<p>V\u00e5rt m\u00e5l \u00e4r ett Emmaboda d\u00e4r friheten att forma sitt eget liv g\u00e5r hand i hand med ansvaret f\u00f6r sin medm\u00e4nniska. Vi vill bygga ett Emmaboda som h\u00e5ller samman. Ingen ska h\u00e5llas tillbaka och ingen ska l\u00e4mnas efter.<\/p>\n","protected":false},"author":444,"featured_media":0,"parent":0,"menu_order":9,"comment_status":"closed","ping_status":"closed","template":"index.php","meta":{"_acf_changed":false,"footnotes":""},"class_list":["post-273","page","type-page","status-publish","hentry"],"acf":[],"yoast_head":"<!-- This site is optimized with the Yoast SEO plugin v27.3 - https:\/\/yoast.com\/product\/yoast-seo-wordpress\/ -->\n<title>Startsida - Kristdemokraterna i Emmaboda<\/title>\n<meta name=\"robots\" content=\"index, follow, max-snippet:-1, max-image-preview:large, max-video-preview:-1\" \/>\n<link rel=\"canonical\" href=\"https:\/\/wp.kristdemokraterna.se\/emmaboda\/\" \/>\n<meta property=\"og:locale\" content=\"sv_SE\" \/>\n<meta property=\"og:type\" content=\"article\" \/>\n<meta property=\"og:title\" content=\"Startsida - Kristdemokraterna i Emmaboda\" \/>\n<meta property=\"og:description\" content=\"V\u00e5rt m\u00e5l \u00e4r ett Emmaboda d\u00e4r friheten att forma sitt eget liv g\u00e5r hand i hand med ansvaret f\u00f6r sin medm\u00e4nniska. Vi vill bygga ett Emmaboda som h\u00e5ller samman. Ingen ska h\u00e5llas tillbaka och ingen ska l\u00e4mnas efter.\" \/>\n<meta property=\"og:url\" content=\"https:\/\/wp.kristdemokraterna.se\/emmaboda\/\" \/>\n<meta property=\"og:site_name\" content=\"Kristdemokraterna i Emmaboda\" \/>\n<meta property=\"article:modified_time\" content=\"2019-07-14T15:25:52+00:00\" \/>\n<meta name=\"twitter:card\" content=\"summary_large_image\" \/>\n<script type=\"application\/ld+json\" class=\"yoast-schema-graph\">{\"@context\":\"https:\\\/\\\/schema.org\",\"@graph\":[{\"@type\":\"WebPage\",\"@id\":\"https:\\\/\\\/wp.kristdemokraterna.se\\\/emmaboda\\\/\",\"url\":\"https:\\\/\\\/wp.kristdemokraterna.se\\\/emmaboda\\\/\",\"name\":\"Startsida - Kristdemokraterna i Emmaboda\",\"isPartOf\":{\"@id\":\"https:\\\/\\\/wp.kristdemokraterna.se\\\/emmaboda\\\/#website\"},\"datePublished\":\"2018-06-25T10:18:54+00:00\",\"dateModified\":\"2019-07-14T15:25:52+00:00\",\"breadcrumb\":{\"@id\":\"https:\\\/\\\/wp.kristdemokraterna.se\\\/emmaboda\\\/#breadcrumb\"},\"inLanguage\":\"sv-SE\",\"potentialAction\":[{\"@type\":\"ReadAction\",\"target\":[\"https:\\\/\\\/wp.kristdemokraterna.se\\\/emmaboda\\\/\"]}]},{\"@type\":\"BreadcrumbList\",\"@id\":\"https:\\\/\\\/wp.kristdemokraterna.se\\\/emmaboda\\\/#breadcrumb\",\"itemListElement\":[{\"@type\":\"ListItem\",\"position\":1,\"name\":\"Hem\",\"item\":\"https:\\\/\\\/wp.kristdemokraterna.se\\\/emmaboda\\\/\"},{\"@type\":\"ListItem\",\"position\":2,\"name\":\"Startsida\"}]},{\"@type\":\"WebSite\",\"@id\":\"https:\\\/\\\/wp.kristdemokraterna.se\\\/emmaboda\\\/#website\",\"url\":\"https:\\\/\\\/wp.kristdemokraterna.se\\\/emmaboda\\\/\",\"name\":\"Kristdemokraterna i Emmaboda\",\"description\":\"Vi har Emmaboda i v\u00e5ra hj\u00e4rtan\",\"inLanguage\":\"sv-SE\"}]}<\/script>\n<!-- \/ Yoast SEO plugin. -->","yoast_head_json":{"title":"Startsida - Kristdemokraterna i Emmaboda","robots":{"index":"index","follow":"follow","max-snippet":"max-snippet:-1","max-image-preview":"max-image-preview:large","max-video-preview":"max-video-preview:-1"},"canonical":"https:\/\/wp.kristdemokraterna.se\/emmaboda\/","og_locale":"sv_SE","og_type":"article","og_title":"Startsida - Kristdemokraterna i Emmaboda","og_description":"V\u00e5rt m\u00e5l \u00e4r ett Emmaboda d\u00e4r friheten att forma sitt eget liv g\u00e5r hand i hand med ansvaret f\u00f6r sin medm\u00e4nniska. Vi vill bygga ett Emmaboda som h\u00e5ller samman. Ingen ska h\u00e5llas tillbaka och ingen ska l\u00e4mnas efter.","og_url":"https:\/\/wp.kristdemokraterna.se\/emmaboda\/","og_site_name":"Kristdemokraterna i Emmaboda","article_modified_time":"2019-07-14T15:25:52+00:00","twitter_card":"summary_large_image","schema":{"@context":"https:\/\/schema.org","@graph":[{"@type":"WebPage","@id":"https:\/\/wp.kristdemokraterna.se\/emmaboda\/","url":"https:\/\/wp.kristdemokraterna.se\/emmaboda\/","name":"Startsida - Kristdemokraterna i Emmaboda","isPartOf":{"@id":"https:\/\/wp.kristdemokraterna.se\/emmaboda\/#website"},"datePublished":"2018-06-25T10:18:54+00:00","dateModified":"2019-07-14T15:25:52+00:00","breadcrumb":{"@id":"https:\/\/wp.kristdemokraterna.se\/emmaboda\/#breadcrumb"},"inLanguage":"sv-SE","potentialAction":[{"@type":"ReadAction","target":["https:\/\/wp.kristdemokraterna.se\/emmaboda\/"]}]},{"@type":"BreadcrumbList","@id":"https:\/\/wp.kristdemokraterna.se\/emmaboda\/#breadcrumb","itemListElement":[{"@type":"ListItem","position":1,"name":"Hem","item":"https:\/\/wp.kristdemokraterna.se\/emmaboda\/"},{"@type":"ListItem","position":2,"name":"Startsida"}]},{"@type":"WebSite","@id":"https:\/\/wp.kristdemokraterna.se\/emmaboda\/#website","url":"https:\/\/wp.kristdemokraterna.se\/emmaboda\/","name":"Kristdemokraterna i Emmaboda","description":"Vi har Emmaboda i v\u00e5ra hj\u00e4rtan","inLanguage":"sv-SE"}]}},"_links":{"self":[{"href":"https:\/\/wp.kristdemokraterna.se\/emmaboda\/wp-json\/wp\/v2\/pages\/273","targetHints":{"allow":["GET"]}}],"collection":[{"href":"https:\/\/wp.kristdemokraterna.se\/emmaboda\/wp-json\/wp\/v2\/pages"}],"about":[{"href":"https:\/\/wp.kristdemokraterna.se\/emmaboda\/wp-json\/wp\/v2\/types\/page"}],"author":[{"embeddable":true,"href":"https:\/\/wp.kristdemokraterna.se\/emmaboda\/wp-json\/wp\/v2\/users\/444"}],"replies":[{"embeddable":true,"href":"https:\/\/wp.kristdemokraterna.se\/emmaboda\/wp-json\/wp\/v2\/comments?post=273"}],"version-history":[{"count":45,"href":"https:\/\/wp.kristdemokraterna.se\/emmaboda\/wp-json\/wp\/v2\/pages\/273\/revisions"}],"predecessor-version":[{"id":1132,"href":"https:\/\/wp.kristdemokraterna.se\/emmaboda\/wp-json\/wp\/v2\/pages\/273\/revisions\/1132"}],"wp:attachment":[{"href":"https:\/\/wp.kristdemokraterna.se\/emmaboda\/wp-json\/wp\/v2\/media?parent=273"}],"curies":[{"name":"wp","href":"https:\/\/api.w.org\/{rel}","templated":true}]}}