{"id":34,"date":"2016-04-27T13:55:14","date_gmt":"2016-04-27T11:55:14","guid":{"rendered":"http:\/\/wp.kristdemokraterna.se\/emmaboda\/?page_id=34"},"modified":"2021-11-12T03:53:14","modified_gmt":"2021-11-12T02:53:14","slug":"fortroendevalda","status":"publish","type":"page","link":"https:\/\/wp.kristdemokraterna.se\/emmaboda\/partiavdelningen\/fortroendevalda\/","title":{"rendered":"F\u00f6rtroendevalda"},"content":{"rendered":"<h2><strong>Under mandatperioden 2018 &#8211; 2022 \u00e4r v\u00e5ra f\u00f6rtroendevalda:<\/strong><\/h2>\n<p><strong>Gull-Britt Hellborg<\/strong><br \/>\n\u2022\u00a0 ledamot i kommunfullm\u00e4ktige<br \/>\n\u2022\u00a0 ledamot i kommunfullm\u00e4ktiges valberedning<br \/>\n\u2022\u00a0 ledamot i kommunstyrelsen<br \/>\n\u2022\u00a0 ledamot i socialn\u00e4mnden<br \/>\n\u2022\u00a0 ers\u00e4ttare i bildningsn\u00e4mnden (<em>fr.o.m. 2021-09-27<\/em>)<br \/>\n\u2022\u00a0 ordf\u00f6rande i kommunala tillg\u00e4nglighetsr\u00e5det<\/p>\n<p><strong>Torgny Karlsson<\/strong><br \/>\n\u2022\u00a0 ers\u00e4ttare i kommunfullm\u00e4ktige<br \/>\n\u2022\u00a0 ers\u00e4ttare i kommunfullm\u00e4ktiges valberedning<br \/>\n\u2022\u00a0 ers\u00e4ttare i bildningsn\u00e4mnden (<em>t.o.m. 2021-09-27<\/em>)<br \/>\n\u2022\u00a0 f\u00f6rste vice ordf\u00f6rande i n\u00e4ringslivsr\u00e5det<\/p>\n<p><strong>Anne Gustavsson<\/strong><br \/>\n\u2022\u00a0 ers\u00e4ttare i kommunfullm\u00e4ktige<br \/>\n\u2022\u00a0 ers\u00e4ttare i teknik- och fritidsn\u00e4mnden<br \/>\n\u2022\u00a0 ers\u00e4ttare i kommunala tillg\u00e4nglighetsr\u00e5det<\/p>\n<p><strong>Kerstin Fridholm<\/strong> (<em>t.o.m. 2020-09-28<\/em>)<br \/>\n\u2022\u00a0 ers\u00e4ttare i socialn\u00e4mnden<br \/>\n\u2022\u00a0 vigself\u00f6rr\u00e4ttare<\/p>\n<p><strong>Helena Berzelius<\/strong> (<em>fr.o.m. 2021-06-30<\/em>)<br \/>\n\u2022\u00a0 ers\u00e4ttare i bygg- och milj\u00f6n\u00e4mnden<br \/>\n\u2022\u00a0 ers\u00e4ttare i socialn\u00e4mnden<\/p>\n<p><strong>Albin Johansson<\/strong><br \/>\n\u2022\u00a0 ers\u00e4ttare i bygg- och milj\u00f6n\u00e4mnden (<em>t.o.m. 2021-06-30<\/em>)<br \/>\n\u2022\u00a0 ers\u00e4ttare i socialn\u00e4mnden (<em>mellan 2020-09-28 &#8211; 2021-06-30<\/em>)<\/p>\n<p><strong>Mac Hellborg<\/strong><br \/>\n\u2022\u00a0 ledamot i Gustaf och Olof Petersons stiftelse<br \/>\n\u2022\u00a0 huvudman i L\u00e5ngasj\u00f6 sockens sparbanksstiftelse<\/p>\n<p><strong>Mikael Berzelius<\/strong> (<em>t.o.m. 2021-03-02<\/em>)<br \/>\n\u2022\u00a0 vice ordf\u00f6rande i revisionen<br \/>\n\u2022\u00a0 revisor med fokus p\u00e5 bildningsn\u00e4mnden<br \/>\n\u2022\u00a0 revisor med fokus p\u00e5 Emmaboda Eln\u00e4t AB<br \/>\n\u2022\u00a0 revisor med fokus p\u00e5 Emmaboda Energi och Milj\u00f6 AB<\/p>\n<p><strong>Anders Johansson<\/strong> (<em>fr.o.m. 2021-03-02<\/em>)<br \/>\n\u2022\u00a0 vice ordf\u00f6rande i revisionen<br \/>\n\u2022\u00a0 revisor med fokus p\u00e5 bildningsn\u00e4mnden<br \/>\n\u2022\u00a0 revisor med fokus p\u00e5 Emmaboda Eln\u00e4t AB<br \/>\n\u2022\u00a0 revisor med fokus p\u00e5 Emmaboda Energi och Milj\u00f6 AB<\/p>\n<p><strong><em>L\u00e4s mer <span style=\"color: #005ea1\"><a style=\"color: #005ea1\" href=\"http:\/\/wp.kristdemokraterna.se\/emmaboda\/files\/2021\/11\/fortroendevalda-mandatperioden-2018.pdf\">h\u00e4r<\/a><\/span><\/em><\/strong><\/p>\n","protected":false},"excerpt":{"rendered":"<p>Under mandatperioden 2018 &#8211; 2022 \u00e4r v\u00e5ra f\u00f6rtroendevalda: Gull-Britt Hellborg \u2022\u00a0 ledamot i kommunfullm\u00e4ktige \u2022\u00a0 ledamot i kommunfullm\u00e4ktiges valberedning \u2022\u00a0 ledamot i kommunstyrelsen \u2022\u00a0 ledamot i socialn\u00e4mnden \u2022\u00a0 ers\u00e4ttare i bildningsn\u00e4mnden (fr.o.m. 2021-09-27) \u2022\u00a0 ordf\u00f6rande i kommunala tillg\u00e4nglighetsr\u00e5det Torgny Karlsson \u2022\u00a0 ers\u00e4ttare i kommunfullm\u00e4ktige \u2022\u00a0 ers\u00e4ttare i kommunfullm\u00e4ktiges valberedning \u2022\u00a0 ers\u00e4ttare i bildningsn\u00e4mnden (t.o.m. 2021-09-27) <a class=\"read-more-link\" href=\"https:\/\/wp.kristdemokraterna.se\/emmaboda\/partiavdelningen\/fortroendevalda\/\">Read More<\/a><\/p>\n","protected":false},"author":525,"featured_media":0,"parent":31,"menu_order":4,"comment_status":"closed","ping_status":"closed","template":"","meta":{"_acf_changed":false,"footnotes":""},"class_list":["post-34","page","type-page","status-publish","hentry"],"acf":[],"yoast_head":"<!-- This site is optimized with the Yoast SEO plugin v27.3 - https:\/\/yoast.com\/product\/yoast-seo-wordpress\/ -->\n<title>F\u00f6rtroendevalda - Kristdemokraterna i Emmaboda<\/title>\n<meta name=\"robots\" content=\"index, follow, max-snippet:-1, max-image-preview:large, max-video-preview:-1\" \/>\n<link rel=\"canonical\" href=\"https:\/\/wp.kristdemokraterna.se\/emmaboda\/partiavdelningen\/fortroendevalda\/\" \/>\n<meta property=\"og:locale\" content=\"sv_SE\" \/>\n<meta property=\"og:type\" content=\"article\" \/>\n<meta property=\"og:title\" content=\"F\u00f6rtroendevalda - Kristdemokraterna i Emmaboda\" \/>\n<meta property=\"og:description\" content=\"Under mandatperioden 2018 &#8211; 2022 \u00e4r v\u00e5ra f\u00f6rtroendevalda: Gull-Britt Hellborg \u2022\u00a0 ledamot i kommunfullm\u00e4ktige \u2022\u00a0 ledamot i kommunfullm\u00e4ktiges valberedning \u2022\u00a0 ledamot i kommunstyrelsen \u2022\u00a0 ledamot i socialn\u00e4mnden \u2022\u00a0 ers\u00e4ttare i bildningsn\u00e4mnden (fr.o.m. 2021-09-27) \u2022\u00a0 ordf\u00f6rande i kommunala tillg\u00e4nglighetsr\u00e5det Torgny Karlsson \u2022\u00a0 ers\u00e4ttare i kommunfullm\u00e4ktige \u2022\u00a0 ers\u00e4ttare i kommunfullm\u00e4ktiges valberedning \u2022\u00a0 ers\u00e4ttare i bildningsn\u00e4mnden (t.o.m. 2021-09-27) Read More\" \/>\n<meta property=\"og:url\" content=\"https:\/\/wp.kristdemokraterna.se\/emmaboda\/partiavdelningen\/fortroendevalda\/\" \/>\n<meta property=\"og:site_name\" content=\"Kristdemokraterna i Emmaboda\" \/>\n<meta property=\"article:modified_time\" content=\"2021-11-12T02:53:14+00:00\" \/>\n<meta name=\"twitter:card\" content=\"summary_large_image\" \/>\n<meta name=\"twitter:label1\" content=\"Ber\u00e4knad l\u00e4stid\" \/>\n\t<meta name=\"twitter:data1\" content=\"1 minut\" \/>\n<script type=\"application\/ld+json\" class=\"yoast-schema-graph\">{\"@context\":\"https:\\\/\\\/schema.org\",\"@graph\":[{\"@type\":\"WebPage\",\"@id\":\"https:\\\/\\\/wp.kristdemokraterna.se\\\/emmaboda\\\/partiavdelningen\\\/fortroendevalda\\\/\",\"url\":\"https:\\\/\\\/wp.kristdemokraterna.se\\\/emmaboda\\\/partiavdelningen\\\/fortroendevalda\\\/\",\"name\":\"F\u00f6rtroendevalda - Kristdemokraterna i Emmaboda\",\"isPartOf\":{\"@id\":\"https:\\\/\\\/wp.kristdemokraterna.se\\\/emmaboda\\\/#website\"},\"datePublished\":\"2016-04-27T11:55:14+00:00\",\"dateModified\":\"2021-11-12T02:53:14+00:00\",\"breadcrumb\":{\"@id\":\"https:\\\/\\\/wp.kristdemokraterna.se\\\/emmaboda\\\/partiavdelningen\\\/fortroendevalda\\\/#breadcrumb\"},\"inLanguage\":\"sv-SE\",\"potentialAction\":[{\"@type\":\"ReadAction\",\"target\":[\"https:\\\/\\\/wp.kristdemokraterna.se\\\/emmaboda\\\/partiavdelningen\\\/fortroendevalda\\\/\"]}]},{\"@type\":\"BreadcrumbList\",\"@id\":\"https:\\\/\\\/wp.kristdemokraterna.se\\\/emmaboda\\\/partiavdelningen\\\/fortroendevalda\\\/#breadcrumb\",\"itemListElement\":[{\"@type\":\"ListItem\",\"position\":1,\"name\":\"Hem\",\"item\":\"https:\\\/\\\/wp.kristdemokraterna.se\\\/emmaboda\\\/\"},{\"@type\":\"ListItem\",\"position\":2,\"name\":\"Partiavdelningen\",\"item\":\"https:\\\/\\\/wp.kristdemokraterna.se\\\/emmaboda\\\/partiavdelningen\\\/\"},{\"@type\":\"ListItem\",\"position\":3,\"name\":\"F\u00f6rtroendevalda\"}]},{\"@type\":\"WebSite\",\"@id\":\"https:\\\/\\\/wp.kristdemokraterna.se\\\/emmaboda\\\/#website\",\"url\":\"https:\\\/\\\/wp.kristdemokraterna.se\\\/emmaboda\\\/\",\"name\":\"Kristdemokraterna i Emmaboda\",\"description\":\"Vi har Emmaboda i v\u00e5ra hj\u00e4rtan\",\"inLanguage\":\"sv-SE\"}]}<\/script>\n<!-- \/ Yoast SEO plugin. -->","yoast_head_json":{"title":"F\u00f6rtroendevalda - Kristdemokraterna i Emmaboda","robots":{"index":"index","follow":"follow","max-snippet":"max-snippet:-1","max-image-preview":"max-image-preview:large","max-video-preview":"max-video-preview:-1"},"canonical":"https:\/\/wp.kristdemokraterna.se\/emmaboda\/partiavdelningen\/fortroendevalda\/","og_locale":"sv_SE","og_type":"article","og_title":"F\u00f6rtroendevalda - Kristdemokraterna i Emmaboda","og_description":"Under mandatperioden 2018 &#8211; 2022 \u00e4r v\u00e5ra f\u00f6rtroendevalda: Gull-Britt Hellborg \u2022\u00a0 ledamot i kommunfullm\u00e4ktige \u2022\u00a0 ledamot i kommunfullm\u00e4ktiges valberedning \u2022\u00a0 ledamot i kommunstyrelsen \u2022\u00a0 ledamot i socialn\u00e4mnden \u2022\u00a0 ers\u00e4ttare i bildningsn\u00e4mnden (fr.o.m. 2021-09-27) \u2022\u00a0 ordf\u00f6rande i kommunala tillg\u00e4nglighetsr\u00e5det Torgny Karlsson \u2022\u00a0 ers\u00e4ttare i kommunfullm\u00e4ktige \u2022\u00a0 ers\u00e4ttare i kommunfullm\u00e4ktiges valberedning \u2022\u00a0 ers\u00e4ttare i bildningsn\u00e4mnden (t.o.m. 2021-09-27) Read More","og_url":"https:\/\/wp.kristdemokraterna.se\/emmaboda\/partiavdelningen\/fortroendevalda\/","og_site_name":"Kristdemokraterna i Emmaboda","article_modified_time":"2021-11-12T02:53:14+00:00","twitter_card":"summary_large_image","twitter_misc":{"Ber\u00e4knad l\u00e4stid":"1 minut"},"schema":{"@context":"https:\/\/schema.org","@graph":[{"@type":"WebPage","@id":"https:\/\/wp.kristdemokraterna.se\/emmaboda\/partiavdelningen\/fortroendevalda\/","url":"https:\/\/wp.kristdemokraterna.se\/emmaboda\/partiavdelningen\/fortroendevalda\/","name":"F\u00f6rtroendevalda - Kristdemokraterna i Emmaboda","isPartOf":{"@id":"https:\/\/wp.kristdemokraterna.se\/emmaboda\/#website"},"datePublished":"2016-04-27T11:55:14+00:00","dateModified":"2021-11-12T02:53:14+00:00","breadcrumb":{"@id":"https:\/\/wp.kristdemokraterna.se\/emmaboda\/partiavdelningen\/fortroendevalda\/#breadcrumb"},"inLanguage":"sv-SE","potentialAction":[{"@type":"ReadAction","target":["https:\/\/wp.kristdemokraterna.se\/emmaboda\/partiavdelningen\/fortroendevalda\/"]}]},{"@type":"BreadcrumbList","@id":"https:\/\/wp.kristdemokraterna.se\/emmaboda\/partiavdelningen\/fortroendevalda\/#breadcrumb","itemListElement":[{"@type":"ListItem","position":1,"name":"Hem","item":"https:\/\/wp.kristdemokraterna.se\/emmaboda\/"},{"@type":"ListItem","position":2,"name":"Partiavdelningen","item":"https:\/\/wp.kristdemokraterna.se\/emmaboda\/partiavdelningen\/"},{"@type":"ListItem","position":3,"name":"F\u00f6rtroendevalda"}]},{"@type":"WebSite","@id":"https:\/\/wp.kristdemokraterna.se\/emmaboda\/#website","url":"https:\/\/wp.kristdemokraterna.se\/emmaboda\/","name":"Kristdemokraterna i Emmaboda","description":"Vi har Emmaboda i v\u00e5ra hj\u00e4rtan","inLanguage":"sv-SE"}]}},"_links":{"self":[{"href":"https:\/\/wp.kristdemokraterna.se\/emmaboda\/wp-json\/wp\/v2\/pages\/34","targetHints":{"allow":["GET"]}}],"collection":[{"href":"https:\/\/wp.kristdemokraterna.se\/emmaboda\/wp-json\/wp\/v2\/pages"}],"about":[{"href":"https:\/\/wp.kristdemokraterna.se\/emmaboda\/wp-json\/wp\/v2\/types\/page"}],"author":[{"embeddable":true,"href":"https:\/\/wp.kristdemokraterna.se\/emmaboda\/wp-json\/wp\/v2\/users\/525"}],"replies":[{"embeddable":true,"href":"https:\/\/wp.kristdemokraterna.se\/emmaboda\/wp-json\/wp\/v2\/comments?post=34"}],"version-history":[{"count":15,"href":"https:\/\/wp.kristdemokraterna.se\/emmaboda\/wp-json\/wp\/v2\/pages\/34\/revisions"}],"predecessor-version":[{"id":1370,"href":"https:\/\/wp.kristdemokraterna.se\/emmaboda\/wp-json\/wp\/v2\/pages\/34\/revisions\/1370"}],"up":[{"embeddable":true,"href":"https:\/\/wp.kristdemokraterna.se\/emmaboda\/wp-json\/wp\/v2\/pages\/31"}],"wp:attachment":[{"href":"https:\/\/wp.kristdemokraterna.se\/emmaboda\/wp-json\/wp\/v2\/media?parent=34"}],"curies":[{"name":"wp","href":"https:\/\/api.w.org\/{rel}","templated":true}]}}