{"id":347,"date":"2018-06-25T23:46:59","date_gmt":"2018-06-25T21:46:59","guid":{"rendered":"http:\/\/wp.kristdemokraterna.se\/emmaboda\/?page_id=347"},"modified":"2021-11-12T03:20:56","modified_gmt":"2021-11-12T02:20:56","slug":"styrelsen","status":"publish","type":"page","link":"https:\/\/wp.kristdemokraterna.se\/emmaboda\/partiavdelningen\/styrelsen\/","title":{"rendered":"Styrelsen"},"content":{"rendered":"<p>N\u00e4r inte \u00e5rsm\u00f6tet \u00e4r samlat s\u00e5 \u00e4r det styrelsen som \u00e4r partiavdelningens h\u00f6gsta beslutande organ. Det som partiavdelningsstyrelsen ska g\u00f6ra \u00e4r bland annat att leda verksamheten, ordna aktiviteter, f\u00f6rdela f\u00f6rtroendeuppdrag, utse funktion\u00e4rer, besluta i principiellt viktiga kommunpolitiska fr\u00e5gor, fr\u00e4mja utbildningsverksamheten med mycket mer.<\/p>\n<p><strong>Ledam\u00f6ter 2021:<\/strong><br \/>\n\u2022 Torgny Karlsson, <em>ordf\u00f6rande<\/em><br \/>\n\u2022 Anne Gustavsson, <em>vice ordf\u00f6rande<\/em><br \/>\n\u2022 Mikael Berzelius<br \/>\n\u2022 Gull-Britt Hellborg<br \/>\n\u2022 Mac Hellborg<br \/>\n\u2022 <em>vakant<\/em><br \/>\n\u2022 Albin Johansson<\/p>\n<p><strong>Ers\u00e4ttare 2021:<\/strong><br \/>\n\u2022 Maria Karlsson Olvestrand<br \/>\n\u2022 Daniel Jonsson<br \/>\n\u2022 Katarina Jonsson<\/p>\n<hr \/>\n<h3>Uppdrag inom partiavdelningen<\/h3>\n<p>\u2022 Mikael Berzelius (<em>kass\u00f6r, medlemsansvarig, lotteriansvarig samt val- och kampanjledare<\/em>)<br \/>\n\u2022 Albin Johansson (<em>sekreterare, organisationssekreterare, utbildnings- och studieledare samt registeransvarig<\/em>)<br \/>\n\u2022 Lars Sterneg\u00e5rd (<em>revisor<\/em>)<br \/>\n\u2022 Evald M\u00e5nsson (<em>revisorsers\u00e4ttare<\/em>)<\/p>\n<hr \/>\n<h3>Ombud till partidistriktets \u00e5rsm\u00f6ten<\/h3>\n<p>\u2022 Albin Johansson (<em>ordinarie<\/em>)<br \/>\n\u2022 Torgny Karlsson (<em>ordinarie<\/em>)<br \/>\n\u2022 Anne Gustavsson (<em>ordinarie<\/em>)<br \/>\n\u2022 Maria Karlsson Olvestrand (<em>ordinarie<\/em>)<br \/>\n\u2022 Mikael Berzelius (<em>ers\u00e4ttare<\/em>)<br \/>\n\u2022 Daniel Jonsson (<em>ers\u00e4ttare<\/em>)<br \/>\n\u2022 Katarina Jonsson (<em>ers\u00e4ttare<\/em>)<br \/>\n\u2022 Gull-Britt Hellborg (<em>ers\u00e4ttare<\/em>)<\/p>\n<hr \/>\n<h3>Representant p\u00e5 distriktsniv\u00e5<\/h3>\n<p>\u2022 Anne Gustavsson (<em>ers\u00e4ttare i partidistriktsstyrelsen<\/em>)<\/p>\n","protected":false},"excerpt":{"rendered":"<p>N\u00e4r inte \u00e5rsm\u00f6tet \u00e4r samlat s\u00e5 \u00e4r det styrelsen som \u00e4r partiavdelningens h\u00f6gsta beslutande organ. Det som partiavdelningsstyrelsen ska g\u00f6ra \u00e4r bland annat att leda verksamheten, ordna aktiviteter, f\u00f6rdela f\u00f6rtroendeuppdrag, utse funktion\u00e4rer, besluta i principiellt viktiga kommunpolitiska fr\u00e5gor, fr\u00e4mja utbildningsverksamheten med mycket mer. Ledam\u00f6ter 2021: \u2022 Torgny Karlsson, ordf\u00f6rande \u2022 Anne Gustavsson, vice ordf\u00f6rande \u2022 <a class=\"read-more-link\" href=\"https:\/\/wp.kristdemokraterna.se\/emmaboda\/partiavdelningen\/styrelsen\/\">Read More<\/a><\/p>\n","protected":false},"author":525,"featured_media":0,"parent":31,"menu_order":1,"comment_status":"closed","ping_status":"closed","template":"","meta":{"_acf_changed":false,"footnotes":""},"class_list":["post-347","page","type-page","status-publish","hentry"],"acf":[],"yoast_head":"<!-- This site is optimized with the Yoast SEO plugin v27.3 - https:\/\/yoast.com\/product\/yoast-seo-wordpress\/ -->\n<title>Styrelsen - Kristdemokraterna i Emmaboda<\/title>\n<meta name=\"robots\" content=\"index, follow, max-snippet:-1, max-image-preview:large, max-video-preview:-1\" \/>\n<link rel=\"canonical\" href=\"https:\/\/wp.kristdemokraterna.se\/emmaboda\/partiavdelningen\/styrelsen\/\" \/>\n<meta property=\"og:locale\" content=\"sv_SE\" \/>\n<meta property=\"og:type\" content=\"article\" \/>\n<meta property=\"og:title\" content=\"Styrelsen - Kristdemokraterna i Emmaboda\" \/>\n<meta property=\"og:description\" content=\"N\u00e4r inte \u00e5rsm\u00f6tet \u00e4r samlat s\u00e5 \u00e4r det styrelsen som \u00e4r partiavdelningens h\u00f6gsta beslutande organ. Det som partiavdelningsstyrelsen ska g\u00f6ra \u00e4r bland annat att leda verksamheten, ordna aktiviteter, f\u00f6rdela f\u00f6rtroendeuppdrag, utse funktion\u00e4rer, besluta i principiellt viktiga kommunpolitiska fr\u00e5gor, fr\u00e4mja utbildningsverksamheten med mycket mer. Ledam\u00f6ter 2021: \u2022 Torgny Karlsson, ordf\u00f6rande \u2022 Anne Gustavsson, vice ordf\u00f6rande \u2022 Read More\" \/>\n<meta property=\"og:url\" content=\"https:\/\/wp.kristdemokraterna.se\/emmaboda\/partiavdelningen\/styrelsen\/\" \/>\n<meta property=\"og:site_name\" content=\"Kristdemokraterna i Emmaboda\" \/>\n<meta property=\"article:modified_time\" content=\"2021-11-12T02:20:56+00:00\" \/>\n<meta name=\"twitter:card\" content=\"summary_large_image\" \/>\n<meta name=\"twitter:label1\" content=\"Ber\u00e4knad l\u00e4stid\" \/>\n\t<meta name=\"twitter:data1\" content=\"1 minut\" \/>\n<script type=\"application\/ld+json\" class=\"yoast-schema-graph\">{\"@context\":\"https:\\\/\\\/schema.org\",\"@graph\":[{\"@type\":\"WebPage\",\"@id\":\"https:\\\/\\\/wp.kristdemokraterna.se\\\/emmaboda\\\/partiavdelningen\\\/styrelsen\\\/\",\"url\":\"https:\\\/\\\/wp.kristdemokraterna.se\\\/emmaboda\\\/partiavdelningen\\\/styrelsen\\\/\",\"name\":\"Styrelsen - Kristdemokraterna i Emmaboda\",\"isPartOf\":{\"@id\":\"https:\\\/\\\/wp.kristdemokraterna.se\\\/emmaboda\\\/#website\"},\"datePublished\":\"2018-06-25T21:46:59+00:00\",\"dateModified\":\"2021-11-12T02:20:56+00:00\",\"breadcrumb\":{\"@id\":\"https:\\\/\\\/wp.kristdemokraterna.se\\\/emmaboda\\\/partiavdelningen\\\/styrelsen\\\/#breadcrumb\"},\"inLanguage\":\"sv-SE\",\"potentialAction\":[{\"@type\":\"ReadAction\",\"target\":[\"https:\\\/\\\/wp.kristdemokraterna.se\\\/emmaboda\\\/partiavdelningen\\\/styrelsen\\\/\"]}]},{\"@type\":\"BreadcrumbList\",\"@id\":\"https:\\\/\\\/wp.kristdemokraterna.se\\\/emmaboda\\\/partiavdelningen\\\/styrelsen\\\/#breadcrumb\",\"itemListElement\":[{\"@type\":\"ListItem\",\"position\":1,\"name\":\"Hem\",\"item\":\"https:\\\/\\\/wp.kristdemokraterna.se\\\/emmaboda\\\/\"},{\"@type\":\"ListItem\",\"position\":2,\"name\":\"Partiavdelningen\",\"item\":\"https:\\\/\\\/wp.kristdemokraterna.se\\\/emmaboda\\\/partiavdelningen\\\/\"},{\"@type\":\"ListItem\",\"position\":3,\"name\":\"Styrelsen\"}]},{\"@type\":\"WebSite\",\"@id\":\"https:\\\/\\\/wp.kristdemokraterna.se\\\/emmaboda\\\/#website\",\"url\":\"https:\\\/\\\/wp.kristdemokraterna.se\\\/emmaboda\\\/\",\"name\":\"Kristdemokraterna i Emmaboda\",\"description\":\"Vi har Emmaboda i v\u00e5ra hj\u00e4rtan\",\"inLanguage\":\"sv-SE\"}]}<\/script>\n<!-- \/ Yoast SEO plugin. -->","yoast_head_json":{"title":"Styrelsen - Kristdemokraterna i Emmaboda","robots":{"index":"index","follow":"follow","max-snippet":"max-snippet:-1","max-image-preview":"max-image-preview:large","max-video-preview":"max-video-preview:-1"},"canonical":"https:\/\/wp.kristdemokraterna.se\/emmaboda\/partiavdelningen\/styrelsen\/","og_locale":"sv_SE","og_type":"article","og_title":"Styrelsen - Kristdemokraterna i Emmaboda","og_description":"N\u00e4r inte \u00e5rsm\u00f6tet \u00e4r samlat s\u00e5 \u00e4r det styrelsen som \u00e4r partiavdelningens h\u00f6gsta beslutande organ. Det som partiavdelningsstyrelsen ska g\u00f6ra \u00e4r bland annat att leda verksamheten, ordna aktiviteter, f\u00f6rdela f\u00f6rtroendeuppdrag, utse funktion\u00e4rer, besluta i principiellt viktiga kommunpolitiska fr\u00e5gor, fr\u00e4mja utbildningsverksamheten med mycket mer. Ledam\u00f6ter 2021: \u2022 Torgny Karlsson, ordf\u00f6rande \u2022 Anne Gustavsson, vice ordf\u00f6rande \u2022 Read More","og_url":"https:\/\/wp.kristdemokraterna.se\/emmaboda\/partiavdelningen\/styrelsen\/","og_site_name":"Kristdemokraterna i Emmaboda","article_modified_time":"2021-11-12T02:20:56+00:00","twitter_card":"summary_large_image","twitter_misc":{"Ber\u00e4knad l\u00e4stid":"1 minut"},"schema":{"@context":"https:\/\/schema.org","@graph":[{"@type":"WebPage","@id":"https:\/\/wp.kristdemokraterna.se\/emmaboda\/partiavdelningen\/styrelsen\/","url":"https:\/\/wp.kristdemokraterna.se\/emmaboda\/partiavdelningen\/styrelsen\/","name":"Styrelsen - Kristdemokraterna i Emmaboda","isPartOf":{"@id":"https:\/\/wp.kristdemokraterna.se\/emmaboda\/#website"},"datePublished":"2018-06-25T21:46:59+00:00","dateModified":"2021-11-12T02:20:56+00:00","breadcrumb":{"@id":"https:\/\/wp.kristdemokraterna.se\/emmaboda\/partiavdelningen\/styrelsen\/#breadcrumb"},"inLanguage":"sv-SE","potentialAction":[{"@type":"ReadAction","target":["https:\/\/wp.kristdemokraterna.se\/emmaboda\/partiavdelningen\/styrelsen\/"]}]},{"@type":"BreadcrumbList","@id":"https:\/\/wp.kristdemokraterna.se\/emmaboda\/partiavdelningen\/styrelsen\/#breadcrumb","itemListElement":[{"@type":"ListItem","position":1,"name":"Hem","item":"https:\/\/wp.kristdemokraterna.se\/emmaboda\/"},{"@type":"ListItem","position":2,"name":"Partiavdelningen","item":"https:\/\/wp.kristdemokraterna.se\/emmaboda\/partiavdelningen\/"},{"@type":"ListItem","position":3,"name":"Styrelsen"}]},{"@type":"WebSite","@id":"https:\/\/wp.kristdemokraterna.se\/emmaboda\/#website","url":"https:\/\/wp.kristdemokraterna.se\/emmaboda\/","name":"Kristdemokraterna i Emmaboda","description":"Vi har Emmaboda i v\u00e5ra hj\u00e4rtan","inLanguage":"sv-SE"}]}},"_links":{"self":[{"href":"https:\/\/wp.kristdemokraterna.se\/emmaboda\/wp-json\/wp\/v2\/pages\/347","targetHints":{"allow":["GET"]}}],"collection":[{"href":"https:\/\/wp.kristdemokraterna.se\/emmaboda\/wp-json\/wp\/v2\/pages"}],"about":[{"href":"https:\/\/wp.kristdemokraterna.se\/emmaboda\/wp-json\/wp\/v2\/types\/page"}],"author":[{"embeddable":true,"href":"https:\/\/wp.kristdemokraterna.se\/emmaboda\/wp-json\/wp\/v2\/users\/525"}],"replies":[{"embeddable":true,"href":"https:\/\/wp.kristdemokraterna.se\/emmaboda\/wp-json\/wp\/v2\/comments?post=347"}],"version-history":[{"count":13,"href":"https:\/\/wp.kristdemokraterna.se\/emmaboda\/wp-json\/wp\/v2\/pages\/347\/revisions"}],"predecessor-version":[{"id":1363,"href":"https:\/\/wp.kristdemokraterna.se\/emmaboda\/wp-json\/wp\/v2\/pages\/347\/revisions\/1363"}],"up":[{"embeddable":true,"href":"https:\/\/wp.kristdemokraterna.se\/emmaboda\/wp-json\/wp\/v2\/pages\/31"}],"wp:attachment":[{"href":"https:\/\/wp.kristdemokraterna.se\/emmaboda\/wp-json\/wp\/v2\/media?parent=347"}],"curies":[{"name":"wp","href":"https:\/\/api.w.org\/{rel}","templated":true}]}}