{"id":50,"date":"2016-04-27T13:59:30","date_gmt":"2016-04-27T11:59:30","guid":{"rendered":"http:\/\/wp.kristdemokraterna.se\/emmaboda\/?page_id=50"},"modified":"2021-01-28T23:51:26","modified_gmt":"2021-01-28T22:51:26","slug":"motesagenda","status":"publish","type":"page","link":"https:\/\/wp.kristdemokraterna.se\/emmaboda\/det-hander\/motesagenda\/","title":{"rendered":"M\u00f6tesagenda"},"content":{"rendered":"<p>H\u00e4r finner du v\u00e5ra viktigare m\u00f6ten under 2021.<\/p>\n<p><strong>Partiavdelnings\u00e5rsm\u00f6te<\/strong><br \/>\n\u2022\u00a0 17 februari<\/p>\n<hr \/>\n<p><strong>Partiavdelningsstyrelsen<\/strong><br \/>\n\u2022\u00a0 <del>13\u00a0januari<\/del><br \/>\n\u2022\u00a0 17 februari, <em>konstituerande<\/em><\/p>\n<hr \/>\n<p><strong>Kommunfullm\u00e4ktige (<em>gruppm\u00f6ten<\/em>)<\/strong><br \/>\n<em>inga m\u00f6ten under 2021<\/em><\/p>\n<hr \/>\n<p><strong>Kommunstyrelsen (<em>gruppm\u00f6ten<\/em>)<\/strong><br \/>\n\u2022\u00a0 <del>11 januari<\/del><br \/>\n\u2022\u00a0 8 februari<br \/>\n\u2022\u00a0 8 mars<br \/>\n\u2022\u00a0 12 april<br \/>\n\u2022\u00a0 10 maj<br \/>\n\u2022\u00a0 7 juni<br \/>\n\u2022\u00a0 6 september<br \/>\n\u2022\u00a0 4 oktober<br \/>\n\u2022\u00a0 8 november<br \/>\n\u2022\u00a0 28 november<\/p>\n<hr \/>\n<p><em>Denna sida uppdateras kontinuerligt varefter nya m\u00f6ten tillkommer.<\/em><\/p>\n","protected":false},"excerpt":{"rendered":"<p>H\u00e4r finner du v\u00e5ra viktigare m\u00f6ten under 2021. Partiavdelnings\u00e5rsm\u00f6te \u2022\u00a0 17 februari Partiavdelningsstyrelsen \u2022\u00a0 13\u00a0januari \u2022\u00a0 17 februari, konstituerande Kommunfullm\u00e4ktige (gruppm\u00f6ten) inga m\u00f6ten under 2021 Kommunstyrelsen (gruppm\u00f6ten) \u2022\u00a0 11 januari \u2022\u00a0 8 februari \u2022\u00a0 8 mars \u2022\u00a0 12 april \u2022\u00a0 10 maj \u2022\u00a0 7 juni \u2022\u00a0 6 september \u2022\u00a0 4 oktober \u2022\u00a0 8 november \u2022\u00a0 <a class=\"read-more-link\" href=\"https:\/\/wp.kristdemokraterna.se\/emmaboda\/det-hander\/motesagenda\/\">Read More<\/a><\/p>\n","protected":false},"author":525,"featured_media":0,"parent":1048,"menu_order":5,"comment_status":"closed","ping_status":"closed","template":"","meta":{"_acf_changed":false,"footnotes":""},"class_list":["post-50","page","type-page","status-publish","hentry"],"acf":[],"yoast_head":"<!-- This site is optimized with the Yoast SEO plugin v27.4 - https:\/\/yoast.com\/product\/yoast-seo-wordpress\/ -->\n<title>M\u00f6tesagenda - Kristdemokraterna i Emmaboda<\/title>\n<meta name=\"robots\" content=\"index, follow, max-snippet:-1, max-image-preview:large, max-video-preview:-1\" \/>\n<link rel=\"canonical\" href=\"https:\/\/wp.kristdemokraterna.se\/emmaboda\/det-hander\/motesagenda\/\" \/>\n<meta property=\"og:locale\" content=\"sv_SE\" \/>\n<meta property=\"og:type\" content=\"article\" \/>\n<meta property=\"og:title\" content=\"M\u00f6tesagenda - Kristdemokraterna i Emmaboda\" \/>\n<meta property=\"og:description\" content=\"H\u00e4r finner du v\u00e5ra viktigare m\u00f6ten under 2021. Partiavdelnings\u00e5rsm\u00f6te \u2022\u00a0 17 februari Partiavdelningsstyrelsen \u2022\u00a0 13\u00a0januari \u2022\u00a0 17 februari, konstituerande Kommunfullm\u00e4ktige (gruppm\u00f6ten) inga m\u00f6ten under 2021 Kommunstyrelsen (gruppm\u00f6ten) \u2022\u00a0 11 januari \u2022\u00a0 8 februari \u2022\u00a0 8 mars \u2022\u00a0 12 april \u2022\u00a0 10 maj \u2022\u00a0 7 juni \u2022\u00a0 6 september \u2022\u00a0 4 oktober \u2022\u00a0 8 november \u2022\u00a0 Read More\" \/>\n<meta property=\"og:url\" content=\"https:\/\/wp.kristdemokraterna.se\/emmaboda\/det-hander\/motesagenda\/\" \/>\n<meta property=\"og:site_name\" content=\"Kristdemokraterna i Emmaboda\" \/>\n<meta property=\"article:modified_time\" content=\"2021-01-28T22:51:26+00:00\" \/>\n<meta name=\"twitter:card\" content=\"summary_large_image\" \/>\n<meta name=\"twitter:label1\" content=\"Ber\u00e4knad l\u00e4stid\" \/>\n\t<meta name=\"twitter:data1\" content=\"1 minut\" \/>\n<script type=\"application\/ld+json\" class=\"yoast-schema-graph\">{\"@context\":\"https:\\\/\\\/schema.org\",\"@graph\":[{\"@type\":\"WebPage\",\"@id\":\"https:\\\/\\\/wp.kristdemokraterna.se\\\/emmaboda\\\/det-hander\\\/motesagenda\\\/\",\"url\":\"https:\\\/\\\/wp.kristdemokraterna.se\\\/emmaboda\\\/det-hander\\\/motesagenda\\\/\",\"name\":\"M\u00f6tesagenda - Kristdemokraterna i Emmaboda\",\"isPartOf\":{\"@id\":\"https:\\\/\\\/wp.kristdemokraterna.se\\\/emmaboda\\\/#website\"},\"datePublished\":\"2016-04-27T11:59:30+00:00\",\"dateModified\":\"2021-01-28T22:51:26+00:00\",\"breadcrumb\":{\"@id\":\"https:\\\/\\\/wp.kristdemokraterna.se\\\/emmaboda\\\/det-hander\\\/motesagenda\\\/#breadcrumb\"},\"inLanguage\":\"sv-SE\",\"potentialAction\":[{\"@type\":\"ReadAction\",\"target\":[\"https:\\\/\\\/wp.kristdemokraterna.se\\\/emmaboda\\\/det-hander\\\/motesagenda\\\/\"]}]},{\"@type\":\"BreadcrumbList\",\"@id\":\"https:\\\/\\\/wp.kristdemokraterna.se\\\/emmaboda\\\/det-hander\\\/motesagenda\\\/#breadcrumb\",\"itemListElement\":[{\"@type\":\"ListItem\",\"position\":1,\"name\":\"Hem\",\"item\":\"https:\\\/\\\/wp.kristdemokraterna.se\\\/emmaboda\\\/\"},{\"@type\":\"ListItem\",\"position\":2,\"name\":\"Det h\u00e4nder\",\"item\":\"https:\\\/\\\/wp.kristdemokraterna.se\\\/emmaboda\\\/det-hander\\\/\"},{\"@type\":\"ListItem\",\"position\":3,\"name\":\"M\u00f6tesagenda\"}]},{\"@type\":\"WebSite\",\"@id\":\"https:\\\/\\\/wp.kristdemokraterna.se\\\/emmaboda\\\/#website\",\"url\":\"https:\\\/\\\/wp.kristdemokraterna.se\\\/emmaboda\\\/\",\"name\":\"Kristdemokraterna i Emmaboda\",\"description\":\"Vi har Emmaboda i v\u00e5ra hj\u00e4rtan\",\"inLanguage\":\"sv-SE\"}]}<\/script>\n<!-- \/ Yoast SEO plugin. -->","yoast_head_json":{"title":"M\u00f6tesagenda - Kristdemokraterna i Emmaboda","robots":{"index":"index","follow":"follow","max-snippet":"max-snippet:-1","max-image-preview":"max-image-preview:large","max-video-preview":"max-video-preview:-1"},"canonical":"https:\/\/wp.kristdemokraterna.se\/emmaboda\/det-hander\/motesagenda\/","og_locale":"sv_SE","og_type":"article","og_title":"M\u00f6tesagenda - Kristdemokraterna i Emmaboda","og_description":"H\u00e4r finner du v\u00e5ra viktigare m\u00f6ten under 2021. Partiavdelnings\u00e5rsm\u00f6te \u2022\u00a0 17 februari Partiavdelningsstyrelsen \u2022\u00a0 13\u00a0januari \u2022\u00a0 17 februari, konstituerande Kommunfullm\u00e4ktige (gruppm\u00f6ten) inga m\u00f6ten under 2021 Kommunstyrelsen (gruppm\u00f6ten) \u2022\u00a0 11 januari \u2022\u00a0 8 februari \u2022\u00a0 8 mars \u2022\u00a0 12 april \u2022\u00a0 10 maj \u2022\u00a0 7 juni \u2022\u00a0 6 september \u2022\u00a0 4 oktober \u2022\u00a0 8 november \u2022\u00a0 Read More","og_url":"https:\/\/wp.kristdemokraterna.se\/emmaboda\/det-hander\/motesagenda\/","og_site_name":"Kristdemokraterna i Emmaboda","article_modified_time":"2021-01-28T22:51:26+00:00","twitter_card":"summary_large_image","twitter_misc":{"Ber\u00e4knad l\u00e4stid":"1 minut"},"schema":{"@context":"https:\/\/schema.org","@graph":[{"@type":"WebPage","@id":"https:\/\/wp.kristdemokraterna.se\/emmaboda\/det-hander\/motesagenda\/","url":"https:\/\/wp.kristdemokraterna.se\/emmaboda\/det-hander\/motesagenda\/","name":"M\u00f6tesagenda - Kristdemokraterna i Emmaboda","isPartOf":{"@id":"https:\/\/wp.kristdemokraterna.se\/emmaboda\/#website"},"datePublished":"2016-04-27T11:59:30+00:00","dateModified":"2021-01-28T22:51:26+00:00","breadcrumb":{"@id":"https:\/\/wp.kristdemokraterna.se\/emmaboda\/det-hander\/motesagenda\/#breadcrumb"},"inLanguage":"sv-SE","potentialAction":[{"@type":"ReadAction","target":["https:\/\/wp.kristdemokraterna.se\/emmaboda\/det-hander\/motesagenda\/"]}]},{"@type":"BreadcrumbList","@id":"https:\/\/wp.kristdemokraterna.se\/emmaboda\/det-hander\/motesagenda\/#breadcrumb","itemListElement":[{"@type":"ListItem","position":1,"name":"Hem","item":"https:\/\/wp.kristdemokraterna.se\/emmaboda\/"},{"@type":"ListItem","position":2,"name":"Det h\u00e4nder","item":"https:\/\/wp.kristdemokraterna.se\/emmaboda\/det-hander\/"},{"@type":"ListItem","position":3,"name":"M\u00f6tesagenda"}]},{"@type":"WebSite","@id":"https:\/\/wp.kristdemokraterna.se\/emmaboda\/#website","url":"https:\/\/wp.kristdemokraterna.se\/emmaboda\/","name":"Kristdemokraterna i Emmaboda","description":"Vi har Emmaboda i v\u00e5ra hj\u00e4rtan","inLanguage":"sv-SE"}]}},"_links":{"self":[{"href":"https:\/\/wp.kristdemokraterna.se\/emmaboda\/wp-json\/wp\/v2\/pages\/50","targetHints":{"allow":["GET"]}}],"collection":[{"href":"https:\/\/wp.kristdemokraterna.se\/emmaboda\/wp-json\/wp\/v2\/pages"}],"about":[{"href":"https:\/\/wp.kristdemokraterna.se\/emmaboda\/wp-json\/wp\/v2\/types\/page"}],"author":[{"embeddable":true,"href":"https:\/\/wp.kristdemokraterna.se\/emmaboda\/wp-json\/wp\/v2\/users\/525"}],"replies":[{"embeddable":true,"href":"https:\/\/wp.kristdemokraterna.se\/emmaboda\/wp-json\/wp\/v2\/comments?post=50"}],"version-history":[{"count":16,"href":"https:\/\/wp.kristdemokraterna.se\/emmaboda\/wp-json\/wp\/v2\/pages\/50\/revisions"}],"predecessor-version":[{"id":1354,"href":"https:\/\/wp.kristdemokraterna.se\/emmaboda\/wp-json\/wp\/v2\/pages\/50\/revisions\/1354"}],"up":[{"embeddable":true,"href":"https:\/\/wp.kristdemokraterna.se\/emmaboda\/wp-json\/wp\/v2\/pages\/1048"}],"wp:attachment":[{"href":"https:\/\/wp.kristdemokraterna.se\/emmaboda\/wp-json\/wp\/v2\/media?parent=50"}],"curies":[{"name":"wp","href":"https:\/\/api.w.org\/{rel}","templated":true}]}}