{"id":53,"date":"2016-04-27T13:59:46","date_gmt":"2016-04-27T11:59:46","guid":{"rendered":"http:\/\/wp.kristdemokraterna.se\/emmaboda\/?page_id=53"},"modified":"2021-01-28T23:45:16","modified_gmt":"2021-01-28T22:45:16","slug":"aktiviteter","status":"publish","type":"page","link":"https:\/\/wp.kristdemokraterna.se\/emmaboda\/det-hander\/aktiviteter\/","title":{"rendered":"Aktiviteter 2021"},"content":{"rendered":"<p><strong>V\u00e5ra aktiviteter under 2021 kommer att vara:<\/strong><\/p>\n<p>\u2022 Partiavdelnings\u00e5rsm\u00f6te den 17 februari, kl 18:00, via Google Teams<\/p>\n<hr \/>\n<p><em>Denna sida uppdateras kontinuerligt varefter nya aktiviteter tillkommer.<\/em><\/p>\n<p><em>Med anledning av coronaviruset (covid-19) kommer s\u00e4kerligen antalet aktiviteter under stora delar av 2021 inte att vara s\u00e4rskilt m\u00e5nga.<\/em><\/p>\n","protected":false},"excerpt":{"rendered":"<p>V\u00e5ra aktiviteter under 2021 kommer att vara: \u2022 Partiavdelnings\u00e5rsm\u00f6te den 17 februari, kl 18:00, via Google Teams Denna sida uppdateras kontinuerligt varefter nya aktiviteter tillkommer. Med anledning av coronaviruset (covid-19) kommer s\u00e4kerligen antalet aktiviteter under stora delar av 2021 inte att vara s\u00e4rskilt m\u00e5nga.<\/p>\n","protected":false},"author":525,"featured_media":0,"parent":1048,"menu_order":3,"comment_status":"closed","ping_status":"closed","template":"","meta":{"_acf_changed":false,"footnotes":""},"class_list":["post-53","page","type-page","status-publish","hentry"],"acf":[],"yoast_head":"<!-- This site is optimized with the Yoast SEO plugin v27.3 - https:\/\/yoast.com\/product\/yoast-seo-wordpress\/ -->\n<title>Aktiviteter 2021 - Kristdemokraterna i Emmaboda<\/title>\n<meta name=\"robots\" content=\"index, follow, max-snippet:-1, max-image-preview:large, max-video-preview:-1\" \/>\n<link rel=\"canonical\" href=\"https:\/\/wp.kristdemokraterna.se\/emmaboda\/det-hander\/aktiviteter\/\" \/>\n<meta property=\"og:locale\" content=\"sv_SE\" \/>\n<meta property=\"og:type\" content=\"article\" \/>\n<meta property=\"og:title\" content=\"Aktiviteter 2021 - Kristdemokraterna i Emmaboda\" \/>\n<meta property=\"og:description\" content=\"V\u00e5ra aktiviteter under 2021 kommer att vara: \u2022 Partiavdelnings\u00e5rsm\u00f6te den 17 februari, kl 18:00, via Google Teams Denna sida uppdateras kontinuerligt varefter nya aktiviteter tillkommer. Med anledning av coronaviruset (covid-19) kommer s\u00e4kerligen antalet aktiviteter under stora delar av 2021 inte att vara s\u00e4rskilt m\u00e5nga.\" \/>\n<meta property=\"og:url\" content=\"https:\/\/wp.kristdemokraterna.se\/emmaboda\/det-hander\/aktiviteter\/\" \/>\n<meta property=\"og:site_name\" content=\"Kristdemokraterna i Emmaboda\" \/>\n<meta property=\"article:modified_time\" content=\"2021-01-28T22:45:16+00:00\" \/>\n<meta name=\"twitter:card\" content=\"summary_large_image\" \/>\n<meta name=\"twitter:label1\" content=\"Ber\u00e4knad l\u00e4stid\" \/>\n\t<meta name=\"twitter:data1\" content=\"1 minut\" \/>\n<script type=\"application\/ld+json\" class=\"yoast-schema-graph\">{\"@context\":\"https:\\\/\\\/schema.org\",\"@graph\":[{\"@type\":\"WebPage\",\"@id\":\"https:\\\/\\\/wp.kristdemokraterna.se\\\/emmaboda\\\/det-hander\\\/aktiviteter\\\/\",\"url\":\"https:\\\/\\\/wp.kristdemokraterna.se\\\/emmaboda\\\/det-hander\\\/aktiviteter\\\/\",\"name\":\"Aktiviteter 2021 - Kristdemokraterna i Emmaboda\",\"isPartOf\":{\"@id\":\"https:\\\/\\\/wp.kristdemokraterna.se\\\/emmaboda\\\/#website\"},\"datePublished\":\"2016-04-27T11:59:46+00:00\",\"dateModified\":\"2021-01-28T22:45:16+00:00\",\"breadcrumb\":{\"@id\":\"https:\\\/\\\/wp.kristdemokraterna.se\\\/emmaboda\\\/det-hander\\\/aktiviteter\\\/#breadcrumb\"},\"inLanguage\":\"sv-SE\",\"potentialAction\":[{\"@type\":\"ReadAction\",\"target\":[\"https:\\\/\\\/wp.kristdemokraterna.se\\\/emmaboda\\\/det-hander\\\/aktiviteter\\\/\"]}]},{\"@type\":\"BreadcrumbList\",\"@id\":\"https:\\\/\\\/wp.kristdemokraterna.se\\\/emmaboda\\\/det-hander\\\/aktiviteter\\\/#breadcrumb\",\"itemListElement\":[{\"@type\":\"ListItem\",\"position\":1,\"name\":\"Hem\",\"item\":\"https:\\\/\\\/wp.kristdemokraterna.se\\\/emmaboda\\\/\"},{\"@type\":\"ListItem\",\"position\":2,\"name\":\"Det h\u00e4nder\",\"item\":\"https:\\\/\\\/wp.kristdemokraterna.se\\\/emmaboda\\\/det-hander\\\/\"},{\"@type\":\"ListItem\",\"position\":3,\"name\":\"Aktiviteter 2021\"}]},{\"@type\":\"WebSite\",\"@id\":\"https:\\\/\\\/wp.kristdemokraterna.se\\\/emmaboda\\\/#website\",\"url\":\"https:\\\/\\\/wp.kristdemokraterna.se\\\/emmaboda\\\/\",\"name\":\"Kristdemokraterna i Emmaboda\",\"description\":\"Vi har Emmaboda i v\u00e5ra hj\u00e4rtan\",\"inLanguage\":\"sv-SE\"}]}<\/script>\n<!-- \/ Yoast SEO plugin. -->","yoast_head_json":{"title":"Aktiviteter 2021 - Kristdemokraterna i Emmaboda","robots":{"index":"index","follow":"follow","max-snippet":"max-snippet:-1","max-image-preview":"max-image-preview:large","max-video-preview":"max-video-preview:-1"},"canonical":"https:\/\/wp.kristdemokraterna.se\/emmaboda\/det-hander\/aktiviteter\/","og_locale":"sv_SE","og_type":"article","og_title":"Aktiviteter 2021 - Kristdemokraterna i Emmaboda","og_description":"V\u00e5ra aktiviteter under 2021 kommer att vara: \u2022 Partiavdelnings\u00e5rsm\u00f6te den 17 februari, kl 18:00, via Google Teams Denna sida uppdateras kontinuerligt varefter nya aktiviteter tillkommer. Med anledning av coronaviruset (covid-19) kommer s\u00e4kerligen antalet aktiviteter under stora delar av 2021 inte att vara s\u00e4rskilt m\u00e5nga.","og_url":"https:\/\/wp.kristdemokraterna.se\/emmaboda\/det-hander\/aktiviteter\/","og_site_name":"Kristdemokraterna i Emmaboda","article_modified_time":"2021-01-28T22:45:16+00:00","twitter_card":"summary_large_image","twitter_misc":{"Ber\u00e4knad l\u00e4stid":"1 minut"},"schema":{"@context":"https:\/\/schema.org","@graph":[{"@type":"WebPage","@id":"https:\/\/wp.kristdemokraterna.se\/emmaboda\/det-hander\/aktiviteter\/","url":"https:\/\/wp.kristdemokraterna.se\/emmaboda\/det-hander\/aktiviteter\/","name":"Aktiviteter 2021 - Kristdemokraterna i Emmaboda","isPartOf":{"@id":"https:\/\/wp.kristdemokraterna.se\/emmaboda\/#website"},"datePublished":"2016-04-27T11:59:46+00:00","dateModified":"2021-01-28T22:45:16+00:00","breadcrumb":{"@id":"https:\/\/wp.kristdemokraterna.se\/emmaboda\/det-hander\/aktiviteter\/#breadcrumb"},"inLanguage":"sv-SE","potentialAction":[{"@type":"ReadAction","target":["https:\/\/wp.kristdemokraterna.se\/emmaboda\/det-hander\/aktiviteter\/"]}]},{"@type":"BreadcrumbList","@id":"https:\/\/wp.kristdemokraterna.se\/emmaboda\/det-hander\/aktiviteter\/#breadcrumb","itemListElement":[{"@type":"ListItem","position":1,"name":"Hem","item":"https:\/\/wp.kristdemokraterna.se\/emmaboda\/"},{"@type":"ListItem","position":2,"name":"Det h\u00e4nder","item":"https:\/\/wp.kristdemokraterna.se\/emmaboda\/det-hander\/"},{"@type":"ListItem","position":3,"name":"Aktiviteter 2021"}]},{"@type":"WebSite","@id":"https:\/\/wp.kristdemokraterna.se\/emmaboda\/#website","url":"https:\/\/wp.kristdemokraterna.se\/emmaboda\/","name":"Kristdemokraterna i Emmaboda","description":"Vi har Emmaboda i v\u00e5ra hj\u00e4rtan","inLanguage":"sv-SE"}]}},"_links":{"self":[{"href":"https:\/\/wp.kristdemokraterna.se\/emmaboda\/wp-json\/wp\/v2\/pages\/53","targetHints":{"allow":["GET"]}}],"collection":[{"href":"https:\/\/wp.kristdemokraterna.se\/emmaboda\/wp-json\/wp\/v2\/pages"}],"about":[{"href":"https:\/\/wp.kristdemokraterna.se\/emmaboda\/wp-json\/wp\/v2\/types\/page"}],"author":[{"embeddable":true,"href":"https:\/\/wp.kristdemokraterna.se\/emmaboda\/wp-json\/wp\/v2\/users\/525"}],"replies":[{"embeddable":true,"href":"https:\/\/wp.kristdemokraterna.se\/emmaboda\/wp-json\/wp\/v2\/comments?post=53"}],"version-history":[{"count":17,"href":"https:\/\/wp.kristdemokraterna.se\/emmaboda\/wp-json\/wp\/v2\/pages\/53\/revisions"}],"predecessor-version":[{"id":1353,"href":"https:\/\/wp.kristdemokraterna.se\/emmaboda\/wp-json\/wp\/v2\/pages\/53\/revisions\/1353"}],"up":[{"embeddable":true,"href":"https:\/\/wp.kristdemokraterna.se\/emmaboda\/wp-json\/wp\/v2\/pages\/1048"}],"wp:attachment":[{"href":"https:\/\/wp.kristdemokraterna.se\/emmaboda\/wp-json\/wp\/v2\/media?parent=53"}],"curies":[{"name":"wp","href":"https:\/\/api.w.org\/{rel}","templated":true}]}}