{"id":56,"date":"2016-04-27T14:00:07","date_gmt":"2016-04-27T12:00:07","guid":{"rendered":"http:\/\/wp.kristdemokraterna.se\/emmaboda\/?page_id=56"},"modified":"2019-10-15T21:32:19","modified_gmt":"2019-10-15T19:32:19","slug":"arsmotet-2019","status":"publish","type":"page","link":"https:\/\/wp.kristdemokraterna.se\/emmaboda\/partiavdelningen\/arsmotet\/arsmotet-2019\/","title":{"rendered":"\u00c5rsm\u00f6tet 2019"},"content":{"rendered":"<p>Den 15 februari h\u00f6ll Emmaboda partiavdelning sitt ordinarie partiavdelnings\u00e5rsm\u00f6te f\u00f6r 2019 p\u00e5 All\u00e9g\u00e5rden i L\u00e5ngasj\u00f6. Antalet deltagare var tolv r\u00f6stber\u00e4ttigade medlemmar.<\/p>\n<p>G\u00e4sttalare p\u00e5 detta \u00e5rsm\u00f6te var Emmaboda kommuns nya kommunalr\u00e5d, Johan Jonsson (C), som talade om sin uppv\u00e4xt, historia och sina framtidsambitioner. Under \u00e5rsm\u00f6tet sade Jonsson \u00e4ven att de viktigaste fr\u00e5gorna f\u00f6r honom under denna mandatperiod \u00e4r n\u00e4ringslivet, skolan och bostadsbyggandet.<\/p>\n<p>Under m\u00f6tesf\u00f6rhandlingarna godk\u00e4ndes verksamhetsber\u00e4ttelsen f\u00f6r 2018, verksamhetsrapporten f\u00f6r 2018, resultat- och balansr\u00e4kningen f\u00f6r 2018 samt revisorernas ber\u00e4ttelse f\u00f6r 2018. En ny budget f\u00f6r 2019 antogs och likas\u00e5 en verksamhetsplan.<\/p>\n<p>Till ordf\u00f6rande och vice ordf\u00f6rande omvaldes Torgny Karlsson respektive Anne Gustavsson. Till ledam\u00f6ter i styrelsen valdes Mikael Berzelius (<em>omval<\/em>), Gull-Britt Hellborg (<em>omval<\/em>), Mac Hellborg (<em>omval<\/em>), Kerstin Fridholm (<em>nyval<\/em>) och Albin Johansson (<em>omval<\/em>). Ers\u00e4ttare blev Maria Karlsson Olvestrand (<em>nyval<\/em>), Daniel Jonsson (<em>nyval<\/em>) och Katarina Jonsson (<em>nyval<\/em>).<br \/>\nVal- och kampanjledare under 2019 blev Mac Hellborg och som ombud till partidistrikts\u00e5rsm\u00f6tena under \u00e5ret s\u00e4nder Emmaboda partiavdelning Torgny Karlsson, Anne Gustavsson, Mac Hellborg och Kerstin Fridholm som ordinarie. Ers\u00e4ttare blev Maria Karlsson Olvestrand, Daniel Jonsson, Katarina Jonsson och Mikael Berzelius.<\/p>\n<hr \/>\n<p>Vid eventuella fr\u00e5gor \u00e4r du v\u00e4lkommen att kontakta Torgny Karlsson (<em>ordf\u00f6rande<\/em>) p\u00e5 <span style=\"color: #005ea1\"><a style=\"color: #005ea1\" href=\"mailto:torgny.karlsson77@gmail.com\">mejl<\/a><\/span>, eller Albin Johansson (<em>sekreterare<\/em>) p\u00e5 <span style=\"color: #005ea1\"><a style=\"color: #005ea1\" href=\"mailto:albin.johansson@kristdemokraterna.se\">mejl<\/a><\/span>.<\/p>\n","protected":false},"excerpt":{"rendered":"<p>Den 15 februari h\u00f6ll Emmaboda partiavdelning sitt ordinarie partiavdelnings\u00e5rsm\u00f6te f\u00f6r 2019 p\u00e5 All\u00e9g\u00e5rden i L\u00e5ngasj\u00f6. Antalet deltagare var tolv r\u00f6stber\u00e4ttigade medlemmar. G\u00e4sttalare p\u00e5 detta \u00e5rsm\u00f6te var Emmaboda kommuns nya kommunalr\u00e5d, Johan Jonsson (C), som talade om sin uppv\u00e4xt, historia och sina framtidsambitioner. Under \u00e5rsm\u00f6tet sade Jonsson \u00e4ven att de viktigaste fr\u00e5gorna f\u00f6r honom under denna <a class=\"read-more-link\" href=\"https:\/\/wp.kristdemokraterna.se\/emmaboda\/partiavdelningen\/arsmotet\/arsmotet-2019\/\">Read More<\/a><\/p>\n","protected":false},"author":525,"featured_media":0,"parent":1059,"menu_order":1,"comment_status":"closed","ping_status":"closed","template":"","meta":{"_acf_changed":false,"footnotes":""},"class_list":["post-56","page","type-page","status-publish","hentry"],"acf":[],"yoast_head":"<!-- This site is optimized with the Yoast SEO plugin v27.4 - https:\/\/yoast.com\/product\/yoast-seo-wordpress\/ -->\n<title>\u00c5rsm\u00f6tet 2019 - Kristdemokraterna i Emmaboda<\/title>\n<meta name=\"robots\" content=\"index, follow, max-snippet:-1, max-image-preview:large, max-video-preview:-1\" \/>\n<link rel=\"canonical\" href=\"https:\/\/wp.kristdemokraterna.se\/emmaboda\/partiavdelningen\/arsmotet\/arsmotet-2019\/\" \/>\n<meta property=\"og:locale\" content=\"sv_SE\" \/>\n<meta property=\"og:type\" content=\"article\" \/>\n<meta property=\"og:title\" content=\"\u00c5rsm\u00f6tet 2019 - Kristdemokraterna i Emmaboda\" \/>\n<meta property=\"og:description\" content=\"Den 15 februari h\u00f6ll Emmaboda partiavdelning sitt ordinarie partiavdelnings\u00e5rsm\u00f6te f\u00f6r 2019 p\u00e5 All\u00e9g\u00e5rden i L\u00e5ngasj\u00f6. Antalet deltagare var tolv r\u00f6stber\u00e4ttigade medlemmar. G\u00e4sttalare p\u00e5 detta \u00e5rsm\u00f6te var Emmaboda kommuns nya kommunalr\u00e5d, Johan Jonsson (C), som talade om sin uppv\u00e4xt, historia och sina framtidsambitioner. Under \u00e5rsm\u00f6tet sade Jonsson \u00e4ven att de viktigaste fr\u00e5gorna f\u00f6r honom under denna Read More\" \/>\n<meta property=\"og:url\" content=\"https:\/\/wp.kristdemokraterna.se\/emmaboda\/partiavdelningen\/arsmotet\/arsmotet-2019\/\" \/>\n<meta property=\"og:site_name\" content=\"Kristdemokraterna i Emmaboda\" \/>\n<meta property=\"article:modified_time\" content=\"2019-10-15T19:32:19+00:00\" \/>\n<meta name=\"twitter:card\" content=\"summary_large_image\" \/>\n<meta name=\"twitter:label1\" content=\"Ber\u00e4knad l\u00e4stid\" \/>\n\t<meta name=\"twitter:data1\" content=\"1 minut\" \/>\n<script type=\"application\/ld+json\" class=\"yoast-schema-graph\">{\"@context\":\"https:\\\/\\\/schema.org\",\"@graph\":[{\"@type\":\"WebPage\",\"@id\":\"https:\\\/\\\/wp.kristdemokraterna.se\\\/emmaboda\\\/partiavdelningen\\\/arsmotet\\\/arsmotet-2019\\\/\",\"url\":\"https:\\\/\\\/wp.kristdemokraterna.se\\\/emmaboda\\\/partiavdelningen\\\/arsmotet\\\/arsmotet-2019\\\/\",\"name\":\"\u00c5rsm\u00f6tet 2019 - Kristdemokraterna i Emmaboda\",\"isPartOf\":{\"@id\":\"https:\\\/\\\/wp.kristdemokraterna.se\\\/emmaboda\\\/#website\"},\"datePublished\":\"2016-04-27T12:00:07+00:00\",\"dateModified\":\"2019-10-15T19:32:19+00:00\",\"breadcrumb\":{\"@id\":\"https:\\\/\\\/wp.kristdemokraterna.se\\\/emmaboda\\\/partiavdelningen\\\/arsmotet\\\/arsmotet-2019\\\/#breadcrumb\"},\"inLanguage\":\"sv-SE\",\"potentialAction\":[{\"@type\":\"ReadAction\",\"target\":[\"https:\\\/\\\/wp.kristdemokraterna.se\\\/emmaboda\\\/partiavdelningen\\\/arsmotet\\\/arsmotet-2019\\\/\"]}]},{\"@type\":\"BreadcrumbList\",\"@id\":\"https:\\\/\\\/wp.kristdemokraterna.se\\\/emmaboda\\\/partiavdelningen\\\/arsmotet\\\/arsmotet-2019\\\/#breadcrumb\",\"itemListElement\":[{\"@type\":\"ListItem\",\"position\":1,\"name\":\"Hem\",\"item\":\"https:\\\/\\\/wp.kristdemokraterna.se\\\/emmaboda\\\/\"},{\"@type\":\"ListItem\",\"position\":2,\"name\":\"Partiavdelningen\",\"item\":\"https:\\\/\\\/wp.kristdemokraterna.se\\\/emmaboda\\\/partiavdelningen\\\/\"},{\"@type\":\"ListItem\",\"position\":3,\"name\":\"\u00c5rsm\u00f6tet\",\"item\":\"https:\\\/\\\/wp.kristdemokraterna.se\\\/emmaboda\\\/partiavdelningen\\\/arsmotet\\\/\"},{\"@type\":\"ListItem\",\"position\":4,\"name\":\"\u00c5rsm\u00f6tet 2019\"}]},{\"@type\":\"WebSite\",\"@id\":\"https:\\\/\\\/wp.kristdemokraterna.se\\\/emmaboda\\\/#website\",\"url\":\"https:\\\/\\\/wp.kristdemokraterna.se\\\/emmaboda\\\/\",\"name\":\"Kristdemokraterna i Emmaboda\",\"description\":\"Vi har Emmaboda i v\u00e5ra hj\u00e4rtan\",\"inLanguage\":\"sv-SE\"}]}<\/script>\n<!-- \/ Yoast SEO plugin. -->","yoast_head_json":{"title":"\u00c5rsm\u00f6tet 2019 - Kristdemokraterna i Emmaboda","robots":{"index":"index","follow":"follow","max-snippet":"max-snippet:-1","max-image-preview":"max-image-preview:large","max-video-preview":"max-video-preview:-1"},"canonical":"https:\/\/wp.kristdemokraterna.se\/emmaboda\/partiavdelningen\/arsmotet\/arsmotet-2019\/","og_locale":"sv_SE","og_type":"article","og_title":"\u00c5rsm\u00f6tet 2019 - Kristdemokraterna i Emmaboda","og_description":"Den 15 februari h\u00f6ll Emmaboda partiavdelning sitt ordinarie partiavdelnings\u00e5rsm\u00f6te f\u00f6r 2019 p\u00e5 All\u00e9g\u00e5rden i L\u00e5ngasj\u00f6. Antalet deltagare var tolv r\u00f6stber\u00e4ttigade medlemmar. G\u00e4sttalare p\u00e5 detta \u00e5rsm\u00f6te var Emmaboda kommuns nya kommunalr\u00e5d, Johan Jonsson (C), som talade om sin uppv\u00e4xt, historia och sina framtidsambitioner. Under \u00e5rsm\u00f6tet sade Jonsson \u00e4ven att de viktigaste fr\u00e5gorna f\u00f6r honom under denna Read More","og_url":"https:\/\/wp.kristdemokraterna.se\/emmaboda\/partiavdelningen\/arsmotet\/arsmotet-2019\/","og_site_name":"Kristdemokraterna i Emmaboda","article_modified_time":"2019-10-15T19:32:19+00:00","twitter_card":"summary_large_image","twitter_misc":{"Ber\u00e4knad l\u00e4stid":"1 minut"},"schema":{"@context":"https:\/\/schema.org","@graph":[{"@type":"WebPage","@id":"https:\/\/wp.kristdemokraterna.se\/emmaboda\/partiavdelningen\/arsmotet\/arsmotet-2019\/","url":"https:\/\/wp.kristdemokraterna.se\/emmaboda\/partiavdelningen\/arsmotet\/arsmotet-2019\/","name":"\u00c5rsm\u00f6tet 2019 - Kristdemokraterna i Emmaboda","isPartOf":{"@id":"https:\/\/wp.kristdemokraterna.se\/emmaboda\/#website"},"datePublished":"2016-04-27T12:00:07+00:00","dateModified":"2019-10-15T19:32:19+00:00","breadcrumb":{"@id":"https:\/\/wp.kristdemokraterna.se\/emmaboda\/partiavdelningen\/arsmotet\/arsmotet-2019\/#breadcrumb"},"inLanguage":"sv-SE","potentialAction":[{"@type":"ReadAction","target":["https:\/\/wp.kristdemokraterna.se\/emmaboda\/partiavdelningen\/arsmotet\/arsmotet-2019\/"]}]},{"@type":"BreadcrumbList","@id":"https:\/\/wp.kristdemokraterna.se\/emmaboda\/partiavdelningen\/arsmotet\/arsmotet-2019\/#breadcrumb","itemListElement":[{"@type":"ListItem","position":1,"name":"Hem","item":"https:\/\/wp.kristdemokraterna.se\/emmaboda\/"},{"@type":"ListItem","position":2,"name":"Partiavdelningen","item":"https:\/\/wp.kristdemokraterna.se\/emmaboda\/partiavdelningen\/"},{"@type":"ListItem","position":3,"name":"\u00c5rsm\u00f6tet","item":"https:\/\/wp.kristdemokraterna.se\/emmaboda\/partiavdelningen\/arsmotet\/"},{"@type":"ListItem","position":4,"name":"\u00c5rsm\u00f6tet 2019"}]},{"@type":"WebSite","@id":"https:\/\/wp.kristdemokraterna.se\/emmaboda\/#website","url":"https:\/\/wp.kristdemokraterna.se\/emmaboda\/","name":"Kristdemokraterna i Emmaboda","description":"Vi har Emmaboda i v\u00e5ra hj\u00e4rtan","inLanguage":"sv-SE"}]}},"_links":{"self":[{"href":"https:\/\/wp.kristdemokraterna.se\/emmaboda\/wp-json\/wp\/v2\/pages\/56","targetHints":{"allow":["GET"]}}],"collection":[{"href":"https:\/\/wp.kristdemokraterna.se\/emmaboda\/wp-json\/wp\/v2\/pages"}],"about":[{"href":"https:\/\/wp.kristdemokraterna.se\/emmaboda\/wp-json\/wp\/v2\/types\/page"}],"author":[{"embeddable":true,"href":"https:\/\/wp.kristdemokraterna.se\/emmaboda\/wp-json\/wp\/v2\/users\/525"}],"replies":[{"embeddable":true,"href":"https:\/\/wp.kristdemokraterna.se\/emmaboda\/wp-json\/wp\/v2\/comments?post=56"}],"version-history":[{"count":15,"href":"https:\/\/wp.kristdemokraterna.se\/emmaboda\/wp-json\/wp\/v2\/pages\/56\/revisions"}],"predecessor-version":[{"id":969,"href":"https:\/\/wp.kristdemokraterna.se\/emmaboda\/wp-json\/wp\/v2\/pages\/56\/revisions\/969"}],"up":[{"embeddable":true,"href":"https:\/\/wp.kristdemokraterna.se\/emmaboda\/wp-json\/wp\/v2\/pages\/1059"}],"wp:attachment":[{"href":"https:\/\/wp.kristdemokraterna.se\/emmaboda\/wp-json\/wp\/v2\/media?parent=56"}],"curies":[{"name":"wp","href":"https:\/\/api.w.org\/{rel}","templated":true}]}}