{"id":114,"date":"2018-06-26T10:52:59","date_gmt":"2018-06-26T08:52:59","guid":{"rendered":"http:\/\/wp.kristdemokraterna.se\/enkoping\/?page_id=114"},"modified":"2024-04-03T20:14:57","modified_gmt":"2024-04-03T18:14:57","slug":"startsida","status":"publish","type":"page","link":"https:\/\/wp.kristdemokraterna.se\/enkoping\/","title":{"rendered":"Startsida"},"content":{"rendered":"<p>F\u00f6lj oss g\u00e4rna i sociala medier, p\u00e5 Facebook och p\u00e5 Instagram (d\u00e4r heter vi @kdenkoping).<\/p>\n","protected":false},"excerpt":{"rendered":"<p>F\u00f6lj oss g\u00e4rna i sociala medier, p\u00e5 Facebook och p\u00e5 Instagram (d\u00e4r heter vi @kdenkoping).<\/p>\n","protected":false},"author":499,"featured_media":0,"parent":0,"menu_order":0,"comment_status":"closed","ping_status":"closed","template":"index.php","meta":{"_acf_changed":false,"footnotes":""},"class_list":["post-114","page","type-page","status-publish","hentry"],"acf":[],"yoast_head":"<!-- This site is optimized with the Yoast SEO plugin v27.4 - https:\/\/yoast.com\/product\/yoast-seo-wordpress\/ -->\n<title>Startsida - Enk\u00f6ping<\/title>\n<meta name=\"robots\" content=\"index, follow, max-snippet:-1, max-image-preview:large, max-video-preview:-1\" \/>\n<link rel=\"canonical\" href=\"https:\/\/wp.kristdemokraterna.se\/enkoping\/\" \/>\n<meta property=\"og:locale\" content=\"sv_SE\" \/>\n<meta property=\"og:type\" content=\"article\" \/>\n<meta property=\"og:title\" content=\"Startsida - Enk\u00f6ping\" \/>\n<meta property=\"og:description\" content=\"F\u00f6lj oss g\u00e4rna i sociala medier, p\u00e5 Facebook och p\u00e5 Instagram (d\u00e4r heter vi @kdenkoping).\" \/>\n<meta property=\"og:url\" content=\"https:\/\/wp.kristdemokraterna.se\/enkoping\/\" \/>\n<meta property=\"og:site_name\" content=\"Enk\u00f6ping\" \/>\n<meta property=\"article:modified_time\" content=\"2024-04-03T18:14:57+00:00\" \/>\n<meta name=\"twitter:card\" content=\"summary_large_image\" \/>\n<meta name=\"twitter:label1\" content=\"Ber\u00e4knad l\u00e4stid\" \/>\n\t<meta name=\"twitter:data1\" content=\"1 minut\" \/>\n<script type=\"application\/ld+json\" class=\"yoast-schema-graph\">{\"@context\":\"https:\\\/\\\/schema.org\",\"@graph\":[{\"@type\":\"WebPage\",\"@id\":\"https:\\\/\\\/wp.kristdemokraterna.se\\\/enkoping\\\/\",\"url\":\"https:\\\/\\\/wp.kristdemokraterna.se\\\/enkoping\\\/\",\"name\":\"Startsida - Enk\u00f6ping\",\"isPartOf\":{\"@id\":\"https:\\\/\\\/wp.kristdemokraterna.se\\\/enkoping\\\/#website\"},\"datePublished\":\"2018-06-26T08:52:59+00:00\",\"dateModified\":\"2024-04-03T18:14:57+00:00\",\"breadcrumb\":{\"@id\":\"https:\\\/\\\/wp.kristdemokraterna.se\\\/enkoping\\\/#breadcrumb\"},\"inLanguage\":\"sv-SE\",\"potentialAction\":[{\"@type\":\"ReadAction\",\"target\":[\"https:\\\/\\\/wp.kristdemokraterna.se\\\/enkoping\\\/\"]}]},{\"@type\":\"BreadcrumbList\",\"@id\":\"https:\\\/\\\/wp.kristdemokraterna.se\\\/enkoping\\\/#breadcrumb\",\"itemListElement\":[{\"@type\":\"ListItem\",\"position\":1,\"name\":\"Hem\",\"item\":\"https:\\\/\\\/wp.kristdemokraterna.se\\\/enkoping\\\/\"},{\"@type\":\"ListItem\",\"position\":2,\"name\":\"Startsida\"}]},{\"@type\":\"WebSite\",\"@id\":\"https:\\\/\\\/wp.kristdemokraterna.se\\\/enkoping\\\/#website\",\"url\":\"https:\\\/\\\/wp.kristdemokraterna.se\\\/enkoping\\\/\",\"name\":\"Enk\u00f6ping\",\"description\":\"F\u00f6r familjerna, f\u00f6retagen och f\u00f6rsvaret\",\"inLanguage\":\"sv-SE\"}]}<\/script>\n<!-- \/ Yoast SEO plugin. -->","yoast_head_json":{"title":"Startsida - Enk\u00f6ping","robots":{"index":"index","follow":"follow","max-snippet":"max-snippet:-1","max-image-preview":"max-image-preview:large","max-video-preview":"max-video-preview:-1"},"canonical":"https:\/\/wp.kristdemokraterna.se\/enkoping\/","og_locale":"sv_SE","og_type":"article","og_title":"Startsida - Enk\u00f6ping","og_description":"F\u00f6lj oss g\u00e4rna i sociala medier, p\u00e5 Facebook och p\u00e5 Instagram (d\u00e4r heter vi @kdenkoping).","og_url":"https:\/\/wp.kristdemokraterna.se\/enkoping\/","og_site_name":"Enk\u00f6ping","article_modified_time":"2024-04-03T18:14:57+00:00","twitter_card":"summary_large_image","twitter_misc":{"Ber\u00e4knad l\u00e4stid":"1 minut"},"schema":{"@context":"https:\/\/schema.org","@graph":[{"@type":"WebPage","@id":"https:\/\/wp.kristdemokraterna.se\/enkoping\/","url":"https:\/\/wp.kristdemokraterna.se\/enkoping\/","name":"Startsida - Enk\u00f6ping","isPartOf":{"@id":"https:\/\/wp.kristdemokraterna.se\/enkoping\/#website"},"datePublished":"2018-06-26T08:52:59+00:00","dateModified":"2024-04-03T18:14:57+00:00","breadcrumb":{"@id":"https:\/\/wp.kristdemokraterna.se\/enkoping\/#breadcrumb"},"inLanguage":"sv-SE","potentialAction":[{"@type":"ReadAction","target":["https:\/\/wp.kristdemokraterna.se\/enkoping\/"]}]},{"@type":"BreadcrumbList","@id":"https:\/\/wp.kristdemokraterna.se\/enkoping\/#breadcrumb","itemListElement":[{"@type":"ListItem","position":1,"name":"Hem","item":"https:\/\/wp.kristdemokraterna.se\/enkoping\/"},{"@type":"ListItem","position":2,"name":"Startsida"}]},{"@type":"WebSite","@id":"https:\/\/wp.kristdemokraterna.se\/enkoping\/#website","url":"https:\/\/wp.kristdemokraterna.se\/enkoping\/","name":"Enk\u00f6ping","description":"F\u00f6r familjerna, f\u00f6retagen och f\u00f6rsvaret","inLanguage":"sv-SE"}]}},"_links":{"self":[{"href":"https:\/\/wp.kristdemokraterna.se\/enkoping\/wp-json\/wp\/v2\/pages\/114","targetHints":{"allow":["GET"]}}],"collection":[{"href":"https:\/\/wp.kristdemokraterna.se\/enkoping\/wp-json\/wp\/v2\/pages"}],"about":[{"href":"https:\/\/wp.kristdemokraterna.se\/enkoping\/wp-json\/wp\/v2\/types\/page"}],"author":[{"embeddable":true,"href":"https:\/\/wp.kristdemokraterna.se\/enkoping\/wp-json\/wp\/v2\/users\/499"}],"replies":[{"embeddable":true,"href":"https:\/\/wp.kristdemokraterna.se\/enkoping\/wp-json\/wp\/v2\/comments?post=114"}],"version-history":[{"count":25,"href":"https:\/\/wp.kristdemokraterna.se\/enkoping\/wp-json\/wp\/v2\/pages\/114\/revisions"}],"predecessor-version":[{"id":213,"href":"https:\/\/wp.kristdemokraterna.se\/enkoping\/wp-json\/wp\/v2\/pages\/114\/revisions\/213"}],"wp:attachment":[{"href":"https:\/\/wp.kristdemokraterna.se\/enkoping\/wp-json\/wp\/v2\/media?parent=114"}],"curies":[{"name":"wp","href":"https:\/\/api.w.org\/{rel}","templated":true}]}}