{"id":127,"date":"2018-06-26T11:50:58","date_gmt":"2018-06-26T09:50:58","guid":{"rendered":"http:\/\/wp.kristdemokraterna.se\/enkoping\/?page_id=127"},"modified":"2022-05-30T17:40:45","modified_gmt":"2022-05-30T15:40:45","slug":"var-partiavdelning","status":"publish","type":"page","link":"https:\/\/wp.kristdemokraterna.se\/enkoping\/var-partiavdelning\/","title":{"rendered":"V\u00e5r partiavdelning"},"content":{"rendered":"<header class=\"u-push--bottom\"><\/header>\n<h3>Henrik Lindberg<\/h3>\n<header class=\"u-push--bottom\"><span class=\"u-brand-font u-txt-xs u-txt-brand u-txt-bold\"> Partiavdelningsordf\u00f6rande<\/span><\/p>\n<\/header>\n<h3>Kontakta Henrik<\/h3>\n<p>henrik.lindberg@kristdemokraterna.se<br \/>\n070-533 64 78<\/p>\n<p>&nbsp;<\/p>\n","protected":false},"excerpt":{"rendered":"<p>Henrik Lindberg Partiavdelningsordf\u00f6rande Kontakta Henrik henrik.lindberg@kristdemokraterna.se 070-533 64 78 &nbsp;<\/p>\n","protected":false},"author":499,"featured_media":0,"parent":0,"menu_order":0,"comment_status":"closed","ping_status":"closed","template":"","meta":{"_acf_changed":false,"footnotes":""},"class_list":["post-127","page","type-page","status-publish","hentry"],"acf":[],"yoast_head":"<!-- This site is optimized with the Yoast SEO plugin v27.5 - https:\/\/yoast.com\/product\/yoast-seo-wordpress\/ -->\n<title>V\u00e5r partiavdelning - Enk\u00f6ping<\/title>\n<meta name=\"robots\" content=\"index, follow, max-snippet:-1, max-image-preview:large, max-video-preview:-1\" \/>\n<link rel=\"canonical\" href=\"https:\/\/wp.kristdemokraterna.se\/enkoping\/var-partiavdelning\/\" \/>\n<meta property=\"og:locale\" content=\"sv_SE\" \/>\n<meta property=\"og:type\" content=\"article\" \/>\n<meta property=\"og:title\" content=\"V\u00e5r partiavdelning - Enk\u00f6ping\" \/>\n<meta property=\"og:description\" content=\"Henrik Lindberg Partiavdelningsordf\u00f6rande Kontakta Henrik henrik.lindberg@kristdemokraterna.se 070-533 64 78 &nbsp;\" \/>\n<meta property=\"og:url\" content=\"https:\/\/wp.kristdemokraterna.se\/enkoping\/var-partiavdelning\/\" \/>\n<meta property=\"og:site_name\" content=\"Enk\u00f6ping\" \/>\n<meta property=\"article:modified_time\" content=\"2022-05-30T15:40:45+00:00\" \/>\n<meta name=\"twitter:card\" content=\"summary_large_image\" \/>\n<meta name=\"twitter:label1\" content=\"Ber\u00e4knad l\u00e4stid\" \/>\n\t<meta name=\"twitter:data1\" content=\"1 minut\" \/>\n<script type=\"application\/ld+json\" class=\"yoast-schema-graph\">{\"@context\":\"https:\\\/\\\/schema.org\",\"@graph\":[{\"@type\":\"WebPage\",\"@id\":\"https:\\\/\\\/wp.kristdemokraterna.se\\\/enkoping\\\/var-partiavdelning\\\/\",\"url\":\"https:\\\/\\\/wp.kristdemokraterna.se\\\/enkoping\\\/var-partiavdelning\\\/\",\"name\":\"V\u00e5r partiavdelning - Enk\u00f6ping\",\"isPartOf\":{\"@id\":\"https:\\\/\\\/wp.kristdemokraterna.se\\\/enkoping\\\/#website\"},\"datePublished\":\"2018-06-26T09:50:58+00:00\",\"dateModified\":\"2022-05-30T15:40:45+00:00\",\"breadcrumb\":{\"@id\":\"https:\\\/\\\/wp.kristdemokraterna.se\\\/enkoping\\\/var-partiavdelning\\\/#breadcrumb\"},\"inLanguage\":\"sv-SE\",\"potentialAction\":[{\"@type\":\"ReadAction\",\"target\":[\"https:\\\/\\\/wp.kristdemokraterna.se\\\/enkoping\\\/var-partiavdelning\\\/\"]}]},{\"@type\":\"BreadcrumbList\",\"@id\":\"https:\\\/\\\/wp.kristdemokraterna.se\\\/enkoping\\\/var-partiavdelning\\\/#breadcrumb\",\"itemListElement\":[{\"@type\":\"ListItem\",\"position\":1,\"name\":\"Hem\",\"item\":\"https:\\\/\\\/wp.kristdemokraterna.se\\\/enkoping\\\/\"},{\"@type\":\"ListItem\",\"position\":2,\"name\":\"V\u00e5r partiavdelning\"}]},{\"@type\":\"WebSite\",\"@id\":\"https:\\\/\\\/wp.kristdemokraterna.se\\\/enkoping\\\/#website\",\"url\":\"https:\\\/\\\/wp.kristdemokraterna.se\\\/enkoping\\\/\",\"name\":\"Enk\u00f6ping\",\"description\":\"F\u00f6r familjerna, f\u00f6retagen och f\u00f6rsvaret\",\"inLanguage\":\"sv-SE\"}]}<\/script>\n<!-- \/ Yoast SEO plugin. -->","yoast_head_json":{"title":"V\u00e5r partiavdelning - Enk\u00f6ping","robots":{"index":"index","follow":"follow","max-snippet":"max-snippet:-1","max-image-preview":"max-image-preview:large","max-video-preview":"max-video-preview:-1"},"canonical":"https:\/\/wp.kristdemokraterna.se\/enkoping\/var-partiavdelning\/","og_locale":"sv_SE","og_type":"article","og_title":"V\u00e5r partiavdelning - Enk\u00f6ping","og_description":"Henrik Lindberg Partiavdelningsordf\u00f6rande Kontakta Henrik henrik.lindberg@kristdemokraterna.se 070-533 64 78 &nbsp;","og_url":"https:\/\/wp.kristdemokraterna.se\/enkoping\/var-partiavdelning\/","og_site_name":"Enk\u00f6ping","article_modified_time":"2022-05-30T15:40:45+00:00","twitter_card":"summary_large_image","twitter_misc":{"Ber\u00e4knad l\u00e4stid":"1 minut"},"schema":{"@context":"https:\/\/schema.org","@graph":[{"@type":"WebPage","@id":"https:\/\/wp.kristdemokraterna.se\/enkoping\/var-partiavdelning\/","url":"https:\/\/wp.kristdemokraterna.se\/enkoping\/var-partiavdelning\/","name":"V\u00e5r partiavdelning - Enk\u00f6ping","isPartOf":{"@id":"https:\/\/wp.kristdemokraterna.se\/enkoping\/#website"},"datePublished":"2018-06-26T09:50:58+00:00","dateModified":"2022-05-30T15:40:45+00:00","breadcrumb":{"@id":"https:\/\/wp.kristdemokraterna.se\/enkoping\/var-partiavdelning\/#breadcrumb"},"inLanguage":"sv-SE","potentialAction":[{"@type":"ReadAction","target":["https:\/\/wp.kristdemokraterna.se\/enkoping\/var-partiavdelning\/"]}]},{"@type":"BreadcrumbList","@id":"https:\/\/wp.kristdemokraterna.se\/enkoping\/var-partiavdelning\/#breadcrumb","itemListElement":[{"@type":"ListItem","position":1,"name":"Hem","item":"https:\/\/wp.kristdemokraterna.se\/enkoping\/"},{"@type":"ListItem","position":2,"name":"V\u00e5r partiavdelning"}]},{"@type":"WebSite","@id":"https:\/\/wp.kristdemokraterna.se\/enkoping\/#website","url":"https:\/\/wp.kristdemokraterna.se\/enkoping\/","name":"Enk\u00f6ping","description":"F\u00f6r familjerna, f\u00f6retagen och f\u00f6rsvaret","inLanguage":"sv-SE"}]}},"_links":{"self":[{"href":"https:\/\/wp.kristdemokraterna.se\/enkoping\/wp-json\/wp\/v2\/pages\/127","targetHints":{"allow":["GET"]}}],"collection":[{"href":"https:\/\/wp.kristdemokraterna.se\/enkoping\/wp-json\/wp\/v2\/pages"}],"about":[{"href":"https:\/\/wp.kristdemokraterna.se\/enkoping\/wp-json\/wp\/v2\/types\/page"}],"author":[{"embeddable":true,"href":"https:\/\/wp.kristdemokraterna.se\/enkoping\/wp-json\/wp\/v2\/users\/499"}],"replies":[{"embeddable":true,"href":"https:\/\/wp.kristdemokraterna.se\/enkoping\/wp-json\/wp\/v2\/comments?post=127"}],"version-history":[{"count":5,"href":"https:\/\/wp.kristdemokraterna.se\/enkoping\/wp-json\/wp\/v2\/pages\/127\/revisions"}],"predecessor-version":[{"id":195,"href":"https:\/\/wp.kristdemokraterna.se\/enkoping\/wp-json\/wp\/v2\/pages\/127\/revisions\/195"}],"wp:attachment":[{"href":"https:\/\/wp.kristdemokraterna.se\/enkoping\/wp-json\/wp\/v2\/media?parent=127"}],"curies":[{"name":"wp","href":"https:\/\/api.w.org\/{rel}","templated":true}]}}