{"id":71,"date":"2014-08-27T23:07:58","date_gmt":"2014-08-27T21:07:58","guid":{"rendered":"http:\/\/wp.kristdemokraterna.se\/enkoping\/?page_id=71"},"modified":"2022-05-23T11:01:16","modified_gmt":"2022-05-23T09:01:16","slug":"valplattform-2018","status":"publish","type":"page","link":"https:\/\/wp.kristdemokraterna.se\/enkoping\/valplattform-2018\/","title":{"rendered":"Valplattform 2022"},"content":{"rendered":"<p><strong>Kristdemokratisk Valplattform 2022 f\u00f6r Enk\u00f6pings kommun<\/strong><\/p>\n<p><strong>Socialt ansvar<\/strong><\/p>\n<p>Kommunen ska ha en bred samverkan med ideella-privata verksamheter f\u00f6r st\u00f6dverksamhet inom s\u00e5v\u00e4l barn och ungdomsv\u00e5rd som \u00f6vrig socialtj\u00e4nst.<\/p>\n<p>Det civila samh\u00e4llets roll har stor betydelse. F\u00f6reningar ska uppmuntras att finnas med som en del i kommunens s\u00e5v\u00e4l f\u00f6rebyggande, som kontinuerliga arbete f\u00f6r att motverka kriminalitet och fr\u00e4mlingsfientliga tendenser.<\/p>\n<p><strong>Barnomsorg, grundskola, gymnasiet<\/strong><\/p>\n<p>Minska barngruppernas storlek i f\u00f6rskola och fritids, maxtak f\u00f6r gruppernas storlek.<\/p>\n<p>L\u00e4rarnas arbetstid ska ha fokus p\u00e5 mer undervisningstid, administrativt arbete ska minska.<\/p>\n<p>L\u00e4rlingsutbildningar i olika former ska erbjudas och utvecklas i n\u00e4ra samarbete med det lokala n\u00e4ringslivet.<\/p>\n<p>Satsa p\u00e5 skola och f\u00f6r\u00e4ldramedverkan tidigt, d\u00e4r man ser att behov finns. Fler assistenter i skolan f\u00f6r elever som \u00e4r ut\u00e5tagerande eller har sv\u00e5rt att koncentrera sig, s\u00e5 att l\u00e4rarna f\u00e5r hj\u00e4lp med att beh\u00e5lla lugnet i klassrummen.<\/p>\n<p><strong>Boende byggande<\/strong><\/p>\n<p>Det skall finnas en bostadsf\u00f6rs\u00f6rjningsplan i kommunen. Bost\u00e4der f\u00f6r alla. Satsa p\u00e5 \u201dbilliga\u201d hyresr\u00e4tter och fler mindre l\u00e4genheter.<\/p>\n<p><strong>Milj\u00f6 och \u00e5tervinning<\/strong><\/p>\n<p>Kommunen ska arbeta f\u00f6r en \u00f6kad andel ekologiska och n\u00e4rproducerade livsmedel i m\u00e5ltidsverksamheten, med krav p\u00e5 att skolungdomar ska kunna bes\u00f6ka de verksamheter d\u00e4r maten produceras.<\/p>\n<p><strong>Kultur och fritid<\/strong><\/p>\n<p>Ska s\u00e5 l\u00e5ngt som m\u00f6jligt drivas inom ramen f\u00f6r civilsamh\u00e4llet, exempelvis studief\u00f6rbund, kyrkor, f\u00f6reningar och andra organisationer.<\/p>\n<p>Musik och kulturskolan ska vara en viktig del av kommunens barn och ungdomsverksamhet.<\/p>\n<p><strong>St\u00f6d och omsorg<\/strong><\/p>\n<p>Kommunen ska tillhandah\u00e5lla valfrihet inom \u00e4ldreomsorgen, \u00e4ven inom omr\u00e5den som hems\u00e4nd mat och f\u00e4rdtj\u00e4nst.<\/p>\n<p>Kommunen aktivt i samverkans projekt tex.Finsam\/samordningsf\u00f6rbundet (samverkan FK,AF,Landsting) i fr\u00e5gor som r\u00f6r personer med l\u00e5ngvarig arbetsl\u00f6shet. Funktionsnedsatta och deras m\u00f6jligheter till delaktighet i samh\u00e4llet och att komma i arbete \u00e4r en viktig prioritet.<\/p>\n<p>Kommunen ska f\u00f6reg\u00e5 med \u201dgott exempel\u201d genom matchning av lediga tj\u00e4nster och personer med funktionsneds\u00e4ttning.<\/p>\n<p><strong>Kommunikation, trafik<\/strong><\/p>\n<p>B\u00e4ttre kommunikationer utanf\u00f6r t\u00e4torten via best\u00e4llartrafik.<\/p>\n<p><strong>N\u00e4ringsliv och arbete<\/strong><\/p>\n<p>Kommunen ska arbeta f\u00f6r att underl\u00e4tta f\u00f6r f\u00f6retagande genom snabba och logiska, l\u00e4ttfattliga beslut. Det ska vara enkelt att f\u00e5 kontakt med r\u00e4tt person vid fr\u00e5gor, exempelvis g\u00e4llande bygglovs\u00e4renden och kvaliteten p\u00e5 service ska vara h\u00f6g. Det ska finnas en positiv och fram\u00e5tsyftande tanke i kommunens arbete gentemot kommunens inv\u00e5nare och f\u00f6retag. Lika v\u00e4l som att alla ska k\u00e4nna sig \u201dlika behandlade\u201d.<\/p>\n<p><strong>Ekonomi<\/strong><\/p>\n<p>Kommunen ska drivas med mesta m\u00f6jliga service och kvalitet och med h\u00e4nsyn tagen till kostnaderna f\u00f6r att undvika allt f\u00f6r h\u00f6gt skatteuttag fr\u00e5n medborgarna. D\u00e4r det \u00e4r m\u00f6jligt ska kommunens kostnader t\u00e4ckas av avgifter gentemot den som nyttjar kommunens service.<\/p>\n<p>Det ska finnas tydliga kommunala servicegarantier f\u00f6r kommunens tj\u00e4nster.<\/p>\n","protected":false},"excerpt":{"rendered":"<p>Kristdemokratisk Valplattform 2022 f\u00f6r Enk\u00f6pings kommun Socialt ansvar Kommunen ska ha en bred samverkan med ideella-privata verksamheter f\u00f6r st\u00f6dverksamhet inom s\u00e5v\u00e4l barn och ungdomsv\u00e5rd som \u00f6vrig socialtj\u00e4nst. Det civila samh\u00e4llets roll har stor betydelse. F\u00f6reningar ska uppmuntras att finnas med som en del i kommunens s\u00e5v\u00e4l f\u00f6rebyggande, som kontinuerliga arbete f\u00f6r att motverka kriminalitet och <a class=\"read-more-link\" href=\"https:\/\/wp.kristdemokraterna.se\/enkoping\/valplattform-2018\/\">Read More<\/a><\/p>\n","protected":false},"author":499,"featured_media":0,"parent":0,"menu_order":0,"comment_status":"closed","ping_status":"closed","template":"","meta":{"_acf_changed":false,"footnotes":""},"class_list":["post-71","page","type-page","status-publish","hentry"],"acf":[],"yoast_head":"<!-- This site is optimized with the Yoast SEO plugin v27.3 - https:\/\/yoast.com\/product\/yoast-seo-wordpress\/ -->\n<title>Valplattform 2022 - Enk\u00f6ping<\/title>\n<meta name=\"robots\" content=\"index, follow, max-snippet:-1, max-image-preview:large, max-video-preview:-1\" \/>\n<link rel=\"canonical\" href=\"https:\/\/wp.kristdemokraterna.se\/enkoping\/valplattform-2018\/\" \/>\n<meta property=\"og:locale\" content=\"sv_SE\" \/>\n<meta property=\"og:type\" content=\"article\" \/>\n<meta property=\"og:title\" content=\"Valplattform 2022 - Enk\u00f6ping\" \/>\n<meta property=\"og:description\" content=\"Kristdemokratisk Valplattform 2022 f\u00f6r Enk\u00f6pings kommun Socialt ansvar Kommunen ska ha en bred samverkan med ideella-privata verksamheter f\u00f6r st\u00f6dverksamhet inom s\u00e5v\u00e4l barn och ungdomsv\u00e5rd som \u00f6vrig socialtj\u00e4nst. Det civila samh\u00e4llets roll har stor betydelse. F\u00f6reningar ska uppmuntras att finnas med som en del i kommunens s\u00e5v\u00e4l f\u00f6rebyggande, som kontinuerliga arbete f\u00f6r att motverka kriminalitet och Read More\" \/>\n<meta property=\"og:url\" content=\"https:\/\/wp.kristdemokraterna.se\/enkoping\/valplattform-2018\/\" \/>\n<meta property=\"og:site_name\" content=\"Enk\u00f6ping\" \/>\n<meta property=\"article:modified_time\" content=\"2022-05-23T09:01:16+00:00\" \/>\n<meta name=\"twitter:card\" content=\"summary_large_image\" \/>\n<meta name=\"twitter:label1\" content=\"Ber\u00e4knad l\u00e4stid\" \/>\n\t<meta name=\"twitter:data1\" content=\"3 minuter\" \/>\n<script type=\"application\/ld+json\" class=\"yoast-schema-graph\">{\"@context\":\"https:\\\/\\\/schema.org\",\"@graph\":[{\"@type\":\"WebPage\",\"@id\":\"https:\\\/\\\/wp.kristdemokraterna.se\\\/enkoping\\\/valplattform-2018\\\/\",\"url\":\"https:\\\/\\\/wp.kristdemokraterna.se\\\/enkoping\\\/valplattform-2018\\\/\",\"name\":\"Valplattform 2022 - Enk\u00f6ping\",\"isPartOf\":{\"@id\":\"https:\\\/\\\/wp.kristdemokraterna.se\\\/enkoping\\\/#website\"},\"datePublished\":\"2014-08-27T21:07:58+00:00\",\"dateModified\":\"2022-05-23T09:01:16+00:00\",\"breadcrumb\":{\"@id\":\"https:\\\/\\\/wp.kristdemokraterna.se\\\/enkoping\\\/valplattform-2018\\\/#breadcrumb\"},\"inLanguage\":\"sv-SE\",\"potentialAction\":[{\"@type\":\"ReadAction\",\"target\":[\"https:\\\/\\\/wp.kristdemokraterna.se\\\/enkoping\\\/valplattform-2018\\\/\"]}]},{\"@type\":\"BreadcrumbList\",\"@id\":\"https:\\\/\\\/wp.kristdemokraterna.se\\\/enkoping\\\/valplattform-2018\\\/#breadcrumb\",\"itemListElement\":[{\"@type\":\"ListItem\",\"position\":1,\"name\":\"Hem\",\"item\":\"https:\\\/\\\/wp.kristdemokraterna.se\\\/enkoping\\\/\"},{\"@type\":\"ListItem\",\"position\":2,\"name\":\"Valplattform 2022\"}]},{\"@type\":\"WebSite\",\"@id\":\"https:\\\/\\\/wp.kristdemokraterna.se\\\/enkoping\\\/#website\",\"url\":\"https:\\\/\\\/wp.kristdemokraterna.se\\\/enkoping\\\/\",\"name\":\"Enk\u00f6ping\",\"description\":\"F\u00f6r familjerna, f\u00f6retagen och f\u00f6rsvaret\",\"inLanguage\":\"sv-SE\"}]}<\/script>\n<!-- \/ Yoast SEO plugin. -->","yoast_head_json":{"title":"Valplattform 2022 - Enk\u00f6ping","robots":{"index":"index","follow":"follow","max-snippet":"max-snippet:-1","max-image-preview":"max-image-preview:large","max-video-preview":"max-video-preview:-1"},"canonical":"https:\/\/wp.kristdemokraterna.se\/enkoping\/valplattform-2018\/","og_locale":"sv_SE","og_type":"article","og_title":"Valplattform 2022 - Enk\u00f6ping","og_description":"Kristdemokratisk Valplattform 2022 f\u00f6r Enk\u00f6pings kommun Socialt ansvar Kommunen ska ha en bred samverkan med ideella-privata verksamheter f\u00f6r st\u00f6dverksamhet inom s\u00e5v\u00e4l barn och ungdomsv\u00e5rd som \u00f6vrig socialtj\u00e4nst. Det civila samh\u00e4llets roll har stor betydelse. F\u00f6reningar ska uppmuntras att finnas med som en del i kommunens s\u00e5v\u00e4l f\u00f6rebyggande, som kontinuerliga arbete f\u00f6r att motverka kriminalitet och Read More","og_url":"https:\/\/wp.kristdemokraterna.se\/enkoping\/valplattform-2018\/","og_site_name":"Enk\u00f6ping","article_modified_time":"2022-05-23T09:01:16+00:00","twitter_card":"summary_large_image","twitter_misc":{"Ber\u00e4knad l\u00e4stid":"3 minuter"},"schema":{"@context":"https:\/\/schema.org","@graph":[{"@type":"WebPage","@id":"https:\/\/wp.kristdemokraterna.se\/enkoping\/valplattform-2018\/","url":"https:\/\/wp.kristdemokraterna.se\/enkoping\/valplattform-2018\/","name":"Valplattform 2022 - Enk\u00f6ping","isPartOf":{"@id":"https:\/\/wp.kristdemokraterna.se\/enkoping\/#website"},"datePublished":"2014-08-27T21:07:58+00:00","dateModified":"2022-05-23T09:01:16+00:00","breadcrumb":{"@id":"https:\/\/wp.kristdemokraterna.se\/enkoping\/valplattform-2018\/#breadcrumb"},"inLanguage":"sv-SE","potentialAction":[{"@type":"ReadAction","target":["https:\/\/wp.kristdemokraterna.se\/enkoping\/valplattform-2018\/"]}]},{"@type":"BreadcrumbList","@id":"https:\/\/wp.kristdemokraterna.se\/enkoping\/valplattform-2018\/#breadcrumb","itemListElement":[{"@type":"ListItem","position":1,"name":"Hem","item":"https:\/\/wp.kristdemokraterna.se\/enkoping\/"},{"@type":"ListItem","position":2,"name":"Valplattform 2022"}]},{"@type":"WebSite","@id":"https:\/\/wp.kristdemokraterna.se\/enkoping\/#website","url":"https:\/\/wp.kristdemokraterna.se\/enkoping\/","name":"Enk\u00f6ping","description":"F\u00f6r familjerna, f\u00f6retagen och f\u00f6rsvaret","inLanguage":"sv-SE"}]}},"_links":{"self":[{"href":"https:\/\/wp.kristdemokraterna.se\/enkoping\/wp-json\/wp\/v2\/pages\/71","targetHints":{"allow":["GET"]}}],"collection":[{"href":"https:\/\/wp.kristdemokraterna.se\/enkoping\/wp-json\/wp\/v2\/pages"}],"about":[{"href":"https:\/\/wp.kristdemokraterna.se\/enkoping\/wp-json\/wp\/v2\/types\/page"}],"author":[{"embeddable":true,"href":"https:\/\/wp.kristdemokraterna.se\/enkoping\/wp-json\/wp\/v2\/users\/499"}],"replies":[{"embeddable":true,"href":"https:\/\/wp.kristdemokraterna.se\/enkoping\/wp-json\/wp\/v2\/comments?post=71"}],"version-history":[{"count":7,"href":"https:\/\/wp.kristdemokraterna.se\/enkoping\/wp-json\/wp\/v2\/pages\/71\/revisions"}],"predecessor-version":[{"id":158,"href":"https:\/\/wp.kristdemokraterna.se\/enkoping\/wp-json\/wp\/v2\/pages\/71\/revisions\/158"}],"wp:attachment":[{"href":"https:\/\/wp.kristdemokraterna.se\/enkoping\/wp-json\/wp\/v2\/media?parent=71"}],"curies":[{"name":"wp","href":"https:\/\/api.w.org\/{rel}","templated":true}]}}