{"id":8,"date":"2012-11-19T15:56:50","date_gmt":"2012-11-19T14:56:50","guid":{"rendered":"http:\/\/wp.kristdemokraterna.se\/enkoping\/?page_id=8"},"modified":"2018-06-26T13:25:51","modified_gmt":"2018-06-26T11:25:51","slug":"kontakta-oss","status":"publish","type":"page","link":"https:\/\/wp.kristdemokraterna.se\/enkoping\/kontakta-oss\/","title":{"rendered":"Kontakta oss"},"content":{"rendered":"<h2>Enk\u00f6ping<\/h2>\n<h3>Kontakta v\u00e5r partiavdelning<\/h3>\n<ul class=\"o-bare-list o-bare-list--spaced\/2\">\n<li><strong>Postadress: <\/strong><a href=\"https:\/\/www.google.se\/maps\/place\/Torggatan%2044,%2074530%20Enk\u00f6ping\" target=\"_blank\" rel=\"noopener\">Torggatan 44, 74530 Enk\u00f6ping<\/a><\/li>\n<li><strong>Telefon:<\/strong> <a href=\"tel:0171-44 01 04\">0171-44 01 04<\/a><\/li>\n<\/ul>\n","protected":false},"excerpt":{"rendered":"<p>Enk\u00f6ping Kontakta v\u00e5r partiavdelning Postadress: Torggatan 44, 74530 Enk\u00f6ping Telefon: 0171-44 01 04<\/p>\n","protected":false},"author":499,"featured_media":0,"parent":0,"menu_order":0,"comment_status":"closed","ping_status":"closed","template":"","meta":{"_acf_changed":false,"footnotes":""},"class_list":["post-8","page","type-page","status-publish","hentry"],"acf":[],"yoast_head":"<!-- This site is optimized with the Yoast SEO plugin v27.3 - https:\/\/yoast.com\/product\/yoast-seo-wordpress\/ -->\n<title>Kontakta oss - Enk\u00f6ping<\/title>\n<meta name=\"robots\" content=\"index, follow, max-snippet:-1, max-image-preview:large, max-video-preview:-1\" \/>\n<link rel=\"canonical\" href=\"https:\/\/wp.kristdemokraterna.se\/enkoping\/kontakta-oss\/\" \/>\n<meta property=\"og:locale\" content=\"sv_SE\" \/>\n<meta property=\"og:type\" content=\"article\" \/>\n<meta property=\"og:title\" content=\"Kontakta oss - Enk\u00f6ping\" \/>\n<meta property=\"og:description\" content=\"Enk\u00f6ping Kontakta v\u00e5r partiavdelning Postadress: Torggatan 44, 74530 Enk\u00f6ping Telefon: 0171-44 01 04\" \/>\n<meta property=\"og:url\" content=\"https:\/\/wp.kristdemokraterna.se\/enkoping\/kontakta-oss\/\" \/>\n<meta property=\"og:site_name\" content=\"Enk\u00f6ping\" \/>\n<meta property=\"article:modified_time\" content=\"2018-06-26T11:25:51+00:00\" \/>\n<meta name=\"twitter:card\" content=\"summary_large_image\" \/>\n<script type=\"application\/ld+json\" class=\"yoast-schema-graph\">{\"@context\":\"https:\\\/\\\/schema.org\",\"@graph\":[{\"@type\":\"WebPage\",\"@id\":\"https:\\\/\\\/wp.kristdemokraterna.se\\\/enkoping\\\/kontakta-oss\\\/\",\"url\":\"https:\\\/\\\/wp.kristdemokraterna.se\\\/enkoping\\\/kontakta-oss\\\/\",\"name\":\"Kontakta oss - Enk\u00f6ping\",\"isPartOf\":{\"@id\":\"https:\\\/\\\/wp.kristdemokraterna.se\\\/enkoping\\\/#website\"},\"datePublished\":\"2012-11-19T14:56:50+00:00\",\"dateModified\":\"2018-06-26T11:25:51+00:00\",\"breadcrumb\":{\"@id\":\"https:\\\/\\\/wp.kristdemokraterna.se\\\/enkoping\\\/kontakta-oss\\\/#breadcrumb\"},\"inLanguage\":\"sv-SE\",\"potentialAction\":[{\"@type\":\"ReadAction\",\"target\":[\"https:\\\/\\\/wp.kristdemokraterna.se\\\/enkoping\\\/kontakta-oss\\\/\"]}]},{\"@type\":\"BreadcrumbList\",\"@id\":\"https:\\\/\\\/wp.kristdemokraterna.se\\\/enkoping\\\/kontakta-oss\\\/#breadcrumb\",\"itemListElement\":[{\"@type\":\"ListItem\",\"position\":1,\"name\":\"Hem\",\"item\":\"https:\\\/\\\/wp.kristdemokraterna.se\\\/enkoping\\\/\"},{\"@type\":\"ListItem\",\"position\":2,\"name\":\"Kontakta oss\"}]},{\"@type\":\"WebSite\",\"@id\":\"https:\\\/\\\/wp.kristdemokraterna.se\\\/enkoping\\\/#website\",\"url\":\"https:\\\/\\\/wp.kristdemokraterna.se\\\/enkoping\\\/\",\"name\":\"Enk\u00f6ping\",\"description\":\"F\u00f6r familjerna, f\u00f6retagen och f\u00f6rsvaret\",\"inLanguage\":\"sv-SE\"}]}<\/script>\n<!-- \/ Yoast SEO plugin. -->","yoast_head_json":{"title":"Kontakta oss - Enk\u00f6ping","robots":{"index":"index","follow":"follow","max-snippet":"max-snippet:-1","max-image-preview":"max-image-preview:large","max-video-preview":"max-video-preview:-1"},"canonical":"https:\/\/wp.kristdemokraterna.se\/enkoping\/kontakta-oss\/","og_locale":"sv_SE","og_type":"article","og_title":"Kontakta oss - Enk\u00f6ping","og_description":"Enk\u00f6ping Kontakta v\u00e5r partiavdelning Postadress: Torggatan 44, 74530 Enk\u00f6ping Telefon: 0171-44 01 04","og_url":"https:\/\/wp.kristdemokraterna.se\/enkoping\/kontakta-oss\/","og_site_name":"Enk\u00f6ping","article_modified_time":"2018-06-26T11:25:51+00:00","twitter_card":"summary_large_image","schema":{"@context":"https:\/\/schema.org","@graph":[{"@type":"WebPage","@id":"https:\/\/wp.kristdemokraterna.se\/enkoping\/kontakta-oss\/","url":"https:\/\/wp.kristdemokraterna.se\/enkoping\/kontakta-oss\/","name":"Kontakta oss - Enk\u00f6ping","isPartOf":{"@id":"https:\/\/wp.kristdemokraterna.se\/enkoping\/#website"},"datePublished":"2012-11-19T14:56:50+00:00","dateModified":"2018-06-26T11:25:51+00:00","breadcrumb":{"@id":"https:\/\/wp.kristdemokraterna.se\/enkoping\/kontakta-oss\/#breadcrumb"},"inLanguage":"sv-SE","potentialAction":[{"@type":"ReadAction","target":["https:\/\/wp.kristdemokraterna.se\/enkoping\/kontakta-oss\/"]}]},{"@type":"BreadcrumbList","@id":"https:\/\/wp.kristdemokraterna.se\/enkoping\/kontakta-oss\/#breadcrumb","itemListElement":[{"@type":"ListItem","position":1,"name":"Hem","item":"https:\/\/wp.kristdemokraterna.se\/enkoping\/"},{"@type":"ListItem","position":2,"name":"Kontakta oss"}]},{"@type":"WebSite","@id":"https:\/\/wp.kristdemokraterna.se\/enkoping\/#website","url":"https:\/\/wp.kristdemokraterna.se\/enkoping\/","name":"Enk\u00f6ping","description":"F\u00f6r familjerna, f\u00f6retagen och f\u00f6rsvaret","inLanguage":"sv-SE"}]}},"_links":{"self":[{"href":"https:\/\/wp.kristdemokraterna.se\/enkoping\/wp-json\/wp\/v2\/pages\/8","targetHints":{"allow":["GET"]}}],"collection":[{"href":"https:\/\/wp.kristdemokraterna.se\/enkoping\/wp-json\/wp\/v2\/pages"}],"about":[{"href":"https:\/\/wp.kristdemokraterna.se\/enkoping\/wp-json\/wp\/v2\/types\/page"}],"author":[{"embeddable":true,"href":"https:\/\/wp.kristdemokraterna.se\/enkoping\/wp-json\/wp\/v2\/users\/499"}],"replies":[{"embeddable":true,"href":"https:\/\/wp.kristdemokraterna.se\/enkoping\/wp-json\/wp\/v2\/comments?post=8"}],"version-history":[{"count":21,"href":"https:\/\/wp.kristdemokraterna.se\/enkoping\/wp-json\/wp\/v2\/pages\/8\/revisions"}],"predecessor-version":[{"id":145,"href":"https:\/\/wp.kristdemokraterna.se\/enkoping\/wp-json\/wp\/v2\/pages\/8\/revisions\/145"}],"wp:attachment":[{"href":"https:\/\/wp.kristdemokraterna.se\/enkoping\/wp-json\/wp\/v2\/media?parent=8"}],"curies":[{"name":"wp","href":"https:\/\/api.w.org\/{rel}","templated":true}]}}