{"id":46,"date":"2013-10-28T19:19:26","date_gmt":"2013-10-28T18:19:26","guid":{"rendered":"http:\/\/wp.kristdemokraterna.se\/enskedearstavantor\/?page_id=46"},"modified":"2021-02-11T09:02:47","modified_gmt":"2021-02-11T08:02:47","slug":"styrelsen","status":"publish","type":"page","link":"https:\/\/wp.kristdemokraterna.se\/enskedearstavantor\/styrelsen\/","title":{"rendered":"Styrelsen"},"content":{"rendered":"<p style=\"text-align: left;\">Ordf\u00f6rande Margaretha \u00c5kerberg\u00a0\u00a0\u00a0\u00a0\u00a0\u00a0\u00a0\u00a0\u00a0\u00a0\u00a0\u00a0\u00a0\u00a0\u00a0\u00a0\u00a0\u00a0\u00a0\u00a0\u00a0\u00a0\u00a0\u00a0\u00a0\u00a0\u00a0\u00a0\u00a0\u00a0\u00a0<img loading=\"lazy\" decoding=\"async\" src=\"http:\/\/wp.kristdemokraterna.se\/enskedearstavantor\/files\/2013\/10\/Margaretha.png\" alt=\"Margaretha\" width=\"198\" height=\"222\" \/><\/p>\n<p>F\u00f6rtroendeuppdrag<\/p>\n<p>\u25aa\u00a0\u00a0 Distriktsstyrelse, ledamot, Stockholms stad<\/p>\n<p>\u25aa\u00a0\u00a0 Partifullm\u00e4ktige, ers\u00e4ttare, Stockholms stad<\/p>\n<p>\u25aa\u00a0\u00a0 Landstingsfullm\u00e4ktige, ledamot, Stockholms l\u00e4n<\/p>\n<p>E-post: <a href=\"mailto:margaretha.akerberg@kristdemokraterna.se\">margaretha.akerberg@kristdemokraterna.se<\/a><\/p>\n<p>&nbsp;<\/p>\n<p>Vice ordf\u00f6rande\u00a0 Alexandra Mossberg\u00a0\u00a0\u00a0\u00a0\u00a0\u00a0\u00a0\u00a0\u00a0\u00a0\u00a0\u00a0\u00a0\u00a0\u00a0\u00a0\u00a0\u00a0\u00a0\u00a0\u00a0\u00a0\u00a0\u00a0 <a href=\"http:\/\/wp.kristdemokraterna.se\/enskedearstavantor\/files\/2013\/10\/alexandra.jpg\"><img loading=\"lazy\" decoding=\"async\" src=\"http:\/\/wp.kristdemokraterna.se\/enskedearstavantor\/files\/2013\/10\/alexandra.jpg\" alt=\"alexandra\" width=\"198\" height=\"222\" \/><\/a><\/p>\n<p>E-post: <a href=\"mailto:alexandra.mossberg@kristdemokraterna.se\">alexandra.mossberg@kristdemokraterna.se<\/a><\/p>\n<p>&nbsp;<\/p>\n<p>Ledamot\u00a0Ther\u00e9se Molander\u00a0\u00a0\u00a0\u00a0\u00a0\u00a0\u00a0\u00a0\u00a0\u00a0\u00a0\u00a0\u00a0\u00a0\u00a0\u00a0\u00a0\u00a0\u00a0\u00a0\u00a0\u00a0\u00a0\u00a0\u00a0\u00a0\u00a0\u00a0\u00a0\u00a0\u00a0\u00a0\u00a0\u00a0\u00a0\u00a0\u00a0\u00a0 \u00a0 \u00a0\u00a0<a href=\"http:\/\/wp.kristdemokraterna.se\/enskedearstavantor\/files\/2013\/10\/Ther\u00e9se1.jpg\"><img loading=\"lazy\" decoding=\"async\" src=\"http:\/\/wp.kristdemokraterna.se\/enskedearstavantor\/files\/2013\/10\/Ther\u00e9se1-540x540.jpg\" alt=\"Ther\u00e9se\" width=\"198\" height=\"222\" \/><\/a><\/p>\n<p style=\"text-align: left;\">E-post: <a href=\"mailto:therese.molander@kristdemokraterna.se\">therese.molander@kristdemokraterna.se<\/a><\/p>\n<p>&nbsp;<\/p>\n<p>&nbsp;<\/p>\n<p>&nbsp;<\/p>\n<p>Ers\u00e4ttare Joseline Asaba\u00a0\u00a0\u00a0\u00a0\u00a0\u00a0\u00a0\u00a0\u00a0\u00a0\u00a0\u00a0\u00a0\u00a0\u00a0\u00a0\u00a0\u00a0\u00a0\u00a0\u00a0\u00a0\u00a0\u00a0\u00a0\u00a0\u00a0\u00a0\u00a0\u00a0\u00a0\u00a0\u00a0\u00a0\u00a0\u00a0\u00a0 \u00a0\u00a0\u00a0\u00a0\u00a0\u00a0 <a href=\"http:\/\/wp.kristdemokraterna.se\/enskedearstavantor\/files\/2013\/10\/Joseline.jpg\"><img loading=\"lazy\" decoding=\"async\" src=\"http:\/\/wp.kristdemokraterna.se\/enskedearstavantor\/files\/2013\/10\/Joseline-540x499.jpg\" alt=\"Joseline\" width=\"209\" height=\"218\" \/><\/a><\/p>\n<p>E-post: <a href=\"mailto:joseline.asaba@kristdemokraterna.se\">joseline.asaba@kristdemokraterna.se<\/a><\/p>\n","protected":false},"excerpt":{"rendered":"<p>Ordf\u00f6rande Margaretha \u00c5kerberg\u00a0\u00a0\u00a0\u00a0\u00a0\u00a0\u00a0\u00a0\u00a0\u00a0\u00a0\u00a0\u00a0\u00a0\u00a0\u00a0\u00a0\u00a0\u00a0\u00a0\u00a0\u00a0\u00a0\u00a0\u00a0\u00a0\u00a0\u00a0\u00a0\u00a0\u00a0 F\u00f6rtroendeuppdrag \u25aa\u00a0\u00a0 Distriktsstyrelse, ledamot, Stockholms stad \u25aa\u00a0\u00a0 Partifullm\u00e4ktige, ers\u00e4ttare, Stockholms stad \u25aa\u00a0\u00a0 Landstingsfullm\u00e4ktige, ledamot, Stockholms l\u00e4n E-post: margaretha.akerberg@kristdemokraterna.se &nbsp; Vice ordf\u00f6rande\u00a0 Alexandra Mossberg\u00a0\u00a0\u00a0\u00a0\u00a0\u00a0\u00a0\u00a0\u00a0\u00a0\u00a0\u00a0\u00a0\u00a0\u00a0\u00a0\u00a0\u00a0\u00a0\u00a0\u00a0\u00a0\u00a0\u00a0 E-post: alexandra.mossberg@kristdemokraterna.se &nbsp; Ledamot\u00a0Ther\u00e9se Molander\u00a0\u00a0\u00a0\u00a0\u00a0\u00a0\u00a0\u00a0\u00a0\u00a0\u00a0\u00a0\u00a0\u00a0\u00a0\u00a0\u00a0\u00a0\u00a0\u00a0\u00a0\u00a0\u00a0\u00a0\u00a0\u00a0\u00a0\u00a0\u00a0\u00a0\u00a0\u00a0\u00a0\u00a0\u00a0\u00a0\u00a0\u00a0 \u00a0 \u00a0\u00a0 E-post: therese.molander@kristdemokraterna.se &nbsp; &nbsp; &nbsp; Ers\u00e4ttare Joseline Asaba\u00a0\u00a0\u00a0\u00a0\u00a0\u00a0\u00a0\u00a0\u00a0\u00a0\u00a0\u00a0\u00a0\u00a0\u00a0\u00a0\u00a0\u00a0\u00a0\u00a0\u00a0\u00a0\u00a0\u00a0\u00a0\u00a0\u00a0\u00a0\u00a0\u00a0\u00a0\u00a0\u00a0\u00a0\u00a0\u00a0\u00a0 \u00a0\u00a0\u00a0\u00a0\u00a0\u00a0 E-post: joseline.asaba@kristdemokraterna.se<\/p>\n","protected":false},"author":522,"featured_media":0,"parent":0,"menu_order":0,"comment_status":"closed","ping_status":"closed","template":"","meta":{"_acf_changed":false,"footnotes":""},"class_list":["post-46","page","type-page","status-publish","hentry"],"acf":[],"yoast_head":"<!-- This site is optimized with the Yoast SEO plugin v27.4 - https:\/\/yoast.com\/product\/yoast-seo-wordpress\/ -->\n<title>Styrelsen - Enskede\/\u00c5rsta\/Vant\u00f6r<\/title>\n<meta name=\"robots\" content=\"index, follow, max-snippet:-1, max-image-preview:large, max-video-preview:-1\" \/>\n<link rel=\"canonical\" href=\"https:\/\/wp.kristdemokraterna.se\/enskedearstavantor\/styrelsen\/\" \/>\n<meta property=\"og:locale\" content=\"sv_SE\" \/>\n<meta property=\"og:type\" content=\"article\" \/>\n<meta property=\"og:title\" content=\"Styrelsen - Enskede\/\u00c5rsta\/Vant\u00f6r\" \/>\n<meta property=\"og:description\" content=\"Ordf\u00f6rande Margaretha \u00c5kerberg\u00a0\u00a0\u00a0\u00a0\u00a0\u00a0\u00a0\u00a0\u00a0\u00a0\u00a0\u00a0\u00a0\u00a0\u00a0\u00a0\u00a0\u00a0\u00a0\u00a0\u00a0\u00a0\u00a0\u00a0\u00a0\u00a0\u00a0\u00a0\u00a0\u00a0\u00a0 F\u00f6rtroendeuppdrag \u25aa\u00a0\u00a0 Distriktsstyrelse, ledamot, Stockholms stad \u25aa\u00a0\u00a0 Partifullm\u00e4ktige, ers\u00e4ttare, Stockholms stad \u25aa\u00a0\u00a0 Landstingsfullm\u00e4ktige, ledamot, Stockholms l\u00e4n E-post: margaretha.akerberg@kristdemokraterna.se &nbsp; Vice ordf\u00f6rande\u00a0 Alexandra Mossberg\u00a0\u00a0\u00a0\u00a0\u00a0\u00a0\u00a0\u00a0\u00a0\u00a0\u00a0\u00a0\u00a0\u00a0\u00a0\u00a0\u00a0\u00a0\u00a0\u00a0\u00a0\u00a0\u00a0\u00a0 E-post: alexandra.mossberg@kristdemokraterna.se &nbsp; Ledamot\u00a0Ther\u00e9se Molander\u00a0\u00a0\u00a0\u00a0\u00a0\u00a0\u00a0\u00a0\u00a0\u00a0\u00a0\u00a0\u00a0\u00a0\u00a0\u00a0\u00a0\u00a0\u00a0\u00a0\u00a0\u00a0\u00a0\u00a0\u00a0\u00a0\u00a0\u00a0\u00a0\u00a0\u00a0\u00a0\u00a0\u00a0\u00a0\u00a0\u00a0\u00a0 \u00a0 \u00a0\u00a0 E-post: therese.molander@kristdemokraterna.se &nbsp; &nbsp; &nbsp; Ers\u00e4ttare Joseline Asaba\u00a0\u00a0\u00a0\u00a0\u00a0\u00a0\u00a0\u00a0\u00a0\u00a0\u00a0\u00a0\u00a0\u00a0\u00a0\u00a0\u00a0\u00a0\u00a0\u00a0\u00a0\u00a0\u00a0\u00a0\u00a0\u00a0\u00a0\u00a0\u00a0\u00a0\u00a0\u00a0\u00a0\u00a0\u00a0\u00a0\u00a0 \u00a0\u00a0\u00a0\u00a0\u00a0\u00a0 E-post: joseline.asaba@kristdemokraterna.se\" \/>\n<meta property=\"og:url\" content=\"https:\/\/wp.kristdemokraterna.se\/enskedearstavantor\/styrelsen\/\" \/>\n<meta property=\"og:site_name\" content=\"Enskede\/\u00c5rsta\/Vant\u00f6r\" \/>\n<meta property=\"article:modified_time\" content=\"2021-02-11T08:02:47+00:00\" \/>\n<meta property=\"og:image\" content=\"http:\/\/wp.kristdemokraterna.se\/enskedearstavantor\/files\/2013\/10\/Margaretha.png\" \/>\n<meta name=\"twitter:card\" content=\"summary_large_image\" \/>\n<meta name=\"twitter:label1\" content=\"Ber\u00e4knad l\u00e4stid\" \/>\n\t<meta name=\"twitter:data1\" content=\"1 minut\" \/>\n<script type=\"application\/ld+json\" class=\"yoast-schema-graph\">{\"@context\":\"https:\\\/\\\/schema.org\",\"@graph\":[{\"@type\":\"WebPage\",\"@id\":\"https:\\\/\\\/wp.kristdemokraterna.se\\\/enskedearstavantor\\\/styrelsen\\\/\",\"url\":\"https:\\\/\\\/wp.kristdemokraterna.se\\\/enskedearstavantor\\\/styrelsen\\\/\",\"name\":\"Styrelsen - Enskede\\\/\u00c5rsta\\\/Vant\u00f6r\",\"isPartOf\":{\"@id\":\"https:\\\/\\\/wp.kristdemokraterna.se\\\/enskedearstavantor\\\/#website\"},\"primaryImageOfPage\":{\"@id\":\"https:\\\/\\\/wp.kristdemokraterna.se\\\/enskedearstavantor\\\/styrelsen\\\/#primaryimage\"},\"image\":{\"@id\":\"https:\\\/\\\/wp.kristdemokraterna.se\\\/enskedearstavantor\\\/styrelsen\\\/#primaryimage\"},\"thumbnailUrl\":\"http:\\\/\\\/wp.kristdemokraterna.se\\\/enskedearstavantor\\\/files\\\/2013\\\/10\\\/Margaretha.png\",\"datePublished\":\"2013-10-28T18:19:26+00:00\",\"dateModified\":\"2021-02-11T08:02:47+00:00\",\"breadcrumb\":{\"@id\":\"https:\\\/\\\/wp.kristdemokraterna.se\\\/enskedearstavantor\\\/styrelsen\\\/#breadcrumb\"},\"inLanguage\":\"sv-SE\",\"potentialAction\":[{\"@type\":\"ReadAction\",\"target\":[\"https:\\\/\\\/wp.kristdemokraterna.se\\\/enskedearstavantor\\\/styrelsen\\\/\"]}]},{\"@type\":\"ImageObject\",\"inLanguage\":\"sv-SE\",\"@id\":\"https:\\\/\\\/wp.kristdemokraterna.se\\\/enskedearstavantor\\\/styrelsen\\\/#primaryimage\",\"url\":\"http:\\\/\\\/wp.kristdemokraterna.se\\\/enskedearstavantor\\\/files\\\/2013\\\/10\\\/Margaretha.png\",\"contentUrl\":\"http:\\\/\\\/wp.kristdemokraterna.se\\\/enskedearstavantor\\\/files\\\/2013\\\/10\\\/Margaretha.png\"},{\"@type\":\"BreadcrumbList\",\"@id\":\"https:\\\/\\\/wp.kristdemokraterna.se\\\/enskedearstavantor\\\/styrelsen\\\/#breadcrumb\",\"itemListElement\":[{\"@type\":\"ListItem\",\"position\":1,\"name\":\"Hem\",\"item\":\"https:\\\/\\\/wp.kristdemokraterna.se\\\/enskedearstavantor\\\/\"},{\"@type\":\"ListItem\",\"position\":2,\"name\":\"Styrelsen\"}]},{\"@type\":\"WebSite\",\"@id\":\"https:\\\/\\\/wp.kristdemokraterna.se\\\/enskedearstavantor\\\/#website\",\"url\":\"https:\\\/\\\/wp.kristdemokraterna.se\\\/enskedearstavantor\\\/\",\"name\":\"Enskede\\\/\u00c5rsta\\\/Vant\u00f6r\",\"description\":\"En till Kristdemokraterna webbplats\",\"inLanguage\":\"sv-SE\"}]}<\/script>\n<!-- \/ Yoast SEO plugin. -->","yoast_head_json":{"title":"Styrelsen - Enskede\/\u00c5rsta\/Vant\u00f6r","robots":{"index":"index","follow":"follow","max-snippet":"max-snippet:-1","max-image-preview":"max-image-preview:large","max-video-preview":"max-video-preview:-1"},"canonical":"https:\/\/wp.kristdemokraterna.se\/enskedearstavantor\/styrelsen\/","og_locale":"sv_SE","og_type":"article","og_title":"Styrelsen - Enskede\/\u00c5rsta\/Vant\u00f6r","og_description":"Ordf\u00f6rande Margaretha \u00c5kerberg\u00a0\u00a0\u00a0\u00a0\u00a0\u00a0\u00a0\u00a0\u00a0\u00a0\u00a0\u00a0\u00a0\u00a0\u00a0\u00a0\u00a0\u00a0\u00a0\u00a0\u00a0\u00a0\u00a0\u00a0\u00a0\u00a0\u00a0\u00a0\u00a0\u00a0\u00a0 F\u00f6rtroendeuppdrag \u25aa\u00a0\u00a0 Distriktsstyrelse, ledamot, Stockholms stad \u25aa\u00a0\u00a0 Partifullm\u00e4ktige, ers\u00e4ttare, Stockholms stad \u25aa\u00a0\u00a0 Landstingsfullm\u00e4ktige, ledamot, Stockholms l\u00e4n E-post: margaretha.akerberg@kristdemokraterna.se &nbsp; Vice ordf\u00f6rande\u00a0 Alexandra Mossberg\u00a0\u00a0\u00a0\u00a0\u00a0\u00a0\u00a0\u00a0\u00a0\u00a0\u00a0\u00a0\u00a0\u00a0\u00a0\u00a0\u00a0\u00a0\u00a0\u00a0\u00a0\u00a0\u00a0\u00a0 E-post: alexandra.mossberg@kristdemokraterna.se &nbsp; Ledamot\u00a0Ther\u00e9se Molander\u00a0\u00a0\u00a0\u00a0\u00a0\u00a0\u00a0\u00a0\u00a0\u00a0\u00a0\u00a0\u00a0\u00a0\u00a0\u00a0\u00a0\u00a0\u00a0\u00a0\u00a0\u00a0\u00a0\u00a0\u00a0\u00a0\u00a0\u00a0\u00a0\u00a0\u00a0\u00a0\u00a0\u00a0\u00a0\u00a0\u00a0\u00a0 \u00a0 \u00a0\u00a0 E-post: therese.molander@kristdemokraterna.se &nbsp; &nbsp; &nbsp; Ers\u00e4ttare Joseline Asaba\u00a0\u00a0\u00a0\u00a0\u00a0\u00a0\u00a0\u00a0\u00a0\u00a0\u00a0\u00a0\u00a0\u00a0\u00a0\u00a0\u00a0\u00a0\u00a0\u00a0\u00a0\u00a0\u00a0\u00a0\u00a0\u00a0\u00a0\u00a0\u00a0\u00a0\u00a0\u00a0\u00a0\u00a0\u00a0\u00a0\u00a0 \u00a0\u00a0\u00a0\u00a0\u00a0\u00a0 E-post: joseline.asaba@kristdemokraterna.se","og_url":"https:\/\/wp.kristdemokraterna.se\/enskedearstavantor\/styrelsen\/","og_site_name":"Enskede\/\u00c5rsta\/Vant\u00f6r","article_modified_time":"2021-02-11T08:02:47+00:00","og_image":[{"url":"http:\/\/wp.kristdemokraterna.se\/enskedearstavantor\/files\/2013\/10\/Margaretha.png","type":"","width":"","height":""}],"twitter_card":"summary_large_image","twitter_misc":{"Ber\u00e4knad l\u00e4stid":"1 minut"},"schema":{"@context":"https:\/\/schema.org","@graph":[{"@type":"WebPage","@id":"https:\/\/wp.kristdemokraterna.se\/enskedearstavantor\/styrelsen\/","url":"https:\/\/wp.kristdemokraterna.se\/enskedearstavantor\/styrelsen\/","name":"Styrelsen - Enskede\/\u00c5rsta\/Vant\u00f6r","isPartOf":{"@id":"https:\/\/wp.kristdemokraterna.se\/enskedearstavantor\/#website"},"primaryImageOfPage":{"@id":"https:\/\/wp.kristdemokraterna.se\/enskedearstavantor\/styrelsen\/#primaryimage"},"image":{"@id":"https:\/\/wp.kristdemokraterna.se\/enskedearstavantor\/styrelsen\/#primaryimage"},"thumbnailUrl":"http:\/\/wp.kristdemokraterna.se\/enskedearstavantor\/files\/2013\/10\/Margaretha.png","datePublished":"2013-10-28T18:19:26+00:00","dateModified":"2021-02-11T08:02:47+00:00","breadcrumb":{"@id":"https:\/\/wp.kristdemokraterna.se\/enskedearstavantor\/styrelsen\/#breadcrumb"},"inLanguage":"sv-SE","potentialAction":[{"@type":"ReadAction","target":["https:\/\/wp.kristdemokraterna.se\/enskedearstavantor\/styrelsen\/"]}]},{"@type":"ImageObject","inLanguage":"sv-SE","@id":"https:\/\/wp.kristdemokraterna.se\/enskedearstavantor\/styrelsen\/#primaryimage","url":"http:\/\/wp.kristdemokraterna.se\/enskedearstavantor\/files\/2013\/10\/Margaretha.png","contentUrl":"http:\/\/wp.kristdemokraterna.se\/enskedearstavantor\/files\/2013\/10\/Margaretha.png"},{"@type":"BreadcrumbList","@id":"https:\/\/wp.kristdemokraterna.se\/enskedearstavantor\/styrelsen\/#breadcrumb","itemListElement":[{"@type":"ListItem","position":1,"name":"Hem","item":"https:\/\/wp.kristdemokraterna.se\/enskedearstavantor\/"},{"@type":"ListItem","position":2,"name":"Styrelsen"}]},{"@type":"WebSite","@id":"https:\/\/wp.kristdemokraterna.se\/enskedearstavantor\/#website","url":"https:\/\/wp.kristdemokraterna.se\/enskedearstavantor\/","name":"Enskede\/\u00c5rsta\/Vant\u00f6r","description":"En till Kristdemokraterna webbplats","inLanguage":"sv-SE"}]}},"_links":{"self":[{"href":"https:\/\/wp.kristdemokraterna.se\/enskedearstavantor\/wp-json\/wp\/v2\/pages\/46","targetHints":{"allow":["GET"]}}],"collection":[{"href":"https:\/\/wp.kristdemokraterna.se\/enskedearstavantor\/wp-json\/wp\/v2\/pages"}],"about":[{"href":"https:\/\/wp.kristdemokraterna.se\/enskedearstavantor\/wp-json\/wp\/v2\/types\/page"}],"author":[{"embeddable":true,"href":"https:\/\/wp.kristdemokraterna.se\/enskedearstavantor\/wp-json\/wp\/v2\/users\/522"}],"replies":[{"embeddable":true,"href":"https:\/\/wp.kristdemokraterna.se\/enskedearstavantor\/wp-json\/wp\/v2\/comments?post=46"}],"version-history":[{"count":14,"href":"https:\/\/wp.kristdemokraterna.se\/enskedearstavantor\/wp-json\/wp\/v2\/pages\/46\/revisions"}],"predecessor-version":[{"id":162,"href":"https:\/\/wp.kristdemokraterna.se\/enskedearstavantor\/wp-json\/wp\/v2\/pages\/46\/revisions\/162"}],"wp:attachment":[{"href":"https:\/\/wp.kristdemokraterna.se\/enskedearstavantor\/wp-json\/wp\/v2\/media?parent=46"}],"curies":[{"name":"wp","href":"https:\/\/api.w.org\/{rel}","templated":true}]}}