{"id":265,"date":"2017-11-29T16:47:40","date_gmt":"2017-11-29T15:47:40","guid":{"rendered":"http:\/\/wp.kristdemokraterna.se\/eskilstuna\/?page_id=265"},"modified":"2024-12-05T14:35:11","modified_gmt":"2024-12-05T13:35:11","slug":"startsida","status":"publish","type":"page","link":"https:\/\/wp.kristdemokraterna.se\/eskilstuna\/","title":{"rendered":"KD p\u00e5 stan! Kampanj p\u00e5 Fristadstorget den 13 december 2024"},"content":{"rendered":"<p><a href=\"http:\/\/wp.kristdemokraterna.se\/eskilstuna\/files\/2024\/12\/kd-pa-stan.jpg\"><img loading=\"lazy\" decoding=\"async\" class=\"alignnone size-medium wp-image-671\" src=\"http:\/\/wp.kristdemokraterna.se\/eskilstuna\/files\/2024\/12\/kd-pa-stan-300x300.jpg\" alt=\"\" width=\"300\" height=\"300\" srcset=\"https:\/\/wp.kristdemokraterna.se\/eskilstuna\/files\/2024\/12\/kd-pa-stan-300x300.jpg 300w, https:\/\/wp.kristdemokraterna.se\/eskilstuna\/files\/2024\/12\/kd-pa-stan-1024x1024.jpg 1024w, https:\/\/wp.kristdemokraterna.se\/eskilstuna\/files\/2024\/12\/kd-pa-stan-150x150.jpg 150w, https:\/\/wp.kristdemokraterna.se\/eskilstuna\/files\/2024\/12\/kd-pa-stan-768x768.jpg 768w, https:\/\/wp.kristdemokraterna.se\/eskilstuna\/files\/2024\/12\/kd-pa-stan-200x200.jpg 200w, https:\/\/wp.kristdemokraterna.se\/eskilstuna\/files\/2024\/12\/kd-pa-stan-370x370.jpg 370w, https:\/\/wp.kristdemokraterna.se\/eskilstuna\/files\/2024\/12\/kd-pa-stan-90x90.jpg 90w, https:\/\/wp.kristdemokraterna.se\/eskilstuna\/files\/2024\/12\/kd-pa-stan-770x770.jpg 770w, https:\/\/wp.kristdemokraterna.se\/eskilstuna\/files\/2024\/12\/kd-pa-stan-450x450.jpg 450w, https:\/\/wp.kristdemokraterna.se\/eskilstuna\/files\/2024\/12\/kd-pa-stan-280x280.jpg 280w, https:\/\/wp.kristdemokraterna.se\/eskilstuna\/files\/2024\/12\/kd-pa-stan-340x340.jpg 340w, https:\/\/wp.kristdemokraterna.se\/eskilstuna\/files\/2024\/12\/kd-pa-stan-56x56.jpg 56w, https:\/\/wp.kristdemokraterna.se\/eskilstuna\/files\/2024\/12\/kd-pa-stan.jpg 1080w\" sizes=\"auto, (max-width: 300px) 100vw, 300px\" \/><\/a><\/p>\n<p>Varmt v\u00e4lkomna att bes\u00f6ka oss p\u00e5 Fristadstorget p\u00e5 Luciadagen den 13 december 2024 mellan kl. 12:00 &#8211; 14:30<\/p>\n<p><strong>Vid eventuella fr\u00e5gor, v\u00e4lkomna att kontakta:<\/strong><br \/>\nJoakim Widell, politisk sekreterare<br \/>\njoakim.widell@eskilstuna.se<br \/>\n016-710 51 31<br \/>\n072-977 74 11<\/p>\n<p><strong>V\u00e4lkomna!<\/strong><\/p>\n","protected":false},"excerpt":{"rendered":"<p>Varmt v\u00e4lkomna att bes\u00f6ka oss p\u00e5 Fristadstorget p\u00e5 Luciadagen den 13 december 2024 mellan kl. 12:00 &#8211; 14:30 Vid eventuella fr\u00e5gor, v\u00e4lkomna att kontakta: Joakim Widell, politisk sekreterare joakim.widell@eskilstuna.se 016-710 51 31 072-977 74 11 V\u00e4lkomna!<\/p>\n","protected":false},"author":504,"featured_media":0,"parent":0,"menu_order":1,"comment_status":"closed","ping_status":"closed","template":"index.php","meta":{"_acf_changed":false,"footnotes":""},"class_list":["post-265","page","type-page","status-publish","hentry"],"acf":[],"yoast_head":"<!-- This site is optimized with the Yoast SEO plugin v27.4 - https:\/\/yoast.com\/product\/yoast-seo-wordpress\/ -->\n<title>KD p\u00e5 stan! Kampanj p\u00e5 Fristadstorget den 13 december 2024 - KRISTDEMOKRATERNA I ESKILSTUNA<\/title>\n<meta name=\"robots\" content=\"index, follow, max-snippet:-1, max-image-preview:large, max-video-preview:-1\" \/>\n<link rel=\"canonical\" href=\"https:\/\/wp.kristdemokraterna.se\/eskilstuna\/\" \/>\n<meta property=\"og:locale\" content=\"sv_SE\" \/>\n<meta property=\"og:type\" content=\"article\" \/>\n<meta property=\"og:title\" content=\"KD p\u00e5 stan! Kampanj p\u00e5 Fristadstorget den 13 december 2024 - KRISTDEMOKRATERNA I ESKILSTUNA\" \/>\n<meta property=\"og:description\" content=\"Varmt v\u00e4lkomna att bes\u00f6ka oss p\u00e5 Fristadstorget p\u00e5 Luciadagen den 13 december 2024 mellan kl. 12:00 &#8211; 14:30 Vid eventuella fr\u00e5gor, v\u00e4lkomna att kontakta: Joakim Widell, politisk sekreterare joakim.widell@eskilstuna.se 016-710 51 31 072-977 74 11 V\u00e4lkomna!\" \/>\n<meta property=\"og:url\" content=\"https:\/\/wp.kristdemokraterna.se\/eskilstuna\/\" \/>\n<meta property=\"og:site_name\" content=\"KRISTDEMOKRATERNA I ESKILSTUNA\" \/>\n<meta property=\"article:modified_time\" content=\"2024-12-05T13:35:11+00:00\" \/>\n<meta property=\"og:image\" content=\"https:\/\/wp.kristdemokraterna.se\/eskilstuna\/files\/2024\/12\/kd-pa-stan.jpg\" \/>\n\t<meta property=\"og:image:width\" content=\"1080\" \/>\n\t<meta property=\"og:image:height\" content=\"1080\" \/>\n\t<meta property=\"og:image:type\" content=\"image\/jpeg\" \/>\n<meta name=\"twitter:card\" content=\"summary_large_image\" \/>\n<meta name=\"twitter:label1\" content=\"Ber\u00e4knad l\u00e4stid\" \/>\n\t<meta name=\"twitter:data1\" content=\"1 minut\" \/>\n<script type=\"application\/ld+json\" class=\"yoast-schema-graph\">{\"@context\":\"https:\\\/\\\/schema.org\",\"@graph\":[{\"@type\":\"WebPage\",\"@id\":\"https:\\\/\\\/wp.kristdemokraterna.se\\\/eskilstuna\\\/\",\"url\":\"https:\\\/\\\/wp.kristdemokraterna.se\\\/eskilstuna\\\/\",\"name\":\"KD p\u00e5 stan! Kampanj p\u00e5 Fristadstorget den 13 december 2024 - KRISTDEMOKRATERNA I ESKILSTUNA\",\"isPartOf\":{\"@id\":\"https:\\\/\\\/wp.kristdemokraterna.se\\\/eskilstuna\\\/#website\"},\"primaryImageOfPage\":{\"@id\":\"https:\\\/\\\/wp.kristdemokraterna.se\\\/eskilstuna\\\/#primaryimage\"},\"image\":{\"@id\":\"https:\\\/\\\/wp.kristdemokraterna.se\\\/eskilstuna\\\/#primaryimage\"},\"thumbnailUrl\":\"http:\\\/\\\/wp.kristdemokraterna.se\\\/eskilstuna\\\/files\\\/2024\\\/12\\\/kd-pa-stan-300x300.jpg\",\"datePublished\":\"2017-11-29T15:47:40+00:00\",\"dateModified\":\"2024-12-05T13:35:11+00:00\",\"breadcrumb\":{\"@id\":\"https:\\\/\\\/wp.kristdemokraterna.se\\\/eskilstuna\\\/#breadcrumb\"},\"inLanguage\":\"sv-SE\",\"potentialAction\":[{\"@type\":\"ReadAction\",\"target\":[\"https:\\\/\\\/wp.kristdemokraterna.se\\\/eskilstuna\\\/\"]}]},{\"@type\":\"ImageObject\",\"inLanguage\":\"sv-SE\",\"@id\":\"https:\\\/\\\/wp.kristdemokraterna.se\\\/eskilstuna\\\/#primaryimage\",\"url\":\"https:\\\/\\\/wp.kristdemokraterna.se\\\/eskilstuna\\\/files\\\/2024\\\/12\\\/kd-pa-stan.jpg\",\"contentUrl\":\"https:\\\/\\\/wp.kristdemokraterna.se\\\/eskilstuna\\\/files\\\/2024\\\/12\\\/kd-pa-stan.jpg\",\"width\":1080,\"height\":1080},{\"@type\":\"BreadcrumbList\",\"@id\":\"https:\\\/\\\/wp.kristdemokraterna.se\\\/eskilstuna\\\/#breadcrumb\",\"itemListElement\":[{\"@type\":\"ListItem\",\"position\":1,\"name\":\"Hem\",\"item\":\"https:\\\/\\\/wp.kristdemokraterna.se\\\/eskilstuna\\\/\"},{\"@type\":\"ListItem\",\"position\":2,\"name\":\"KD p\u00e5 stan! Kampanj p\u00e5 Fristadstorget den 13 december 2024\"}]},{\"@type\":\"WebSite\",\"@id\":\"https:\\\/\\\/wp.kristdemokraterna.se\\\/eskilstuna\\\/#website\",\"url\":\"https:\\\/\\\/wp.kristdemokraterna.se\\\/eskilstuna\\\/\",\"name\":\"KRISTDEMOKRATERNA I ESKILSTUNA\",\"description\":\"En till Kristdemokraterna webbplats\",\"inLanguage\":\"sv-SE\"}]}<\/script>\n<!-- \/ Yoast SEO plugin. -->","yoast_head_json":{"title":"KD p\u00e5 stan! Kampanj p\u00e5 Fristadstorget den 13 december 2024 - KRISTDEMOKRATERNA I ESKILSTUNA","robots":{"index":"index","follow":"follow","max-snippet":"max-snippet:-1","max-image-preview":"max-image-preview:large","max-video-preview":"max-video-preview:-1"},"canonical":"https:\/\/wp.kristdemokraterna.se\/eskilstuna\/","og_locale":"sv_SE","og_type":"article","og_title":"KD p\u00e5 stan! Kampanj p\u00e5 Fristadstorget den 13 december 2024 - KRISTDEMOKRATERNA I ESKILSTUNA","og_description":"Varmt v\u00e4lkomna att bes\u00f6ka oss p\u00e5 Fristadstorget p\u00e5 Luciadagen den 13 december 2024 mellan kl. 12:00 &#8211; 14:30 Vid eventuella fr\u00e5gor, v\u00e4lkomna att kontakta: Joakim Widell, politisk sekreterare joakim.widell@eskilstuna.se 016-710 51 31 072-977 74 11 V\u00e4lkomna!","og_url":"https:\/\/wp.kristdemokraterna.se\/eskilstuna\/","og_site_name":"KRISTDEMOKRATERNA I ESKILSTUNA","article_modified_time":"2024-12-05T13:35:11+00:00","og_image":[{"width":1080,"height":1080,"url":"https:\/\/wp.kristdemokraterna.se\/eskilstuna\/files\/2024\/12\/kd-pa-stan.jpg","type":"image\/jpeg"}],"twitter_card":"summary_large_image","twitter_misc":{"Ber\u00e4knad l\u00e4stid":"1 minut"},"schema":{"@context":"https:\/\/schema.org","@graph":[{"@type":"WebPage","@id":"https:\/\/wp.kristdemokraterna.se\/eskilstuna\/","url":"https:\/\/wp.kristdemokraterna.se\/eskilstuna\/","name":"KD p\u00e5 stan! Kampanj p\u00e5 Fristadstorget den 13 december 2024 - KRISTDEMOKRATERNA I ESKILSTUNA","isPartOf":{"@id":"https:\/\/wp.kristdemokraterna.se\/eskilstuna\/#website"},"primaryImageOfPage":{"@id":"https:\/\/wp.kristdemokraterna.se\/eskilstuna\/#primaryimage"},"image":{"@id":"https:\/\/wp.kristdemokraterna.se\/eskilstuna\/#primaryimage"},"thumbnailUrl":"http:\/\/wp.kristdemokraterna.se\/eskilstuna\/files\/2024\/12\/kd-pa-stan-300x300.jpg","datePublished":"2017-11-29T15:47:40+00:00","dateModified":"2024-12-05T13:35:11+00:00","breadcrumb":{"@id":"https:\/\/wp.kristdemokraterna.se\/eskilstuna\/#breadcrumb"},"inLanguage":"sv-SE","potentialAction":[{"@type":"ReadAction","target":["https:\/\/wp.kristdemokraterna.se\/eskilstuna\/"]}]},{"@type":"ImageObject","inLanguage":"sv-SE","@id":"https:\/\/wp.kristdemokraterna.se\/eskilstuna\/#primaryimage","url":"https:\/\/wp.kristdemokraterna.se\/eskilstuna\/files\/2024\/12\/kd-pa-stan.jpg","contentUrl":"https:\/\/wp.kristdemokraterna.se\/eskilstuna\/files\/2024\/12\/kd-pa-stan.jpg","width":1080,"height":1080},{"@type":"BreadcrumbList","@id":"https:\/\/wp.kristdemokraterna.se\/eskilstuna\/#breadcrumb","itemListElement":[{"@type":"ListItem","position":1,"name":"Hem","item":"https:\/\/wp.kristdemokraterna.se\/eskilstuna\/"},{"@type":"ListItem","position":2,"name":"KD p\u00e5 stan! Kampanj p\u00e5 Fristadstorget den 13 december 2024"}]},{"@type":"WebSite","@id":"https:\/\/wp.kristdemokraterna.se\/eskilstuna\/#website","url":"https:\/\/wp.kristdemokraterna.se\/eskilstuna\/","name":"KRISTDEMOKRATERNA I ESKILSTUNA","description":"En till Kristdemokraterna webbplats","inLanguage":"sv-SE"}]}},"_links":{"self":[{"href":"https:\/\/wp.kristdemokraterna.se\/eskilstuna\/wp-json\/wp\/v2\/pages\/265","targetHints":{"allow":["GET"]}}],"collection":[{"href":"https:\/\/wp.kristdemokraterna.se\/eskilstuna\/wp-json\/wp\/v2\/pages"}],"about":[{"href":"https:\/\/wp.kristdemokraterna.se\/eskilstuna\/wp-json\/wp\/v2\/types\/page"}],"author":[{"embeddable":true,"href":"https:\/\/wp.kristdemokraterna.se\/eskilstuna\/wp-json\/wp\/v2\/users\/504"}],"replies":[{"embeddable":true,"href":"https:\/\/wp.kristdemokraterna.se\/eskilstuna\/wp-json\/wp\/v2\/comments?post=265"}],"version-history":[{"count":64,"href":"https:\/\/wp.kristdemokraterna.se\/eskilstuna\/wp-json\/wp\/v2\/pages\/265\/revisions"}],"predecessor-version":[{"id":672,"href":"https:\/\/wp.kristdemokraterna.se\/eskilstuna\/wp-json\/wp\/v2\/pages\/265\/revisions\/672"}],"wp:attachment":[{"href":"https:\/\/wp.kristdemokraterna.se\/eskilstuna\/wp-json\/wp\/v2\/media?parent=265"}],"curies":[{"name":"wp","href":"https:\/\/api.w.org\/{rel}","templated":true}]}}