{"id":361,"date":"2017-12-04T16:09:00","date_gmt":"2017-12-04T15:09:00","guid":{"rendered":"http:\/\/wp.kristdemokraterna.se\/eskilstuna\/?page_id=361"},"modified":"2026-03-25T08:50:52","modified_gmt":"2026-03-25T07:50:52","slug":"styrelse","status":"publish","type":"page","link":"https:\/\/wp.kristdemokraterna.se\/eskilstuna\/textsida-med-vanster-sidebar\/styrelse\/","title":{"rendered":"Styrelsen"},"content":{"rendered":"<p><em><strong>H\u00e4r \u00e4r styrelsen f\u00f6r Kristdemokraterna i Eskilstuna 2026<\/strong><\/em><\/p>\n<p><strong>Richard Eklund<\/strong>, ordf\u00f6rande<br \/>\nMobil: 070-617 77 16<br \/>\nE-post: richard.eklund@kristdemokraterna.se<\/p>\n<p><strong>Tony Meshko,<\/strong>\u00a0vice ordf\u00f6rande<br \/>\nMobil: 073-972 62 61<br \/>\nE-post: tony.meshko@kristdemokraterna.se<\/p>\n<p><strong>Kristina Gillberg<\/strong>, kass\u00f6r<br \/>\nMobil: 070-290 15 35<br \/>\nE-post: kristina.gillberg@kristdemokraterna.se<\/p>\n<p><strong>Paul Sabo<\/strong>, ledamot<br \/>\nMobil: 070-410 41 04<br \/>\nE-post: paul.sabo@eskilstuna.se<\/p>\n<p><strong>Susanne Henning Aihonen<\/strong>, ledamot<br \/>\nMobil: 070-796 96 81<br \/>\nE-post: susanne.aihonen@kristdemokraterna.se<\/p>\n<p><strong>Maria Knall<\/strong>, ers\u00e4ttare<br \/>\nMobil:<br \/>\nE-post:<\/p>\n<p><strong>Bo Hellmark<\/strong>, ers\u00e4ttare<br \/>\nMobil: 072-281 86 22<br \/>\nE-post: bo.hellmark@eskilstuna.se<\/p>\n<p><strong>Fredrik Wernqvist<\/strong>, ledamot<br \/>\nMobil: 073-4031368<br \/>\nE-post: fredrik.wernqvist@kristdemokraterna.se<\/p>\n<p><strong>Johan Bergqvist,<\/strong> Valledare<\/p>\n<p>&nbsp;<\/p>\n<p><strong>Joakim Widell,<\/strong> adjungerad sekreterare<br \/>\nE-post: <a href=\"mailto:susanne.aihonen@eskilstuna.se\">joakim.widell@eskilstuna.se<\/a><br \/>\nMobil: 072-977 74 11<br \/>\nKontor: 016-10 51 31<\/p>\n","protected":false},"excerpt":{"rendered":"<p>H\u00e4r \u00e4r styrelsen f\u00f6r Kristdemokraterna i Eskilstuna 2026 Richard Eklund, ordf\u00f6rande Mobil: 070-617 77 16 E-post: richard.eklund@kristdemokraterna.se Tony Meshko,\u00a0vice ordf\u00f6rande Mobil: 073-972 62 61 E-post: tony.meshko@kristdemokraterna.se Kristina Gillberg, kass\u00f6r Mobil: 070-290 15 35 E-post: kristina.gillberg@kristdemokraterna.se Paul Sabo, ledamot Mobil: 070-410 41 04 E-post: paul.sabo@eskilstuna.se Susanne Henning Aihonen, ledamot Mobil: 070-796 96 81 E-post: susanne.aihonen@kristdemokraterna.se Maria <a class=\"read-more-link\" href=\"https:\/\/wp.kristdemokraterna.se\/eskilstuna\/textsida-med-vanster-sidebar\/styrelse\/\">L\u00e4s mer<\/a><\/p>\n","protected":false},"author":504,"featured_media":0,"parent":269,"menu_order":0,"comment_status":"closed","ping_status":"closed","template":"page.php","meta":{"_acf_changed":false,"footnotes":""},"class_list":["post-361","page","type-page","status-publish","hentry"],"acf":[],"yoast_head":"<!-- This site is optimized with the Yoast SEO plugin v27.3 - https:\/\/yoast.com\/product\/yoast-seo-wordpress\/ -->\n<title>Styrelsen - KRISTDEMOKRATERNA I ESKILSTUNA<\/title>\n<meta name=\"robots\" content=\"index, follow, max-snippet:-1, max-image-preview:large, max-video-preview:-1\" \/>\n<link rel=\"canonical\" href=\"https:\/\/wp.kristdemokraterna.se\/eskilstuna\/textsida-med-vanster-sidebar\/styrelse\/\" \/>\n<meta property=\"og:locale\" content=\"sv_SE\" \/>\n<meta property=\"og:type\" content=\"article\" \/>\n<meta property=\"og:title\" content=\"Styrelsen - KRISTDEMOKRATERNA I ESKILSTUNA\" \/>\n<meta property=\"og:description\" content=\"H\u00e4r \u00e4r styrelsen f\u00f6r Kristdemokraterna i Eskilstuna 2026 Richard Eklund, ordf\u00f6rande Mobil: 070-617 77 16 E-post: richard.eklund@kristdemokraterna.se Tony Meshko,\u00a0vice ordf\u00f6rande Mobil: 073-972 62 61 E-post: tony.meshko@kristdemokraterna.se Kristina Gillberg, kass\u00f6r Mobil: 070-290 15 35 E-post: kristina.gillberg@kristdemokraterna.se Paul Sabo, ledamot Mobil: 070-410 41 04 E-post: paul.sabo@eskilstuna.se Susanne Henning Aihonen, ledamot Mobil: 070-796 96 81 E-post: susanne.aihonen@kristdemokraterna.se Maria L\u00e4s mer\" \/>\n<meta property=\"og:url\" content=\"https:\/\/wp.kristdemokraterna.se\/eskilstuna\/textsida-med-vanster-sidebar\/styrelse\/\" \/>\n<meta property=\"og:site_name\" content=\"KRISTDEMOKRATERNA I ESKILSTUNA\" \/>\n<meta property=\"article:modified_time\" content=\"2026-03-25T07:50:52+00:00\" \/>\n<meta name=\"twitter:card\" content=\"summary_large_image\" \/>\n<meta name=\"twitter:label1\" content=\"Ber\u00e4knad l\u00e4stid\" \/>\n\t<meta name=\"twitter:data1\" content=\"1 minut\" \/>\n<script type=\"application\/ld+json\" class=\"yoast-schema-graph\">{\"@context\":\"https:\\\/\\\/schema.org\",\"@graph\":[{\"@type\":\"WebPage\",\"@id\":\"https:\\\/\\\/wp.kristdemokraterna.se\\\/eskilstuna\\\/textsida-med-vanster-sidebar\\\/styrelse\\\/\",\"url\":\"https:\\\/\\\/wp.kristdemokraterna.se\\\/eskilstuna\\\/textsida-med-vanster-sidebar\\\/styrelse\\\/\",\"name\":\"Styrelsen - KRISTDEMOKRATERNA I ESKILSTUNA\",\"isPartOf\":{\"@id\":\"https:\\\/\\\/wp.kristdemokraterna.se\\\/eskilstuna\\\/#website\"},\"datePublished\":\"2017-12-04T15:09:00+00:00\",\"dateModified\":\"2026-03-25T07:50:52+00:00\",\"breadcrumb\":{\"@id\":\"https:\\\/\\\/wp.kristdemokraterna.se\\\/eskilstuna\\\/textsida-med-vanster-sidebar\\\/styrelse\\\/#breadcrumb\"},\"inLanguage\":\"sv-SE\",\"potentialAction\":[{\"@type\":\"ReadAction\",\"target\":[\"https:\\\/\\\/wp.kristdemokraterna.se\\\/eskilstuna\\\/textsida-med-vanster-sidebar\\\/styrelse\\\/\"]}]},{\"@type\":\"BreadcrumbList\",\"@id\":\"https:\\\/\\\/wp.kristdemokraterna.se\\\/eskilstuna\\\/textsida-med-vanster-sidebar\\\/styrelse\\\/#breadcrumb\",\"itemListElement\":[{\"@type\":\"ListItem\",\"position\":1,\"name\":\"Hem\",\"item\":\"https:\\\/\\\/wp.kristdemokraterna.se\\\/eskilstuna\\\/\"},{\"@type\":\"ListItem\",\"position\":2,\"name\":\"V\u00e5r partiavdelning\",\"item\":\"https:\\\/\\\/wp.kristdemokraterna.se\\\/eskilstuna\\\/textsida-med-vanster-sidebar\\\/\"},{\"@type\":\"ListItem\",\"position\":3,\"name\":\"Styrelsen\"}]},{\"@type\":\"WebSite\",\"@id\":\"https:\\\/\\\/wp.kristdemokraterna.se\\\/eskilstuna\\\/#website\",\"url\":\"https:\\\/\\\/wp.kristdemokraterna.se\\\/eskilstuna\\\/\",\"name\":\"KRISTDEMOKRATERNA I ESKILSTUNA\",\"description\":\"En till Kristdemokraterna webbplats\",\"inLanguage\":\"sv-SE\"}]}<\/script>\n<!-- \/ Yoast SEO plugin. -->","yoast_head_json":{"title":"Styrelsen - KRISTDEMOKRATERNA I ESKILSTUNA","robots":{"index":"index","follow":"follow","max-snippet":"max-snippet:-1","max-image-preview":"max-image-preview:large","max-video-preview":"max-video-preview:-1"},"canonical":"https:\/\/wp.kristdemokraterna.se\/eskilstuna\/textsida-med-vanster-sidebar\/styrelse\/","og_locale":"sv_SE","og_type":"article","og_title":"Styrelsen - KRISTDEMOKRATERNA I ESKILSTUNA","og_description":"H\u00e4r \u00e4r styrelsen f\u00f6r Kristdemokraterna i Eskilstuna 2026 Richard Eklund, ordf\u00f6rande Mobil: 070-617 77 16 E-post: richard.eklund@kristdemokraterna.se Tony Meshko,\u00a0vice ordf\u00f6rande Mobil: 073-972 62 61 E-post: tony.meshko@kristdemokraterna.se Kristina Gillberg, kass\u00f6r Mobil: 070-290 15 35 E-post: kristina.gillberg@kristdemokraterna.se Paul Sabo, ledamot Mobil: 070-410 41 04 E-post: paul.sabo@eskilstuna.se Susanne Henning Aihonen, ledamot Mobil: 070-796 96 81 E-post: susanne.aihonen@kristdemokraterna.se Maria L\u00e4s mer","og_url":"https:\/\/wp.kristdemokraterna.se\/eskilstuna\/textsida-med-vanster-sidebar\/styrelse\/","og_site_name":"KRISTDEMOKRATERNA I ESKILSTUNA","article_modified_time":"2026-03-25T07:50:52+00:00","twitter_card":"summary_large_image","twitter_misc":{"Ber\u00e4knad l\u00e4stid":"1 minut"},"schema":{"@context":"https:\/\/schema.org","@graph":[{"@type":"WebPage","@id":"https:\/\/wp.kristdemokraterna.se\/eskilstuna\/textsida-med-vanster-sidebar\/styrelse\/","url":"https:\/\/wp.kristdemokraterna.se\/eskilstuna\/textsida-med-vanster-sidebar\/styrelse\/","name":"Styrelsen - KRISTDEMOKRATERNA I ESKILSTUNA","isPartOf":{"@id":"https:\/\/wp.kristdemokraterna.se\/eskilstuna\/#website"},"datePublished":"2017-12-04T15:09:00+00:00","dateModified":"2026-03-25T07:50:52+00:00","breadcrumb":{"@id":"https:\/\/wp.kristdemokraterna.se\/eskilstuna\/textsida-med-vanster-sidebar\/styrelse\/#breadcrumb"},"inLanguage":"sv-SE","potentialAction":[{"@type":"ReadAction","target":["https:\/\/wp.kristdemokraterna.se\/eskilstuna\/textsida-med-vanster-sidebar\/styrelse\/"]}]},{"@type":"BreadcrumbList","@id":"https:\/\/wp.kristdemokraterna.se\/eskilstuna\/textsida-med-vanster-sidebar\/styrelse\/#breadcrumb","itemListElement":[{"@type":"ListItem","position":1,"name":"Hem","item":"https:\/\/wp.kristdemokraterna.se\/eskilstuna\/"},{"@type":"ListItem","position":2,"name":"V\u00e5r partiavdelning","item":"https:\/\/wp.kristdemokraterna.se\/eskilstuna\/textsida-med-vanster-sidebar\/"},{"@type":"ListItem","position":3,"name":"Styrelsen"}]},{"@type":"WebSite","@id":"https:\/\/wp.kristdemokraterna.se\/eskilstuna\/#website","url":"https:\/\/wp.kristdemokraterna.se\/eskilstuna\/","name":"KRISTDEMOKRATERNA I ESKILSTUNA","description":"En till Kristdemokraterna webbplats","inLanguage":"sv-SE"}]}},"_links":{"self":[{"href":"https:\/\/wp.kristdemokraterna.se\/eskilstuna\/wp-json\/wp\/v2\/pages\/361","targetHints":{"allow":["GET"]}}],"collection":[{"href":"https:\/\/wp.kristdemokraterna.se\/eskilstuna\/wp-json\/wp\/v2\/pages"}],"about":[{"href":"https:\/\/wp.kristdemokraterna.se\/eskilstuna\/wp-json\/wp\/v2\/types\/page"}],"author":[{"embeddable":true,"href":"https:\/\/wp.kristdemokraterna.se\/eskilstuna\/wp-json\/wp\/v2\/users\/504"}],"replies":[{"embeddable":true,"href":"https:\/\/wp.kristdemokraterna.se\/eskilstuna\/wp-json\/wp\/v2\/comments?post=361"}],"version-history":[{"count":22,"href":"https:\/\/wp.kristdemokraterna.se\/eskilstuna\/wp-json\/wp\/v2\/pages\/361\/revisions"}],"predecessor-version":[{"id":674,"href":"https:\/\/wp.kristdemokraterna.se\/eskilstuna\/wp-json\/wp\/v2\/pages\/361\/revisions\/674"}],"up":[{"embeddable":true,"href":"https:\/\/wp.kristdemokraterna.se\/eskilstuna\/wp-json\/wp\/v2\/pages\/269"}],"wp:attachment":[{"href":"https:\/\/wp.kristdemokraterna.se\/eskilstuna\/wp-json\/wp\/v2\/media?parent=361"}],"curies":[{"name":"wp","href":"https:\/\/api.w.org\/{rel}","templated":true}]}}