{"id":363,"date":"2017-12-04T16:11:27","date_gmt":"2017-12-04T15:11:27","guid":{"rendered":"http:\/\/wp.kristdemokraterna.se\/eskilstuna\/?page_id=363"},"modified":"2024-03-19T14:49:34","modified_gmt":"2024-03-19T13:49:34","slug":"kontakta-oss-2","status":"publish","type":"page","link":"https:\/\/wp.kristdemokraterna.se\/eskilstuna\/textsida-med-vanster-sidebar\/kontakta-oss-2\/","title":{"rendered":"Kontakta oss"},"content":{"rendered":"<p>Har du n\u00e5gra fr\u00e5gor, eller vill engagera dig? Tveka inte att h\u00f6ra av dig till n\u00e5gon av personerna nedan!<\/p>\n<p><strong>Tony Meshko<\/strong>, ordf\u00f6rande<br \/>\nE-post: tony.meshko@gmail.com<br \/>\nMobil: 076-050 55 16<\/p>\n<p><strong>Joakim Widell <\/strong><em>Politisk sekreterare<\/em><br \/>\nE-post: <a href=\"mailto:susanne.aihonen@eskilstuna.se\">joakim.widell@eskilstuna.se<\/a><br \/>\nMobil: 072-977 74 11<br \/>\nKontor: 016-10 51 31<\/p>\n<p>&nbsp;<\/p>\n<p>&nbsp;<\/p>\n<p>&nbsp;<\/p>\n","protected":false},"excerpt":{"rendered":"<p>Har du n\u00e5gra fr\u00e5gor, eller vill engagera dig? Tveka inte att h\u00f6ra av dig till n\u00e5gon av personerna nedan! Tony Meshko, ordf\u00f6rande E-post: tony.meshko@gmail.com Mobil: 076-050 55 16 Joakim Widell Politisk sekreterare E-post: joakim.widell@eskilstuna.se Mobil: 072-977 74 11 Kontor: 016-10 51 31 &nbsp; &nbsp; &nbsp;<\/p>\n","protected":false},"author":504,"featured_media":0,"parent":269,"menu_order":0,"comment_status":"closed","ping_status":"closed","template":"page.php","meta":{"_acf_changed":false,"footnotes":""},"class_list":["post-363","page","type-page","status-publish","hentry"],"acf":[],"yoast_head":"<!-- This site is optimized with the Yoast SEO plugin v27.5 - https:\/\/yoast.com\/product\/yoast-seo-wordpress\/ -->\n<title>Kontakta oss - KRISTDEMOKRATERNA I ESKILSTUNA<\/title>\n<meta name=\"robots\" content=\"index, follow, max-snippet:-1, max-image-preview:large, max-video-preview:-1\" \/>\n<link rel=\"canonical\" href=\"https:\/\/wp.kristdemokraterna.se\/eskilstuna\/textsida-med-vanster-sidebar\/kontakta-oss-2\/\" \/>\n<meta property=\"og:locale\" content=\"sv_SE\" \/>\n<meta property=\"og:type\" content=\"article\" \/>\n<meta property=\"og:title\" content=\"Kontakta oss - KRISTDEMOKRATERNA I ESKILSTUNA\" \/>\n<meta property=\"og:description\" content=\"Har du n\u00e5gra fr\u00e5gor, eller vill engagera dig? Tveka inte att h\u00f6ra av dig till n\u00e5gon av personerna nedan! Tony Meshko, ordf\u00f6rande E-post: tony.meshko@gmail.com Mobil: 076-050 55 16 Joakim Widell Politisk sekreterare E-post: joakim.widell@eskilstuna.se Mobil: 072-977 74 11 Kontor: 016-10 51 31 &nbsp; &nbsp; &nbsp;\" \/>\n<meta property=\"og:url\" content=\"https:\/\/wp.kristdemokraterna.se\/eskilstuna\/textsida-med-vanster-sidebar\/kontakta-oss-2\/\" \/>\n<meta property=\"og:site_name\" content=\"KRISTDEMOKRATERNA I ESKILSTUNA\" \/>\n<meta property=\"article:modified_time\" content=\"2024-03-19T13:49:34+00:00\" \/>\n<meta name=\"twitter:card\" content=\"summary_large_image\" \/>\n<meta name=\"twitter:label1\" content=\"Ber\u00e4knad l\u00e4stid\" \/>\n\t<meta name=\"twitter:data1\" content=\"1 minut\" \/>\n<script type=\"application\/ld+json\" class=\"yoast-schema-graph\">{\"@context\":\"https:\\\/\\\/schema.org\",\"@graph\":[{\"@type\":\"WebPage\",\"@id\":\"https:\\\/\\\/wp.kristdemokraterna.se\\\/eskilstuna\\\/textsida-med-vanster-sidebar\\\/kontakta-oss-2\\\/\",\"url\":\"https:\\\/\\\/wp.kristdemokraterna.se\\\/eskilstuna\\\/textsida-med-vanster-sidebar\\\/kontakta-oss-2\\\/\",\"name\":\"Kontakta oss - KRISTDEMOKRATERNA I ESKILSTUNA\",\"isPartOf\":{\"@id\":\"https:\\\/\\\/wp.kristdemokraterna.se\\\/eskilstuna\\\/#website\"},\"datePublished\":\"2017-12-04T15:11:27+00:00\",\"dateModified\":\"2024-03-19T13:49:34+00:00\",\"breadcrumb\":{\"@id\":\"https:\\\/\\\/wp.kristdemokraterna.se\\\/eskilstuna\\\/textsida-med-vanster-sidebar\\\/kontakta-oss-2\\\/#breadcrumb\"},\"inLanguage\":\"sv-SE\",\"potentialAction\":[{\"@type\":\"ReadAction\",\"target\":[\"https:\\\/\\\/wp.kristdemokraterna.se\\\/eskilstuna\\\/textsida-med-vanster-sidebar\\\/kontakta-oss-2\\\/\"]}]},{\"@type\":\"BreadcrumbList\",\"@id\":\"https:\\\/\\\/wp.kristdemokraterna.se\\\/eskilstuna\\\/textsida-med-vanster-sidebar\\\/kontakta-oss-2\\\/#breadcrumb\",\"itemListElement\":[{\"@type\":\"ListItem\",\"position\":1,\"name\":\"Hem\",\"item\":\"https:\\\/\\\/wp.kristdemokraterna.se\\\/eskilstuna\\\/\"},{\"@type\":\"ListItem\",\"position\":2,\"name\":\"V\u00e5r partiavdelning\",\"item\":\"https:\\\/\\\/wp.kristdemokraterna.se\\\/eskilstuna\\\/textsida-med-vanster-sidebar\\\/\"},{\"@type\":\"ListItem\",\"position\":3,\"name\":\"Kontakta oss\"}]},{\"@type\":\"WebSite\",\"@id\":\"https:\\\/\\\/wp.kristdemokraterna.se\\\/eskilstuna\\\/#website\",\"url\":\"https:\\\/\\\/wp.kristdemokraterna.se\\\/eskilstuna\\\/\",\"name\":\"KRISTDEMOKRATERNA I ESKILSTUNA\",\"description\":\"En till Kristdemokraterna webbplats\",\"inLanguage\":\"sv-SE\"}]}<\/script>\n<!-- \/ Yoast SEO plugin. -->","yoast_head_json":{"title":"Kontakta oss - KRISTDEMOKRATERNA I ESKILSTUNA","robots":{"index":"index","follow":"follow","max-snippet":"max-snippet:-1","max-image-preview":"max-image-preview:large","max-video-preview":"max-video-preview:-1"},"canonical":"https:\/\/wp.kristdemokraterna.se\/eskilstuna\/textsida-med-vanster-sidebar\/kontakta-oss-2\/","og_locale":"sv_SE","og_type":"article","og_title":"Kontakta oss - KRISTDEMOKRATERNA I ESKILSTUNA","og_description":"Har du n\u00e5gra fr\u00e5gor, eller vill engagera dig? Tveka inte att h\u00f6ra av dig till n\u00e5gon av personerna nedan! Tony Meshko, ordf\u00f6rande E-post: tony.meshko@gmail.com Mobil: 076-050 55 16 Joakim Widell Politisk sekreterare E-post: joakim.widell@eskilstuna.se Mobil: 072-977 74 11 Kontor: 016-10 51 31 &nbsp; &nbsp; &nbsp;","og_url":"https:\/\/wp.kristdemokraterna.se\/eskilstuna\/textsida-med-vanster-sidebar\/kontakta-oss-2\/","og_site_name":"KRISTDEMOKRATERNA I ESKILSTUNA","article_modified_time":"2024-03-19T13:49:34+00:00","twitter_card":"summary_large_image","twitter_misc":{"Ber\u00e4knad l\u00e4stid":"1 minut"},"schema":{"@context":"https:\/\/schema.org","@graph":[{"@type":"WebPage","@id":"https:\/\/wp.kristdemokraterna.se\/eskilstuna\/textsida-med-vanster-sidebar\/kontakta-oss-2\/","url":"https:\/\/wp.kristdemokraterna.se\/eskilstuna\/textsida-med-vanster-sidebar\/kontakta-oss-2\/","name":"Kontakta oss - KRISTDEMOKRATERNA I ESKILSTUNA","isPartOf":{"@id":"https:\/\/wp.kristdemokraterna.se\/eskilstuna\/#website"},"datePublished":"2017-12-04T15:11:27+00:00","dateModified":"2024-03-19T13:49:34+00:00","breadcrumb":{"@id":"https:\/\/wp.kristdemokraterna.se\/eskilstuna\/textsida-med-vanster-sidebar\/kontakta-oss-2\/#breadcrumb"},"inLanguage":"sv-SE","potentialAction":[{"@type":"ReadAction","target":["https:\/\/wp.kristdemokraterna.se\/eskilstuna\/textsida-med-vanster-sidebar\/kontakta-oss-2\/"]}]},{"@type":"BreadcrumbList","@id":"https:\/\/wp.kristdemokraterna.se\/eskilstuna\/textsida-med-vanster-sidebar\/kontakta-oss-2\/#breadcrumb","itemListElement":[{"@type":"ListItem","position":1,"name":"Hem","item":"https:\/\/wp.kristdemokraterna.se\/eskilstuna\/"},{"@type":"ListItem","position":2,"name":"V\u00e5r partiavdelning","item":"https:\/\/wp.kristdemokraterna.se\/eskilstuna\/textsida-med-vanster-sidebar\/"},{"@type":"ListItem","position":3,"name":"Kontakta oss"}]},{"@type":"WebSite","@id":"https:\/\/wp.kristdemokraterna.se\/eskilstuna\/#website","url":"https:\/\/wp.kristdemokraterna.se\/eskilstuna\/","name":"KRISTDEMOKRATERNA I ESKILSTUNA","description":"En till Kristdemokraterna webbplats","inLanguage":"sv-SE"}]}},"_links":{"self":[{"href":"https:\/\/wp.kristdemokraterna.se\/eskilstuna\/wp-json\/wp\/v2\/pages\/363","targetHints":{"allow":["GET"]}}],"collection":[{"href":"https:\/\/wp.kristdemokraterna.se\/eskilstuna\/wp-json\/wp\/v2\/pages"}],"about":[{"href":"https:\/\/wp.kristdemokraterna.se\/eskilstuna\/wp-json\/wp\/v2\/types\/page"}],"author":[{"embeddable":true,"href":"https:\/\/wp.kristdemokraterna.se\/eskilstuna\/wp-json\/wp\/v2\/users\/504"}],"replies":[{"embeddable":true,"href":"https:\/\/wp.kristdemokraterna.se\/eskilstuna\/wp-json\/wp\/v2\/comments?post=363"}],"version-history":[{"count":14,"href":"https:\/\/wp.kristdemokraterna.se\/eskilstuna\/wp-json\/wp\/v2\/pages\/363\/revisions"}],"predecessor-version":[{"id":663,"href":"https:\/\/wp.kristdemokraterna.se\/eskilstuna\/wp-json\/wp\/v2\/pages\/363\/revisions\/663"}],"up":[{"embeddable":true,"href":"https:\/\/wp.kristdemokraterna.se\/eskilstuna\/wp-json\/wp\/v2\/pages\/269"}],"wp:attachment":[{"href":"https:\/\/wp.kristdemokraterna.se\/eskilstuna\/wp-json\/wp\/v2\/media?parent=363"}],"curies":[{"name":"wp","href":"https:\/\/api.w.org\/{rel}","templated":true}]}}