{"id":373,"date":"2017-12-04T16:47:18","date_gmt":"2017-12-04T15:47:18","guid":{"rendered":"https:\/\/wp.kristdemokraterna.se\/falun\/?page_id=373"},"modified":"2022-04-27T21:20:30","modified_gmt":"2022-04-27T19:20:30","slug":"var-politik-i-kommunen","status":"publish","type":"page","link":"https:\/\/wp.kristdemokraterna.se\/falun\/textsida-fullbredd\/var-politik-i-kommunen\/","title":{"rendered":"V\u00e5r politik i kommunen"},"content":{"rendered":"<p><strong>V\u00e5ra f\u00f6rslag f\u00f6r en tryggare och l\u00e5ngsiktigt h\u00e5llbar kommun<\/strong><\/p>\n<p>&#8211; Kommunen ska planera f\u00f6r mer sm\u00e5husbebyggelse, \u00e4ven p\u00e5 landsbygden. Den f\u00f6rdjupande<br \/>\n\u00f6versiktsplanen beh\u00f6ver utvecklas med syfte att m\u00f6jligg\u00f6ra en ut\u00f6kad bebyggelse.<br \/>\n&#8211; Upplysta lekplatser ska finnas i alla kommundelar, tillsammans med t ex utegym och allaktivitetsplan s\u00e5<br \/>\nhela familjer kan samlas i olika \u00e5ldrar. Viktigt att tillse parkeringsplatser och toaletter.<br \/>\n&#8211; Kommunen skall skapa s\u00e4kra g\u00e5ng- och cykelv\u00e4gar i hela kommunen. Ut\u00f6ver det beh\u00f6ver<br \/>\nparkeringsl\u00f6sningar ses \u00f6ver i anslutning till serviceplatser och kommunikationer.<br \/>\n&#8211; Tillg\u00e4nglighetsanpassa centrum genom att asfaltera ca 1,5 meter bred g\u00e5ngv\u00e4g mellan knutpunkten-Kung<br \/>\nGustav Torg och med sittplatser l\u00e4ngs g\u00e5ngv\u00e4gen<br \/>\n&#8211; Den som har ett enskilt avlopp som uppfyller g\u00e4llande milj\u00f6- och h\u00e4lsokrav ska i normalfallet inte kunna<br \/>\np\u00e5tvingas ett kommunalt avlopp. Det ska vara omv\u00e4nd bevisb\u00f6rda f\u00f6r myndigheter gentemot<br \/>\nprivatpersoner med enskilda avlopp, det vill s\u00e4ga att myndigheten ska visa att det sker utsl\u00e4pp i otill\u00e5ten<br \/>\nomfattning f\u00f6r att de ska kunna \u00e5l\u00e4gga \u00e4garen att \u00e4ndra sitt avlopp.<br \/>\n&#8211; Kommunala anl\u00e4ggningar s\u00e5som idrottshallar och skolor ska vara tillg\u00e4ngliga f\u00f6r f\u00f6reningslivet. Avgifterna<br \/>\nb\u00f6r differentieras med fokus p\u00e5 unga respektive seniorer. F\u00f6reningar ska \u00e4ven erbjudas att sj\u00e4lva driva<br \/>\nanl\u00e4ggningar d\u00e4r s\u00e5 \u00e4r m\u00f6jligt.<br \/>\n&#8211; \u201dBostad f\u00f6rst&amp;quot;-modellen ska inf\u00f6ras i kommunens arbete mot heml\u00f6shet. Likas\u00e5 ska en &amp;quot;Tak \u00f6ver huvudet-<br \/>\ngaranti&amp;quot; inf\u00f6ras. Samverkan med andra kommuner skall ske f\u00f6r att snabbast m\u00f6jligt l\u00f6sa situationen f\u00f6r<br \/>\nden som beh\u00f6ver det. Vid nyproduktion ska en viss andel av l\u00e4genheterna avs\u00e4ttas f\u00f6r sociala bost\u00e4der.<br \/>\n&#8211; Kommunen ska arbeta med konceptet platssamverkan d\u00e4r man tillsammans med fastighets\u00e4garna bygger<br \/>\nbort otryggheten. Klotter ska omedelbart avl\u00e4gsnas f\u00f6r att minska upplevelsen av otrygghet. Vi ska arbeta<br \/>\nf\u00f6r fler trygghetskameror f\u00f6r att dels f\u00f6rebygga kriminalitet, dels f\u00f6r att l\u00e4ttare s\u00e4kra bevis n\u00e4r n\u00e5got h\u00e4nt.<br \/>\n&#8211; Svenskundervisning och SFI skall vara tillg\u00e4nglig direkt man anl\u00e4nder till kommunen, d\u00e5 skapar vi<br \/>\ninkludering och tar tillvara p\u00e5 alla m\u00e4nniskor som en resurs i v\u00e5rt samh\u00e4lle. Det b\u00f6r tas upp fr\u00e5gor g\u00e4llande<br \/>\nreligion, kultur, j\u00e4mst\u00e4lldhet, likabehandling, kvinnors och barns r\u00e4ttigheter. SFI ska erbjudas \u00e4ven under<br \/>\nf\u00f6r\u00e4ldraledighet, exempelvis genom \u201dSFI med barn\u201d.<\/p>\n<p><strong>V\u00e5ra f\u00f6rslag f\u00f6r en tryggare familjepolitik<\/strong><\/p>\n<p>&#8211; F\u00f6rskolepersonalen ska kunna k\u00e4nna sig trygg p\u00e5 att de har goda f\u00f6ruts\u00e4ttningar f\u00f6r att utf\u00f6ra sitt arbete,<br \/>\noch f\u00f6r\u00e4ldrarna ska k\u00e4nna sig trygga med att kvaliteten hos f\u00f6rskolan \u00e4r h\u00f6g, och att barnens b\u00e4sta \u00e4r i<br \/>\ncentrum. KD \u00f6nskar s\u00e4tta Ett tak g\u00e4llande barngruppernas storlek i f\u00f6rskolan, om h\u00f6gst 12 barn.<br \/>\n&#8211; Fritidsg\u00e5rdarna skall \u00e5ter\u00f6ppnas och utvecklas p\u00e5 plats. Satsningen p\u00e5 mobila team och aktiviteter inom<br \/>\nfritidsg\u00e5rdsverksamheten \u00e4r bra, men beh\u00f6ver kompletteras med fasta lokaler d\u00e4r barnen och<br \/>\nungdomarna kan g\u00e5 f\u00f6r att finna en trygg plats, tr\u00e4ffa trygga vuxna, sina v\u00e4nner och bygga gemenskap.<br \/>\nSatsningar p\u00e5 alternativa ungdomsaktiviteter och m\u00f6tesplatser skall st\u00f6djas och informeras om p\u00e5<br \/>\nkommunens hemsida f\u00f6r att n\u00e5 mesta m\u00f6jliga deltagare.<br \/>\n&#8211; Skolsk\u00f6terska, skoll\u00e4kare, kuratorer och skolpsykologer beh\u00f6ver finnas ute i verksamheterna men \u00e4ven<br \/>\nvara tillg\u00e4ngliga f\u00f6r alla elever i kommunen p\u00e5 likv\u00e4rdiga villkor. Den som beh\u00f6ver hj\u00e4lp ska inte beh\u00f6va<br \/>\nv\u00e4nta i dagar eller veckor. Det kr\u00e4vs snabba insatser n\u00e4r en elev s\u00f6ker hj\u00e4lp och st\u00f6d. Vi vill inf\u00f6ra en<br \/>\nelevh\u00e4lsogaranti som inneb\u00e4r att en elev skall kunna komma i kontakt med elevh\u00e4lsan inom ett dygn.<br \/>\n&#8211; Vi vill att kommunen ska erbjuda tv\u00e5 f\u00f6r\u00e4ldrast\u00f6dsprogram under barnets uppv\u00e4xt; ett n\u00e4r barnet \u00e4r<br \/>\nmindre och ett n\u00e4r barnet \u00e4r i ton\u00e5ren. Vi vill att kommunen skall ta ansvaret f\u00f6r f\u00f6r\u00e4ldrast\u00f6dsprogram<br \/>\nmen att det skall ske i skolans milj\u00f6. Detta f\u00f6r att s\u00e4nka tr\u00f6sklarna f\u00f6r f\u00f6r\u00e4ldrar att delta och att \u00f6ka<br \/>\nf\u00f6rv\u00e4ntningarna p\u00e5 deltagande.<br \/>\n&#8211; Kommunen skall uppmuntra till ett aktivt skolval genom god information och \u00f6ppna j\u00e4mf\u00f6relser mellan<br \/>\nkommunens alla skolor p\u00e5 kommunens hemsida. Skolornas arbete med elevernas individuella behov ska<br \/>\nst\u00e4rkas och personalen inom skolan skall fortl\u00f6pande utbildas f\u00f6r att kunna m\u00f6ta elevernas behov, styrkor<br \/>\noch m\u00f6jligheter.<br \/>\n&#8211; Kommunen skall verka f\u00f6r att alla ungdomar mellan 15-18 \u00e5r erbjuds ett feriejobb. Det ger en<br \/>\nsyssels\u00e4ttning som kan bygga b\u00e5de ansvarsk\u00e4nsla, sj\u00e4lvf\u00f6rtroende och man f\u00e5r in en fot i arbetslivet.<br \/>\nKommunen b\u00f6r samverka med lokala f\u00f6retagare och civilsamh\u00e4llet f\u00f6r att g\u00f6ra detta m\u00f6jligt.<br \/>\n&#8211; B\u00e4sta lovet \u2013 aktiviteter skall beh\u00e5llas och utvecklas. Alla lov skall omfattas och det skall finnas aktiviteter<br \/>\nspridda \u00f6ver hela kommunen f\u00f6r att n\u00e5 ut till fler barn och ungdomar.<\/p>\n<p><strong>V\u00e5ra f\u00f6rslag f\u00f6r en tryggare omsorg.<\/strong><\/p>\n<p>&#8211; All personal inom omsorgen m\u00e5ste kunna kommunicera p\u00e5 god svenska samt vara utbildad f\u00f6r omr\u00e5det.<br \/>\n&#8211; Kommunen ska erbjuda tr\u00e4ffpunkter f\u00f6r \u00e4ldre i samverkan med civilsamh\u00e4llet med en variation av<br \/>\naktiviteter. Det ska finnas lokala tr\u00e4ffpunkter runt om i alla kommundelar med \u00f6ppettider \u00e4ven p\u00e5 helger.<br \/>\nLokalerna skall kunna anv\u00e4ndas av pension\u00e4rsf\u00f6reningar och andra f\u00f6reningar fr\u00e4mst riktade mot \u00e4ldre.<br \/>\n&#8211; Det beh\u00f6ver byggas fler omsorgsboenden b\u00e5de p\u00e5 landsbygden och i staden. De olika verksamheterna ska<br \/>\ns\u00e5 l\u00e5ngt som m\u00f6jligt anpassas f\u00f6r att m\u00f6ta varje persons behov vad g\u00e4ller intressen, spr\u00e5k, livs\u00e5sk\u00e5dning<br \/>\noch v\u00e5rdbehov exempelvis genom profileringar och anpassade boenden. Det ska finnas tydlig information<br \/>\nkring vilket st\u00f6d anh\u00f6riga har r\u00e4tt till och kommunen ska ha ett v\u00e4lutvecklat anh\u00f6rigst\u00f6d.<br \/>\n&#8211; \u00c4ldre par ska inte beh\u00f6va flytta ifr\u00e5n varandra efter ett l\u00e5ngt liv tillsammans d\u00e5 ena partens v\u00e5rdbehov<br \/>\n\u00f6kar.<br \/>\n&#8211; Anv\u00e4ndandet av v\u00e4lf\u00e4rdsteknologi b\u00f6r utvecklas i syfte att \u00f6ka trygghet, aktivitet, delaktighet, integritet<br \/>\noch sj\u00e4lvbest\u00e4mmande. Kommunen ska intensifiera arbetet med digitalisering inom \u00e4ldreomsorgen.<br \/>\n&#8211; H\u00f6g kvalitet, stor valfrihet och n\u00e4ringsriktig kost ska garanteras inom \u00e4ldreomsorgen. M\u00e5ltidsgemenskap<br \/>\nska uppmuntras i samtliga kommunala verksamheter. Valfriheten f\u00f6r \u00e4ldre skall omfatta m\u00f6jlighet att v\u00e4lja<br \/>\nleverant\u00f6r av mat, b\u00e5de till hemmet och p\u00e5 boendet. \u00c4ldreboenden skall erbjuda nattmat, vi vill att det<br \/>\nskall finnas en gr\u00e4ns f\u00f6r hur l\u00e5ng en nattfasta f\u00e5r vara.<\/p>\n","protected":false},"excerpt":{"rendered":"<p>V\u00e5ra f\u00f6rslag f\u00f6r en tryggare och l\u00e5ngsiktigt h\u00e5llbar kommun &#8211; Kommunen ska planera f\u00f6r mer sm\u00e5husbebyggelse, \u00e4ven p\u00e5 landsbygden. Den f\u00f6rdjupande \u00f6versiktsplanen beh\u00f6ver utvecklas med syfte att m\u00f6jligg\u00f6ra en ut\u00f6kad bebyggelse. &#8211; Upplysta lekplatser ska finnas i alla kommundelar, tillsammans med t ex utegym och allaktivitetsplan s\u00e5 hela familjer kan samlas i olika \u00e5ldrar. Viktigt <a class=\"read-more-link\" href=\"https:\/\/wp.kristdemokraterna.se\/falun\/textsida-fullbredd\/var-politik-i-kommunen\/\">L\u00e4s mer<\/a><\/p>\n","protected":false},"author":401,"featured_media":714,"parent":272,"menu_order":0,"comment_status":"closed","ping_status":"closed","template":"page.php","meta":{"_acf_changed":false,"footnotes":""},"class_list":["post-373","page","type-page","status-publish","hentry"],"acf":[],"yoast_head":"<!-- This site is optimized with the Yoast SEO plugin v27.3 - https:\/\/yoast.com\/product\/yoast-seo-wordpress\/ -->\n<title>V\u00e5r politik i kommunen - Kristdemokraterna | Falun<\/title>\n<meta name=\"robots\" content=\"index, follow, max-snippet:-1, max-image-preview:large, max-video-preview:-1\" \/>\n<link rel=\"canonical\" href=\"https:\/\/wp.kristdemokraterna.se\/falun\/textsida-fullbredd\/var-politik-i-kommunen\/\" \/>\n<meta property=\"og:locale\" content=\"sv_SE\" \/>\n<meta property=\"og:type\" content=\"article\" \/>\n<meta property=\"og:title\" content=\"V\u00e5r politik i kommunen - Kristdemokraterna | Falun\" \/>\n<meta property=\"og:description\" content=\"V\u00e5ra f\u00f6rslag f\u00f6r en tryggare och l\u00e5ngsiktigt h\u00e5llbar kommun &#8211; Kommunen ska planera f\u00f6r mer sm\u00e5husbebyggelse, \u00e4ven p\u00e5 landsbygden. Den f\u00f6rdjupande \u00f6versiktsplanen beh\u00f6ver utvecklas med syfte att m\u00f6jligg\u00f6ra en ut\u00f6kad bebyggelse. &#8211; Upplysta lekplatser ska finnas i alla kommundelar, tillsammans med t ex utegym och allaktivitetsplan s\u00e5 hela familjer kan samlas i olika \u00e5ldrar. Viktigt L\u00e4s mer\" \/>\n<meta property=\"og:url\" content=\"https:\/\/wp.kristdemokraterna.se\/falun\/textsida-fullbredd\/var-politik-i-kommunen\/\" \/>\n<meta property=\"og:site_name\" content=\"Kristdemokraterna | Falun\" \/>\n<meta property=\"article:modified_time\" content=\"2022-04-27T19:20:30+00:00\" \/>\n<meta name=\"twitter:card\" content=\"summary_large_image\" \/>\n<meta name=\"twitter:label1\" content=\"Ber\u00e4knad l\u00e4stid\" \/>\n\t<meta name=\"twitter:data1\" content=\"5 minuter\" \/>\n<script type=\"application\/ld+json\" class=\"yoast-schema-graph\">{\"@context\":\"https:\\\/\\\/schema.org\",\"@graph\":[{\"@type\":\"WebPage\",\"@id\":\"https:\\\/\\\/wp.kristdemokraterna.se\\\/falun\\\/textsida-fullbredd\\\/var-politik-i-kommunen\\\/\",\"url\":\"https:\\\/\\\/wp.kristdemokraterna.se\\\/falun\\\/textsida-fullbredd\\\/var-politik-i-kommunen\\\/\",\"name\":\"V\u00e5r politik i kommunen - Kristdemokraterna | Falun\",\"isPartOf\":{\"@id\":\"https:\\\/\\\/wp.kristdemokraterna.se\\\/falun\\\/#website\"},\"primaryImageOfPage\":{\"@id\":\"https:\\\/\\\/wp.kristdemokraterna.se\\\/falun\\\/textsida-fullbredd\\\/var-politik-i-kommunen\\\/#primaryimage\"},\"image\":{\"@id\":\"https:\\\/\\\/wp.kristdemokraterna.se\\\/falun\\\/textsida-fullbredd\\\/var-politik-i-kommunen\\\/#primaryimage\"},\"thumbnailUrl\":\"\",\"datePublished\":\"2017-12-04T15:47:18+00:00\",\"dateModified\":\"2022-04-27T19:20:30+00:00\",\"breadcrumb\":{\"@id\":\"https:\\\/\\\/wp.kristdemokraterna.se\\\/falun\\\/textsida-fullbredd\\\/var-politik-i-kommunen\\\/#breadcrumb\"},\"inLanguage\":\"sv-SE\",\"potentialAction\":[{\"@type\":\"ReadAction\",\"target\":[\"https:\\\/\\\/wp.kristdemokraterna.se\\\/falun\\\/textsida-fullbredd\\\/var-politik-i-kommunen\\\/\"]}]},{\"@type\":\"ImageObject\",\"inLanguage\":\"sv-SE\",\"@id\":\"https:\\\/\\\/wp.kristdemokraterna.se\\\/falun\\\/textsida-fullbredd\\\/var-politik-i-kommunen\\\/#primaryimage\",\"url\":\"\",\"contentUrl\":\"\"},{\"@type\":\"BreadcrumbList\",\"@id\":\"https:\\\/\\\/wp.kristdemokraterna.se\\\/falun\\\/textsida-fullbredd\\\/var-politik-i-kommunen\\\/#breadcrumb\",\"itemListElement\":[{\"@type\":\"ListItem\",\"position\":1,\"name\":\"Hem\",\"item\":\"https:\\\/\\\/wp.kristdemokraterna.se\\\/falun\\\/\"},{\"@type\":\"ListItem\",\"position\":2,\"name\":\"Vad vi st\u00e5r f\u00f6r!\",\"item\":\"https:\\\/\\\/wp.kristdemokraterna.se\\\/falun\\\/textsida-fullbredd\\\/\"},{\"@type\":\"ListItem\",\"position\":3,\"name\":\"V\u00e5r politik i kommunen\"}]},{\"@type\":\"WebSite\",\"@id\":\"https:\\\/\\\/wp.kristdemokraterna.se\\\/falun\\\/#website\",\"url\":\"https:\\\/\\\/wp.kristdemokraterna.se\\\/falun\\\/\",\"name\":\"Kristdemokraterna | Falun\",\"description\":\"En till Kristdemokraterna webbplats\",\"inLanguage\":\"sv-SE\"}]}<\/script>\n<!-- \/ Yoast SEO plugin. -->","yoast_head_json":{"title":"V\u00e5r politik i kommunen - Kristdemokraterna | Falun","robots":{"index":"index","follow":"follow","max-snippet":"max-snippet:-1","max-image-preview":"max-image-preview:large","max-video-preview":"max-video-preview:-1"},"canonical":"https:\/\/wp.kristdemokraterna.se\/falun\/textsida-fullbredd\/var-politik-i-kommunen\/","og_locale":"sv_SE","og_type":"article","og_title":"V\u00e5r politik i kommunen - Kristdemokraterna | Falun","og_description":"V\u00e5ra f\u00f6rslag f\u00f6r en tryggare och l\u00e5ngsiktigt h\u00e5llbar kommun &#8211; Kommunen ska planera f\u00f6r mer sm\u00e5husbebyggelse, \u00e4ven p\u00e5 landsbygden. Den f\u00f6rdjupande \u00f6versiktsplanen beh\u00f6ver utvecklas med syfte att m\u00f6jligg\u00f6ra en ut\u00f6kad bebyggelse. &#8211; Upplysta lekplatser ska finnas i alla kommundelar, tillsammans med t ex utegym och allaktivitetsplan s\u00e5 hela familjer kan samlas i olika \u00e5ldrar. Viktigt L\u00e4s mer","og_url":"https:\/\/wp.kristdemokraterna.se\/falun\/textsida-fullbredd\/var-politik-i-kommunen\/","og_site_name":"Kristdemokraterna | Falun","article_modified_time":"2022-04-27T19:20:30+00:00","twitter_card":"summary_large_image","twitter_misc":{"Ber\u00e4knad l\u00e4stid":"5 minuter"},"schema":{"@context":"https:\/\/schema.org","@graph":[{"@type":"WebPage","@id":"https:\/\/wp.kristdemokraterna.se\/falun\/textsida-fullbredd\/var-politik-i-kommunen\/","url":"https:\/\/wp.kristdemokraterna.se\/falun\/textsida-fullbredd\/var-politik-i-kommunen\/","name":"V\u00e5r politik i kommunen - Kristdemokraterna | Falun","isPartOf":{"@id":"https:\/\/wp.kristdemokraterna.se\/falun\/#website"},"primaryImageOfPage":{"@id":"https:\/\/wp.kristdemokraterna.se\/falun\/textsida-fullbredd\/var-politik-i-kommunen\/#primaryimage"},"image":{"@id":"https:\/\/wp.kristdemokraterna.se\/falun\/textsida-fullbredd\/var-politik-i-kommunen\/#primaryimage"},"thumbnailUrl":"","datePublished":"2017-12-04T15:47:18+00:00","dateModified":"2022-04-27T19:20:30+00:00","breadcrumb":{"@id":"https:\/\/wp.kristdemokraterna.se\/falun\/textsida-fullbredd\/var-politik-i-kommunen\/#breadcrumb"},"inLanguage":"sv-SE","potentialAction":[{"@type":"ReadAction","target":["https:\/\/wp.kristdemokraterna.se\/falun\/textsida-fullbredd\/var-politik-i-kommunen\/"]}]},{"@type":"ImageObject","inLanguage":"sv-SE","@id":"https:\/\/wp.kristdemokraterna.se\/falun\/textsida-fullbredd\/var-politik-i-kommunen\/#primaryimage","url":"","contentUrl":""},{"@type":"BreadcrumbList","@id":"https:\/\/wp.kristdemokraterna.se\/falun\/textsida-fullbredd\/var-politik-i-kommunen\/#breadcrumb","itemListElement":[{"@type":"ListItem","position":1,"name":"Hem","item":"https:\/\/wp.kristdemokraterna.se\/falun\/"},{"@type":"ListItem","position":2,"name":"Vad vi st\u00e5r f\u00f6r!","item":"https:\/\/wp.kristdemokraterna.se\/falun\/textsida-fullbredd\/"},{"@type":"ListItem","position":3,"name":"V\u00e5r politik i kommunen"}]},{"@type":"WebSite","@id":"https:\/\/wp.kristdemokraterna.se\/falun\/#website","url":"https:\/\/wp.kristdemokraterna.se\/falun\/","name":"Kristdemokraterna | Falun","description":"En till Kristdemokraterna webbplats","inLanguage":"sv-SE"}]}},"_links":{"self":[{"href":"https:\/\/wp.kristdemokraterna.se\/falun\/wp-json\/wp\/v2\/pages\/373","targetHints":{"allow":["GET"]}}],"collection":[{"href":"https:\/\/wp.kristdemokraterna.se\/falun\/wp-json\/wp\/v2\/pages"}],"about":[{"href":"https:\/\/wp.kristdemokraterna.se\/falun\/wp-json\/wp\/v2\/types\/page"}],"author":[{"embeddable":true,"href":"https:\/\/wp.kristdemokraterna.se\/falun\/wp-json\/wp\/v2\/users\/401"}],"replies":[{"embeddable":true,"href":"https:\/\/wp.kristdemokraterna.se\/falun\/wp-json\/wp\/v2\/comments?post=373"}],"version-history":[{"count":3,"href":"https:\/\/wp.kristdemokraterna.se\/falun\/wp-json\/wp\/v2\/pages\/373\/revisions"}],"predecessor-version":[{"id":531,"href":"https:\/\/wp.kristdemokraterna.se\/falun\/wp-json\/wp\/v2\/pages\/373\/revisions\/531"}],"up":[{"embeddable":true,"href":"https:\/\/wp.kristdemokraterna.se\/falun\/wp-json\/wp\/v2\/pages\/272"}],"wp:featuredmedia":[{"embeddable":true,"href":"https:\/\/wp.kristdemokraterna.se\/falun\/wp-json\/"}],"wp:attachment":[{"href":"https:\/\/wp.kristdemokraterna.se\/falun\/wp-json\/wp\/v2\/media?parent=373"}],"curies":[{"name":"wp","href":"https:\/\/api.w.org\/{rel}","templated":true}]}}