{"id":269,"date":"2017-11-29T16:48:28","date_gmt":"2017-11-29T15:48:28","guid":{"rendered":"https:\/\/wp.kristdemokraterna.se\/farjelanda\/?page_id=269"},"modified":"2023-02-05T02:32:55","modified_gmt":"2023-02-05T01:32:55","slug":"textsida-med-vanster-sidebar","status":"publish","type":"page","link":"https:\/\/wp.kristdemokraterna.se\/fargelanda\/textsida-med-vanster-sidebar\/","title":{"rendered":"Partiavdelningen F\u00e4rgelanda"},"content":{"rendered":"<p>Partiavdelningen i F\u00e4rgelanda \u00e4r i nul\u00e4get en av de mindre avdelningarna i landet. Avdelningen arbetar lokalt i opposition mot styret Moderaterna, Liberalerna och Socialdemokraterna.\u00a0 Partiavdelningen arbetar efter ett l\u00e5ngsiktigt partiprogram som \u00e4r avsett att harmonisera med partiets rikspolitik.<\/p>\n<p>&nbsp;<\/p>\n<p>&nbsp;<\/p>\n<p>&nbsp;<\/p>\n<p>&nbsp;<\/p>\n<p>&nbsp;<\/p>\n","protected":false},"excerpt":{"rendered":"<p>Partiavdelningen i F\u00e4rgelanda \u00e4r i nul\u00e4get en av de mindre avdelningarna i landet. Avdelningen arbetar lokalt i opposition mot styret Moderaterna, Liberalerna och Socialdemokraterna.\u00a0 Partiavdelningen arbetar efter ett l\u00e5ngsiktigt partiprogram som \u00e4r avsett att harmonisera med partiets rikspolitik. &nbsp; &nbsp; &nbsp; &nbsp; &nbsp;<\/p>\n","protected":false},"author":2,"featured_media":0,"parent":0,"menu_order":0,"comment_status":"closed","ping_status":"closed","template":"page.php","meta":{"_acf_changed":false,"footnotes":""},"class_list":["post-269","page","type-page","status-publish","hentry"],"acf":[],"yoast_head":"<!-- This site is optimized with the Yoast SEO plugin v27.4 - https:\/\/yoast.com\/product\/yoast-seo-wordpress\/ -->\n<title>Partiavdelningen F\u00e4rgelanda - Kristdemokraterna | fargelanda<\/title>\n<meta name=\"robots\" content=\"index, follow, max-snippet:-1, max-image-preview:large, max-video-preview:-1\" \/>\n<link rel=\"canonical\" href=\"https:\/\/wp.kristdemokraterna.se\/fargelanda\/textsida-med-vanster-sidebar\/\" \/>\n<meta property=\"og:locale\" content=\"sv_SE\" \/>\n<meta property=\"og:type\" content=\"article\" \/>\n<meta property=\"og:title\" content=\"Partiavdelningen F\u00e4rgelanda - Kristdemokraterna | fargelanda\" \/>\n<meta property=\"og:description\" content=\"Partiavdelningen i F\u00e4rgelanda \u00e4r i nul\u00e4get en av de mindre avdelningarna i landet. Avdelningen arbetar lokalt i opposition mot styret Moderaterna, Liberalerna och Socialdemokraterna.\u00a0 Partiavdelningen arbetar efter ett l\u00e5ngsiktigt partiprogram som \u00e4r avsett att harmonisera med partiets rikspolitik. &nbsp; &nbsp; &nbsp; &nbsp; &nbsp;\" \/>\n<meta property=\"og:url\" content=\"https:\/\/wp.kristdemokraterna.se\/fargelanda\/textsida-med-vanster-sidebar\/\" \/>\n<meta property=\"og:site_name\" content=\"Kristdemokraterna | fargelanda\" \/>\n<meta property=\"article:modified_time\" content=\"2023-02-05T01:32:55+00:00\" \/>\n<meta name=\"twitter:card\" content=\"summary_large_image\" \/>\n<meta name=\"twitter:label1\" content=\"Ber\u00e4knad l\u00e4stid\" \/>\n\t<meta name=\"twitter:data1\" content=\"1 minut\" \/>\n<script type=\"application\/ld+json\" class=\"yoast-schema-graph\">{\"@context\":\"https:\\\/\\\/schema.org\",\"@graph\":[{\"@type\":\"WebPage\",\"@id\":\"https:\\\/\\\/wp.kristdemokraterna.se\\\/fargelanda\\\/textsida-med-vanster-sidebar\\\/\",\"url\":\"https:\\\/\\\/wp.kristdemokraterna.se\\\/fargelanda\\\/textsida-med-vanster-sidebar\\\/\",\"name\":\"Partiavdelningen F\u00e4rgelanda - Kristdemokraterna | fargelanda\",\"isPartOf\":{\"@id\":\"https:\\\/\\\/wp.kristdemokraterna.se\\\/fargelanda\\\/#website\"},\"datePublished\":\"2017-11-29T15:48:28+00:00\",\"dateModified\":\"2023-02-05T01:32:55+00:00\",\"breadcrumb\":{\"@id\":\"https:\\\/\\\/wp.kristdemokraterna.se\\\/fargelanda\\\/textsida-med-vanster-sidebar\\\/#breadcrumb\"},\"inLanguage\":\"sv-SE\",\"potentialAction\":[{\"@type\":\"ReadAction\",\"target\":[\"https:\\\/\\\/wp.kristdemokraterna.se\\\/fargelanda\\\/textsida-med-vanster-sidebar\\\/\"]}]},{\"@type\":\"BreadcrumbList\",\"@id\":\"https:\\\/\\\/wp.kristdemokraterna.se\\\/fargelanda\\\/textsida-med-vanster-sidebar\\\/#breadcrumb\",\"itemListElement\":[{\"@type\":\"ListItem\",\"position\":1,\"name\":\"Hem\",\"item\":\"https:\\\/\\\/wp.kristdemokraterna.se\\\/fargelanda\\\/\"},{\"@type\":\"ListItem\",\"position\":2,\"name\":\"Partiavdelningen F\u00e4rgelanda\"}]},{\"@type\":\"WebSite\",\"@id\":\"https:\\\/\\\/wp.kristdemokraterna.se\\\/fargelanda\\\/#website\",\"url\":\"https:\\\/\\\/wp.kristdemokraterna.se\\\/fargelanda\\\/\",\"name\":\"Kristdemokraterna | fargelanda\",\"description\":\"En till Kristdemokraterna webbplats\",\"inLanguage\":\"sv-SE\"}]}<\/script>\n<!-- \/ Yoast SEO plugin. -->","yoast_head_json":{"title":"Partiavdelningen F\u00e4rgelanda - Kristdemokraterna | fargelanda","robots":{"index":"index","follow":"follow","max-snippet":"max-snippet:-1","max-image-preview":"max-image-preview:large","max-video-preview":"max-video-preview:-1"},"canonical":"https:\/\/wp.kristdemokraterna.se\/fargelanda\/textsida-med-vanster-sidebar\/","og_locale":"sv_SE","og_type":"article","og_title":"Partiavdelningen F\u00e4rgelanda - Kristdemokraterna | fargelanda","og_description":"Partiavdelningen i F\u00e4rgelanda \u00e4r i nul\u00e4get en av de mindre avdelningarna i landet. Avdelningen arbetar lokalt i opposition mot styret Moderaterna, Liberalerna och Socialdemokraterna.\u00a0 Partiavdelningen arbetar efter ett l\u00e5ngsiktigt partiprogram som \u00e4r avsett att harmonisera med partiets rikspolitik. &nbsp; &nbsp; &nbsp; &nbsp; &nbsp;","og_url":"https:\/\/wp.kristdemokraterna.se\/fargelanda\/textsida-med-vanster-sidebar\/","og_site_name":"Kristdemokraterna | fargelanda","article_modified_time":"2023-02-05T01:32:55+00:00","twitter_card":"summary_large_image","twitter_misc":{"Ber\u00e4knad l\u00e4stid":"1 minut"},"schema":{"@context":"https:\/\/schema.org","@graph":[{"@type":"WebPage","@id":"https:\/\/wp.kristdemokraterna.se\/fargelanda\/textsida-med-vanster-sidebar\/","url":"https:\/\/wp.kristdemokraterna.se\/fargelanda\/textsida-med-vanster-sidebar\/","name":"Partiavdelningen F\u00e4rgelanda - Kristdemokraterna | fargelanda","isPartOf":{"@id":"https:\/\/wp.kristdemokraterna.se\/fargelanda\/#website"},"datePublished":"2017-11-29T15:48:28+00:00","dateModified":"2023-02-05T01:32:55+00:00","breadcrumb":{"@id":"https:\/\/wp.kristdemokraterna.se\/fargelanda\/textsida-med-vanster-sidebar\/#breadcrumb"},"inLanguage":"sv-SE","potentialAction":[{"@type":"ReadAction","target":["https:\/\/wp.kristdemokraterna.se\/fargelanda\/textsida-med-vanster-sidebar\/"]}]},{"@type":"BreadcrumbList","@id":"https:\/\/wp.kristdemokraterna.se\/fargelanda\/textsida-med-vanster-sidebar\/#breadcrumb","itemListElement":[{"@type":"ListItem","position":1,"name":"Hem","item":"https:\/\/wp.kristdemokraterna.se\/fargelanda\/"},{"@type":"ListItem","position":2,"name":"Partiavdelningen F\u00e4rgelanda"}]},{"@type":"WebSite","@id":"https:\/\/wp.kristdemokraterna.se\/fargelanda\/#website","url":"https:\/\/wp.kristdemokraterna.se\/fargelanda\/","name":"Kristdemokraterna | fargelanda","description":"En till Kristdemokraterna webbplats","inLanguage":"sv-SE"}]}},"_links":{"self":[{"href":"https:\/\/wp.kristdemokraterna.se\/fargelanda\/wp-json\/wp\/v2\/pages\/269","targetHints":{"allow":["GET"]}}],"collection":[{"href":"https:\/\/wp.kristdemokraterna.se\/fargelanda\/wp-json\/wp\/v2\/pages"}],"about":[{"href":"https:\/\/wp.kristdemokraterna.se\/fargelanda\/wp-json\/wp\/v2\/types\/page"}],"author":[{"embeddable":true,"href":"https:\/\/wp.kristdemokraterna.se\/fargelanda\/wp-json\/wp\/v2\/users\/2"}],"replies":[{"embeddable":true,"href":"https:\/\/wp.kristdemokraterna.se\/fargelanda\/wp-json\/wp\/v2\/comments?post=269"}],"version-history":[{"count":16,"href":"https:\/\/wp.kristdemokraterna.se\/fargelanda\/wp-json\/wp\/v2\/pages\/269\/revisions"}],"predecessor-version":[{"id":541,"href":"https:\/\/wp.kristdemokraterna.se\/fargelanda\/wp-json\/wp\/v2\/pages\/269\/revisions\/541"}],"wp:attachment":[{"href":"https:\/\/wp.kristdemokraterna.se\/fargelanda\/wp-json\/wp\/v2\/media?parent=269"}],"curies":[{"name":"wp","href":"https:\/\/api.w.org\/{rel}","templated":true}]}}