{"id":361,"date":"2017-12-04T16:09:00","date_gmt":"2017-12-04T15:09:00","guid":{"rendered":"https:\/\/wp.kristdemokraterna.se\/farjelanda\/?page_id=361"},"modified":"2024-01-21T23:44:58","modified_gmt":"2024-01-21T22:44:58","slug":"arsmote","status":"publish","type":"page","link":"https:\/\/wp.kristdemokraterna.se\/fargelanda\/textsida-med-vanster-sidebar\/arsmote\/","title":{"rendered":"\u00c5rsm\u00f6te"},"content":{"rendered":"<p>\u00c5rsm\u00f6ten f\u00f6r alla medlemmar i partiavdelningen sker i enlighet med partiets stadgar men kommer som m\u00e5ls\u00e4ttning att f\u00f6rl\u00e4ggas till 12 februari varje \u00e5r. Kallelse till \u00e5rsm\u00f6ten samt agendor och handlingar avs\u00e4nds i s\u00e4rskild ordning. L\u00e4s g\u00e4rna mer information p\u00e5 v\u00e5r facebooksida:<\/p>\n<p><a href=\"https:\/\/www.facebook.com\/kdfargelanda\">FACEBOOK<\/a><\/p>\n","protected":false},"excerpt":{"rendered":"<p>\u00c5rsm\u00f6ten f\u00f6r alla medlemmar i partiavdelningen sker i enlighet med partiets stadgar men kommer som m\u00e5ls\u00e4ttning att f\u00f6rl\u00e4ggas till 12 februari varje \u00e5r. Kallelse till \u00e5rsm\u00f6ten samt agendor och handlingar avs\u00e4nds i s\u00e4rskild ordning. L\u00e4s g\u00e4rna mer information p\u00e5 v\u00e5r facebooksida: FACEBOOK<\/p>\n","protected":false},"author":2,"featured_media":0,"parent":269,"menu_order":1,"comment_status":"closed","ping_status":"closed","template":"page.php","meta":{"_acf_changed":false,"footnotes":""},"class_list":["post-361","page","type-page","status-publish","hentry"],"acf":[],"yoast_head":"<!-- This site is optimized with the Yoast SEO plugin v27.4 - https:\/\/yoast.com\/product\/yoast-seo-wordpress\/ -->\n<title>\u00c5rsm\u00f6te - Kristdemokraterna | fargelanda<\/title>\n<meta name=\"robots\" content=\"index, follow, max-snippet:-1, max-image-preview:large, max-video-preview:-1\" \/>\n<link rel=\"canonical\" href=\"https:\/\/wp.kristdemokraterna.se\/fargelanda\/textsida-med-vanster-sidebar\/arsmote\/\" \/>\n<meta property=\"og:locale\" content=\"sv_SE\" \/>\n<meta property=\"og:type\" content=\"article\" \/>\n<meta property=\"og:title\" content=\"\u00c5rsm\u00f6te - Kristdemokraterna | fargelanda\" \/>\n<meta property=\"og:description\" content=\"\u00c5rsm\u00f6ten f\u00f6r alla medlemmar i partiavdelningen sker i enlighet med partiets stadgar men kommer som m\u00e5ls\u00e4ttning att f\u00f6rl\u00e4ggas till 12 februari varje \u00e5r. Kallelse till \u00e5rsm\u00f6ten samt agendor och handlingar avs\u00e4nds i s\u00e4rskild ordning. L\u00e4s g\u00e4rna mer information p\u00e5 v\u00e5r facebooksida: FACEBOOK\" \/>\n<meta property=\"og:url\" content=\"https:\/\/wp.kristdemokraterna.se\/fargelanda\/textsida-med-vanster-sidebar\/arsmote\/\" \/>\n<meta property=\"og:site_name\" content=\"Kristdemokraterna | fargelanda\" \/>\n<meta property=\"article:modified_time\" content=\"2024-01-21T22:44:58+00:00\" \/>\n<meta name=\"twitter:card\" content=\"summary_large_image\" \/>\n<meta name=\"twitter:label1\" content=\"Ber\u00e4knad l\u00e4stid\" \/>\n\t<meta name=\"twitter:data1\" content=\"1 minut\" \/>\n<script type=\"application\/ld+json\" class=\"yoast-schema-graph\">{\"@context\":\"https:\\\/\\\/schema.org\",\"@graph\":[{\"@type\":\"WebPage\",\"@id\":\"https:\\\/\\\/wp.kristdemokraterna.se\\\/fargelanda\\\/textsida-med-vanster-sidebar\\\/arsmote\\\/\",\"url\":\"https:\\\/\\\/wp.kristdemokraterna.se\\\/fargelanda\\\/textsida-med-vanster-sidebar\\\/arsmote\\\/\",\"name\":\"\u00c5rsm\u00f6te - Kristdemokraterna | fargelanda\",\"isPartOf\":{\"@id\":\"https:\\\/\\\/wp.kristdemokraterna.se\\\/fargelanda\\\/#website\"},\"datePublished\":\"2017-12-04T15:09:00+00:00\",\"dateModified\":\"2024-01-21T22:44:58+00:00\",\"breadcrumb\":{\"@id\":\"https:\\\/\\\/wp.kristdemokraterna.se\\\/fargelanda\\\/textsida-med-vanster-sidebar\\\/arsmote\\\/#breadcrumb\"},\"inLanguage\":\"sv-SE\",\"potentialAction\":[{\"@type\":\"ReadAction\",\"target\":[\"https:\\\/\\\/wp.kristdemokraterna.se\\\/fargelanda\\\/textsida-med-vanster-sidebar\\\/arsmote\\\/\"]}]},{\"@type\":\"BreadcrumbList\",\"@id\":\"https:\\\/\\\/wp.kristdemokraterna.se\\\/fargelanda\\\/textsida-med-vanster-sidebar\\\/arsmote\\\/#breadcrumb\",\"itemListElement\":[{\"@type\":\"ListItem\",\"position\":1,\"name\":\"Hem\",\"item\":\"https:\\\/\\\/wp.kristdemokraterna.se\\\/fargelanda\\\/\"},{\"@type\":\"ListItem\",\"position\":2,\"name\":\"Partiavdelningen F\u00e4rgelanda\",\"item\":\"https:\\\/\\\/wp.kristdemokraterna.se\\\/fargelanda\\\/textsida-med-vanster-sidebar\\\/\"},{\"@type\":\"ListItem\",\"position\":3,\"name\":\"\u00c5rsm\u00f6te\"}]},{\"@type\":\"WebSite\",\"@id\":\"https:\\\/\\\/wp.kristdemokraterna.se\\\/fargelanda\\\/#website\",\"url\":\"https:\\\/\\\/wp.kristdemokraterna.se\\\/fargelanda\\\/\",\"name\":\"Kristdemokraterna | fargelanda\",\"description\":\"En till Kristdemokraterna webbplats\",\"inLanguage\":\"sv-SE\"}]}<\/script>\n<!-- \/ Yoast SEO plugin. -->","yoast_head_json":{"title":"\u00c5rsm\u00f6te - Kristdemokraterna | fargelanda","robots":{"index":"index","follow":"follow","max-snippet":"max-snippet:-1","max-image-preview":"max-image-preview:large","max-video-preview":"max-video-preview:-1"},"canonical":"https:\/\/wp.kristdemokraterna.se\/fargelanda\/textsida-med-vanster-sidebar\/arsmote\/","og_locale":"sv_SE","og_type":"article","og_title":"\u00c5rsm\u00f6te - Kristdemokraterna | fargelanda","og_description":"\u00c5rsm\u00f6ten f\u00f6r alla medlemmar i partiavdelningen sker i enlighet med partiets stadgar men kommer som m\u00e5ls\u00e4ttning att f\u00f6rl\u00e4ggas till 12 februari varje \u00e5r. Kallelse till \u00e5rsm\u00f6ten samt agendor och handlingar avs\u00e4nds i s\u00e4rskild ordning. L\u00e4s g\u00e4rna mer information p\u00e5 v\u00e5r facebooksida: FACEBOOK","og_url":"https:\/\/wp.kristdemokraterna.se\/fargelanda\/textsida-med-vanster-sidebar\/arsmote\/","og_site_name":"Kristdemokraterna | fargelanda","article_modified_time":"2024-01-21T22:44:58+00:00","twitter_card":"summary_large_image","twitter_misc":{"Ber\u00e4knad l\u00e4stid":"1 minut"},"schema":{"@context":"https:\/\/schema.org","@graph":[{"@type":"WebPage","@id":"https:\/\/wp.kristdemokraterna.se\/fargelanda\/textsida-med-vanster-sidebar\/arsmote\/","url":"https:\/\/wp.kristdemokraterna.se\/fargelanda\/textsida-med-vanster-sidebar\/arsmote\/","name":"\u00c5rsm\u00f6te - Kristdemokraterna | fargelanda","isPartOf":{"@id":"https:\/\/wp.kristdemokraterna.se\/fargelanda\/#website"},"datePublished":"2017-12-04T15:09:00+00:00","dateModified":"2024-01-21T22:44:58+00:00","breadcrumb":{"@id":"https:\/\/wp.kristdemokraterna.se\/fargelanda\/textsida-med-vanster-sidebar\/arsmote\/#breadcrumb"},"inLanguage":"sv-SE","potentialAction":[{"@type":"ReadAction","target":["https:\/\/wp.kristdemokraterna.se\/fargelanda\/textsida-med-vanster-sidebar\/arsmote\/"]}]},{"@type":"BreadcrumbList","@id":"https:\/\/wp.kristdemokraterna.se\/fargelanda\/textsida-med-vanster-sidebar\/arsmote\/#breadcrumb","itemListElement":[{"@type":"ListItem","position":1,"name":"Hem","item":"https:\/\/wp.kristdemokraterna.se\/fargelanda\/"},{"@type":"ListItem","position":2,"name":"Partiavdelningen F\u00e4rgelanda","item":"https:\/\/wp.kristdemokraterna.se\/fargelanda\/textsida-med-vanster-sidebar\/"},{"@type":"ListItem","position":3,"name":"\u00c5rsm\u00f6te"}]},{"@type":"WebSite","@id":"https:\/\/wp.kristdemokraterna.se\/fargelanda\/#website","url":"https:\/\/wp.kristdemokraterna.se\/fargelanda\/","name":"Kristdemokraterna | fargelanda","description":"En till Kristdemokraterna webbplats","inLanguage":"sv-SE"}]}},"_links":{"self":[{"href":"https:\/\/wp.kristdemokraterna.se\/fargelanda\/wp-json\/wp\/v2\/pages\/361","targetHints":{"allow":["GET"]}}],"collection":[{"href":"https:\/\/wp.kristdemokraterna.se\/fargelanda\/wp-json\/wp\/v2\/pages"}],"about":[{"href":"https:\/\/wp.kristdemokraterna.se\/fargelanda\/wp-json\/wp\/v2\/types\/page"}],"author":[{"embeddable":true,"href":"https:\/\/wp.kristdemokraterna.se\/fargelanda\/wp-json\/wp\/v2\/users\/2"}],"replies":[{"embeddable":true,"href":"https:\/\/wp.kristdemokraterna.se\/fargelanda\/wp-json\/wp\/v2\/comments?post=361"}],"version-history":[{"count":5,"href":"https:\/\/wp.kristdemokraterna.se\/fargelanda\/wp-json\/wp\/v2\/pages\/361\/revisions"}],"predecessor-version":[{"id":1028,"href":"https:\/\/wp.kristdemokraterna.se\/fargelanda\/wp-json\/wp\/v2\/pages\/361\/revisions\/1028"}],"up":[{"embeddable":true,"href":"https:\/\/wp.kristdemokraterna.se\/fargelanda\/wp-json\/wp\/v2\/pages\/269"}],"wp:attachment":[{"href":"https:\/\/wp.kristdemokraterna.se\/fargelanda\/wp-json\/wp\/v2\/media?parent=361"}],"curies":[{"name":"wp","href":"https:\/\/api.w.org\/{rel}","templated":true}]}}