{"id":368,"date":"2017-12-04T16:44:15","date_gmt":"2017-12-04T15:44:15","guid":{"rendered":"https:\/\/wp.kristdemokraterna.se\/farjelanda\/?page_id=368"},"modified":"2023-09-26T22:39:03","modified_gmt":"2023-09-26T20:39:03","slug":"om-kristdemokraterna","status":"publish","type":"page","link":"https:\/\/wp.kristdemokraterna.se\/fargelanda\/textsida-med-vanster-sidebar\/om-kristdemokraterna\/","title":{"rendered":"Om Kristdemokraterna i F\u00e4rgelanda"},"content":{"rendered":"<p><a href=\"https:\/\/wp.kristdemokraterna.se\/fargelanda\/files\/2023\/05\/344220492_1426182084588597_7193354319552837673_n.jpg\"><img loading=\"lazy\" decoding=\"async\" class=\"alignnone size-medium wp-image-669\" src=\"https:\/\/wp.kristdemokraterna.se\/fargelanda\/files\/2023\/05\/344220492_1426182084588597_7193354319552837673_n-225x300.jpg\" alt=\"\" width=\"225\" height=\"300\" srcset=\"https:\/\/wp.kristdemokraterna.se\/fargelanda\/files\/2023\/05\/344220492_1426182084588597_7193354319552837673_n-225x300.jpg 225w, https:\/\/wp.kristdemokraterna.se\/fargelanda\/files\/2023\/05\/344220492_1426182084588597_7193354319552837673_n-150x200.jpg 150w, https:\/\/wp.kristdemokraterna.se\/fargelanda\/files\/2023\/05\/344220492_1426182084588597_7193354319552837673_n-370x493.jpg 370w, https:\/\/wp.kristdemokraterna.se\/fargelanda\/files\/2023\/05\/344220492_1426182084588597_7193354319552837673_n-280x373.jpg 280w, https:\/\/wp.kristdemokraterna.se\/fargelanda\/files\/2023\/05\/344220492_1426182084588597_7193354319552837673_n-340x453.jpg 340w, https:\/\/wp.kristdemokraterna.se\/fargelanda\/files\/2023\/05\/344220492_1426182084588597_7193354319552837673_n-42x56.jpg 42w, https:\/\/wp.kristdemokraterna.se\/fargelanda\/files\/2023\/05\/344220492_1426182084588597_7193354319552837673_n.jpg 450w\" sizes=\"auto, (max-width: 225px) 100vw, 225px\" \/><\/a><\/p>\n<ul>\n<li>Kristdemokraterna i F\u00e4rgelanda med organisationsnummer 802541-9329, \u00e4r en partiavdelning under kristdemokraterna.<\/li>\n<li>Kristdemokraterna i F\u00e4rgelanda fick i valet 2022, 2,24% av r\u00f6sterna, vilket blev omskrivet i lokalmedia, d\u00e5 en lista spikades i sista stund innan valdagen.<\/li>\n<li>Partiavdelningen har alltid medlemsm\u00f6ten 1 vecka innan kommunfullm\u00e4ktige, som samtliga medlemmar \u00e4r v\u00e4lkomna till f\u00f6r debatt och\/eller som ett tillf\u00e4lle att tr\u00e4ffa \u00f6vriga medlemmar. Kallelser skickas ut via e-post och publiceras \u00e4ven p\u00e5 facebook och hemsida.<\/li>\n<\/ul>\n<p>&nbsp;<\/p>\n<div style=\"width: 1920px;\" class=\"wp-video\"><video class=\"wp-video-shortcode\" id=\"video-368-1\" width=\"1920\" height=\"1080\" preload=\"metadata\" controls=\"controls\"><source type=\"video\/mp4\" src=\"https:\/\/wp.kristdemokraterna.se\/fargelanda\/files\/2023\/06\/fargelanda.mp4?_=1\" \/><a href=\"https:\/\/wp.kristdemokraterna.se\/fargelanda\/files\/2023\/06\/fargelanda.mp4\">https:\/\/wp.kristdemokraterna.se\/fargelanda\/files\/2023\/06\/fargelanda.mp4<\/a><\/video><\/div>\n","protected":false},"excerpt":{"rendered":"<p>Kristdemokraterna i F\u00e4rgelanda med organisationsnummer 802541-9329, \u00e4r en partiavdelning under kristdemokraterna. Kristdemokraterna i F\u00e4rgelanda fick i valet 2022, 2,24% av r\u00f6sterna, vilket blev omskrivet i lokalmedia, d\u00e5 en lista spikades i sista stund innan valdagen. Partiavdelningen har alltid medlemsm\u00f6ten 1 vecka innan kommunfullm\u00e4ktige, som samtliga medlemmar \u00e4r v\u00e4lkomna till f\u00f6r debatt och\/eller som ett tillf\u00e4lle <a class=\"read-more-link\" href=\"https:\/\/wp.kristdemokraterna.se\/fargelanda\/textsida-med-vanster-sidebar\/om-kristdemokraterna\/\">L\u00e4s mer<\/a><\/p>\n","protected":false},"author":2,"featured_media":0,"parent":269,"menu_order":0,"comment_status":"closed","ping_status":"closed","template":"page.php","meta":{"_acf_changed":false,"footnotes":""},"class_list":["post-368","page","type-page","status-publish","hentry"],"acf":[],"yoast_head":"<!-- This site is optimized with the Yoast SEO plugin v27.4 - https:\/\/yoast.com\/product\/yoast-seo-wordpress\/ -->\n<title>Om Kristdemokraterna i F\u00e4rgelanda - Kristdemokraterna | fargelanda<\/title>\n<meta name=\"robots\" content=\"index, follow, max-snippet:-1, max-image-preview:large, max-video-preview:-1\" \/>\n<link rel=\"canonical\" href=\"https:\/\/wp.kristdemokraterna.se\/fargelanda\/textsida-med-vanster-sidebar\/om-kristdemokraterna\/\" \/>\n<meta property=\"og:locale\" content=\"sv_SE\" \/>\n<meta property=\"og:type\" content=\"article\" \/>\n<meta property=\"og:title\" content=\"Om Kristdemokraterna i F\u00e4rgelanda - Kristdemokraterna | fargelanda\" \/>\n<meta property=\"og:description\" content=\"Kristdemokraterna i F\u00e4rgelanda med organisationsnummer 802541-9329, \u00e4r en partiavdelning under kristdemokraterna. Kristdemokraterna i F\u00e4rgelanda fick i valet 2022, 2,24% av r\u00f6sterna, vilket blev omskrivet i lokalmedia, d\u00e5 en lista spikades i sista stund innan valdagen. Partiavdelningen har alltid medlemsm\u00f6ten 1 vecka innan kommunfullm\u00e4ktige, som samtliga medlemmar \u00e4r v\u00e4lkomna till f\u00f6r debatt och\/eller som ett tillf\u00e4lle L\u00e4s mer\" \/>\n<meta property=\"og:url\" content=\"https:\/\/wp.kristdemokraterna.se\/fargelanda\/textsida-med-vanster-sidebar\/om-kristdemokraterna\/\" \/>\n<meta property=\"og:site_name\" content=\"Kristdemokraterna | fargelanda\" \/>\n<meta property=\"article:modified_time\" content=\"2023-09-26T20:39:03+00:00\" \/>\n<meta property=\"og:image\" content=\"https:\/\/wp.kristdemokraterna.se\/fargelanda\/files\/2023\/05\/344220492_1426182084588597_7193354319552837673_n-225x300.jpg\" \/>\n<meta name=\"twitter:card\" content=\"summary_large_image\" \/>\n<meta name=\"twitter:label1\" content=\"Ber\u00e4knad l\u00e4stid\" \/>\n\t<meta name=\"twitter:data1\" content=\"1 minut\" \/>\n<script type=\"application\/ld+json\" class=\"yoast-schema-graph\">{\"@context\":\"https:\\\/\\\/schema.org\",\"@graph\":[{\"@type\":\"WebPage\",\"@id\":\"https:\\\/\\\/wp.kristdemokraterna.se\\\/fargelanda\\\/textsida-med-vanster-sidebar\\\/om-kristdemokraterna\\\/\",\"url\":\"https:\\\/\\\/wp.kristdemokraterna.se\\\/fargelanda\\\/textsida-med-vanster-sidebar\\\/om-kristdemokraterna\\\/\",\"name\":\"Om Kristdemokraterna i F\u00e4rgelanda - Kristdemokraterna | fargelanda\",\"isPartOf\":{\"@id\":\"https:\\\/\\\/wp.kristdemokraterna.se\\\/fargelanda\\\/#website\"},\"primaryImageOfPage\":{\"@id\":\"https:\\\/\\\/wp.kristdemokraterna.se\\\/fargelanda\\\/textsida-med-vanster-sidebar\\\/om-kristdemokraterna\\\/#primaryimage\"},\"image\":{\"@id\":\"https:\\\/\\\/wp.kristdemokraterna.se\\\/fargelanda\\\/textsida-med-vanster-sidebar\\\/om-kristdemokraterna\\\/#primaryimage\"},\"thumbnailUrl\":\"https:\\\/\\\/wp.kristdemokraterna.se\\\/fargelanda\\\/files\\\/2023\\\/05\\\/344220492_1426182084588597_7193354319552837673_n-225x300.jpg\",\"datePublished\":\"2017-12-04T15:44:15+00:00\",\"dateModified\":\"2023-09-26T20:39:03+00:00\",\"breadcrumb\":{\"@id\":\"https:\\\/\\\/wp.kristdemokraterna.se\\\/fargelanda\\\/textsida-med-vanster-sidebar\\\/om-kristdemokraterna\\\/#breadcrumb\"},\"inLanguage\":\"sv-SE\",\"potentialAction\":[{\"@type\":\"ReadAction\",\"target\":[\"https:\\\/\\\/wp.kristdemokraterna.se\\\/fargelanda\\\/textsida-med-vanster-sidebar\\\/om-kristdemokraterna\\\/\"]}]},{\"@type\":\"ImageObject\",\"inLanguage\":\"sv-SE\",\"@id\":\"https:\\\/\\\/wp.kristdemokraterna.se\\\/fargelanda\\\/textsida-med-vanster-sidebar\\\/om-kristdemokraterna\\\/#primaryimage\",\"url\":\"https:\\\/\\\/wp.kristdemokraterna.se\\\/fargelanda\\\/files\\\/2023\\\/05\\\/344220492_1426182084588597_7193354319552837673_n.jpg\",\"contentUrl\":\"https:\\\/\\\/wp.kristdemokraterna.se\\\/fargelanda\\\/files\\\/2023\\\/05\\\/344220492_1426182084588597_7193354319552837673_n.jpg\",\"width\":450,\"height\":600},{\"@type\":\"BreadcrumbList\",\"@id\":\"https:\\\/\\\/wp.kristdemokraterna.se\\\/fargelanda\\\/textsida-med-vanster-sidebar\\\/om-kristdemokraterna\\\/#breadcrumb\",\"itemListElement\":[{\"@type\":\"ListItem\",\"position\":1,\"name\":\"Hem\",\"item\":\"https:\\\/\\\/wp.kristdemokraterna.se\\\/fargelanda\\\/\"},{\"@type\":\"ListItem\",\"position\":2,\"name\":\"Partiavdelningen F\u00e4rgelanda\",\"item\":\"https:\\\/\\\/wp.kristdemokraterna.se\\\/fargelanda\\\/textsida-med-vanster-sidebar\\\/\"},{\"@type\":\"ListItem\",\"position\":3,\"name\":\"Om Kristdemokraterna i F\u00e4rgelanda\"}]},{\"@type\":\"WebSite\",\"@id\":\"https:\\\/\\\/wp.kristdemokraterna.se\\\/fargelanda\\\/#website\",\"url\":\"https:\\\/\\\/wp.kristdemokraterna.se\\\/fargelanda\\\/\",\"name\":\"Kristdemokraterna | fargelanda\",\"description\":\"En till Kristdemokraterna webbplats\",\"inLanguage\":\"sv-SE\"}]}<\/script>\n<!-- \/ Yoast SEO plugin. -->","yoast_head_json":{"title":"Om Kristdemokraterna i F\u00e4rgelanda - Kristdemokraterna | fargelanda","robots":{"index":"index","follow":"follow","max-snippet":"max-snippet:-1","max-image-preview":"max-image-preview:large","max-video-preview":"max-video-preview:-1"},"canonical":"https:\/\/wp.kristdemokraterna.se\/fargelanda\/textsida-med-vanster-sidebar\/om-kristdemokraterna\/","og_locale":"sv_SE","og_type":"article","og_title":"Om Kristdemokraterna i F\u00e4rgelanda - Kristdemokraterna | fargelanda","og_description":"Kristdemokraterna i F\u00e4rgelanda med organisationsnummer 802541-9329, \u00e4r en partiavdelning under kristdemokraterna. Kristdemokraterna i F\u00e4rgelanda fick i valet 2022, 2,24% av r\u00f6sterna, vilket blev omskrivet i lokalmedia, d\u00e5 en lista spikades i sista stund innan valdagen. Partiavdelningen har alltid medlemsm\u00f6ten 1 vecka innan kommunfullm\u00e4ktige, som samtliga medlemmar \u00e4r v\u00e4lkomna till f\u00f6r debatt och\/eller som ett tillf\u00e4lle L\u00e4s mer","og_url":"https:\/\/wp.kristdemokraterna.se\/fargelanda\/textsida-med-vanster-sidebar\/om-kristdemokraterna\/","og_site_name":"Kristdemokraterna | fargelanda","article_modified_time":"2023-09-26T20:39:03+00:00","og_image":[{"url":"https:\/\/wp.kristdemokraterna.se\/fargelanda\/files\/2023\/05\/344220492_1426182084588597_7193354319552837673_n-225x300.jpg","type":"","width":"","height":""}],"twitter_card":"summary_large_image","twitter_misc":{"Ber\u00e4knad l\u00e4stid":"1 minut"},"schema":{"@context":"https:\/\/schema.org","@graph":[{"@type":"WebPage","@id":"https:\/\/wp.kristdemokraterna.se\/fargelanda\/textsida-med-vanster-sidebar\/om-kristdemokraterna\/","url":"https:\/\/wp.kristdemokraterna.se\/fargelanda\/textsida-med-vanster-sidebar\/om-kristdemokraterna\/","name":"Om Kristdemokraterna i F\u00e4rgelanda - Kristdemokraterna | fargelanda","isPartOf":{"@id":"https:\/\/wp.kristdemokraterna.se\/fargelanda\/#website"},"primaryImageOfPage":{"@id":"https:\/\/wp.kristdemokraterna.se\/fargelanda\/textsida-med-vanster-sidebar\/om-kristdemokraterna\/#primaryimage"},"image":{"@id":"https:\/\/wp.kristdemokraterna.se\/fargelanda\/textsida-med-vanster-sidebar\/om-kristdemokraterna\/#primaryimage"},"thumbnailUrl":"https:\/\/wp.kristdemokraterna.se\/fargelanda\/files\/2023\/05\/344220492_1426182084588597_7193354319552837673_n-225x300.jpg","datePublished":"2017-12-04T15:44:15+00:00","dateModified":"2023-09-26T20:39:03+00:00","breadcrumb":{"@id":"https:\/\/wp.kristdemokraterna.se\/fargelanda\/textsida-med-vanster-sidebar\/om-kristdemokraterna\/#breadcrumb"},"inLanguage":"sv-SE","potentialAction":[{"@type":"ReadAction","target":["https:\/\/wp.kristdemokraterna.se\/fargelanda\/textsida-med-vanster-sidebar\/om-kristdemokraterna\/"]}]},{"@type":"ImageObject","inLanguage":"sv-SE","@id":"https:\/\/wp.kristdemokraterna.se\/fargelanda\/textsida-med-vanster-sidebar\/om-kristdemokraterna\/#primaryimage","url":"https:\/\/wp.kristdemokraterna.se\/fargelanda\/files\/2023\/05\/344220492_1426182084588597_7193354319552837673_n.jpg","contentUrl":"https:\/\/wp.kristdemokraterna.se\/fargelanda\/files\/2023\/05\/344220492_1426182084588597_7193354319552837673_n.jpg","width":450,"height":600},{"@type":"BreadcrumbList","@id":"https:\/\/wp.kristdemokraterna.se\/fargelanda\/textsida-med-vanster-sidebar\/om-kristdemokraterna\/#breadcrumb","itemListElement":[{"@type":"ListItem","position":1,"name":"Hem","item":"https:\/\/wp.kristdemokraterna.se\/fargelanda\/"},{"@type":"ListItem","position":2,"name":"Partiavdelningen F\u00e4rgelanda","item":"https:\/\/wp.kristdemokraterna.se\/fargelanda\/textsida-med-vanster-sidebar\/"},{"@type":"ListItem","position":3,"name":"Om Kristdemokraterna i F\u00e4rgelanda"}]},{"@type":"WebSite","@id":"https:\/\/wp.kristdemokraterna.se\/fargelanda\/#website","url":"https:\/\/wp.kristdemokraterna.se\/fargelanda\/","name":"Kristdemokraterna | fargelanda","description":"En till Kristdemokraterna webbplats","inLanguage":"sv-SE"}]}},"_links":{"self":[{"href":"https:\/\/wp.kristdemokraterna.se\/fargelanda\/wp-json\/wp\/v2\/pages\/368","targetHints":{"allow":["GET"]}}],"collection":[{"href":"https:\/\/wp.kristdemokraterna.se\/fargelanda\/wp-json\/wp\/v2\/pages"}],"about":[{"href":"https:\/\/wp.kristdemokraterna.se\/fargelanda\/wp-json\/wp\/v2\/types\/page"}],"author":[{"embeddable":true,"href":"https:\/\/wp.kristdemokraterna.se\/fargelanda\/wp-json\/wp\/v2\/users\/2"}],"replies":[{"embeddable":true,"href":"https:\/\/wp.kristdemokraterna.se\/fargelanda\/wp-json\/wp\/v2\/comments?post=368"}],"version-history":[{"count":8,"href":"https:\/\/wp.kristdemokraterna.se\/fargelanda\/wp-json\/wp\/v2\/pages\/368\/revisions"}],"predecessor-version":[{"id":756,"href":"https:\/\/wp.kristdemokraterna.se\/fargelanda\/wp-json\/wp\/v2\/pages\/368\/revisions\/756"}],"up":[{"embeddable":true,"href":"https:\/\/wp.kristdemokraterna.se\/fargelanda\/wp-json\/wp\/v2\/pages\/269"}],"wp:attachment":[{"href":"https:\/\/wp.kristdemokraterna.se\/fargelanda\/wp-json\/wp\/v2\/media?parent=368"}],"curies":[{"name":"wp","href":"https:\/\/api.w.org\/{rel}","templated":true}]}}