{"id":588,"date":"2023-03-02T00:50:04","date_gmt":"2023-03-01T23:50:04","guid":{"rendered":"https:\/\/wp.kristdemokraterna.se\/fargelanda\/?page_id=588"},"modified":"2023-10-08T01:12:32","modified_gmt":"2023-10-07T23:12:32","slug":"medlemskapet","status":"publish","type":"page","link":"https:\/\/wp.kristdemokraterna.se\/fargelanda\/textsida-med-vanster-sidebar\/medlemskapet\/","title":{"rendered":"Medlemskapet"},"content":{"rendered":"<p>Kristdemokraterna \u00e4r ett v\u00e4rdeorientierat parti som bygger hela sin politik p\u00e5 kristen etik\/kristdemokrati. Kristdemokraterna \u00e4r unika i relation till andra politiska partier d\u00e5 partiets ideologi \u00e4r mycket v\u00e4lutvecklad och har en rik historia som faktiskt format Sverige s\u00e5v\u00e4l som de flesta andra europeiska l\u00e4nder genom historien. Att ideologin bygger p\u00e5 kristen etik och kristdemokrati, betyder inte att partiet riktar sig mot endast kristna som ibland felaktigt tolkas in utifr\u00e5n namnet. Kristdemokraterna \u00e4r ist\u00e4llet ett parti\u00a0 f\u00f6r den som har m\u00e4nniskov\u00e4rdet och de etiska grundv\u00e4rdena i absoluta centrum. Detta inneb\u00e4r att familjepolitik och v\u00e5rdpolitik \u00e4r de centrala k\u00e4rnfr\u00e5gorna f\u00f6r kristdemokrater. Kristdemokraternas politik skiljer sig kraftigt fr\u00e5n de \u00f6vriga partiernas och s\u00e4gs ibland vara borgerlighetens &#8221;sociala samvete&#8221;. Ta nu chansen att bli en del av den internationella kristdemokratiska r\u00f6relsen genom att <a href=\"https:\/\/wp.kristdemokraterna.se\/fargelanda\/bli-medlem\/\">Bli medlem<\/a>.<\/p>\n<p><strong>Vad du f\u00e5r ut av medlemskapet?\u00a0<\/strong><\/p>\n<ol>\n<li>En rolig gemenskap<\/li>\n<li>Olika erbjudanden fr\u00e5n riksniv\u00e5 avseende utbildningar och rabatter p\u00e5 exempelvis SJ.<\/li>\n<li>R\u00f6str\u00e4tt p\u00e5 \u00e5rsm\u00f6te<\/li>\n<li>M\u00f6jlighet att f\u00e5 f\u00f6rtroende positioner f\u00f6r Kristdeokraterna i F\u00e4rgelanda<\/li>\n<li>Tillg\u00e5ng till intran\u00e4tet KD plus som inneh\u00e5ller bland annat diskussionsforum, medlemsinformation , utbildningar\u00a0 samt annat material som riktar sig till dig som \u00e4r medlem.<\/li>\n<\/ol>\n<p>Medlemsavgiften \u00e4r endast 200 kronor per \u00e5r. Senast ett par dagar efter att Kristdemokraterna p\u00e5 riksniv\u00e5 godk\u00e4nt din ans\u00f6kan skickas ett e-postmeddelande till dig med information om hur du kan betala avgiften. Varmt v\u00e4lkommen med din medlemsans\u00f6kan.<\/p>\n<p>&nbsp;<\/p>\n<p><img loading=\"lazy\" decoding=\"async\" class=\"alignnone size-medium wp-image-664\" src=\"https:\/\/wp.kristdemokraterna.se\/fargelanda\/files\/2023\/04\/340860625_1355077355339964_7187243233092298745_n-225x300.jpg\" alt=\"\" width=\"225\" height=\"300\" srcset=\"https:\/\/wp.kristdemokraterna.se\/fargelanda\/files\/2023\/04\/340860625_1355077355339964_7187243233092298745_n-225x300.jpg 225w, https:\/\/wp.kristdemokraterna.se\/fargelanda\/files\/2023\/04\/340860625_1355077355339964_7187243233092298745_n-150x200.jpg 150w, https:\/\/wp.kristdemokraterna.se\/fargelanda\/files\/2023\/04\/340860625_1355077355339964_7187243233092298745_n-370x493.jpg 370w, https:\/\/wp.kristdemokraterna.se\/fargelanda\/files\/2023\/04\/340860625_1355077355339964_7187243233092298745_n-280x373.jpg 280w, https:\/\/wp.kristdemokraterna.se\/fargelanda\/files\/2023\/04\/340860625_1355077355339964_7187243233092298745_n-340x453.jpg 340w, https:\/\/wp.kristdemokraterna.se\/fargelanda\/files\/2023\/04\/340860625_1355077355339964_7187243233092298745_n-42x56.jpg 42w, https:\/\/wp.kristdemokraterna.se\/fargelanda\/files\/2023\/04\/340860625_1355077355339964_7187243233092298745_n.jpg 450w\" sizes=\"auto, (max-width: 225px) 100vw, 225px\" \/><\/p>\n","protected":false},"excerpt":{"rendered":"<p>Kristdemokraterna \u00e4r ett v\u00e4rdeorientierat parti som bygger hela sin politik p\u00e5 kristen etik\/kristdemokrati. Kristdemokraterna \u00e4r unika i relation till andra politiska partier d\u00e5 partiets ideologi \u00e4r mycket v\u00e4lutvecklad och har en rik historia som faktiskt format Sverige s\u00e5v\u00e4l som de flesta andra europeiska l\u00e4nder genom historien. Att ideologin bygger p\u00e5 kristen etik och kristdemokrati, betyder <a class=\"read-more-link\" href=\"https:\/\/wp.kristdemokraterna.se\/fargelanda\/textsida-med-vanster-sidebar\/medlemskapet\/\">L\u00e4s mer<\/a><\/p>\n","protected":false},"author":1051,"featured_media":0,"parent":269,"menu_order":4,"comment_status":"closed","ping_status":"closed","template":"","meta":{"_acf_changed":false,"footnotes":""},"class_list":["post-588","page","type-page","status-publish","hentry"],"acf":[],"yoast_head":"<!-- This site is optimized with the Yoast SEO plugin v27.4 - https:\/\/yoast.com\/product\/yoast-seo-wordpress\/ -->\n<title>Medlemskapet - Kristdemokraterna | fargelanda<\/title>\n<meta name=\"robots\" content=\"index, follow, max-snippet:-1, max-image-preview:large, max-video-preview:-1\" \/>\n<link rel=\"canonical\" href=\"https:\/\/wp.kristdemokraterna.se\/fargelanda\/textsida-med-vanster-sidebar\/medlemskapet\/\" \/>\n<meta property=\"og:locale\" content=\"sv_SE\" \/>\n<meta property=\"og:type\" content=\"article\" \/>\n<meta property=\"og:title\" content=\"Medlemskapet - Kristdemokraterna | fargelanda\" \/>\n<meta property=\"og:description\" content=\"Kristdemokraterna \u00e4r ett v\u00e4rdeorientierat parti som bygger hela sin politik p\u00e5 kristen etik\/kristdemokrati. Kristdemokraterna \u00e4r unika i relation till andra politiska partier d\u00e5 partiets ideologi \u00e4r mycket v\u00e4lutvecklad och har en rik historia som faktiskt format Sverige s\u00e5v\u00e4l som de flesta andra europeiska l\u00e4nder genom historien. Att ideologin bygger p\u00e5 kristen etik och kristdemokrati, betyder L\u00e4s mer\" \/>\n<meta property=\"og:url\" content=\"https:\/\/wp.kristdemokraterna.se\/fargelanda\/textsida-med-vanster-sidebar\/medlemskapet\/\" \/>\n<meta property=\"og:site_name\" content=\"Kristdemokraterna | fargelanda\" \/>\n<meta property=\"article:modified_time\" content=\"2023-10-07T23:12:32+00:00\" \/>\n<meta property=\"og:image\" content=\"https:\/\/wp.kristdemokraterna.se\/fargelanda\/files\/2023\/04\/340860625_1355077355339964_7187243233092298745_n-225x300.jpg\" \/>\n<meta name=\"twitter:card\" content=\"summary_large_image\" \/>\n<meta name=\"twitter:label1\" content=\"Ber\u00e4knad l\u00e4stid\" \/>\n\t<meta name=\"twitter:data1\" content=\"2 minuter\" \/>\n<script type=\"application\/ld+json\" class=\"yoast-schema-graph\">{\"@context\":\"https:\\\/\\\/schema.org\",\"@graph\":[{\"@type\":\"WebPage\",\"@id\":\"https:\\\/\\\/wp.kristdemokraterna.se\\\/fargelanda\\\/textsida-med-vanster-sidebar\\\/medlemskapet\\\/\",\"url\":\"https:\\\/\\\/wp.kristdemokraterna.se\\\/fargelanda\\\/textsida-med-vanster-sidebar\\\/medlemskapet\\\/\",\"name\":\"Medlemskapet - Kristdemokraterna | fargelanda\",\"isPartOf\":{\"@id\":\"https:\\\/\\\/wp.kristdemokraterna.se\\\/fargelanda\\\/#website\"},\"primaryImageOfPage\":{\"@id\":\"https:\\\/\\\/wp.kristdemokraterna.se\\\/fargelanda\\\/textsida-med-vanster-sidebar\\\/medlemskapet\\\/#primaryimage\"},\"image\":{\"@id\":\"https:\\\/\\\/wp.kristdemokraterna.se\\\/fargelanda\\\/textsida-med-vanster-sidebar\\\/medlemskapet\\\/#primaryimage\"},\"thumbnailUrl\":\"https:\\\/\\\/wp.kristdemokraterna.se\\\/fargelanda\\\/files\\\/2023\\\/04\\\/340860625_1355077355339964_7187243233092298745_n-225x300.jpg\",\"datePublished\":\"2023-03-01T23:50:04+00:00\",\"dateModified\":\"2023-10-07T23:12:32+00:00\",\"breadcrumb\":{\"@id\":\"https:\\\/\\\/wp.kristdemokraterna.se\\\/fargelanda\\\/textsida-med-vanster-sidebar\\\/medlemskapet\\\/#breadcrumb\"},\"inLanguage\":\"sv-SE\",\"potentialAction\":[{\"@type\":\"ReadAction\",\"target\":[\"https:\\\/\\\/wp.kristdemokraterna.se\\\/fargelanda\\\/textsida-med-vanster-sidebar\\\/medlemskapet\\\/\"]}]},{\"@type\":\"ImageObject\",\"inLanguage\":\"sv-SE\",\"@id\":\"https:\\\/\\\/wp.kristdemokraterna.se\\\/fargelanda\\\/textsida-med-vanster-sidebar\\\/medlemskapet\\\/#primaryimage\",\"url\":\"https:\\\/\\\/wp.kristdemokraterna.se\\\/fargelanda\\\/files\\\/2023\\\/04\\\/340860625_1355077355339964_7187243233092298745_n.jpg\",\"contentUrl\":\"https:\\\/\\\/wp.kristdemokraterna.se\\\/fargelanda\\\/files\\\/2023\\\/04\\\/340860625_1355077355339964_7187243233092298745_n.jpg\",\"width\":450,\"height\":600},{\"@type\":\"BreadcrumbList\",\"@id\":\"https:\\\/\\\/wp.kristdemokraterna.se\\\/fargelanda\\\/textsida-med-vanster-sidebar\\\/medlemskapet\\\/#breadcrumb\",\"itemListElement\":[{\"@type\":\"ListItem\",\"position\":1,\"name\":\"Hem\",\"item\":\"https:\\\/\\\/wp.kristdemokraterna.se\\\/fargelanda\\\/\"},{\"@type\":\"ListItem\",\"position\":2,\"name\":\"Partiavdelningen F\u00e4rgelanda\",\"item\":\"https:\\\/\\\/wp.kristdemokraterna.se\\\/fargelanda\\\/textsida-med-vanster-sidebar\\\/\"},{\"@type\":\"ListItem\",\"position\":3,\"name\":\"Medlemskapet\"}]},{\"@type\":\"WebSite\",\"@id\":\"https:\\\/\\\/wp.kristdemokraterna.se\\\/fargelanda\\\/#website\",\"url\":\"https:\\\/\\\/wp.kristdemokraterna.se\\\/fargelanda\\\/\",\"name\":\"Kristdemokraterna | fargelanda\",\"description\":\"En till Kristdemokraterna webbplats\",\"inLanguage\":\"sv-SE\"}]}<\/script>\n<!-- \/ Yoast SEO plugin. -->","yoast_head_json":{"title":"Medlemskapet - Kristdemokraterna | fargelanda","robots":{"index":"index","follow":"follow","max-snippet":"max-snippet:-1","max-image-preview":"max-image-preview:large","max-video-preview":"max-video-preview:-1"},"canonical":"https:\/\/wp.kristdemokraterna.se\/fargelanda\/textsida-med-vanster-sidebar\/medlemskapet\/","og_locale":"sv_SE","og_type":"article","og_title":"Medlemskapet - Kristdemokraterna | fargelanda","og_description":"Kristdemokraterna \u00e4r ett v\u00e4rdeorientierat parti som bygger hela sin politik p\u00e5 kristen etik\/kristdemokrati. Kristdemokraterna \u00e4r unika i relation till andra politiska partier d\u00e5 partiets ideologi \u00e4r mycket v\u00e4lutvecklad och har en rik historia som faktiskt format Sverige s\u00e5v\u00e4l som de flesta andra europeiska l\u00e4nder genom historien. Att ideologin bygger p\u00e5 kristen etik och kristdemokrati, betyder L\u00e4s mer","og_url":"https:\/\/wp.kristdemokraterna.se\/fargelanda\/textsida-med-vanster-sidebar\/medlemskapet\/","og_site_name":"Kristdemokraterna | fargelanda","article_modified_time":"2023-10-07T23:12:32+00:00","og_image":[{"url":"https:\/\/wp.kristdemokraterna.se\/fargelanda\/files\/2023\/04\/340860625_1355077355339964_7187243233092298745_n-225x300.jpg","type":"","width":"","height":""}],"twitter_card":"summary_large_image","twitter_misc":{"Ber\u00e4knad l\u00e4stid":"2 minuter"},"schema":{"@context":"https:\/\/schema.org","@graph":[{"@type":"WebPage","@id":"https:\/\/wp.kristdemokraterna.se\/fargelanda\/textsida-med-vanster-sidebar\/medlemskapet\/","url":"https:\/\/wp.kristdemokraterna.se\/fargelanda\/textsida-med-vanster-sidebar\/medlemskapet\/","name":"Medlemskapet - Kristdemokraterna | fargelanda","isPartOf":{"@id":"https:\/\/wp.kristdemokraterna.se\/fargelanda\/#website"},"primaryImageOfPage":{"@id":"https:\/\/wp.kristdemokraterna.se\/fargelanda\/textsida-med-vanster-sidebar\/medlemskapet\/#primaryimage"},"image":{"@id":"https:\/\/wp.kristdemokraterna.se\/fargelanda\/textsida-med-vanster-sidebar\/medlemskapet\/#primaryimage"},"thumbnailUrl":"https:\/\/wp.kristdemokraterna.se\/fargelanda\/files\/2023\/04\/340860625_1355077355339964_7187243233092298745_n-225x300.jpg","datePublished":"2023-03-01T23:50:04+00:00","dateModified":"2023-10-07T23:12:32+00:00","breadcrumb":{"@id":"https:\/\/wp.kristdemokraterna.se\/fargelanda\/textsida-med-vanster-sidebar\/medlemskapet\/#breadcrumb"},"inLanguage":"sv-SE","potentialAction":[{"@type":"ReadAction","target":["https:\/\/wp.kristdemokraterna.se\/fargelanda\/textsida-med-vanster-sidebar\/medlemskapet\/"]}]},{"@type":"ImageObject","inLanguage":"sv-SE","@id":"https:\/\/wp.kristdemokraterna.se\/fargelanda\/textsida-med-vanster-sidebar\/medlemskapet\/#primaryimage","url":"https:\/\/wp.kristdemokraterna.se\/fargelanda\/files\/2023\/04\/340860625_1355077355339964_7187243233092298745_n.jpg","contentUrl":"https:\/\/wp.kristdemokraterna.se\/fargelanda\/files\/2023\/04\/340860625_1355077355339964_7187243233092298745_n.jpg","width":450,"height":600},{"@type":"BreadcrumbList","@id":"https:\/\/wp.kristdemokraterna.se\/fargelanda\/textsida-med-vanster-sidebar\/medlemskapet\/#breadcrumb","itemListElement":[{"@type":"ListItem","position":1,"name":"Hem","item":"https:\/\/wp.kristdemokraterna.se\/fargelanda\/"},{"@type":"ListItem","position":2,"name":"Partiavdelningen F\u00e4rgelanda","item":"https:\/\/wp.kristdemokraterna.se\/fargelanda\/textsida-med-vanster-sidebar\/"},{"@type":"ListItem","position":3,"name":"Medlemskapet"}]},{"@type":"WebSite","@id":"https:\/\/wp.kristdemokraterna.se\/fargelanda\/#website","url":"https:\/\/wp.kristdemokraterna.se\/fargelanda\/","name":"Kristdemokraterna | fargelanda","description":"En till Kristdemokraterna webbplats","inLanguage":"sv-SE"}]}},"_links":{"self":[{"href":"https:\/\/wp.kristdemokraterna.se\/fargelanda\/wp-json\/wp\/v2\/pages\/588","targetHints":{"allow":["GET"]}}],"collection":[{"href":"https:\/\/wp.kristdemokraterna.se\/fargelanda\/wp-json\/wp\/v2\/pages"}],"about":[{"href":"https:\/\/wp.kristdemokraterna.se\/fargelanda\/wp-json\/wp\/v2\/types\/page"}],"author":[{"embeddable":true,"href":"https:\/\/wp.kristdemokraterna.se\/fargelanda\/wp-json\/wp\/v2\/users\/1051"}],"replies":[{"embeddable":true,"href":"https:\/\/wp.kristdemokraterna.se\/fargelanda\/wp-json\/wp\/v2\/comments?post=588"}],"version-history":[{"count":4,"href":"https:\/\/wp.kristdemokraterna.se\/fargelanda\/wp-json\/wp\/v2\/pages\/588\/revisions"}],"predecessor-version":[{"id":906,"href":"https:\/\/wp.kristdemokraterna.se\/fargelanda\/wp-json\/wp\/v2\/pages\/588\/revisions\/906"}],"up":[{"embeddable":true,"href":"https:\/\/wp.kristdemokraterna.se\/fargelanda\/wp-json\/wp\/v2\/pages\/269"}],"wp:attachment":[{"href":"https:\/\/wp.kristdemokraterna.se\/fargelanda\/wp-json\/wp\/v2\/media?parent=588"}],"curies":[{"name":"wp","href":"https:\/\/api.w.org\/{rel}","templated":true}]}}