{"id":600,"date":"2023-03-04T00:13:00","date_gmt":"2023-03-03T23:13:00","guid":{"rendered":"https:\/\/wp.kristdemokraterna.se\/fargelanda\/?page_id=600"},"modified":"2023-03-04T00:13:00","modified_gmt":"2023-03-03T23:13:00","slug":"partiprogram","status":"publish","type":"page","link":"https:\/\/wp.kristdemokraterna.se\/fargelanda\/i-var-kommun\/partiprogram\/","title":{"rendered":"Partiprogram"},"content":{"rendered":"<h1>V\u00e5r politik i kommunen<\/h1>\n<p>Kristdemokraterna \u00e4r det sj\u00e4lvklara valet f\u00f6r en l\u00e5ngsiktig och h\u00e5llbar f\u00f6r\u00e4ndring av F\u00e4rgelanda kommun. Vi Kristdemokrater anser att trygga familjer, ger barn goda f\u00f6ruts\u00e4ttningar att klara livets olika utmaningar. Vi vill familjes\u00e4kra politiken, att alla politiska beslut ska analyseras utifr\u00e5n vilka konsekvenser de f\u00e5r f\u00f6r familjer och n\u00e4ra relationer.<\/p>\n<p>Vi vill:<br \/>\n\u2022 F\u00f6rb\u00e4ttra f\u00f6r barn och familjer genom att minska barngruppernas storlek i f\u00f6rskolan och p\u00e5 fritids och \u00f6ka familjers valfrihet att v\u00e4lja barnomsorg. Inf\u00f6ra en barnomsorgspeng \u00e4ven f\u00f6r f\u00f6r\u00e4ldrar som sj\u00e4lva har hand om omsorgen f\u00f6r sina barn.<br \/>\n\u2022 F\u00f6rb\u00e4ttra st\u00f6det till ekonomiskt svaga barnfamiljer.<br \/>\n\u2022\u00a0Inf\u00f6ra en flexiblare f\u00f6r\u00e4ldraf\u00f6rs\u00e4kring s\u00e5 att barnen f\u00e5r mer tid med sina f\u00f6r\u00e4ldrar och f\u00f6rb\u00e4ttra st\u00f6det till ton\u00e5rsf\u00f6r\u00e4ldrar. Vi s\u00e4ger nej till kvotering.<br \/>\n<strong><br \/>\nB\u00e4ttre f\u00f6retagsklimat f\u00f6r fler jobb<br \/>\n<\/strong>Det privata n\u00e4ringslivet och entrepren\u00f6rskapet \u00e4r grunden f\u00f6r Sveriges v\u00e4lf\u00e4rd. Nya jobb kan inte kommenderas fram av politiker. De skapas n\u00e4r enskilda m\u00e4nniskor finner det m\u00f6dan v\u00e4rt att starta eller utveckla ett f\u00f6retag.<\/p>\n<p>Vi vill:<br \/>\n\u2022 Forts\u00e4tta att f\u00f6renkla f\u00f6r f\u00f6retag att starta och anst\u00e4lla personal bland annat genom att minska f\u00f6retagens sjukl\u00f6nekostnader och utveckla RUT- och ROT-avdragen.<br \/>\n\u2022 Ha kvar s\u00e4nkta arbetsgivaravgifter f\u00f6r unga, s\u00e4nkt restaurangmoms och s\u00e4nkt skatt p\u00e5 arbete.\u00a0Vi vill ocks\u00e5 \u00f6ka tryggheten vid arbetsl\u00f6shet.<br \/>\n\u2022 St\u00e4rka ungdomars m\u00f6jlighet att f\u00e5 jobb, bland annat genom att inf\u00f6ra en l\u00e4rlingsanst\u00e4llningsform.<\/p>\n<p><strong>Lokalt Partiprogram<\/strong><\/p>\n<p>Kristdemokraterna i F\u00e4rgelanda har arbetat fram ett lokalt och vision\u00e4rt partiprogram, som str\u00e4cker sig \u00e4nda till \u00e5r 2040. Du kan l\u00e4sa det h\u00e4r:<\/p>\n<p><a href=\"https:\/\/wp.kristdemokraterna.se\/fargelanda\/files\/2023\/02\/lokalt-partiprogram.pdf\" data-wpel-link=\"internal\">Lokalt Partiprogram<\/a><\/p>\n","protected":false},"excerpt":{"rendered":"<p>V\u00e5r politik i kommunen Kristdemokraterna \u00e4r det sj\u00e4lvklara valet f\u00f6r en l\u00e5ngsiktig och h\u00e5llbar f\u00f6r\u00e4ndring av F\u00e4rgelanda kommun. Vi Kristdemokrater anser att trygga familjer, ger barn goda f\u00f6ruts\u00e4ttningar att klara livets olika utmaningar. Vi vill familjes\u00e4kra politiken, att alla politiska beslut ska analyseras utifr\u00e5n vilka konsekvenser de f\u00e5r f\u00f6r familjer och n\u00e4ra relationer. Vi vill: <a class=\"read-more-link\" href=\"https:\/\/wp.kristdemokraterna.se\/fargelanda\/i-var-kommun\/partiprogram\/\">L\u00e4s mer<\/a><\/p>\n","protected":false},"author":1051,"featured_media":0,"parent":342,"menu_order":0,"comment_status":"closed","ping_status":"closed","template":"","meta":{"_acf_changed":false,"footnotes":""},"class_list":["post-600","page","type-page","status-publish","hentry"],"acf":[],"yoast_head":"<!-- This site is optimized with the Yoast SEO plugin v27.4 - https:\/\/yoast.com\/product\/yoast-seo-wordpress\/ -->\n<title>Partiprogram - Kristdemokraterna | fargelanda<\/title>\n<meta name=\"robots\" content=\"index, follow, max-snippet:-1, max-image-preview:large, max-video-preview:-1\" \/>\n<link rel=\"canonical\" href=\"https:\/\/wp.kristdemokraterna.se\/fargelanda\/i-var-kommun\/partiprogram\/\" \/>\n<meta property=\"og:locale\" content=\"sv_SE\" \/>\n<meta property=\"og:type\" content=\"article\" \/>\n<meta property=\"og:title\" content=\"Partiprogram - Kristdemokraterna | fargelanda\" \/>\n<meta property=\"og:description\" content=\"V\u00e5r politik i kommunen Kristdemokraterna \u00e4r det sj\u00e4lvklara valet f\u00f6r en l\u00e5ngsiktig och h\u00e5llbar f\u00f6r\u00e4ndring av F\u00e4rgelanda kommun. Vi Kristdemokrater anser att trygga familjer, ger barn goda f\u00f6ruts\u00e4ttningar att klara livets olika utmaningar. Vi vill familjes\u00e4kra politiken, att alla politiska beslut ska analyseras utifr\u00e5n vilka konsekvenser de f\u00e5r f\u00f6r familjer och n\u00e4ra relationer. Vi vill: L\u00e4s mer\" \/>\n<meta property=\"og:url\" content=\"https:\/\/wp.kristdemokraterna.se\/fargelanda\/i-var-kommun\/partiprogram\/\" \/>\n<meta property=\"og:site_name\" content=\"Kristdemokraterna | fargelanda\" \/>\n<meta name=\"twitter:card\" content=\"summary_large_image\" \/>\n<meta name=\"twitter:label1\" content=\"Ber\u00e4knad l\u00e4stid\" \/>\n\t<meta name=\"twitter:data1\" content=\"2 minuter\" \/>\n<script type=\"application\/ld+json\" class=\"yoast-schema-graph\">{\"@context\":\"https:\\\/\\\/schema.org\",\"@graph\":[{\"@type\":\"WebPage\",\"@id\":\"https:\\\/\\\/wp.kristdemokraterna.se\\\/fargelanda\\\/i-var-kommun\\\/partiprogram\\\/\",\"url\":\"https:\\\/\\\/wp.kristdemokraterna.se\\\/fargelanda\\\/i-var-kommun\\\/partiprogram\\\/\",\"name\":\"Partiprogram - Kristdemokraterna | fargelanda\",\"isPartOf\":{\"@id\":\"https:\\\/\\\/wp.kristdemokraterna.se\\\/fargelanda\\\/#website\"},\"datePublished\":\"2023-03-03T23:13:00+00:00\",\"breadcrumb\":{\"@id\":\"https:\\\/\\\/wp.kristdemokraterna.se\\\/fargelanda\\\/i-var-kommun\\\/partiprogram\\\/#breadcrumb\"},\"inLanguage\":\"sv-SE\",\"potentialAction\":[{\"@type\":\"ReadAction\",\"target\":[\"https:\\\/\\\/wp.kristdemokraterna.se\\\/fargelanda\\\/i-var-kommun\\\/partiprogram\\\/\"]}]},{\"@type\":\"BreadcrumbList\",\"@id\":\"https:\\\/\\\/wp.kristdemokraterna.se\\\/fargelanda\\\/i-var-kommun\\\/partiprogram\\\/#breadcrumb\",\"itemListElement\":[{\"@type\":\"ListItem\",\"position\":1,\"name\":\"Hem\",\"item\":\"https:\\\/\\\/wp.kristdemokraterna.se\\\/fargelanda\\\/\"},{\"@type\":\"ListItem\",\"position\":2,\"name\":\"Vad vill vi i F\u00e4rgelanda kommun\",\"item\":\"https:\\\/\\\/wp.kristdemokraterna.se\\\/fargelanda\\\/i-var-kommun\\\/\"},{\"@type\":\"ListItem\",\"position\":3,\"name\":\"Partiprogram\"}]},{\"@type\":\"WebSite\",\"@id\":\"https:\\\/\\\/wp.kristdemokraterna.se\\\/fargelanda\\\/#website\",\"url\":\"https:\\\/\\\/wp.kristdemokraterna.se\\\/fargelanda\\\/\",\"name\":\"Kristdemokraterna | fargelanda\",\"description\":\"En till Kristdemokraterna webbplats\",\"inLanguage\":\"sv-SE\"}]}<\/script>\n<!-- \/ Yoast SEO plugin. -->","yoast_head_json":{"title":"Partiprogram - Kristdemokraterna | fargelanda","robots":{"index":"index","follow":"follow","max-snippet":"max-snippet:-1","max-image-preview":"max-image-preview:large","max-video-preview":"max-video-preview:-1"},"canonical":"https:\/\/wp.kristdemokraterna.se\/fargelanda\/i-var-kommun\/partiprogram\/","og_locale":"sv_SE","og_type":"article","og_title":"Partiprogram - Kristdemokraterna | fargelanda","og_description":"V\u00e5r politik i kommunen Kristdemokraterna \u00e4r det sj\u00e4lvklara valet f\u00f6r en l\u00e5ngsiktig och h\u00e5llbar f\u00f6r\u00e4ndring av F\u00e4rgelanda kommun. Vi Kristdemokrater anser att trygga familjer, ger barn goda f\u00f6ruts\u00e4ttningar att klara livets olika utmaningar. Vi vill familjes\u00e4kra politiken, att alla politiska beslut ska analyseras utifr\u00e5n vilka konsekvenser de f\u00e5r f\u00f6r familjer och n\u00e4ra relationer. Vi vill: L\u00e4s mer","og_url":"https:\/\/wp.kristdemokraterna.se\/fargelanda\/i-var-kommun\/partiprogram\/","og_site_name":"Kristdemokraterna | fargelanda","twitter_card":"summary_large_image","twitter_misc":{"Ber\u00e4knad l\u00e4stid":"2 minuter"},"schema":{"@context":"https:\/\/schema.org","@graph":[{"@type":"WebPage","@id":"https:\/\/wp.kristdemokraterna.se\/fargelanda\/i-var-kommun\/partiprogram\/","url":"https:\/\/wp.kristdemokraterna.se\/fargelanda\/i-var-kommun\/partiprogram\/","name":"Partiprogram - Kristdemokraterna | fargelanda","isPartOf":{"@id":"https:\/\/wp.kristdemokraterna.se\/fargelanda\/#website"},"datePublished":"2023-03-03T23:13:00+00:00","breadcrumb":{"@id":"https:\/\/wp.kristdemokraterna.se\/fargelanda\/i-var-kommun\/partiprogram\/#breadcrumb"},"inLanguage":"sv-SE","potentialAction":[{"@type":"ReadAction","target":["https:\/\/wp.kristdemokraterna.se\/fargelanda\/i-var-kommun\/partiprogram\/"]}]},{"@type":"BreadcrumbList","@id":"https:\/\/wp.kristdemokraterna.se\/fargelanda\/i-var-kommun\/partiprogram\/#breadcrumb","itemListElement":[{"@type":"ListItem","position":1,"name":"Hem","item":"https:\/\/wp.kristdemokraterna.se\/fargelanda\/"},{"@type":"ListItem","position":2,"name":"Vad vill vi i F\u00e4rgelanda kommun","item":"https:\/\/wp.kristdemokraterna.se\/fargelanda\/i-var-kommun\/"},{"@type":"ListItem","position":3,"name":"Partiprogram"}]},{"@type":"WebSite","@id":"https:\/\/wp.kristdemokraterna.se\/fargelanda\/#website","url":"https:\/\/wp.kristdemokraterna.se\/fargelanda\/","name":"Kristdemokraterna | fargelanda","description":"En till Kristdemokraterna webbplats","inLanguage":"sv-SE"}]}},"_links":{"self":[{"href":"https:\/\/wp.kristdemokraterna.se\/fargelanda\/wp-json\/wp\/v2\/pages\/600","targetHints":{"allow":["GET"]}}],"collection":[{"href":"https:\/\/wp.kristdemokraterna.se\/fargelanda\/wp-json\/wp\/v2\/pages"}],"about":[{"href":"https:\/\/wp.kristdemokraterna.se\/fargelanda\/wp-json\/wp\/v2\/types\/page"}],"author":[{"embeddable":true,"href":"https:\/\/wp.kristdemokraterna.se\/fargelanda\/wp-json\/wp\/v2\/users\/1051"}],"replies":[{"embeddable":true,"href":"https:\/\/wp.kristdemokraterna.se\/fargelanda\/wp-json\/wp\/v2\/comments?post=600"}],"version-history":[{"count":1,"href":"https:\/\/wp.kristdemokraterna.se\/fargelanda\/wp-json\/wp\/v2\/pages\/600\/revisions"}],"predecessor-version":[{"id":601,"href":"https:\/\/wp.kristdemokraterna.se\/fargelanda\/wp-json\/wp\/v2\/pages\/600\/revisions\/601"}],"up":[{"embeddable":true,"href":"https:\/\/wp.kristdemokraterna.se\/fargelanda\/wp-json\/wp\/v2\/pages\/342"}],"wp:attachment":[{"href":"https:\/\/wp.kristdemokraterna.se\/fargelanda\/wp-json\/wp\/v2\/media?parent=600"}],"curies":[{"name":"wp","href":"https:\/\/api.w.org\/{rel}","templated":true}]}}