{"id":757,"date":"2023-07-21T14:15:11","date_gmt":"2023-07-21T12:15:11","guid":{"rendered":"https:\/\/wp.kristdemokraterna.se\/fargelanda\/?page_id=757"},"modified":"2023-07-21T14:43:55","modified_gmt":"2023-07-21T12:43:55","slug":"gava","status":"publish","type":"page","link":"https:\/\/wp.kristdemokraterna.se\/fargelanda\/textsida-med-vanster-sidebar\/gava\/","title":{"rendered":"G\u00e5va"},"content":{"rendered":"<p><img loading=\"lazy\" decoding=\"async\" class=\"alignnone size-medium wp-image-532\" src=\"https:\/\/wp.kristdemokraterna.se\/fargelanda\/files\/2022\/12\/herobanner-dator-statsrad-final-e1670251430443-300x200.png\" alt=\"\" width=\"300\" height=\"200\" srcset=\"https:\/\/wp.kristdemokraterna.se\/fargelanda\/files\/2022\/12\/herobanner-dator-statsrad-final-e1670251430443-300x200.png 300w, https:\/\/wp.kristdemokraterna.se\/fargelanda\/files\/2022\/12\/herobanner-dator-statsrad-final-e1670251430443-768x512.png 768w, https:\/\/wp.kristdemokraterna.se\/fargelanda\/files\/2022\/12\/herobanner-dator-statsrad-final-e1670251430443-370x247.png 370w, https:\/\/wp.kristdemokraterna.se\/fargelanda\/files\/2022\/12\/herobanner-dator-statsrad-final-e1670251430443-770x513.png 770w, https:\/\/wp.kristdemokraterna.se\/fargelanda\/files\/2022\/12\/herobanner-dator-statsrad-final-e1670251430443-450x300.png 450w, https:\/\/wp.kristdemokraterna.se\/fargelanda\/files\/2022\/12\/herobanner-dator-statsrad-final-e1670251430443-280x187.png 280w, https:\/\/wp.kristdemokraterna.se\/fargelanda\/files\/2022\/12\/herobanner-dator-statsrad-final-e1670251430443-340x227.png 340w, https:\/\/wp.kristdemokraterna.se\/fargelanda\/files\/2022\/12\/herobanner-dator-statsrad-final-e1670251430443-200x133.png 200w, https:\/\/wp.kristdemokraterna.se\/fargelanda\/files\/2022\/12\/herobanner-dator-statsrad-final-e1670251430443-84x56.png 84w, https:\/\/wp.kristdemokraterna.se\/fargelanda\/files\/2022\/12\/herobanner-dator-statsrad-final-e1670251430443.png 960w\" sizes=\"auto, (max-width: 300px) 100vw, 300px\" \/><\/p>\n<p><strong>Ge en g\u00e5va<br \/>\n<\/strong>Vill du st\u00f6dja den lokala partiavdelningen Kristdemokraterna i F\u00e4rgelanda, kan du Swisha till 123 144 10 13 (Kristdemokraterna F\u00e4rgelanda). Det g\u00e5r \u00e4ven att s\u00e4tta in beloppet p\u00e5 bankgiro 5732-1309. Om din g\u00e5va kommer \u00f6verskrida ett halvt prisbasbelopp, kontakta alltid partiavdelningen f\u00f6rst.<\/p>\n<p><strong>Hur g\u00e5vor anv\u00e4nds<br \/>\n<\/strong>G\u00e5vor hj\u00e4lper Partiavdelningen att kunna marknadsf\u00f6ra sin politik och deltaga i kommunvalet med liknande f\u00f6ruts\u00e4ttningar som stora partier i kommunen.\u00a0 G\u00e5vor bidrar \u00e4ven till m\u00f6jlighet f\u00f6r partiavdelningen att genomf\u00f6ra aktiviteter f\u00f6r sina medlemmar och \u00f6ka kunskapen om den kristdemokratiska r\u00f6relsen. Den som l\u00e4mnar en g\u00e5va kan ange att g\u00e5van ska anv\u00e4ndas p\u00e5 ett s\u00e4rskilt s\u00e4tt. Detta g\u00f6r g\u00e5vogivaren genom att i meddelanderutan\u00a0 ange n\u00e5got av f\u00f6ljande texrader:<\/p>\n<ol>\n<li>Kommunvalet<\/li>\n<li>Medlemsaktivitet<\/li>\n<li>Utbildning<\/li>\n<\/ol>\n<p><strong>Redovisning<br \/>\n<\/strong><em>Observera att Politiska partier inte f\u00e5r ta emot anonyma bidrag. D\u00e4rf\u00f6r redovisas alla bidrag \u00f6ver ett halvt prisbasbelopp till Kammarkollegiet (Lag 2014:105). Ta som g\u00e5vogivare alltid kontakt med Partiavdelningen innan du s\u00e4tter in en summa som \u00f6verskrider halva prisbasbeloppet, f\u00f6r att erh\u00e5lla information om administrativ hantering. <\/em><em>Om du har juridiska fr\u00e5gor om Lag 2014:105 eller GDPR kontakta\u00a0Kristdemokraternas riksorganisation via: <a href=\"mailto:helpdesk@kristdemokraterna.se\">helpdesk@kristdemokraterna.se<\/a><\/em><\/p>\n<div id=\"svid12_620f88a718142b2b913109c7\" class=\"sv-image-portlet sv-portlet sv-skip-spacer\"><\/div>\n<div id=\"svid12_3a4345ef180fae4e05f13e7\" class=\"sv-text-portlet sv-use-margins\">\n<div id=\"Rubrik\"><\/div>\n<div class=\"sv-text-portlet-content\"><\/div>\n<\/div>\n<div id=\"svid12_7e87a1dd18113f5e7a631c\" class=\"sv-text-portlet sv-use-margins\">\n<div class=\"sv-text-portlet-content\">\n<p class=\"font-normal\">\n<\/div>\n<\/div>\n<p>&nbsp;<\/p>\n","protected":false},"excerpt":{"rendered":"<p>Ge en g\u00e5va Vill du st\u00f6dja den lokala partiavdelningen Kristdemokraterna i F\u00e4rgelanda, kan du Swisha till 123 144 10 13 (Kristdemokraterna F\u00e4rgelanda). Det g\u00e5r \u00e4ven att s\u00e4tta in beloppet p\u00e5 bankgiro 5732-1309. Om din g\u00e5va kommer \u00f6verskrida ett halvt prisbasbelopp, kontakta alltid partiavdelningen f\u00f6rst. Hur g\u00e5vor anv\u00e4nds G\u00e5vor hj\u00e4lper Partiavdelningen att kunna marknadsf\u00f6ra sin politik <a class=\"read-more-link\" href=\"https:\/\/wp.kristdemokraterna.se\/fargelanda\/textsida-med-vanster-sidebar\/gava\/\">L\u00e4s mer<\/a><\/p>\n","protected":false},"author":1051,"featured_media":0,"parent":269,"menu_order":2,"comment_status":"closed","ping_status":"closed","template":"","meta":{"_acf_changed":false,"footnotes":""},"class_list":["post-757","page","type-page","status-publish","hentry"],"acf":[],"yoast_head":"<!-- This site is optimized with the Yoast SEO plugin v27.4 - https:\/\/yoast.com\/product\/yoast-seo-wordpress\/ -->\n<title>G\u00e5va - Kristdemokraterna | fargelanda<\/title>\n<meta name=\"robots\" content=\"index, follow, max-snippet:-1, max-image-preview:large, max-video-preview:-1\" \/>\n<link rel=\"canonical\" href=\"https:\/\/wp.kristdemokraterna.se\/fargelanda\/textsida-med-vanster-sidebar\/gava\/\" \/>\n<meta property=\"og:locale\" content=\"sv_SE\" \/>\n<meta property=\"og:type\" content=\"article\" \/>\n<meta property=\"og:title\" content=\"G\u00e5va - Kristdemokraterna | fargelanda\" \/>\n<meta property=\"og:description\" content=\"Ge en g\u00e5va Vill du st\u00f6dja den lokala partiavdelningen Kristdemokraterna i F\u00e4rgelanda, kan du Swisha till 123 144 10 13 (Kristdemokraterna F\u00e4rgelanda). Det g\u00e5r \u00e4ven att s\u00e4tta in beloppet p\u00e5 bankgiro 5732-1309. Om din g\u00e5va kommer \u00f6verskrida ett halvt prisbasbelopp, kontakta alltid partiavdelningen f\u00f6rst. Hur g\u00e5vor anv\u00e4nds G\u00e5vor hj\u00e4lper Partiavdelningen att kunna marknadsf\u00f6ra sin politik L\u00e4s mer\" \/>\n<meta property=\"og:url\" content=\"https:\/\/wp.kristdemokraterna.se\/fargelanda\/textsida-med-vanster-sidebar\/gava\/\" \/>\n<meta property=\"og:site_name\" content=\"Kristdemokraterna | fargelanda\" \/>\n<meta property=\"article:modified_time\" content=\"2023-07-21T12:43:55+00:00\" \/>\n<meta property=\"og:image\" content=\"https:\/\/wp.kristdemokraterna.se\/fargelanda\/files\/2022\/12\/herobanner-dator-statsrad-final-e1670251430443-300x200.png\" \/>\n<meta name=\"twitter:card\" content=\"summary_large_image\" \/>\n<meta name=\"twitter:label1\" content=\"Ber\u00e4knad l\u00e4stid\" \/>\n\t<meta name=\"twitter:data1\" content=\"2 minuter\" \/>\n<script type=\"application\/ld+json\" class=\"yoast-schema-graph\">{\"@context\":\"https:\\\/\\\/schema.org\",\"@graph\":[{\"@type\":\"WebPage\",\"@id\":\"https:\\\/\\\/wp.kristdemokraterna.se\\\/fargelanda\\\/textsida-med-vanster-sidebar\\\/gava\\\/\",\"url\":\"https:\\\/\\\/wp.kristdemokraterna.se\\\/fargelanda\\\/textsida-med-vanster-sidebar\\\/gava\\\/\",\"name\":\"G\u00e5va - Kristdemokraterna | fargelanda\",\"isPartOf\":{\"@id\":\"https:\\\/\\\/wp.kristdemokraterna.se\\\/fargelanda\\\/#website\"},\"primaryImageOfPage\":{\"@id\":\"https:\\\/\\\/wp.kristdemokraterna.se\\\/fargelanda\\\/textsida-med-vanster-sidebar\\\/gava\\\/#primaryimage\"},\"image\":{\"@id\":\"https:\\\/\\\/wp.kristdemokraterna.se\\\/fargelanda\\\/textsida-med-vanster-sidebar\\\/gava\\\/#primaryimage\"},\"thumbnailUrl\":\"https:\\\/\\\/wp.kristdemokraterna.se\\\/fargelanda\\\/files\\\/2022\\\/12\\\/herobanner-dator-statsrad-final-e1670251430443-300x200.png\",\"datePublished\":\"2023-07-21T12:15:11+00:00\",\"dateModified\":\"2023-07-21T12:43:55+00:00\",\"breadcrumb\":{\"@id\":\"https:\\\/\\\/wp.kristdemokraterna.se\\\/fargelanda\\\/textsida-med-vanster-sidebar\\\/gava\\\/#breadcrumb\"},\"inLanguage\":\"sv-SE\",\"potentialAction\":[{\"@type\":\"ReadAction\",\"target\":[\"https:\\\/\\\/wp.kristdemokraterna.se\\\/fargelanda\\\/textsida-med-vanster-sidebar\\\/gava\\\/\"]}]},{\"@type\":\"ImageObject\",\"inLanguage\":\"sv-SE\",\"@id\":\"https:\\\/\\\/wp.kristdemokraterna.se\\\/fargelanda\\\/textsida-med-vanster-sidebar\\\/gava\\\/#primaryimage\",\"url\":\"https:\\\/\\\/wp.kristdemokraterna.se\\\/fargelanda\\\/files\\\/2022\\\/12\\\/herobanner-dator-statsrad-final-e1670251430443.png\",\"contentUrl\":\"https:\\\/\\\/wp.kristdemokraterna.se\\\/fargelanda\\\/files\\\/2022\\\/12\\\/herobanner-dator-statsrad-final-e1670251430443.png\",\"width\":960,\"height\":640},{\"@type\":\"BreadcrumbList\",\"@id\":\"https:\\\/\\\/wp.kristdemokraterna.se\\\/fargelanda\\\/textsida-med-vanster-sidebar\\\/gava\\\/#breadcrumb\",\"itemListElement\":[{\"@type\":\"ListItem\",\"position\":1,\"name\":\"Hem\",\"item\":\"https:\\\/\\\/wp.kristdemokraterna.se\\\/fargelanda\\\/\"},{\"@type\":\"ListItem\",\"position\":2,\"name\":\"Partiavdelningen F\u00e4rgelanda\",\"item\":\"https:\\\/\\\/wp.kristdemokraterna.se\\\/fargelanda\\\/textsida-med-vanster-sidebar\\\/\"},{\"@type\":\"ListItem\",\"position\":3,\"name\":\"G\u00e5va\"}]},{\"@type\":\"WebSite\",\"@id\":\"https:\\\/\\\/wp.kristdemokraterna.se\\\/fargelanda\\\/#website\",\"url\":\"https:\\\/\\\/wp.kristdemokraterna.se\\\/fargelanda\\\/\",\"name\":\"Kristdemokraterna | fargelanda\",\"description\":\"En till Kristdemokraterna webbplats\",\"inLanguage\":\"sv-SE\"}]}<\/script>\n<!-- \/ Yoast SEO plugin. -->","yoast_head_json":{"title":"G\u00e5va - Kristdemokraterna | fargelanda","robots":{"index":"index","follow":"follow","max-snippet":"max-snippet:-1","max-image-preview":"max-image-preview:large","max-video-preview":"max-video-preview:-1"},"canonical":"https:\/\/wp.kristdemokraterna.se\/fargelanda\/textsida-med-vanster-sidebar\/gava\/","og_locale":"sv_SE","og_type":"article","og_title":"G\u00e5va - Kristdemokraterna | fargelanda","og_description":"Ge en g\u00e5va Vill du st\u00f6dja den lokala partiavdelningen Kristdemokraterna i F\u00e4rgelanda, kan du Swisha till 123 144 10 13 (Kristdemokraterna F\u00e4rgelanda). Det g\u00e5r \u00e4ven att s\u00e4tta in beloppet p\u00e5 bankgiro 5732-1309. Om din g\u00e5va kommer \u00f6verskrida ett halvt prisbasbelopp, kontakta alltid partiavdelningen f\u00f6rst. Hur g\u00e5vor anv\u00e4nds G\u00e5vor hj\u00e4lper Partiavdelningen att kunna marknadsf\u00f6ra sin politik L\u00e4s mer","og_url":"https:\/\/wp.kristdemokraterna.se\/fargelanda\/textsida-med-vanster-sidebar\/gava\/","og_site_name":"Kristdemokraterna | fargelanda","article_modified_time":"2023-07-21T12:43:55+00:00","og_image":[{"url":"https:\/\/wp.kristdemokraterna.se\/fargelanda\/files\/2022\/12\/herobanner-dator-statsrad-final-e1670251430443-300x200.png","type":"","width":"","height":""}],"twitter_card":"summary_large_image","twitter_misc":{"Ber\u00e4knad l\u00e4stid":"2 minuter"},"schema":{"@context":"https:\/\/schema.org","@graph":[{"@type":"WebPage","@id":"https:\/\/wp.kristdemokraterna.se\/fargelanda\/textsida-med-vanster-sidebar\/gava\/","url":"https:\/\/wp.kristdemokraterna.se\/fargelanda\/textsida-med-vanster-sidebar\/gava\/","name":"G\u00e5va - Kristdemokraterna | fargelanda","isPartOf":{"@id":"https:\/\/wp.kristdemokraterna.se\/fargelanda\/#website"},"primaryImageOfPage":{"@id":"https:\/\/wp.kristdemokraterna.se\/fargelanda\/textsida-med-vanster-sidebar\/gava\/#primaryimage"},"image":{"@id":"https:\/\/wp.kristdemokraterna.se\/fargelanda\/textsida-med-vanster-sidebar\/gava\/#primaryimage"},"thumbnailUrl":"https:\/\/wp.kristdemokraterna.se\/fargelanda\/files\/2022\/12\/herobanner-dator-statsrad-final-e1670251430443-300x200.png","datePublished":"2023-07-21T12:15:11+00:00","dateModified":"2023-07-21T12:43:55+00:00","breadcrumb":{"@id":"https:\/\/wp.kristdemokraterna.se\/fargelanda\/textsida-med-vanster-sidebar\/gava\/#breadcrumb"},"inLanguage":"sv-SE","potentialAction":[{"@type":"ReadAction","target":["https:\/\/wp.kristdemokraterna.se\/fargelanda\/textsida-med-vanster-sidebar\/gava\/"]}]},{"@type":"ImageObject","inLanguage":"sv-SE","@id":"https:\/\/wp.kristdemokraterna.se\/fargelanda\/textsida-med-vanster-sidebar\/gava\/#primaryimage","url":"https:\/\/wp.kristdemokraterna.se\/fargelanda\/files\/2022\/12\/herobanner-dator-statsrad-final-e1670251430443.png","contentUrl":"https:\/\/wp.kristdemokraterna.se\/fargelanda\/files\/2022\/12\/herobanner-dator-statsrad-final-e1670251430443.png","width":960,"height":640},{"@type":"BreadcrumbList","@id":"https:\/\/wp.kristdemokraterna.se\/fargelanda\/textsida-med-vanster-sidebar\/gava\/#breadcrumb","itemListElement":[{"@type":"ListItem","position":1,"name":"Hem","item":"https:\/\/wp.kristdemokraterna.se\/fargelanda\/"},{"@type":"ListItem","position":2,"name":"Partiavdelningen F\u00e4rgelanda","item":"https:\/\/wp.kristdemokraterna.se\/fargelanda\/textsida-med-vanster-sidebar\/"},{"@type":"ListItem","position":3,"name":"G\u00e5va"}]},{"@type":"WebSite","@id":"https:\/\/wp.kristdemokraterna.se\/fargelanda\/#website","url":"https:\/\/wp.kristdemokraterna.se\/fargelanda\/","name":"Kristdemokraterna | fargelanda","description":"En till Kristdemokraterna webbplats","inLanguage":"sv-SE"}]}},"_links":{"self":[{"href":"https:\/\/wp.kristdemokraterna.se\/fargelanda\/wp-json\/wp\/v2\/pages\/757","targetHints":{"allow":["GET"]}}],"collection":[{"href":"https:\/\/wp.kristdemokraterna.se\/fargelanda\/wp-json\/wp\/v2\/pages"}],"about":[{"href":"https:\/\/wp.kristdemokraterna.se\/fargelanda\/wp-json\/wp\/v2\/types\/page"}],"author":[{"embeddable":true,"href":"https:\/\/wp.kristdemokraterna.se\/fargelanda\/wp-json\/wp\/v2\/users\/1051"}],"replies":[{"embeddable":true,"href":"https:\/\/wp.kristdemokraterna.se\/fargelanda\/wp-json\/wp\/v2\/comments?post=757"}],"version-history":[{"count":12,"href":"https:\/\/wp.kristdemokraterna.se\/fargelanda\/wp-json\/wp\/v2\/pages\/757\/revisions"}],"predecessor-version":[{"id":770,"href":"https:\/\/wp.kristdemokraterna.se\/fargelanda\/wp-json\/wp\/v2\/pages\/757\/revisions\/770"}],"up":[{"embeddable":true,"href":"https:\/\/wp.kristdemokraterna.se\/fargelanda\/wp-json\/wp\/v2\/pages\/269"}],"wp:attachment":[{"href":"https:\/\/wp.kristdemokraterna.se\/fargelanda\/wp-json\/wp\/v2\/media?parent=757"}],"curies":[{"name":"wp","href":"https:\/\/api.w.org\/{rel}","templated":true}]}}