{"id":221,"date":"2017-11-21T09:23:35","date_gmt":"2017-11-21T08:23:35","guid":{"rendered":"http:\/\/wp.kristdemokraterna.se\/finspang\/?page_id=221"},"modified":"2023-03-10T08:05:12","modified_gmt":"2023-03-10T07:05:12","slug":"valkommen","status":"publish","type":"page","link":"https:\/\/wp.kristdemokraterna.se\/finspang\/","title":{"rendered":"Startsida"},"content":{"rendered":"<p><b>P\u00e5 v\u00e5ran lokala Facebook sida f\u00f6r KD Finsp\u00e5ng kan du f\u00f6lja med oss\u2026<\/b><br \/>\nF\u00f6r att se vad vi har f\u00f6r olika KD aktiviteter och vad som h\u00e4nder i politiken p\u00e5 riksplanet eller vid den lokala niv\u00e5n i Finsp\u00e5ngs kommun.<\/p>\n<p><strong>\/\/V\u00e5rt m\u00e5l \u00e4r ett samh\u00e4lle d\u00e4r friheten att forma sitt eget liv g\u00e5r hand i hand med ansvaret f\u00f6r sin medm\u00e4nniska. Vi vill bygga ett samh\u00e4lle som h\u00e5ller samman. Ingen ska h\u00e5llas tillbaka och ingen ska l\u00e4mnas efter.\/\/<\/strong><\/p>\n","protected":false},"excerpt":{"rendered":"<p>P\u00e5 v\u00e5ran lokala Facebook sida f\u00f6r KD Finsp\u00e5ng kan du f\u00f6lja med oss\u2026 F\u00f6r att se vad vi har f\u00f6r olika KD aktiviteter och vad som h\u00e4nder i politiken p\u00e5 riksplanet eller vid den lokala niv\u00e5n i Finsp\u00e5ngs kommun. \/\/V\u00e5rt m\u00e5l \u00e4r ett samh\u00e4lle d\u00e4r friheten att forma sitt eget liv g\u00e5r hand i hand <a class=\"read-more-link\" href=\"https:\/\/wp.kristdemokraterna.se\/finspang\/\">Read More<\/a><\/p>\n","protected":false},"author":686,"featured_media":0,"parent":0,"menu_order":0,"comment_status":"closed","ping_status":"closed","template":"index.php","meta":{"_acf_changed":false,"footnotes":""},"class_list":["post-221","page","type-page","status-publish","hentry"],"acf":[],"yoast_head":"<!-- This site is optimized with the Yoast SEO plugin v27.4 - https:\/\/yoast.com\/product\/yoast-seo-wordpress\/ -->\n<title>Startsida - Finsp\u00e5ng<\/title>\n<meta name=\"robots\" content=\"index, follow, max-snippet:-1, max-image-preview:large, max-video-preview:-1\" \/>\n<link rel=\"canonical\" href=\"https:\/\/wp.kristdemokraterna.se\/finspang\/\" \/>\n<meta property=\"og:locale\" content=\"sv_SE\" \/>\n<meta property=\"og:type\" content=\"article\" \/>\n<meta property=\"og:title\" content=\"Startsida - Finsp\u00e5ng\" \/>\n<meta property=\"og:description\" content=\"P\u00e5 v\u00e5ran lokala Facebook sida f\u00f6r KD Finsp\u00e5ng kan du f\u00f6lja med oss\u2026 F\u00f6r att se vad vi har f\u00f6r olika KD aktiviteter och vad som h\u00e4nder i politiken p\u00e5 riksplanet eller vid den lokala niv\u00e5n i Finsp\u00e5ngs kommun. \/\/V\u00e5rt m\u00e5l \u00e4r ett samh\u00e4lle d\u00e4r friheten att forma sitt eget liv g\u00e5r hand i hand Read More\" \/>\n<meta property=\"og:url\" content=\"https:\/\/wp.kristdemokraterna.se\/finspang\/\" \/>\n<meta property=\"og:site_name\" content=\"Finsp\u00e5ng\" \/>\n<meta property=\"article:modified_time\" content=\"2023-03-10T07:05:12+00:00\" \/>\n<meta name=\"twitter:card\" content=\"summary_large_image\" \/>\n<meta name=\"twitter:label1\" content=\"Ber\u00e4knad l\u00e4stid\" \/>\n\t<meta name=\"twitter:data1\" content=\"1 minut\" \/>\n<script type=\"application\/ld+json\" class=\"yoast-schema-graph\">{\"@context\":\"https:\\\/\\\/schema.org\",\"@graph\":[{\"@type\":\"WebPage\",\"@id\":\"https:\\\/\\\/wp.kristdemokraterna.se\\\/finspang\\\/\",\"url\":\"https:\\\/\\\/wp.kristdemokraterna.se\\\/finspang\\\/\",\"name\":\"Startsida - Finsp\u00e5ng\",\"isPartOf\":{\"@id\":\"https:\\\/\\\/wp.kristdemokraterna.se\\\/finspang\\\/#website\"},\"datePublished\":\"2017-11-21T08:23:35+00:00\",\"dateModified\":\"2023-03-10T07:05:12+00:00\",\"breadcrumb\":{\"@id\":\"https:\\\/\\\/wp.kristdemokraterna.se\\\/finspang\\\/#breadcrumb\"},\"inLanguage\":\"sv-SE\",\"potentialAction\":[{\"@type\":\"ReadAction\",\"target\":[\"https:\\\/\\\/wp.kristdemokraterna.se\\\/finspang\\\/\"]}]},{\"@type\":\"BreadcrumbList\",\"@id\":\"https:\\\/\\\/wp.kristdemokraterna.se\\\/finspang\\\/#breadcrumb\",\"itemListElement\":[{\"@type\":\"ListItem\",\"position\":1,\"name\":\"Hem\",\"item\":\"https:\\\/\\\/wp.kristdemokraterna.se\\\/finspang\\\/\"},{\"@type\":\"ListItem\",\"position\":2,\"name\":\"Startsida\"}]},{\"@type\":\"WebSite\",\"@id\":\"https:\\\/\\\/wp.kristdemokraterna.se\\\/finspang\\\/#website\",\"url\":\"https:\\\/\\\/wp.kristdemokraterna.se\\\/finspang\\\/\",\"name\":\"Finsp\u00e5ng\",\"description\":\"Kristdemokraterna\",\"inLanguage\":\"sv-SE\"}]}<\/script>\n<!-- \/ Yoast SEO plugin. -->","yoast_head_json":{"title":"Startsida - Finsp\u00e5ng","robots":{"index":"index","follow":"follow","max-snippet":"max-snippet:-1","max-image-preview":"max-image-preview:large","max-video-preview":"max-video-preview:-1"},"canonical":"https:\/\/wp.kristdemokraterna.se\/finspang\/","og_locale":"sv_SE","og_type":"article","og_title":"Startsida - Finsp\u00e5ng","og_description":"P\u00e5 v\u00e5ran lokala Facebook sida f\u00f6r KD Finsp\u00e5ng kan du f\u00f6lja med oss\u2026 F\u00f6r att se vad vi har f\u00f6r olika KD aktiviteter och vad som h\u00e4nder i politiken p\u00e5 riksplanet eller vid den lokala niv\u00e5n i Finsp\u00e5ngs kommun. \/\/V\u00e5rt m\u00e5l \u00e4r ett samh\u00e4lle d\u00e4r friheten att forma sitt eget liv g\u00e5r hand i hand Read More","og_url":"https:\/\/wp.kristdemokraterna.se\/finspang\/","og_site_name":"Finsp\u00e5ng","article_modified_time":"2023-03-10T07:05:12+00:00","twitter_card":"summary_large_image","twitter_misc":{"Ber\u00e4knad l\u00e4stid":"1 minut"},"schema":{"@context":"https:\/\/schema.org","@graph":[{"@type":"WebPage","@id":"https:\/\/wp.kristdemokraterna.se\/finspang\/","url":"https:\/\/wp.kristdemokraterna.se\/finspang\/","name":"Startsida - Finsp\u00e5ng","isPartOf":{"@id":"https:\/\/wp.kristdemokraterna.se\/finspang\/#website"},"datePublished":"2017-11-21T08:23:35+00:00","dateModified":"2023-03-10T07:05:12+00:00","breadcrumb":{"@id":"https:\/\/wp.kristdemokraterna.se\/finspang\/#breadcrumb"},"inLanguage":"sv-SE","potentialAction":[{"@type":"ReadAction","target":["https:\/\/wp.kristdemokraterna.se\/finspang\/"]}]},{"@type":"BreadcrumbList","@id":"https:\/\/wp.kristdemokraterna.se\/finspang\/#breadcrumb","itemListElement":[{"@type":"ListItem","position":1,"name":"Hem","item":"https:\/\/wp.kristdemokraterna.se\/finspang\/"},{"@type":"ListItem","position":2,"name":"Startsida"}]},{"@type":"WebSite","@id":"https:\/\/wp.kristdemokraterna.se\/finspang\/#website","url":"https:\/\/wp.kristdemokraterna.se\/finspang\/","name":"Finsp\u00e5ng","description":"Kristdemokraterna","inLanguage":"sv-SE"}]}},"_links":{"self":[{"href":"https:\/\/wp.kristdemokraterna.se\/finspang\/wp-json\/wp\/v2\/pages\/221","targetHints":{"allow":["GET"]}}],"collection":[{"href":"https:\/\/wp.kristdemokraterna.se\/finspang\/wp-json\/wp\/v2\/pages"}],"about":[{"href":"https:\/\/wp.kristdemokraterna.se\/finspang\/wp-json\/wp\/v2\/types\/page"}],"author":[{"embeddable":true,"href":"https:\/\/wp.kristdemokraterna.se\/finspang\/wp-json\/wp\/v2\/users\/686"}],"replies":[{"embeddable":true,"href":"https:\/\/wp.kristdemokraterna.se\/finspang\/wp-json\/wp\/v2\/comments?post=221"}],"version-history":[{"count":105,"href":"https:\/\/wp.kristdemokraterna.se\/finspang\/wp-json\/wp\/v2\/pages\/221\/revisions"}],"predecessor-version":[{"id":571,"href":"https:\/\/wp.kristdemokraterna.se\/finspang\/wp-json\/wp\/v2\/pages\/221\/revisions\/571"}],"wp:attachment":[{"href":"https:\/\/wp.kristdemokraterna.se\/finspang\/wp-json\/wp\/v2\/media?parent=221"}],"curies":[{"name":"wp","href":"https:\/\/api.w.org\/{rel}","templated":true}]}}