{"id":339,"date":"2018-08-08T16:51:57","date_gmt":"2018-08-08T14:51:57","guid":{"rendered":"http:\/\/wp.kristdemokraterna.se\/finspang\/?page_id=339"},"modified":"2022-10-01T22:15:10","modified_gmt":"2022-10-01T20:15:10","slug":"kontaktaoss","status":"publish","type":"page","link":"https:\/\/wp.kristdemokraterna.se\/finspang\/om-oss\/kontaktaoss\/","title":{"rendered":"Kontakta oss"},"content":{"rendered":"<p><strong>Postadress<\/strong>\u00a0(<em>Ordf\u00f6rande<\/em>)<strong>:<br \/>\n<\/strong>Kristdemokraterna Finsp\u00e5ng<br \/>\n<em>c\/o Per-Olof H\u00e5rsmar<\/em><br \/>\n<em>Klinttorpsv\u00e4gen 14<\/em><br \/>\n<em>61294 Finsp\u00e5ng<\/em><\/p>\n<p><strong>Tel:<\/strong>\u00a0 070-551 38 65 (mobil)<\/p>\n<p><strong>E-post:<\/strong> finspang@kristdemokraterna.se<\/p>\n<p><strong>Sociala medier<br \/>\n<\/strong><a href=\"https:\/\/www.facebook.com\/kdfinspang\" target=\"_blank\" rel=\"noopener noreferrer\">facebook<\/a><\/p>\n<p><strong>Bank\/Plusgiro:<\/strong> ?? \u00a0 (<em><span style=\"color: #ff0000\"><strong>OBS!<\/strong><\/span>\u00a0ej f\u00f6r medlemsavgift<\/em>)<br \/>\nBetalningsmottagare: ??<\/p>\n<p><strong>webb<\/strong>\u00a0 https:\/\/finspang.kristdemokraterna.se\/<\/p>\n<p><strong>Org. nr:<\/strong> <a href=\"https:\/\/foretagsfakta.se\/sv\/foretag\/finspang\/kristdemokraterna-i-finspang\/5924814\" target=\"_blank\" rel=\"noopener noreferrer\">825002-6245<\/a><\/p>\n<hr \/>\n<p style=\"padding-left: 40px\"><strong>Medlemsavgiften<\/strong><em><strong><br \/>\n<\/strong><\/em>Bankgiro:\u00a0<em>414-9274<br \/>\nBetalningsmottagare: Kristdemokraterna<br \/>\n<strong>OBS!<\/strong>\u00a0ange \u00e4ven ditt personliga OCR-nummer \u201dreferens\u201d<\/em><\/p>\n<p style=\"padding-left: 40px\">Swish: 123 069 84 98<br \/>\n<em><strong>OBS!<\/strong>\u00a0ange \u00e4ven ditt personliga OCR-nummer \u201dreferens\u201d i meddelande<\/em><\/p>\n<p style=\"padding-left: 40px\"><em>\u2013 fr\u00e5gor om ditt medlemskap, OCR-nummer eller avgiften,\u00a0e-posta:\u00a0<\/em>medlem@kristdemokraterna.se<\/p>\n<hr \/>\n<p style=\"text-align: center\">&gt;\u00a0<a href=\"https:\/\/wp.kristdemokraterna.se\/finspang\/om-oss\/fortroendevalda-2022-2026\/\">V\u00e5ra politiker<\/a>\u00a0 &gt;\u00a0<span style=\"color: #999999\"><em>L\u00e4nk<\/em><\/span><\/p>\n<hr \/>\n<p><strong>Gruppledare<\/strong><br \/>\nKristin Andersson<br \/>\nTel: 072-085 63 62 (mobil)<br \/>\nkristin.andersson@finspang.se<\/p>\n<p><strong>Partiavdelningsordf\u00f6rande<\/strong><br \/>\nPer-Olof H\u00e5rsmar<br \/>\nTel: 070-551 38 65 (mobil)<br \/>\nper-olof.harsmar@finspang.se<\/p>\n<hr \/>\n<p><strong>\u00d6VRIGA<\/strong><br \/>\n<strong>Partiregion Sydost\u00a0<\/strong><em>(\u00d6sterg\u00f6tlands, J\u00f6nk\u00f6pings, Kalmar l\u00e4n)<\/em><strong><br \/>\n<\/strong><img loading=\"lazy\" decoding=\"async\" class=\"alignnone wp-image-3793 size-thumbnail\" src=\"http:\/\/wp.kristdemokraterna.se\/soderkoping\/files\/2020\/02\/evenils-e1582914432343.jpg\" alt=\"\" width=\"150\" height=\"150\" \/><br \/>\nEvelina Nilsson, organisationsutvecklare<br \/>\nTel. <a href=\"tel:08-723 25 74\">08-723 25 74<\/a> (arbete), <a href=\"tel:0765-27 25 74\">0765-27 25 74<\/a> (mobil)<br \/>\nevelina.nilsson@kristdemokraterna.se<\/p>\n<p><strong>Partidistrikt \u00d6sterg\u00f6tland<\/strong>\u00a0(<a href=\"https:\/\/wp.kristdemokraterna.se\/e\/\" target=\"_blank\" rel=\"noopener noreferrer\">&gt;&gt;<\/a>)<br \/>\nTel. 070-318 33 88 (mobil)<br \/>\nostergotland@kristdemokraterna.se<\/p>\n<p>Elvira Wibeck, ombudsman<br \/>\nTel. 072-539 61 13 (mobil)<br \/>\nelvira.wibeck@kristdemokraterna.se<\/p>\n<p><strong>Region \u00d6sterg\u00f6tland<\/strong>\u00a0(<a href=\"https:\/\/wp.kristdemokraterna.se\/regionostergotland\/\" target=\"_blank\" rel=\"noopener noreferrer\">&gt;&gt;<\/a>)<br \/>\nTel. 010-103 00 00 (v\u00e4xeln)<br \/>\nregionostergotland@kristdemokraterna.se<\/p>\n<p>Per Larsson, gruppledare\/oppositionsr\u00e5d<br \/>\ntfn 010-103 72 84 (arbete)<br \/>\ntfn 070-288 21 34 (mobil)<br \/>\nper.larsson@kristdemokraterna.se<\/p>\n<p>Fredrik Toppplund, politisk sekreterare<br \/>\ntfn 010-103 62 61 (arbete)<br \/>\ntfn 070-338 52 70 (mobil)<br \/>\nfredrik.topplund@kristdemokraterna.se<\/p>\n","protected":false},"excerpt":{"rendered":"<p>Postadress\u00a0(Ordf\u00f6rande): Kristdemokraterna Finsp\u00e5ng c\/o Per-Olof H\u00e5rsmar Klinttorpsv\u00e4gen 14 61294 Finsp\u00e5ng Tel:\u00a0 070-551 38 65 (mobil) E-post: finspang@kristdemokraterna.se Sociala medier facebook Bank\/Plusgiro: ?? \u00a0 (OBS!\u00a0ej f\u00f6r medlemsavgift) Betalningsmottagare: ?? webb\u00a0 https:\/\/finspang.kristdemokraterna.se\/ Org. nr: 825002-6245 Medlemsavgiften Bankgiro:\u00a0414-9274 Betalningsmottagare: Kristdemokraterna OBS!\u00a0ange \u00e4ven ditt personliga OCR-nummer \u201dreferens\u201d Swish: 123 069 84 98 OBS!\u00a0ange \u00e4ven ditt personliga OCR-nummer \u201dreferens\u201d i <a class=\"read-more-link\" href=\"https:\/\/wp.kristdemokraterna.se\/finspang\/om-oss\/kontaktaoss\/\">Read More<\/a><\/p>\n","protected":false},"author":686,"featured_media":0,"parent":324,"menu_order":0,"comment_status":"closed","ping_status":"closed","template":"","meta":{"_acf_changed":false,"footnotes":""},"class_list":["post-339","page","type-page","status-publish","hentry"],"acf":[],"yoast_head":"<!-- This site is optimized with the Yoast SEO plugin v27.4 - https:\/\/yoast.com\/product\/yoast-seo-wordpress\/ -->\n<title>Kontakta oss - Finsp\u00e5ng<\/title>\n<meta name=\"robots\" content=\"index, follow, max-snippet:-1, max-image-preview:large, max-video-preview:-1\" \/>\n<link rel=\"canonical\" href=\"https:\/\/wp.kristdemokraterna.se\/finspang\/om-oss\/kontaktaoss\/\" \/>\n<meta property=\"og:locale\" content=\"sv_SE\" \/>\n<meta property=\"og:type\" content=\"article\" \/>\n<meta property=\"og:title\" content=\"Kontakta oss - Finsp\u00e5ng\" \/>\n<meta property=\"og:description\" content=\"Postadress\u00a0(Ordf\u00f6rande): Kristdemokraterna Finsp\u00e5ng c\/o Per-Olof H\u00e5rsmar Klinttorpsv\u00e4gen 14 61294 Finsp\u00e5ng Tel:\u00a0 070-551 38 65 (mobil) E-post: finspang@kristdemokraterna.se Sociala medier facebook Bank\/Plusgiro: ?? \u00a0 (OBS!\u00a0ej f\u00f6r medlemsavgift) Betalningsmottagare: ?? webb\u00a0 https:\/\/finspang.kristdemokraterna.se\/ Org. nr: 825002-6245 Medlemsavgiften Bankgiro:\u00a0414-9274 Betalningsmottagare: Kristdemokraterna OBS!\u00a0ange \u00e4ven ditt personliga OCR-nummer \u201dreferens\u201d Swish: 123 069 84 98 OBS!\u00a0ange \u00e4ven ditt personliga OCR-nummer \u201dreferens\u201d i Read More\" \/>\n<meta property=\"og:url\" content=\"https:\/\/wp.kristdemokraterna.se\/finspang\/om-oss\/kontaktaoss\/\" \/>\n<meta property=\"og:site_name\" content=\"Finsp\u00e5ng\" \/>\n<meta property=\"article:modified_time\" content=\"2022-10-01T20:15:10+00:00\" \/>\n<meta property=\"og:image\" content=\"http:\/\/wp.kristdemokraterna.se\/soderkoping\/files\/2020\/02\/evenils-e1582914432343.jpg\" \/>\n<meta name=\"twitter:card\" content=\"summary_large_image\" \/>\n<meta name=\"twitter:label1\" content=\"Ber\u00e4knad l\u00e4stid\" \/>\n\t<meta name=\"twitter:data1\" content=\"2 minuter\" \/>\n<script type=\"application\/ld+json\" class=\"yoast-schema-graph\">{\"@context\":\"https:\\\/\\\/schema.org\",\"@graph\":[{\"@type\":\"WebPage\",\"@id\":\"https:\\\/\\\/wp.kristdemokraterna.se\\\/finspang\\\/om-oss\\\/kontaktaoss\\\/\",\"url\":\"https:\\\/\\\/wp.kristdemokraterna.se\\\/finspang\\\/om-oss\\\/kontaktaoss\\\/\",\"name\":\"Kontakta oss - Finsp\u00e5ng\",\"isPartOf\":{\"@id\":\"https:\\\/\\\/wp.kristdemokraterna.se\\\/finspang\\\/#website\"},\"primaryImageOfPage\":{\"@id\":\"https:\\\/\\\/wp.kristdemokraterna.se\\\/finspang\\\/om-oss\\\/kontaktaoss\\\/#primaryimage\"},\"image\":{\"@id\":\"https:\\\/\\\/wp.kristdemokraterna.se\\\/finspang\\\/om-oss\\\/kontaktaoss\\\/#primaryimage\"},\"thumbnailUrl\":\"http:\\\/\\\/wp.kristdemokraterna.se\\\/soderkoping\\\/files\\\/2020\\\/02\\\/evenils-e1582914432343.jpg\",\"datePublished\":\"2018-08-08T14:51:57+00:00\",\"dateModified\":\"2022-10-01T20:15:10+00:00\",\"breadcrumb\":{\"@id\":\"https:\\\/\\\/wp.kristdemokraterna.se\\\/finspang\\\/om-oss\\\/kontaktaoss\\\/#breadcrumb\"},\"inLanguage\":\"sv-SE\",\"potentialAction\":[{\"@type\":\"ReadAction\",\"target\":[\"https:\\\/\\\/wp.kristdemokraterna.se\\\/finspang\\\/om-oss\\\/kontaktaoss\\\/\"]}]},{\"@type\":\"ImageObject\",\"inLanguage\":\"sv-SE\",\"@id\":\"https:\\\/\\\/wp.kristdemokraterna.se\\\/finspang\\\/om-oss\\\/kontaktaoss\\\/#primaryimage\",\"url\":\"http:\\\/\\\/wp.kristdemokraterna.se\\\/soderkoping\\\/files\\\/2020\\\/02\\\/evenils-e1582914432343.jpg\",\"contentUrl\":\"http:\\\/\\\/wp.kristdemokraterna.se\\\/soderkoping\\\/files\\\/2020\\\/02\\\/evenils-e1582914432343.jpg\"},{\"@type\":\"BreadcrumbList\",\"@id\":\"https:\\\/\\\/wp.kristdemokraterna.se\\\/finspang\\\/om-oss\\\/kontaktaoss\\\/#breadcrumb\",\"itemListElement\":[{\"@type\":\"ListItem\",\"position\":1,\"name\":\"Hem\",\"item\":\"https:\\\/\\\/wp.kristdemokraterna.se\\\/finspang\\\/\"},{\"@type\":\"ListItem\",\"position\":2,\"name\":\"V\u00e5r Partiavdelning\",\"item\":\"https:\\\/\\\/wp.kristdemokraterna.se\\\/finspang\\\/om-oss\\\/\"},{\"@type\":\"ListItem\",\"position\":3,\"name\":\"Kontakta oss\"}]},{\"@type\":\"WebSite\",\"@id\":\"https:\\\/\\\/wp.kristdemokraterna.se\\\/finspang\\\/#website\",\"url\":\"https:\\\/\\\/wp.kristdemokraterna.se\\\/finspang\\\/\",\"name\":\"Finsp\u00e5ng\",\"description\":\"Kristdemokraterna\",\"inLanguage\":\"sv-SE\"}]}<\/script>\n<!-- \/ Yoast SEO plugin. -->","yoast_head_json":{"title":"Kontakta oss - Finsp\u00e5ng","robots":{"index":"index","follow":"follow","max-snippet":"max-snippet:-1","max-image-preview":"max-image-preview:large","max-video-preview":"max-video-preview:-1"},"canonical":"https:\/\/wp.kristdemokraterna.se\/finspang\/om-oss\/kontaktaoss\/","og_locale":"sv_SE","og_type":"article","og_title":"Kontakta oss - Finsp\u00e5ng","og_description":"Postadress\u00a0(Ordf\u00f6rande): Kristdemokraterna Finsp\u00e5ng c\/o Per-Olof H\u00e5rsmar Klinttorpsv\u00e4gen 14 61294 Finsp\u00e5ng Tel:\u00a0 070-551 38 65 (mobil) E-post: finspang@kristdemokraterna.se Sociala medier facebook Bank\/Plusgiro: ?? \u00a0 (OBS!\u00a0ej f\u00f6r medlemsavgift) Betalningsmottagare: ?? webb\u00a0 https:\/\/finspang.kristdemokraterna.se\/ Org. nr: 825002-6245 Medlemsavgiften Bankgiro:\u00a0414-9274 Betalningsmottagare: Kristdemokraterna OBS!\u00a0ange \u00e4ven ditt personliga OCR-nummer \u201dreferens\u201d Swish: 123 069 84 98 OBS!\u00a0ange \u00e4ven ditt personliga OCR-nummer \u201dreferens\u201d i Read More","og_url":"https:\/\/wp.kristdemokraterna.se\/finspang\/om-oss\/kontaktaoss\/","og_site_name":"Finsp\u00e5ng","article_modified_time":"2022-10-01T20:15:10+00:00","og_image":[{"url":"http:\/\/wp.kristdemokraterna.se\/soderkoping\/files\/2020\/02\/evenils-e1582914432343.jpg","type":"","width":"","height":""}],"twitter_card":"summary_large_image","twitter_misc":{"Ber\u00e4knad l\u00e4stid":"2 minuter"},"schema":{"@context":"https:\/\/schema.org","@graph":[{"@type":"WebPage","@id":"https:\/\/wp.kristdemokraterna.se\/finspang\/om-oss\/kontaktaoss\/","url":"https:\/\/wp.kristdemokraterna.se\/finspang\/om-oss\/kontaktaoss\/","name":"Kontakta oss - Finsp\u00e5ng","isPartOf":{"@id":"https:\/\/wp.kristdemokraterna.se\/finspang\/#website"},"primaryImageOfPage":{"@id":"https:\/\/wp.kristdemokraterna.se\/finspang\/om-oss\/kontaktaoss\/#primaryimage"},"image":{"@id":"https:\/\/wp.kristdemokraterna.se\/finspang\/om-oss\/kontaktaoss\/#primaryimage"},"thumbnailUrl":"http:\/\/wp.kristdemokraterna.se\/soderkoping\/files\/2020\/02\/evenils-e1582914432343.jpg","datePublished":"2018-08-08T14:51:57+00:00","dateModified":"2022-10-01T20:15:10+00:00","breadcrumb":{"@id":"https:\/\/wp.kristdemokraterna.se\/finspang\/om-oss\/kontaktaoss\/#breadcrumb"},"inLanguage":"sv-SE","potentialAction":[{"@type":"ReadAction","target":["https:\/\/wp.kristdemokraterna.se\/finspang\/om-oss\/kontaktaoss\/"]}]},{"@type":"ImageObject","inLanguage":"sv-SE","@id":"https:\/\/wp.kristdemokraterna.se\/finspang\/om-oss\/kontaktaoss\/#primaryimage","url":"http:\/\/wp.kristdemokraterna.se\/soderkoping\/files\/2020\/02\/evenils-e1582914432343.jpg","contentUrl":"http:\/\/wp.kristdemokraterna.se\/soderkoping\/files\/2020\/02\/evenils-e1582914432343.jpg"},{"@type":"BreadcrumbList","@id":"https:\/\/wp.kristdemokraterna.se\/finspang\/om-oss\/kontaktaoss\/#breadcrumb","itemListElement":[{"@type":"ListItem","position":1,"name":"Hem","item":"https:\/\/wp.kristdemokraterna.se\/finspang\/"},{"@type":"ListItem","position":2,"name":"V\u00e5r Partiavdelning","item":"https:\/\/wp.kristdemokraterna.se\/finspang\/om-oss\/"},{"@type":"ListItem","position":3,"name":"Kontakta oss"}]},{"@type":"WebSite","@id":"https:\/\/wp.kristdemokraterna.se\/finspang\/#website","url":"https:\/\/wp.kristdemokraterna.se\/finspang\/","name":"Finsp\u00e5ng","description":"Kristdemokraterna","inLanguage":"sv-SE"}]}},"_links":{"self":[{"href":"https:\/\/wp.kristdemokraterna.se\/finspang\/wp-json\/wp\/v2\/pages\/339","targetHints":{"allow":["GET"]}}],"collection":[{"href":"https:\/\/wp.kristdemokraterna.se\/finspang\/wp-json\/wp\/v2\/pages"}],"about":[{"href":"https:\/\/wp.kristdemokraterna.se\/finspang\/wp-json\/wp\/v2\/types\/page"}],"author":[{"embeddable":true,"href":"https:\/\/wp.kristdemokraterna.se\/finspang\/wp-json\/wp\/v2\/users\/686"}],"replies":[{"embeddable":true,"href":"https:\/\/wp.kristdemokraterna.se\/finspang\/wp-json\/wp\/v2\/comments?post=339"}],"version-history":[{"count":21,"href":"https:\/\/wp.kristdemokraterna.se\/finspang\/wp-json\/wp\/v2\/pages\/339\/revisions"}],"predecessor-version":[{"id":561,"href":"https:\/\/wp.kristdemokraterna.se\/finspang\/wp-json\/wp\/v2\/pages\/339\/revisions\/561"}],"up":[{"embeddable":true,"href":"https:\/\/wp.kristdemokraterna.se\/finspang\/wp-json\/wp\/v2\/pages\/324"}],"wp:attachment":[{"href":"https:\/\/wp.kristdemokraterna.se\/finspang\/wp-json\/wp\/v2\/media?parent=339"}],"curies":[{"name":"wp","href":"https:\/\/api.w.org\/{rel}","templated":true}]}}