{"id":354,"date":"2018-08-08T17:18:32","date_gmt":"2018-08-08T15:18:32","guid":{"rendered":"http:\/\/wp.kristdemokraterna.se\/finspang\/?page_id=354"},"modified":"2018-08-09T19:07:10","modified_gmt":"2018-08-09T17:07:10","slug":"kommunkandidater-2018","status":"publish","type":"page","link":"https:\/\/wp.kristdemokraterna.se\/finspang\/valet\/kommunkandidater-2018\/","title":{"rendered":"Kommunkandidater 2018"},"content":{"rendered":"<div id=\"attachment_351\" style=\"width: 570px\" class=\"wp-caption alignnone\"><img loading=\"lazy\" decoding=\"async\" aria-describedby=\"caption-attachment-351\" class=\"wp-image-351\" src=\"http:\/\/wp.kristdemokraterna.se\/finspang\/files\/2018\/08\/35236446_2020192618220596_6095855557183275008_o.jpg\" alt=\"\" width=\"560\" height=\"315\" srcset=\"https:\/\/wp.kristdemokraterna.se\/finspang\/files\/2018\/08\/35236446_2020192618220596_6095855557183275008_o.jpg 1920w, https:\/\/wp.kristdemokraterna.se\/finspang\/files\/2018\/08\/35236446_2020192618220596_6095855557183275008_o-300x169.jpg 300w, https:\/\/wp.kristdemokraterna.se\/finspang\/files\/2018\/08\/35236446_2020192618220596_6095855557183275008_o-768x432.jpg 768w, https:\/\/wp.kristdemokraterna.se\/finspang\/files\/2018\/08\/35236446_2020192618220596_6095855557183275008_o-1024x576.jpg 1024w, https:\/\/wp.kristdemokraterna.se\/finspang\/files\/2018\/08\/35236446_2020192618220596_6095855557183275008_o-356x200.jpg 356w, https:\/\/wp.kristdemokraterna.se\/finspang\/files\/2018\/08\/35236446_2020192618220596_6095855557183275008_o-370x208.jpg 370w, https:\/\/wp.kristdemokraterna.se\/finspang\/files\/2018\/08\/35236446_2020192618220596_6095855557183275008_o-770x433.jpg 770w, https:\/\/wp.kristdemokraterna.se\/finspang\/files\/2018\/08\/35236446_2020192618220596_6095855557183275008_o-450x253.jpg 450w, https:\/\/wp.kristdemokraterna.se\/finspang\/files\/2018\/08\/35236446_2020192618220596_6095855557183275008_o-280x158.jpg 280w, https:\/\/wp.kristdemokraterna.se\/finspang\/files\/2018\/08\/35236446_2020192618220596_6095855557183275008_o-340x191.jpg 340w, https:\/\/wp.kristdemokraterna.se\/finspang\/files\/2018\/08\/35236446_2020192618220596_6095855557183275008_o-200x113.jpg 200w, https:\/\/wp.kristdemokraterna.se\/finspang\/files\/2018\/08\/35236446_2020192618220596_6095855557183275008_o-100x56.jpg 100w\" sizes=\"auto, (max-width: 560px) 100vw, 560px\" \/><p id=\"caption-attachment-351\" class=\"wp-caption-text\">Stefan Ackeryd, Marie Johansson, Edite J\u00e4rpehag, Kristine Andersson<\/p><\/div>\n<p><strong>V\u00e5ra kandidater i kommunvalet<\/strong><br \/>\nKristdemokraternas kandidater i kommunvalet 9 september 2018<\/p>\n<p>1. Marie Johansson, L\u00e4rare, Finsp\u00e5ng<br \/>\n2. Stefan Ackeryd, Bevakningsf\u00f6rest\u00e5ndare, Finsp\u00e5ng<br \/>\n3. Edite J\u00e4rpehag, Pensionerad l\u00e4rare, Ljusfallshammar<br \/>\n4. Kristine Andersson, Boendeansvarig, Finsp\u00e5ng<br \/>\n5. Andreas Rydh, Ungdomsledare, Sonstorp<br \/>\n6. Siv Harrysson, Pension\u00e4r, Finsp\u00e5ng<br \/>\n7. Owe J\u00e4rpehag, Omsorgspastor, Ljusfallshammar<br \/>\n8. B\u00f6rje W\u00e5hleman, Pension\u00e4r, Ljusfallshammar<br \/>\n9. Christian Johansson, Busschauff\u00f6r, Finsp\u00e5ng<br \/>\n10. Leif Jonsson, Pension\u00e4r, Finsp\u00e5ng<\/p>\n","protected":false},"excerpt":{"rendered":"<p>V\u00e5ra kandidater i kommunvalet Kristdemokraternas kandidater i kommunvalet 9 september 2018 1. Marie Johansson, L\u00e4rare, Finsp\u00e5ng 2. Stefan Ackeryd, Bevakningsf\u00f6rest\u00e5ndare, Finsp\u00e5ng 3. Edite J\u00e4rpehag, Pensionerad l\u00e4rare, Ljusfallshammar 4. Kristine Andersson, Boendeansvarig, Finsp\u00e5ng 5. Andreas Rydh, Ungdomsledare, Sonstorp 6. Siv Harrysson, Pension\u00e4r, Finsp\u00e5ng 7. Owe J\u00e4rpehag, Omsorgspastor, Ljusfallshammar 8. B\u00f6rje W\u00e5hleman, Pension\u00e4r, Ljusfallshammar 9. Christian Johansson, <a class=\"read-more-link\" href=\"https:\/\/wp.kristdemokraterna.se\/finspang\/valet\/kommunkandidater-2018\/\">Read More<\/a><\/p>\n","protected":false},"author":686,"featured_media":0,"parent":345,"menu_order":1,"comment_status":"closed","ping_status":"closed","template":"","meta":{"_acf_changed":false,"footnotes":""},"class_list":["post-354","page","type-page","status-publish","hentry"],"acf":[],"yoast_head":"<!-- This site is optimized with the Yoast SEO plugin v27.3 - https:\/\/yoast.com\/product\/yoast-seo-wordpress\/ -->\n<title>Kommunkandidater 2018 - Finsp\u00e5ng<\/title>\n<meta name=\"robots\" content=\"index, follow, max-snippet:-1, max-image-preview:large, max-video-preview:-1\" \/>\n<link rel=\"canonical\" href=\"https:\/\/wp.kristdemokraterna.se\/finspang\/valet\/kommunkandidater-2018\/\" \/>\n<meta property=\"og:locale\" content=\"sv_SE\" \/>\n<meta property=\"og:type\" content=\"article\" \/>\n<meta property=\"og:title\" content=\"Kommunkandidater 2018 - Finsp\u00e5ng\" \/>\n<meta property=\"og:description\" content=\"V\u00e5ra kandidater i kommunvalet Kristdemokraternas kandidater i kommunvalet 9 september 2018 1. Marie Johansson, L\u00e4rare, Finsp\u00e5ng 2. Stefan Ackeryd, Bevakningsf\u00f6rest\u00e5ndare, Finsp\u00e5ng 3. Edite J\u00e4rpehag, Pensionerad l\u00e4rare, Ljusfallshammar 4. Kristine Andersson, Boendeansvarig, Finsp\u00e5ng 5. Andreas Rydh, Ungdomsledare, Sonstorp 6. Siv Harrysson, Pension\u00e4r, Finsp\u00e5ng 7. Owe J\u00e4rpehag, Omsorgspastor, Ljusfallshammar 8. B\u00f6rje W\u00e5hleman, Pension\u00e4r, Ljusfallshammar 9. Christian Johansson, Read More\" \/>\n<meta property=\"og:url\" content=\"https:\/\/wp.kristdemokraterna.se\/finspang\/valet\/kommunkandidater-2018\/\" \/>\n<meta property=\"og:site_name\" content=\"Finsp\u00e5ng\" \/>\n<meta property=\"article:modified_time\" content=\"2018-08-09T17:07:10+00:00\" \/>\n<meta property=\"og:image\" content=\"http:\/\/wp.kristdemokraterna.se\/finspang\/files\/2018\/08\/35236446_2020192618220596_6095855557183275008_o.jpg\" \/>\n<meta name=\"twitter:card\" content=\"summary_large_image\" \/>\n<script type=\"application\/ld+json\" class=\"yoast-schema-graph\">{\"@context\":\"https:\\\/\\\/schema.org\",\"@graph\":[{\"@type\":\"WebPage\",\"@id\":\"https:\\\/\\\/wp.kristdemokraterna.se\\\/finspang\\\/valet\\\/kommunkandidater-2018\\\/\",\"url\":\"https:\\\/\\\/wp.kristdemokraterna.se\\\/finspang\\\/valet\\\/kommunkandidater-2018\\\/\",\"name\":\"Kommunkandidater 2018 - Finsp\u00e5ng\",\"isPartOf\":{\"@id\":\"https:\\\/\\\/wp.kristdemokraterna.se\\\/finspang\\\/#website\"},\"primaryImageOfPage\":{\"@id\":\"https:\\\/\\\/wp.kristdemokraterna.se\\\/finspang\\\/valet\\\/kommunkandidater-2018\\\/#primaryimage\"},\"image\":{\"@id\":\"https:\\\/\\\/wp.kristdemokraterna.se\\\/finspang\\\/valet\\\/kommunkandidater-2018\\\/#primaryimage\"},\"thumbnailUrl\":\"http:\\\/\\\/wp.kristdemokraterna.se\\\/finspang\\\/files\\\/2018\\\/08\\\/35236446_2020192618220596_6095855557183275008_o.jpg\",\"datePublished\":\"2018-08-08T15:18:32+00:00\",\"dateModified\":\"2018-08-09T17:07:10+00:00\",\"breadcrumb\":{\"@id\":\"https:\\\/\\\/wp.kristdemokraterna.se\\\/finspang\\\/valet\\\/kommunkandidater-2018\\\/#breadcrumb\"},\"inLanguage\":\"sv-SE\",\"potentialAction\":[{\"@type\":\"ReadAction\",\"target\":[\"https:\\\/\\\/wp.kristdemokraterna.se\\\/finspang\\\/valet\\\/kommunkandidater-2018\\\/\"]}]},{\"@type\":\"ImageObject\",\"inLanguage\":\"sv-SE\",\"@id\":\"https:\\\/\\\/wp.kristdemokraterna.se\\\/finspang\\\/valet\\\/kommunkandidater-2018\\\/#primaryimage\",\"url\":\"http:\\\/\\\/wp.kristdemokraterna.se\\\/finspang\\\/files\\\/2018\\\/08\\\/35236446_2020192618220596_6095855557183275008_o.jpg\",\"contentUrl\":\"http:\\\/\\\/wp.kristdemokraterna.se\\\/finspang\\\/files\\\/2018\\\/08\\\/35236446_2020192618220596_6095855557183275008_o.jpg\"},{\"@type\":\"BreadcrumbList\",\"@id\":\"https:\\\/\\\/wp.kristdemokraterna.se\\\/finspang\\\/valet\\\/kommunkandidater-2018\\\/#breadcrumb\",\"itemListElement\":[{\"@type\":\"ListItem\",\"position\":1,\"name\":\"Hem\",\"item\":\"https:\\\/\\\/wp.kristdemokraterna.se\\\/finspang\\\/\"},{\"@type\":\"ListItem\",\"position\":2,\"name\":\"Valet 9 sept 2018\",\"item\":\"https:\\\/\\\/wp.kristdemokraterna.se\\\/finspang\\\/valet\\\/\"},{\"@type\":\"ListItem\",\"position\":3,\"name\":\"Kommunkandidater 2018\"}]},{\"@type\":\"WebSite\",\"@id\":\"https:\\\/\\\/wp.kristdemokraterna.se\\\/finspang\\\/#website\",\"url\":\"https:\\\/\\\/wp.kristdemokraterna.se\\\/finspang\\\/\",\"name\":\"Finsp\u00e5ng\",\"description\":\"Kristdemokraterna\",\"inLanguage\":\"sv-SE\"}]}<\/script>\n<!-- \/ Yoast SEO plugin. -->","yoast_head_json":{"title":"Kommunkandidater 2018 - Finsp\u00e5ng","robots":{"index":"index","follow":"follow","max-snippet":"max-snippet:-1","max-image-preview":"max-image-preview:large","max-video-preview":"max-video-preview:-1"},"canonical":"https:\/\/wp.kristdemokraterna.se\/finspang\/valet\/kommunkandidater-2018\/","og_locale":"sv_SE","og_type":"article","og_title":"Kommunkandidater 2018 - Finsp\u00e5ng","og_description":"V\u00e5ra kandidater i kommunvalet Kristdemokraternas kandidater i kommunvalet 9 september 2018 1. Marie Johansson, L\u00e4rare, Finsp\u00e5ng 2. Stefan Ackeryd, Bevakningsf\u00f6rest\u00e5ndare, Finsp\u00e5ng 3. Edite J\u00e4rpehag, Pensionerad l\u00e4rare, Ljusfallshammar 4. Kristine Andersson, Boendeansvarig, Finsp\u00e5ng 5. Andreas Rydh, Ungdomsledare, Sonstorp 6. Siv Harrysson, Pension\u00e4r, Finsp\u00e5ng 7. Owe J\u00e4rpehag, Omsorgspastor, Ljusfallshammar 8. B\u00f6rje W\u00e5hleman, Pension\u00e4r, Ljusfallshammar 9. Christian Johansson, Read More","og_url":"https:\/\/wp.kristdemokraterna.se\/finspang\/valet\/kommunkandidater-2018\/","og_site_name":"Finsp\u00e5ng","article_modified_time":"2018-08-09T17:07:10+00:00","og_image":[{"url":"http:\/\/wp.kristdemokraterna.se\/finspang\/files\/2018\/08\/35236446_2020192618220596_6095855557183275008_o.jpg","type":"","width":"","height":""}],"twitter_card":"summary_large_image","schema":{"@context":"https:\/\/schema.org","@graph":[{"@type":"WebPage","@id":"https:\/\/wp.kristdemokraterna.se\/finspang\/valet\/kommunkandidater-2018\/","url":"https:\/\/wp.kristdemokraterna.se\/finspang\/valet\/kommunkandidater-2018\/","name":"Kommunkandidater 2018 - Finsp\u00e5ng","isPartOf":{"@id":"https:\/\/wp.kristdemokraterna.se\/finspang\/#website"},"primaryImageOfPage":{"@id":"https:\/\/wp.kristdemokraterna.se\/finspang\/valet\/kommunkandidater-2018\/#primaryimage"},"image":{"@id":"https:\/\/wp.kristdemokraterna.se\/finspang\/valet\/kommunkandidater-2018\/#primaryimage"},"thumbnailUrl":"http:\/\/wp.kristdemokraterna.se\/finspang\/files\/2018\/08\/35236446_2020192618220596_6095855557183275008_o.jpg","datePublished":"2018-08-08T15:18:32+00:00","dateModified":"2018-08-09T17:07:10+00:00","breadcrumb":{"@id":"https:\/\/wp.kristdemokraterna.se\/finspang\/valet\/kommunkandidater-2018\/#breadcrumb"},"inLanguage":"sv-SE","potentialAction":[{"@type":"ReadAction","target":["https:\/\/wp.kristdemokraterna.se\/finspang\/valet\/kommunkandidater-2018\/"]}]},{"@type":"ImageObject","inLanguage":"sv-SE","@id":"https:\/\/wp.kristdemokraterna.se\/finspang\/valet\/kommunkandidater-2018\/#primaryimage","url":"http:\/\/wp.kristdemokraterna.se\/finspang\/files\/2018\/08\/35236446_2020192618220596_6095855557183275008_o.jpg","contentUrl":"http:\/\/wp.kristdemokraterna.se\/finspang\/files\/2018\/08\/35236446_2020192618220596_6095855557183275008_o.jpg"},{"@type":"BreadcrumbList","@id":"https:\/\/wp.kristdemokraterna.se\/finspang\/valet\/kommunkandidater-2018\/#breadcrumb","itemListElement":[{"@type":"ListItem","position":1,"name":"Hem","item":"https:\/\/wp.kristdemokraterna.se\/finspang\/"},{"@type":"ListItem","position":2,"name":"Valet 9 sept 2018","item":"https:\/\/wp.kristdemokraterna.se\/finspang\/valet\/"},{"@type":"ListItem","position":3,"name":"Kommunkandidater 2018"}]},{"@type":"WebSite","@id":"https:\/\/wp.kristdemokraterna.se\/finspang\/#website","url":"https:\/\/wp.kristdemokraterna.se\/finspang\/","name":"Finsp\u00e5ng","description":"Kristdemokraterna","inLanguage":"sv-SE"}]}},"_links":{"self":[{"href":"https:\/\/wp.kristdemokraterna.se\/finspang\/wp-json\/wp\/v2\/pages\/354","targetHints":{"allow":["GET"]}}],"collection":[{"href":"https:\/\/wp.kristdemokraterna.se\/finspang\/wp-json\/wp\/v2\/pages"}],"about":[{"href":"https:\/\/wp.kristdemokraterna.se\/finspang\/wp-json\/wp\/v2\/types\/page"}],"author":[{"embeddable":true,"href":"https:\/\/wp.kristdemokraterna.se\/finspang\/wp-json\/wp\/v2\/users\/686"}],"replies":[{"embeddable":true,"href":"https:\/\/wp.kristdemokraterna.se\/finspang\/wp-json\/wp\/v2\/comments?post=354"}],"version-history":[{"count":4,"href":"https:\/\/wp.kristdemokraterna.se\/finspang\/wp-json\/wp\/v2\/pages\/354\/revisions"}],"predecessor-version":[{"id":370,"href":"https:\/\/wp.kristdemokraterna.se\/finspang\/wp-json\/wp\/v2\/pages\/354\/revisions\/370"}],"up":[{"embeddable":true,"href":"https:\/\/wp.kristdemokraterna.se\/finspang\/wp-json\/wp\/v2\/pages\/345"}],"wp:attachment":[{"href":"https:\/\/wp.kristdemokraterna.se\/finspang\/wp-json\/wp\/v2\/media?parent=354"}],"curies":[{"name":"wp","href":"https:\/\/api.w.org\/{rel}","templated":true}]}}