{"id":361,"date":"2018-08-08T17:28:13","date_gmt":"2018-08-08T15:28:13","guid":{"rendered":"http:\/\/wp.kristdemokraterna.se\/finspang\/?page_id=361"},"modified":"2018-08-08T17:31:45","modified_gmt":"2018-08-08T15:31:45","slug":"sommartidning-2018","status":"publish","type":"page","link":"https:\/\/wp.kristdemokraterna.se\/finspang\/valet\/sommartidning-2018\/","title":{"rendered":"Sommartidning 2018"},"content":{"rendered":"<p><strong><a href=\"https:\/\/kristdemokraterna.se\/wp-content\/uploads\/2018\/04\/Kampanjtidning-2018-1.pdf\" target=\"_blank\" rel=\"noopener\"><img loading=\"lazy\" decoding=\"async\" class=\"alignright wp-image-400 size-medium\" src=\"http:\/\/wp.kristdemokraterna.se\/finspang\/files\/2018\/08\/sommartidning2018-204x300.jpg\" alt=\"\" width=\"204\" height=\"300\" \/><\/a>DU SKA KUNNA LITA P\u00c5 SVERIGE<\/strong><br \/>\nV\u00e5r f\u00f6rsta kampanj valtidning \u00e4r klar, har du inte f\u00e5tt den \u00e4nnu?<\/p>\n<p>L\u00c4S DEN H\u00c4R<br \/>\n&gt;\u00a0<a href=\"http:\/\/www.e-magin.se\/paper\/0p8ck632\/paper\/1#\/paper\/0p8ck632\" target=\"_blank\" rel=\"noopener\">E-tidning<\/a><br \/>\n&gt;\u00a0<a href=\"https:\/\/kristdemokraterna.se\/wp-content\/uploads\/2018\/04\/Kampanjtidning-2018-1.pdf\" target=\"_blank\" rel=\"noopener\">Pdf<\/a><\/p>\n<p>&gt;\u00a0<a href=\"https:\/\/kristdemokraterna.se\/wp-content\/uploads\/2018\/04\/KD-Annonskryss-1801_facit.pdf\" target=\"_blank\" rel=\"noopener\">R\u00e4tt kryssl\u00f6sning hittar du h\u00e4r<\/a>\u00a0(pdf)<\/p>\n","protected":false},"excerpt":{"rendered":"<p>DU SKA KUNNA LITA P\u00c5 SVERIGE V\u00e5r f\u00f6rsta kampanj valtidning \u00e4r klar, har du inte f\u00e5tt den \u00e4nnu? L\u00c4S DEN H\u00c4R &gt;\u00a0E-tidning &gt;\u00a0Pdf &gt;\u00a0R\u00e4tt kryssl\u00f6sning hittar du h\u00e4r\u00a0(pdf)<\/p>\n","protected":false},"author":686,"featured_media":0,"parent":345,"menu_order":0,"comment_status":"closed","ping_status":"closed","template":"","meta":{"_acf_changed":false,"footnotes":""},"class_list":["post-361","page","type-page","status-publish","hentry"],"acf":[],"yoast_head":"<!-- This site is optimized with the Yoast SEO plugin v27.3 - https:\/\/yoast.com\/product\/yoast-seo-wordpress\/ -->\n<title>Sommartidning 2018 - Finsp\u00e5ng<\/title>\n<meta name=\"robots\" content=\"index, follow, max-snippet:-1, max-image-preview:large, max-video-preview:-1\" \/>\n<link rel=\"canonical\" href=\"https:\/\/wp.kristdemokraterna.se\/finspang\/valet\/sommartidning-2018\/\" \/>\n<meta property=\"og:locale\" content=\"sv_SE\" \/>\n<meta property=\"og:type\" content=\"article\" \/>\n<meta property=\"og:title\" content=\"Sommartidning 2018 - Finsp\u00e5ng\" \/>\n<meta property=\"og:description\" content=\"DU SKA KUNNA LITA P\u00c5 SVERIGE V\u00e5r f\u00f6rsta kampanj valtidning \u00e4r klar, har du inte f\u00e5tt den \u00e4nnu? L\u00c4S DEN H\u00c4R &gt;\u00a0E-tidning &gt;\u00a0Pdf &gt;\u00a0R\u00e4tt kryssl\u00f6sning hittar du h\u00e4r\u00a0(pdf)\" \/>\n<meta property=\"og:url\" content=\"https:\/\/wp.kristdemokraterna.se\/finspang\/valet\/sommartidning-2018\/\" \/>\n<meta property=\"og:site_name\" content=\"Finsp\u00e5ng\" \/>\n<meta property=\"article:modified_time\" content=\"2018-08-08T15:31:45+00:00\" \/>\n<meta property=\"og:image\" content=\"http:\/\/wp.kristdemokraterna.se\/finspang\/files\/2018\/08\/sommartidning2018-204x300.jpg\" \/>\n<meta name=\"twitter:card\" content=\"summary_large_image\" \/>\n<script type=\"application\/ld+json\" class=\"yoast-schema-graph\">{\"@context\":\"https:\\\/\\\/schema.org\",\"@graph\":[{\"@type\":\"WebPage\",\"@id\":\"https:\\\/\\\/wp.kristdemokraterna.se\\\/finspang\\\/valet\\\/sommartidning-2018\\\/\",\"url\":\"https:\\\/\\\/wp.kristdemokraterna.se\\\/finspang\\\/valet\\\/sommartidning-2018\\\/\",\"name\":\"Sommartidning 2018 - Finsp\u00e5ng\",\"isPartOf\":{\"@id\":\"https:\\\/\\\/wp.kristdemokraterna.se\\\/finspang\\\/#website\"},\"primaryImageOfPage\":{\"@id\":\"https:\\\/\\\/wp.kristdemokraterna.se\\\/finspang\\\/valet\\\/sommartidning-2018\\\/#primaryimage\"},\"image\":{\"@id\":\"https:\\\/\\\/wp.kristdemokraterna.se\\\/finspang\\\/valet\\\/sommartidning-2018\\\/#primaryimage\"},\"thumbnailUrl\":\"http:\\\/\\\/wp.kristdemokraterna.se\\\/finspang\\\/files\\\/2018\\\/08\\\/sommartidning2018-204x300.jpg\",\"datePublished\":\"2018-08-08T15:28:13+00:00\",\"dateModified\":\"2018-08-08T15:31:45+00:00\",\"breadcrumb\":{\"@id\":\"https:\\\/\\\/wp.kristdemokraterna.se\\\/finspang\\\/valet\\\/sommartidning-2018\\\/#breadcrumb\"},\"inLanguage\":\"sv-SE\",\"potentialAction\":[{\"@type\":\"ReadAction\",\"target\":[\"https:\\\/\\\/wp.kristdemokraterna.se\\\/finspang\\\/valet\\\/sommartidning-2018\\\/\"]}]},{\"@type\":\"ImageObject\",\"inLanguage\":\"sv-SE\",\"@id\":\"https:\\\/\\\/wp.kristdemokraterna.se\\\/finspang\\\/valet\\\/sommartidning-2018\\\/#primaryimage\",\"url\":\"http:\\\/\\\/wp.kristdemokraterna.se\\\/finspang\\\/files\\\/2018\\\/08\\\/sommartidning2018-204x300.jpg\",\"contentUrl\":\"http:\\\/\\\/wp.kristdemokraterna.se\\\/finspang\\\/files\\\/2018\\\/08\\\/sommartidning2018-204x300.jpg\"},{\"@type\":\"BreadcrumbList\",\"@id\":\"https:\\\/\\\/wp.kristdemokraterna.se\\\/finspang\\\/valet\\\/sommartidning-2018\\\/#breadcrumb\",\"itemListElement\":[{\"@type\":\"ListItem\",\"position\":1,\"name\":\"Hem\",\"item\":\"https:\\\/\\\/wp.kristdemokraterna.se\\\/finspang\\\/\"},{\"@type\":\"ListItem\",\"position\":2,\"name\":\"Valet 9 sept 2018\",\"item\":\"https:\\\/\\\/wp.kristdemokraterna.se\\\/finspang\\\/valet\\\/\"},{\"@type\":\"ListItem\",\"position\":3,\"name\":\"Sommartidning 2018\"}]},{\"@type\":\"WebSite\",\"@id\":\"https:\\\/\\\/wp.kristdemokraterna.se\\\/finspang\\\/#website\",\"url\":\"https:\\\/\\\/wp.kristdemokraterna.se\\\/finspang\\\/\",\"name\":\"Finsp\u00e5ng\",\"description\":\"Kristdemokraterna\",\"inLanguage\":\"sv-SE\"}]}<\/script>\n<!-- \/ Yoast SEO plugin. -->","yoast_head_json":{"title":"Sommartidning 2018 - Finsp\u00e5ng","robots":{"index":"index","follow":"follow","max-snippet":"max-snippet:-1","max-image-preview":"max-image-preview:large","max-video-preview":"max-video-preview:-1"},"canonical":"https:\/\/wp.kristdemokraterna.se\/finspang\/valet\/sommartidning-2018\/","og_locale":"sv_SE","og_type":"article","og_title":"Sommartidning 2018 - Finsp\u00e5ng","og_description":"DU SKA KUNNA LITA P\u00c5 SVERIGE V\u00e5r f\u00f6rsta kampanj valtidning \u00e4r klar, har du inte f\u00e5tt den \u00e4nnu? L\u00c4S DEN H\u00c4R &gt;\u00a0E-tidning &gt;\u00a0Pdf &gt;\u00a0R\u00e4tt kryssl\u00f6sning hittar du h\u00e4r\u00a0(pdf)","og_url":"https:\/\/wp.kristdemokraterna.se\/finspang\/valet\/sommartidning-2018\/","og_site_name":"Finsp\u00e5ng","article_modified_time":"2018-08-08T15:31:45+00:00","og_image":[{"url":"http:\/\/wp.kristdemokraterna.se\/finspang\/files\/2018\/08\/sommartidning2018-204x300.jpg","type":"","width":"","height":""}],"twitter_card":"summary_large_image","schema":{"@context":"https:\/\/schema.org","@graph":[{"@type":"WebPage","@id":"https:\/\/wp.kristdemokraterna.se\/finspang\/valet\/sommartidning-2018\/","url":"https:\/\/wp.kristdemokraterna.se\/finspang\/valet\/sommartidning-2018\/","name":"Sommartidning 2018 - Finsp\u00e5ng","isPartOf":{"@id":"https:\/\/wp.kristdemokraterna.se\/finspang\/#website"},"primaryImageOfPage":{"@id":"https:\/\/wp.kristdemokraterna.se\/finspang\/valet\/sommartidning-2018\/#primaryimage"},"image":{"@id":"https:\/\/wp.kristdemokraterna.se\/finspang\/valet\/sommartidning-2018\/#primaryimage"},"thumbnailUrl":"http:\/\/wp.kristdemokraterna.se\/finspang\/files\/2018\/08\/sommartidning2018-204x300.jpg","datePublished":"2018-08-08T15:28:13+00:00","dateModified":"2018-08-08T15:31:45+00:00","breadcrumb":{"@id":"https:\/\/wp.kristdemokraterna.se\/finspang\/valet\/sommartidning-2018\/#breadcrumb"},"inLanguage":"sv-SE","potentialAction":[{"@type":"ReadAction","target":["https:\/\/wp.kristdemokraterna.se\/finspang\/valet\/sommartidning-2018\/"]}]},{"@type":"ImageObject","inLanguage":"sv-SE","@id":"https:\/\/wp.kristdemokraterna.se\/finspang\/valet\/sommartidning-2018\/#primaryimage","url":"http:\/\/wp.kristdemokraterna.se\/finspang\/files\/2018\/08\/sommartidning2018-204x300.jpg","contentUrl":"http:\/\/wp.kristdemokraterna.se\/finspang\/files\/2018\/08\/sommartidning2018-204x300.jpg"},{"@type":"BreadcrumbList","@id":"https:\/\/wp.kristdemokraterna.se\/finspang\/valet\/sommartidning-2018\/#breadcrumb","itemListElement":[{"@type":"ListItem","position":1,"name":"Hem","item":"https:\/\/wp.kristdemokraterna.se\/finspang\/"},{"@type":"ListItem","position":2,"name":"Valet 9 sept 2018","item":"https:\/\/wp.kristdemokraterna.se\/finspang\/valet\/"},{"@type":"ListItem","position":3,"name":"Sommartidning 2018"}]},{"@type":"WebSite","@id":"https:\/\/wp.kristdemokraterna.se\/finspang\/#website","url":"https:\/\/wp.kristdemokraterna.se\/finspang\/","name":"Finsp\u00e5ng","description":"Kristdemokraterna","inLanguage":"sv-SE"}]}},"_links":{"self":[{"href":"https:\/\/wp.kristdemokraterna.se\/finspang\/wp-json\/wp\/v2\/pages\/361","targetHints":{"allow":["GET"]}}],"collection":[{"href":"https:\/\/wp.kristdemokraterna.se\/finspang\/wp-json\/wp\/v2\/pages"}],"about":[{"href":"https:\/\/wp.kristdemokraterna.se\/finspang\/wp-json\/wp\/v2\/types\/page"}],"author":[{"embeddable":true,"href":"https:\/\/wp.kristdemokraterna.se\/finspang\/wp-json\/wp\/v2\/users\/686"}],"replies":[{"embeddable":true,"href":"https:\/\/wp.kristdemokraterna.se\/finspang\/wp-json\/wp\/v2\/comments?post=361"}],"version-history":[{"count":4,"href":"https:\/\/wp.kristdemokraterna.se\/finspang\/wp-json\/wp\/v2\/pages\/361\/revisions"}],"predecessor-version":[{"id":365,"href":"https:\/\/wp.kristdemokraterna.se\/finspang\/wp-json\/wp\/v2\/pages\/361\/revisions\/365"}],"up":[{"embeddable":true,"href":"https:\/\/wp.kristdemokraterna.se\/finspang\/wp-json\/wp\/v2\/pages\/345"}],"wp:attachment":[{"href":"https:\/\/wp.kristdemokraterna.se\/finspang\/wp-json\/wp\/v2\/media?parent=361"}],"curies":[{"name":"wp","href":"https:\/\/api.w.org\/{rel}","templated":true}]}}