{"id":378,"date":"2018-08-09T19:03:48","date_gmt":"2018-08-09T17:03:48","guid":{"rendered":"http:\/\/wp.kristdemokraterna.se\/finspang\/?page_id=378"},"modified":"2018-08-09T19:06:51","modified_gmt":"2018-08-09T17:06:51","slug":"landstingskandidater-2018","status":"publish","type":"page","link":"https:\/\/wp.kristdemokraterna.se\/finspang\/valet\/landstingskandidater-2018\/","title":{"rendered":"Landstingskandidater 2018"},"content":{"rendered":"<p><strong><a href=\"http:\/\/wp.kristdemokraterna.se\/regionostergotland\/\" target=\"_blank\" rel=\"noopener\"><img loading=\"lazy\" decoding=\"async\" class=\"alignnone\" src=\"http:\/\/wp.kristdemokraterna.se\/regionostergotland\/files\/2018\/08\/gruppfolder_region_2018-1.jpg\" alt=\"\" width=\"391\" height=\"576\" \/><\/a><br \/>\nV\u00e5ra kandidater i landstingsvalet<\/strong><br \/>\nKristdemokraternas kandidater i landstingsvalet 9 september 2018<\/p>\n<p><strong>Valkrets 5 &#8211; Motala Finsp\u00e5ng<\/strong> &#8221;<em>Region \u00d6sterg\u00f6tland<\/em>&#8221;<\/p>\n<p>1. Per Larsson, Regionr\u00e5d, Link\u00f6ping<br \/>\n2. Nils-Ingvar Graan, Mekaniker\/Cyklist, Borensberg<br \/>\n3. Anders Eksmo, Gymnasiel\u00e4rare, S\u00f6derk\u00f6ping<br \/>\n4. Marie Johansson, L\u00e4rare, Finsp\u00e5ng<br \/>\n5. Jan Gyllenhammar, Politisk sekreterare, Styra<br \/>\n6. Edite J\u00e4rpehag, Pensionerad l\u00e4rare, Ljusfallshammar<br \/>\n7. Erik Forslund, Systemutvecklare, Motala<br \/>\n8. Per-Olof H\u00e5rsmar, Meterolog, Finsp\u00e5ng<br \/>\n9. Andreas Alander, Studerande, Link\u00f6ping<br \/>\n10. Lena K\u00e4cker Johansson, Distriktssk\u00f6terska, Rimforsa<br \/>\n11. Stefan Red\u00e9en, L\u00e4kare, Link\u00f6ping<br \/>\n12. Annicki Oscarsson, Kommunalr\u00e5d, \u00d6desh\u00f6g<br \/>\n13. Michael Sj\u00f6berg, F\u00f6retagare, Norrk\u00f6ping<br \/>\n14. Tomas Tekmen, Statstj\u00e4nsteman, Norrk\u00f6ping<br \/>\n15. Eva-Britt Sj\u00f6berg, Kommunalr\u00e5d, Norrk\u00f6ping<br \/>\n16. Raendie Andersson, Pension\u00e4r, Tj\u00e4llmo<br \/>\n17. Fredrik Topplund, Politisk sekreterare, Link\u00f6ping<br \/>\n18. \u00c5ke Henrysson, HR-konsulent, Norrk\u00f6ping<br \/>\n19. Liselotte Fager, Ombudsman, Link\u00f6ping<br \/>\n20. Patrick Vigren, L\u00e4kare, Brokind<br \/>\n21. Martin Holmbom, L\u00e4kare, Link\u00f6ping<br \/>\n22. Torgil Slatte, F.d Milj\u00f6chef, V\u00e4stra Harg<br \/>\n23. Isa Isa, Konsulent, Norrk\u00f6ping<br \/>\n24. Lars Eklund, Kulturpolitiker, Link\u00f6ping<\/p>\n<hr \/>\n<p>Mer information:<br \/>\n&gt; <a href=\"http:\/\/wp.kristdemokraterna.se\/regionostergotland\" target=\"_blank\" rel=\"noopener\">Kristdemokraterna Region \u00d6sterg\u00f6tland<\/a><\/p>\n","protected":false},"excerpt":{"rendered":"<p>V\u00e5ra kandidater i landstingsvalet Kristdemokraternas kandidater i landstingsvalet 9 september 2018 Valkrets 5 &#8211; Motala Finsp\u00e5ng &#8221;Region \u00d6sterg\u00f6tland&#8221; 1. Per Larsson, Regionr\u00e5d, Link\u00f6ping 2. Nils-Ingvar Graan, Mekaniker\/Cyklist, Borensberg 3. Anders Eksmo, Gymnasiel\u00e4rare, S\u00f6derk\u00f6ping 4. Marie Johansson, L\u00e4rare, Finsp\u00e5ng 5. Jan Gyllenhammar, Politisk sekreterare, Styra 6. Edite J\u00e4rpehag, Pensionerad l\u00e4rare, Ljusfallshammar 7. Erik Forslund, Systemutvecklare, Motala <a class=\"read-more-link\" href=\"https:\/\/wp.kristdemokraterna.se\/finspang\/valet\/landstingskandidater-2018\/\">Read More<\/a><\/p>\n","protected":false},"author":686,"featured_media":0,"parent":345,"menu_order":2,"comment_status":"closed","ping_status":"closed","template":"","meta":{"_acf_changed":false,"footnotes":""},"class_list":["post-378","page","type-page","status-publish","hentry"],"acf":[],"yoast_head":"<!-- This site is optimized with the Yoast SEO plugin v27.3 - https:\/\/yoast.com\/product\/yoast-seo-wordpress\/ -->\n<title>Landstingskandidater 2018 - Finsp\u00e5ng<\/title>\n<meta name=\"robots\" content=\"index, follow, max-snippet:-1, max-image-preview:large, max-video-preview:-1\" \/>\n<link rel=\"canonical\" href=\"https:\/\/wp.kristdemokraterna.se\/finspang\/valet\/landstingskandidater-2018\/\" \/>\n<meta property=\"og:locale\" content=\"sv_SE\" \/>\n<meta property=\"og:type\" content=\"article\" \/>\n<meta property=\"og:title\" content=\"Landstingskandidater 2018 - Finsp\u00e5ng\" \/>\n<meta property=\"og:description\" content=\"V\u00e5ra kandidater i landstingsvalet Kristdemokraternas kandidater i landstingsvalet 9 september 2018 Valkrets 5 &#8211; Motala Finsp\u00e5ng &#8221;Region \u00d6sterg\u00f6tland&#8221; 1. Per Larsson, Regionr\u00e5d, Link\u00f6ping 2. Nils-Ingvar Graan, Mekaniker\/Cyklist, Borensberg 3. Anders Eksmo, Gymnasiel\u00e4rare, S\u00f6derk\u00f6ping 4. Marie Johansson, L\u00e4rare, Finsp\u00e5ng 5. Jan Gyllenhammar, Politisk sekreterare, Styra 6. Edite J\u00e4rpehag, Pensionerad l\u00e4rare, Ljusfallshammar 7. Erik Forslund, Systemutvecklare, Motala Read More\" \/>\n<meta property=\"og:url\" content=\"https:\/\/wp.kristdemokraterna.se\/finspang\/valet\/landstingskandidater-2018\/\" \/>\n<meta property=\"og:site_name\" content=\"Finsp\u00e5ng\" \/>\n<meta property=\"article:modified_time\" content=\"2018-08-09T17:06:51+00:00\" \/>\n<meta property=\"og:image\" content=\"http:\/\/wp.kristdemokraterna.se\/regionostergotland\/files\/2018\/08\/gruppfolder_region_2018-1.jpg\" \/>\n<meta name=\"twitter:card\" content=\"summary_large_image\" \/>\n<meta name=\"twitter:label1\" content=\"Ber\u00e4knad l\u00e4stid\" \/>\n\t<meta name=\"twitter:data1\" content=\"1 minut\" \/>\n<script type=\"application\/ld+json\" class=\"yoast-schema-graph\">{\"@context\":\"https:\\\/\\\/schema.org\",\"@graph\":[{\"@type\":\"WebPage\",\"@id\":\"https:\\\/\\\/wp.kristdemokraterna.se\\\/finspang\\\/valet\\\/landstingskandidater-2018\\\/\",\"url\":\"https:\\\/\\\/wp.kristdemokraterna.se\\\/finspang\\\/valet\\\/landstingskandidater-2018\\\/\",\"name\":\"Landstingskandidater 2018 - Finsp\u00e5ng\",\"isPartOf\":{\"@id\":\"https:\\\/\\\/wp.kristdemokraterna.se\\\/finspang\\\/#website\"},\"primaryImageOfPage\":{\"@id\":\"https:\\\/\\\/wp.kristdemokraterna.se\\\/finspang\\\/valet\\\/landstingskandidater-2018\\\/#primaryimage\"},\"image\":{\"@id\":\"https:\\\/\\\/wp.kristdemokraterna.se\\\/finspang\\\/valet\\\/landstingskandidater-2018\\\/#primaryimage\"},\"thumbnailUrl\":\"http:\\\/\\\/wp.kristdemokraterna.se\\\/regionostergotland\\\/files\\\/2018\\\/08\\\/gruppfolder_region_2018-1.jpg\",\"datePublished\":\"2018-08-09T17:03:48+00:00\",\"dateModified\":\"2018-08-09T17:06:51+00:00\",\"breadcrumb\":{\"@id\":\"https:\\\/\\\/wp.kristdemokraterna.se\\\/finspang\\\/valet\\\/landstingskandidater-2018\\\/#breadcrumb\"},\"inLanguage\":\"sv-SE\",\"potentialAction\":[{\"@type\":\"ReadAction\",\"target\":[\"https:\\\/\\\/wp.kristdemokraterna.se\\\/finspang\\\/valet\\\/landstingskandidater-2018\\\/\"]}]},{\"@type\":\"ImageObject\",\"inLanguage\":\"sv-SE\",\"@id\":\"https:\\\/\\\/wp.kristdemokraterna.se\\\/finspang\\\/valet\\\/landstingskandidater-2018\\\/#primaryimage\",\"url\":\"http:\\\/\\\/wp.kristdemokraterna.se\\\/regionostergotland\\\/files\\\/2018\\\/08\\\/gruppfolder_region_2018-1.jpg\",\"contentUrl\":\"http:\\\/\\\/wp.kristdemokraterna.se\\\/regionostergotland\\\/files\\\/2018\\\/08\\\/gruppfolder_region_2018-1.jpg\"},{\"@type\":\"BreadcrumbList\",\"@id\":\"https:\\\/\\\/wp.kristdemokraterna.se\\\/finspang\\\/valet\\\/landstingskandidater-2018\\\/#breadcrumb\",\"itemListElement\":[{\"@type\":\"ListItem\",\"position\":1,\"name\":\"Hem\",\"item\":\"https:\\\/\\\/wp.kristdemokraterna.se\\\/finspang\\\/\"},{\"@type\":\"ListItem\",\"position\":2,\"name\":\"Valet 9 sept 2018\",\"item\":\"https:\\\/\\\/wp.kristdemokraterna.se\\\/finspang\\\/valet\\\/\"},{\"@type\":\"ListItem\",\"position\":3,\"name\":\"Landstingskandidater 2018\"}]},{\"@type\":\"WebSite\",\"@id\":\"https:\\\/\\\/wp.kristdemokraterna.se\\\/finspang\\\/#website\",\"url\":\"https:\\\/\\\/wp.kristdemokraterna.se\\\/finspang\\\/\",\"name\":\"Finsp\u00e5ng\",\"description\":\"Kristdemokraterna\",\"inLanguage\":\"sv-SE\"}]}<\/script>\n<!-- \/ Yoast SEO plugin. -->","yoast_head_json":{"title":"Landstingskandidater 2018 - Finsp\u00e5ng","robots":{"index":"index","follow":"follow","max-snippet":"max-snippet:-1","max-image-preview":"max-image-preview:large","max-video-preview":"max-video-preview:-1"},"canonical":"https:\/\/wp.kristdemokraterna.se\/finspang\/valet\/landstingskandidater-2018\/","og_locale":"sv_SE","og_type":"article","og_title":"Landstingskandidater 2018 - Finsp\u00e5ng","og_description":"V\u00e5ra kandidater i landstingsvalet Kristdemokraternas kandidater i landstingsvalet 9 september 2018 Valkrets 5 &#8211; Motala Finsp\u00e5ng &#8221;Region \u00d6sterg\u00f6tland&#8221; 1. Per Larsson, Regionr\u00e5d, Link\u00f6ping 2. Nils-Ingvar Graan, Mekaniker\/Cyklist, Borensberg 3. Anders Eksmo, Gymnasiel\u00e4rare, S\u00f6derk\u00f6ping 4. Marie Johansson, L\u00e4rare, Finsp\u00e5ng 5. Jan Gyllenhammar, Politisk sekreterare, Styra 6. Edite J\u00e4rpehag, Pensionerad l\u00e4rare, Ljusfallshammar 7. Erik Forslund, Systemutvecklare, Motala Read More","og_url":"https:\/\/wp.kristdemokraterna.se\/finspang\/valet\/landstingskandidater-2018\/","og_site_name":"Finsp\u00e5ng","article_modified_time":"2018-08-09T17:06:51+00:00","og_image":[{"url":"http:\/\/wp.kristdemokraterna.se\/regionostergotland\/files\/2018\/08\/gruppfolder_region_2018-1.jpg","type":"","width":"","height":""}],"twitter_card":"summary_large_image","twitter_misc":{"Ber\u00e4knad l\u00e4stid":"1 minut"},"schema":{"@context":"https:\/\/schema.org","@graph":[{"@type":"WebPage","@id":"https:\/\/wp.kristdemokraterna.se\/finspang\/valet\/landstingskandidater-2018\/","url":"https:\/\/wp.kristdemokraterna.se\/finspang\/valet\/landstingskandidater-2018\/","name":"Landstingskandidater 2018 - Finsp\u00e5ng","isPartOf":{"@id":"https:\/\/wp.kristdemokraterna.se\/finspang\/#website"},"primaryImageOfPage":{"@id":"https:\/\/wp.kristdemokraterna.se\/finspang\/valet\/landstingskandidater-2018\/#primaryimage"},"image":{"@id":"https:\/\/wp.kristdemokraterna.se\/finspang\/valet\/landstingskandidater-2018\/#primaryimage"},"thumbnailUrl":"http:\/\/wp.kristdemokraterna.se\/regionostergotland\/files\/2018\/08\/gruppfolder_region_2018-1.jpg","datePublished":"2018-08-09T17:03:48+00:00","dateModified":"2018-08-09T17:06:51+00:00","breadcrumb":{"@id":"https:\/\/wp.kristdemokraterna.se\/finspang\/valet\/landstingskandidater-2018\/#breadcrumb"},"inLanguage":"sv-SE","potentialAction":[{"@type":"ReadAction","target":["https:\/\/wp.kristdemokraterna.se\/finspang\/valet\/landstingskandidater-2018\/"]}]},{"@type":"ImageObject","inLanguage":"sv-SE","@id":"https:\/\/wp.kristdemokraterna.se\/finspang\/valet\/landstingskandidater-2018\/#primaryimage","url":"http:\/\/wp.kristdemokraterna.se\/regionostergotland\/files\/2018\/08\/gruppfolder_region_2018-1.jpg","contentUrl":"http:\/\/wp.kristdemokraterna.se\/regionostergotland\/files\/2018\/08\/gruppfolder_region_2018-1.jpg"},{"@type":"BreadcrumbList","@id":"https:\/\/wp.kristdemokraterna.se\/finspang\/valet\/landstingskandidater-2018\/#breadcrumb","itemListElement":[{"@type":"ListItem","position":1,"name":"Hem","item":"https:\/\/wp.kristdemokraterna.se\/finspang\/"},{"@type":"ListItem","position":2,"name":"Valet 9 sept 2018","item":"https:\/\/wp.kristdemokraterna.se\/finspang\/valet\/"},{"@type":"ListItem","position":3,"name":"Landstingskandidater 2018"}]},{"@type":"WebSite","@id":"https:\/\/wp.kristdemokraterna.se\/finspang\/#website","url":"https:\/\/wp.kristdemokraterna.se\/finspang\/","name":"Finsp\u00e5ng","description":"Kristdemokraterna","inLanguage":"sv-SE"}]}},"_links":{"self":[{"href":"https:\/\/wp.kristdemokraterna.se\/finspang\/wp-json\/wp\/v2\/pages\/378","targetHints":{"allow":["GET"]}}],"collection":[{"href":"https:\/\/wp.kristdemokraterna.se\/finspang\/wp-json\/wp\/v2\/pages"}],"about":[{"href":"https:\/\/wp.kristdemokraterna.se\/finspang\/wp-json\/wp\/v2\/types\/page"}],"author":[{"embeddable":true,"href":"https:\/\/wp.kristdemokraterna.se\/finspang\/wp-json\/wp\/v2\/users\/686"}],"replies":[{"embeddable":true,"href":"https:\/\/wp.kristdemokraterna.se\/finspang\/wp-json\/wp\/v2\/comments?post=378"}],"version-history":[{"count":2,"href":"https:\/\/wp.kristdemokraterna.se\/finspang\/wp-json\/wp\/v2\/pages\/378\/revisions"}],"predecessor-version":[{"id":380,"href":"https:\/\/wp.kristdemokraterna.se\/finspang\/wp-json\/wp\/v2\/pages\/378\/revisions\/380"}],"up":[{"embeddable":true,"href":"https:\/\/wp.kristdemokraterna.se\/finspang\/wp-json\/wp\/v2\/pages\/345"}],"wp:attachment":[{"href":"https:\/\/wp.kristdemokraterna.se\/finspang\/wp-json\/wp\/v2\/media?parent=378"}],"curies":[{"name":"wp","href":"https:\/\/api.w.org\/{rel}","templated":true}]}}