{"id":381,"date":"2018-08-09T19:05:46","date_gmt":"2018-08-09T17:05:46","guid":{"rendered":"http:\/\/wp.kristdemokraterna.se\/finspang\/?page_id=381"},"modified":"2018-08-09T19:06:32","modified_gmt":"2018-08-09T17:06:32","slug":"riksdagskandidater-2018","status":"publish","type":"page","link":"https:\/\/wp.kristdemokraterna.se\/finspang\/valet\/riksdagskandidater-2018\/","title":{"rendered":"Riksdagskandidater 2018"},"content":{"rendered":"<p><strong>V\u00e5ra kandidater i riksdagsvalet<\/strong><br \/>\nKristdemokraternas kandidater i riksdagsvalet 9 september 2018<\/p>\n<p><strong>Valkrets &#8211; \u00d6sterg\u00f6tlands l\u00e4n<\/strong><\/p>\n<p>1. Ebba Busch Thor, Partiledare, Uppsala<br \/>\n2. Magnus Oscarsson, Riksdagsledamot, \u00d6desh\u00f6g<br \/>\n3. Sara Skyttedal, Kommunalr\u00e5d, Link\u00f6ping<br \/>\n4. Anders Eksmo, Gymnasiel\u00e4rare, S\u00f6derk\u00f6ping<br \/>\n5. Eva-Britt Sj\u00f6berg, Kommunalr\u00e5d, Norrk\u00f6ping<br \/>\n6. Erik Forslund, Systemutvecklare, Motala<br \/>\n7. Lena K\u00e4cker Johansson, Distriktssk\u00f6terska, Rimforsa<br \/>\n8. Per Larsson, Regionr\u00e5d, Link\u00f6ping<br \/>\n9. M\u00e1ire Skogstj\u00e4rna, Teolog, \u00c5tvidaberg<br \/>\n10. S\u00fcleyman Wannes, Corebiskopos, Link\u00f6ping<br \/>\n11. Madel\u00e9ne Ottosson, F\u00f6rskoll\u00e4rare, Valdemarsvik<br \/>\n12. Karl-Erik Hagstr\u00f6m, Bussentrepren\u00f6r, Hestra<br \/>\n13. Elvira Wibeck, Politisk sekreterare, Norrk\u00f6ping<br \/>\n14. Kjell O Lejon, Professor, Link\u00f6ping<br \/>\n15. Marie Johansson, L\u00e4rare, Finsp\u00e5ng<br \/>\n16. Johan H\u00e4ggblom, Civilingenj\u00f6rsstuderande, Link\u00f6ping<br \/>\n17. Gunilla Sj\u00f6sten, Sjukgymnast, Vadstena<br \/>\n18. Patrick Vigren, L\u00e4kare, Brokind<br \/>\n19. Linda Ahlgrimmer, L\u00e4rare, Vikbolandet<br \/>\n20. Isac Gustafsson, Hotellv\u00e4rd, Mantorp<br \/>\n21. Rihab Al Chahaf, Apotekstekniker, Link\u00f6ping<br \/>\n22. Stefan Red\u00e9en, L\u00e4kare, Link\u00f6ping<br \/>\n23. Annicki Oscarsson, Kommunalr\u00e5d, \u00d6desh\u00f6g<br \/>\n24. Isa Isa, Konsulent, Norrk\u00f6ping<br \/>\n25. Mirjam Malmbj\u00f6rk-Johansson, S\u00e4ljare, Link\u00f6ping<br \/>\n26. Nils-Ingvar Graan, Mekaniker\/Cyklist, Borensberg<br \/>\n27. Elisabet Nison, Modersm\u00e5lsl\u00e4rare, Norrk\u00f6ping<br \/>\n28. Fredrik Topplund, Politisk sekreterare, Link\u00f6ping<br \/>\n29. Anna Broman Butler, Socionom, Norrk\u00f6ping<br \/>\n30. Jan Gyllenhammar, Politisk sekreterare, Styra<br \/>\n31. Solveig Danielson, Barnmorska, Link\u00f6ping<br \/>\n32. Tomas Tekmen, Statstj\u00e4nsteman, Norrk\u00f6ping<br \/>\n33. Birgitta Waern, Undersk\u00f6terska, Link\u00f6ping<br \/>\n34. Henrik Gidmark, VD, Mantorp<br \/>\n35. Marie Johansson, Rektor, Vikbolandet<br \/>\n36. Torgil Slatte, F.d Milj\u00f6chef, V\u00e4stra Harg<br \/>\n37. Denis\u00e9 Cassel, Spr\u00e5kl\u00e4rare, Link\u00f6ping<br \/>\n38. Magnus Engstr\u00f6m, L\u00e4rare, Link\u00f6ping<br \/>\n39. Jenny Lisiderius, Ekonom, Norrk\u00f6ping<br \/>\n40. Johan F\u00e4lth, Lantbruksentrepren\u00f6r,Ydre<br \/>\n41. Gunvor Grans\u00f6, Barnsk\u00f6tare, Mantorp<br \/>\n42. Erik Tingberg, Pastor, Vikbolandet<br \/>\n43. Jenny-Sofia Gustafsson, Sjuksk\u00f6terskestuderande, \u00d6sterbymo<br \/>\n44. Emil Dovr\u00e9n, Studerande, Link\u00f6ping<br \/>\n45. Eva Moberg, L\u00e4rare, Norrk\u00f6ping<br \/>\n46. Anders Drottja, Lantm\u00e4stare, Kolm\u00e5rden<br \/>\n47. Anna Karlsson, Lantbrukare, Horn<br \/>\n48. Andreas Alander, Studerande, Link\u00f6ping<br \/>\n49. Linda Masman, Undersk\u00f6terska, \u00d6sterbymo<br \/>\n50. Wycliffe Yumba, Doktorand, Link\u00f6ping<br \/>\n51. Birgitta Larsson, Socionom, Link\u00f6ping<br \/>\n52. Niclas Clar\u00e9n, Fastighetschef, Norrk\u00f6ping<br \/>\n53. Marianne Svensson, F.d Kyrkokamrer, Ringarum<br \/>\n54. Gunnar Nilsson, Ingenj\u00f6r, Norrk\u00f6ping<br \/>\n55. Amanda Olsson, Studerande, Vreta Kloster<br \/>\n56. Evert Andersson, Ingenj\u00f6r, Boxholm<br \/>\n57. Edite J\u00e4rpehag, Pensionerad l\u00e4rare, Ljusfallshammar<br \/>\n58. Tobias Jansson, Gymnasiel\u00e4rare, Rimforsa<br \/>\n59. Lilian Vendel, Studie-och yrkesv\u00e4gledare, S\u00f6derk\u00f6ping<br \/>\n60. Gabor Lorant, F.d Teknisk direkt\u00f6r, Link\u00f6ping<br \/>\n61. Linda Gylesj\u00f6, Sjuksk\u00f6terska, Link\u00f6ping<br \/>\n62. Christer Petr\u00e9, F.d Stiftsdirektor, V\u00e4stra Harg<br \/>\n63. Liselotte Fager, Ombudsman, Link\u00f6ping<br \/>\n64. Lars Eklund, Kulturpolitiker, Link\u00f6ping<\/p>\n<hr \/>\n<p>Mer information:<br \/>\n&gt; <a href=\"http:\/\/wp.kristdemokraterna.se\/e\/\" target=\"_blank\" rel=\"noopener\">Kristdemokraterna \u00d6sterg\u00f6tland<\/a><br \/>\n&gt; <a href=\"http:\/\/www.kristdemokraterna.se\/\" target=\"_blank\" rel=\"noopener\">Kristdemokraterna<\/a><\/p>\n","protected":false},"excerpt":{"rendered":"<p>V\u00e5ra kandidater i riksdagsvalet Kristdemokraternas kandidater i riksdagsvalet 9 september 2018 Valkrets &#8211; \u00d6sterg\u00f6tlands l\u00e4n 1. Ebba Busch Thor, Partiledare, Uppsala 2. Magnus Oscarsson, Riksdagsledamot, \u00d6desh\u00f6g 3. Sara Skyttedal, Kommunalr\u00e5d, Link\u00f6ping 4. Anders Eksmo, Gymnasiel\u00e4rare, S\u00f6derk\u00f6ping 5. Eva-Britt Sj\u00f6berg, Kommunalr\u00e5d, Norrk\u00f6ping 6. Erik Forslund, Systemutvecklare, Motala 7. Lena K\u00e4cker Johansson, Distriktssk\u00f6terska, Rimforsa 8. Per Larsson, <a class=\"read-more-link\" href=\"https:\/\/wp.kristdemokraterna.se\/finspang\/valet\/riksdagskandidater-2018\/\">Read More<\/a><\/p>\n","protected":false},"author":686,"featured_media":0,"parent":345,"menu_order":3,"comment_status":"closed","ping_status":"closed","template":"","meta":{"_acf_changed":false,"footnotes":""},"class_list":["post-381","page","type-page","status-publish","hentry"],"acf":[],"yoast_head":"<!-- This site is optimized with the Yoast SEO plugin v27.3 - https:\/\/yoast.com\/product\/yoast-seo-wordpress\/ -->\n<title>Riksdagskandidater 2018 - Finsp\u00e5ng<\/title>\n<meta name=\"robots\" content=\"index, follow, max-snippet:-1, max-image-preview:large, max-video-preview:-1\" \/>\n<link rel=\"canonical\" href=\"https:\/\/wp.kristdemokraterna.se\/finspang\/valet\/riksdagskandidater-2018\/\" \/>\n<meta property=\"og:locale\" content=\"sv_SE\" \/>\n<meta property=\"og:type\" content=\"article\" \/>\n<meta property=\"og:title\" content=\"Riksdagskandidater 2018 - Finsp\u00e5ng\" \/>\n<meta property=\"og:description\" content=\"V\u00e5ra kandidater i riksdagsvalet Kristdemokraternas kandidater i riksdagsvalet 9 september 2018 Valkrets &#8211; \u00d6sterg\u00f6tlands l\u00e4n 1. Ebba Busch Thor, Partiledare, Uppsala 2. Magnus Oscarsson, Riksdagsledamot, \u00d6desh\u00f6g 3. Sara Skyttedal, Kommunalr\u00e5d, Link\u00f6ping 4. Anders Eksmo, Gymnasiel\u00e4rare, S\u00f6derk\u00f6ping 5. Eva-Britt Sj\u00f6berg, Kommunalr\u00e5d, Norrk\u00f6ping 6. Erik Forslund, Systemutvecklare, Motala 7. Lena K\u00e4cker Johansson, Distriktssk\u00f6terska, Rimforsa 8. Per Larsson, Read More\" \/>\n<meta property=\"og:url\" content=\"https:\/\/wp.kristdemokraterna.se\/finspang\/valet\/riksdagskandidater-2018\/\" \/>\n<meta property=\"og:site_name\" content=\"Finsp\u00e5ng\" \/>\n<meta property=\"article:modified_time\" content=\"2018-08-09T17:06:32+00:00\" \/>\n<meta name=\"twitter:card\" content=\"summary_large_image\" \/>\n<meta name=\"twitter:label1\" content=\"Ber\u00e4knad l\u00e4stid\" \/>\n\t<meta name=\"twitter:data1\" content=\"2 minuter\" \/>\n<script type=\"application\/ld+json\" class=\"yoast-schema-graph\">{\"@context\":\"https:\\\/\\\/schema.org\",\"@graph\":[{\"@type\":\"WebPage\",\"@id\":\"https:\\\/\\\/wp.kristdemokraterna.se\\\/finspang\\\/valet\\\/riksdagskandidater-2018\\\/\",\"url\":\"https:\\\/\\\/wp.kristdemokraterna.se\\\/finspang\\\/valet\\\/riksdagskandidater-2018\\\/\",\"name\":\"Riksdagskandidater 2018 - Finsp\u00e5ng\",\"isPartOf\":{\"@id\":\"https:\\\/\\\/wp.kristdemokraterna.se\\\/finspang\\\/#website\"},\"datePublished\":\"2018-08-09T17:05:46+00:00\",\"dateModified\":\"2018-08-09T17:06:32+00:00\",\"breadcrumb\":{\"@id\":\"https:\\\/\\\/wp.kristdemokraterna.se\\\/finspang\\\/valet\\\/riksdagskandidater-2018\\\/#breadcrumb\"},\"inLanguage\":\"sv-SE\",\"potentialAction\":[{\"@type\":\"ReadAction\",\"target\":[\"https:\\\/\\\/wp.kristdemokraterna.se\\\/finspang\\\/valet\\\/riksdagskandidater-2018\\\/\"]}]},{\"@type\":\"BreadcrumbList\",\"@id\":\"https:\\\/\\\/wp.kristdemokraterna.se\\\/finspang\\\/valet\\\/riksdagskandidater-2018\\\/#breadcrumb\",\"itemListElement\":[{\"@type\":\"ListItem\",\"position\":1,\"name\":\"Hem\",\"item\":\"https:\\\/\\\/wp.kristdemokraterna.se\\\/finspang\\\/\"},{\"@type\":\"ListItem\",\"position\":2,\"name\":\"Valet 9 sept 2018\",\"item\":\"https:\\\/\\\/wp.kristdemokraterna.se\\\/finspang\\\/valet\\\/\"},{\"@type\":\"ListItem\",\"position\":3,\"name\":\"Riksdagskandidater 2018\"}]},{\"@type\":\"WebSite\",\"@id\":\"https:\\\/\\\/wp.kristdemokraterna.se\\\/finspang\\\/#website\",\"url\":\"https:\\\/\\\/wp.kristdemokraterna.se\\\/finspang\\\/\",\"name\":\"Finsp\u00e5ng\",\"description\":\"Kristdemokraterna\",\"inLanguage\":\"sv-SE\"}]}<\/script>\n<!-- \/ Yoast SEO plugin. -->","yoast_head_json":{"title":"Riksdagskandidater 2018 - Finsp\u00e5ng","robots":{"index":"index","follow":"follow","max-snippet":"max-snippet:-1","max-image-preview":"max-image-preview:large","max-video-preview":"max-video-preview:-1"},"canonical":"https:\/\/wp.kristdemokraterna.se\/finspang\/valet\/riksdagskandidater-2018\/","og_locale":"sv_SE","og_type":"article","og_title":"Riksdagskandidater 2018 - Finsp\u00e5ng","og_description":"V\u00e5ra kandidater i riksdagsvalet Kristdemokraternas kandidater i riksdagsvalet 9 september 2018 Valkrets &#8211; \u00d6sterg\u00f6tlands l\u00e4n 1. Ebba Busch Thor, Partiledare, Uppsala 2. Magnus Oscarsson, Riksdagsledamot, \u00d6desh\u00f6g 3. Sara Skyttedal, Kommunalr\u00e5d, Link\u00f6ping 4. Anders Eksmo, Gymnasiel\u00e4rare, S\u00f6derk\u00f6ping 5. Eva-Britt Sj\u00f6berg, Kommunalr\u00e5d, Norrk\u00f6ping 6. Erik Forslund, Systemutvecklare, Motala 7. Lena K\u00e4cker Johansson, Distriktssk\u00f6terska, Rimforsa 8. Per Larsson, Read More","og_url":"https:\/\/wp.kristdemokraterna.se\/finspang\/valet\/riksdagskandidater-2018\/","og_site_name":"Finsp\u00e5ng","article_modified_time":"2018-08-09T17:06:32+00:00","twitter_card":"summary_large_image","twitter_misc":{"Ber\u00e4knad l\u00e4stid":"2 minuter"},"schema":{"@context":"https:\/\/schema.org","@graph":[{"@type":"WebPage","@id":"https:\/\/wp.kristdemokraterna.se\/finspang\/valet\/riksdagskandidater-2018\/","url":"https:\/\/wp.kristdemokraterna.se\/finspang\/valet\/riksdagskandidater-2018\/","name":"Riksdagskandidater 2018 - Finsp\u00e5ng","isPartOf":{"@id":"https:\/\/wp.kristdemokraterna.se\/finspang\/#website"},"datePublished":"2018-08-09T17:05:46+00:00","dateModified":"2018-08-09T17:06:32+00:00","breadcrumb":{"@id":"https:\/\/wp.kristdemokraterna.se\/finspang\/valet\/riksdagskandidater-2018\/#breadcrumb"},"inLanguage":"sv-SE","potentialAction":[{"@type":"ReadAction","target":["https:\/\/wp.kristdemokraterna.se\/finspang\/valet\/riksdagskandidater-2018\/"]}]},{"@type":"BreadcrumbList","@id":"https:\/\/wp.kristdemokraterna.se\/finspang\/valet\/riksdagskandidater-2018\/#breadcrumb","itemListElement":[{"@type":"ListItem","position":1,"name":"Hem","item":"https:\/\/wp.kristdemokraterna.se\/finspang\/"},{"@type":"ListItem","position":2,"name":"Valet 9 sept 2018","item":"https:\/\/wp.kristdemokraterna.se\/finspang\/valet\/"},{"@type":"ListItem","position":3,"name":"Riksdagskandidater 2018"}]},{"@type":"WebSite","@id":"https:\/\/wp.kristdemokraterna.se\/finspang\/#website","url":"https:\/\/wp.kristdemokraterna.se\/finspang\/","name":"Finsp\u00e5ng","description":"Kristdemokraterna","inLanguage":"sv-SE"}]}},"_links":{"self":[{"href":"https:\/\/wp.kristdemokraterna.se\/finspang\/wp-json\/wp\/v2\/pages\/381","targetHints":{"allow":["GET"]}}],"collection":[{"href":"https:\/\/wp.kristdemokraterna.se\/finspang\/wp-json\/wp\/v2\/pages"}],"about":[{"href":"https:\/\/wp.kristdemokraterna.se\/finspang\/wp-json\/wp\/v2\/types\/page"}],"author":[{"embeddable":true,"href":"https:\/\/wp.kristdemokraterna.se\/finspang\/wp-json\/wp\/v2\/users\/686"}],"replies":[{"embeddable":true,"href":"https:\/\/wp.kristdemokraterna.se\/finspang\/wp-json\/wp\/v2\/comments?post=381"}],"version-history":[{"count":2,"href":"https:\/\/wp.kristdemokraterna.se\/finspang\/wp-json\/wp\/v2\/pages\/381\/revisions"}],"predecessor-version":[{"id":383,"href":"https:\/\/wp.kristdemokraterna.se\/finspang\/wp-json\/wp\/v2\/pages\/381\/revisions\/383"}],"up":[{"embeddable":true,"href":"https:\/\/wp.kristdemokraterna.se\/finspang\/wp-json\/wp\/v2\/pages\/345"}],"wp:attachment":[{"href":"https:\/\/wp.kristdemokraterna.se\/finspang\/wp-json\/wp\/v2\/media?parent=381"}],"curies":[{"name":"wp","href":"https:\/\/api.w.org\/{rel}","templated":true}]}}