{"id":363,"date":"2017-12-04T16:11:27","date_gmt":"2017-12-04T15:11:27","guid":{"rendered":"http:\/\/wp.kristdemokraterna.se\/gavle\/?page_id=363"},"modified":"2021-08-31T11:15:27","modified_gmt":"2021-08-31T09:15:27","slug":"kontakta-oss-2","status":"publish","type":"page","link":"https:\/\/wp.kristdemokraterna.se\/gavle\/textsida-med-vanster-sidebar\/kontakta-oss-2\/","title":{"rendered":"Kontakta oss"},"content":{"rendered":"<p><strong>Adress<\/strong><br \/>\nKristdemokraterna i G\u00e4vle<br \/>\nSkolg\u00e5ngen 17<br \/>\n802 57 G\u00e4vle<\/p>\n<p><strong>Telefon:<\/strong><br \/>\n0761-25 98 08<\/p>\n<p><strong>E-post:<\/strong><br \/>\n<a href=\"mailto:gavle@kristdemokraterna.se\">gavle@kristdemokraterna.se<\/a><\/p>\n<p><strong>Facebook:<\/strong><br \/>\n<a href=\"https:\/\/sv-se.facebook.com\/KDGavle\/\">Kristdemokraterna i G\u00e4vle<\/a><\/p>\n","protected":false},"excerpt":{"rendered":"<p>Adress Kristdemokraterna i G\u00e4vle Skolg\u00e5ngen 17 802 57 G\u00e4vle Telefon: 0761-25 98 08 E-post: gavle@kristdemokraterna.se Facebook: Kristdemokraterna i G\u00e4vle<\/p>\n","protected":false},"author":538,"featured_media":0,"parent":269,"menu_order":0,"comment_status":"closed","ping_status":"closed","template":"page-full.php","meta":{"_acf_changed":false,"footnotes":""},"class_list":["post-363","page","type-page","status-publish","hentry"],"acf":[],"yoast_head":"<!-- This site is optimized with the Yoast SEO plugin v27.3 - https:\/\/yoast.com\/product\/yoast-seo-wordpress\/ -->\n<title>Kontakta oss - Kristdemokraterna i G\u00e4vle<\/title>\n<meta name=\"robots\" content=\"index, follow, max-snippet:-1, max-image-preview:large, max-video-preview:-1\" \/>\n<link rel=\"canonical\" href=\"https:\/\/wp.kristdemokraterna.se\/gavle\/textsida-med-vanster-sidebar\/kontakta-oss-2\/\" \/>\n<meta property=\"og:locale\" content=\"sv_SE\" \/>\n<meta property=\"og:type\" content=\"article\" \/>\n<meta property=\"og:title\" content=\"Kontakta oss - Kristdemokraterna i G\u00e4vle\" \/>\n<meta property=\"og:description\" content=\"Adress Kristdemokraterna i G\u00e4vle Skolg\u00e5ngen 17 802 57 G\u00e4vle Telefon: 0761-25 98 08 E-post: gavle@kristdemokraterna.se Facebook: Kristdemokraterna i G\u00e4vle\" \/>\n<meta property=\"og:url\" content=\"https:\/\/wp.kristdemokraterna.se\/gavle\/textsida-med-vanster-sidebar\/kontakta-oss-2\/\" \/>\n<meta property=\"og:site_name\" content=\"Kristdemokraterna i G\u00e4vle\" \/>\n<meta property=\"article:modified_time\" content=\"2021-08-31T09:15:27+00:00\" \/>\n<meta name=\"twitter:card\" content=\"summary_large_image\" \/>\n<script type=\"application\/ld+json\" class=\"yoast-schema-graph\">{\"@context\":\"https:\\\/\\\/schema.org\",\"@graph\":[{\"@type\":\"WebPage\",\"@id\":\"https:\\\/\\\/wp.kristdemokraterna.se\\\/gavle\\\/textsida-med-vanster-sidebar\\\/kontakta-oss-2\\\/\",\"url\":\"https:\\\/\\\/wp.kristdemokraterna.se\\\/gavle\\\/textsida-med-vanster-sidebar\\\/kontakta-oss-2\\\/\",\"name\":\"Kontakta oss - Kristdemokraterna i G\u00e4vle\",\"isPartOf\":{\"@id\":\"https:\\\/\\\/wp.kristdemokraterna.se\\\/gavle\\\/#website\"},\"datePublished\":\"2017-12-04T15:11:27+00:00\",\"dateModified\":\"2021-08-31T09:15:27+00:00\",\"breadcrumb\":{\"@id\":\"https:\\\/\\\/wp.kristdemokraterna.se\\\/gavle\\\/textsida-med-vanster-sidebar\\\/kontakta-oss-2\\\/#breadcrumb\"},\"inLanguage\":\"sv-SE\",\"potentialAction\":[{\"@type\":\"ReadAction\",\"target\":[\"https:\\\/\\\/wp.kristdemokraterna.se\\\/gavle\\\/textsida-med-vanster-sidebar\\\/kontakta-oss-2\\\/\"]}]},{\"@type\":\"BreadcrumbList\",\"@id\":\"https:\\\/\\\/wp.kristdemokraterna.se\\\/gavle\\\/textsida-med-vanster-sidebar\\\/kontakta-oss-2\\\/#breadcrumb\",\"itemListElement\":[{\"@type\":\"ListItem\",\"position\":1,\"name\":\"Hem\",\"item\":\"https:\\\/\\\/wp.kristdemokraterna.se\\\/gavle\\\/\"},{\"@type\":\"ListItem\",\"position\":2,\"name\":\"V\u00e5r partiavdelning i G\u00e4vle\",\"item\":\"https:\\\/\\\/wp.kristdemokraterna.se\\\/gavle\\\/textsida-med-vanster-sidebar\\\/\"},{\"@type\":\"ListItem\",\"position\":3,\"name\":\"Kontakta oss\"}]},{\"@type\":\"WebSite\",\"@id\":\"https:\\\/\\\/wp.kristdemokraterna.se\\\/gavle\\\/#website\",\"url\":\"https:\\\/\\\/wp.kristdemokraterna.se\\\/gavle\\\/\",\"name\":\"Kristdemokraterna i G\u00e4vle\",\"description\":\"En till Kristdemokraterna webbplats\",\"inLanguage\":\"sv-SE\"}]}<\/script>\n<!-- \/ Yoast SEO plugin. -->","yoast_head_json":{"title":"Kontakta oss - Kristdemokraterna i G\u00e4vle","robots":{"index":"index","follow":"follow","max-snippet":"max-snippet:-1","max-image-preview":"max-image-preview:large","max-video-preview":"max-video-preview:-1"},"canonical":"https:\/\/wp.kristdemokraterna.se\/gavle\/textsida-med-vanster-sidebar\/kontakta-oss-2\/","og_locale":"sv_SE","og_type":"article","og_title":"Kontakta oss - Kristdemokraterna i G\u00e4vle","og_description":"Adress Kristdemokraterna i G\u00e4vle Skolg\u00e5ngen 17 802 57 G\u00e4vle Telefon: 0761-25 98 08 E-post: gavle@kristdemokraterna.se Facebook: Kristdemokraterna i G\u00e4vle","og_url":"https:\/\/wp.kristdemokraterna.se\/gavle\/textsida-med-vanster-sidebar\/kontakta-oss-2\/","og_site_name":"Kristdemokraterna i G\u00e4vle","article_modified_time":"2021-08-31T09:15:27+00:00","twitter_card":"summary_large_image","schema":{"@context":"https:\/\/schema.org","@graph":[{"@type":"WebPage","@id":"https:\/\/wp.kristdemokraterna.se\/gavle\/textsida-med-vanster-sidebar\/kontakta-oss-2\/","url":"https:\/\/wp.kristdemokraterna.se\/gavle\/textsida-med-vanster-sidebar\/kontakta-oss-2\/","name":"Kontakta oss - Kristdemokraterna i G\u00e4vle","isPartOf":{"@id":"https:\/\/wp.kristdemokraterna.se\/gavle\/#website"},"datePublished":"2017-12-04T15:11:27+00:00","dateModified":"2021-08-31T09:15:27+00:00","breadcrumb":{"@id":"https:\/\/wp.kristdemokraterna.se\/gavle\/textsida-med-vanster-sidebar\/kontakta-oss-2\/#breadcrumb"},"inLanguage":"sv-SE","potentialAction":[{"@type":"ReadAction","target":["https:\/\/wp.kristdemokraterna.se\/gavle\/textsida-med-vanster-sidebar\/kontakta-oss-2\/"]}]},{"@type":"BreadcrumbList","@id":"https:\/\/wp.kristdemokraterna.se\/gavle\/textsida-med-vanster-sidebar\/kontakta-oss-2\/#breadcrumb","itemListElement":[{"@type":"ListItem","position":1,"name":"Hem","item":"https:\/\/wp.kristdemokraterna.se\/gavle\/"},{"@type":"ListItem","position":2,"name":"V\u00e5r partiavdelning i G\u00e4vle","item":"https:\/\/wp.kristdemokraterna.se\/gavle\/textsida-med-vanster-sidebar\/"},{"@type":"ListItem","position":3,"name":"Kontakta oss"}]},{"@type":"WebSite","@id":"https:\/\/wp.kristdemokraterna.se\/gavle\/#website","url":"https:\/\/wp.kristdemokraterna.se\/gavle\/","name":"Kristdemokraterna i G\u00e4vle","description":"En till Kristdemokraterna webbplats","inLanguage":"sv-SE"}]}},"_links":{"self":[{"href":"https:\/\/wp.kristdemokraterna.se\/gavle\/wp-json\/wp\/v2\/pages\/363","targetHints":{"allow":["GET"]}}],"collection":[{"href":"https:\/\/wp.kristdemokraterna.se\/gavle\/wp-json\/wp\/v2\/pages"}],"about":[{"href":"https:\/\/wp.kristdemokraterna.se\/gavle\/wp-json\/wp\/v2\/types\/page"}],"author":[{"embeddable":true,"href":"https:\/\/wp.kristdemokraterna.se\/gavle\/wp-json\/wp\/v2\/users\/538"}],"replies":[{"embeddable":true,"href":"https:\/\/wp.kristdemokraterna.se\/gavle\/wp-json\/wp\/v2\/comments?post=363"}],"version-history":[{"count":4,"href":"https:\/\/wp.kristdemokraterna.se\/gavle\/wp-json\/wp\/v2\/pages\/363\/revisions"}],"predecessor-version":[{"id":611,"href":"https:\/\/wp.kristdemokraterna.se\/gavle\/wp-json\/wp\/v2\/pages\/363\/revisions\/611"}],"up":[{"embeddable":true,"href":"https:\/\/wp.kristdemokraterna.se\/gavle\/wp-json\/wp\/v2\/pages\/269"}],"wp:attachment":[{"href":"https:\/\/wp.kristdemokraterna.se\/gavle\/wp-json\/wp\/v2\/media?parent=363"}],"curies":[{"name":"wp","href":"https:\/\/api.w.org\/{rel}","templated":true}]}}