{"id":269,"date":"2017-11-29T16:48:28","date_gmt":"2017-11-29T15:48:28","guid":{"rendered":"http:\/\/wp.kristdemokraterna.se\/gavleborg\/?page_id=269"},"modified":"2025-06-05T16:14:45","modified_gmt":"2025-06-05T14:14:45","slug":"textsida-med-vanster-sidebar","status":"publish","type":"page","link":"https:\/\/wp.kristdemokraterna.se\/gavleborg\/textsida-med-vanster-sidebar\/","title":{"rendered":"V\u00e5rt partidistrikt &#8211; G\u00e4vleborg"},"content":{"rendered":"<p><strong>Partidistriktets ledning<\/strong><\/p>\n<p><a href=\"http:\/\/wp.kristdemokraterna.se\/gavleborg\/files\/2021\/11\/lili-andre.jpeg\"><img loading=\"lazy\" decoding=\"async\" class=\" wp-image-612\" src=\"http:\/\/wp.kristdemokraterna.se\/gavleborg\/files\/2021\/11\/lili-andre-251x300.jpeg\" alt=\"\" width=\"240\" height=\"287\" srcset=\"https:\/\/wp.kristdemokraterna.se\/gavleborg\/files\/2021\/11\/lili-andre-251x300.jpeg 251w, https:\/\/wp.kristdemokraterna.se\/gavleborg\/files\/2021\/11\/lili-andre-167x200.jpeg 167w, https:\/\/wp.kristdemokraterna.se\/gavleborg\/files\/2021\/11\/lili-andre-280x335.jpeg 280w, https:\/\/wp.kristdemokraterna.se\/gavleborg\/files\/2021\/11\/lili-andre-47x56.jpeg 47w, https:\/\/wp.kristdemokraterna.se\/gavleborg\/files\/2021\/11\/lili-andre.jpeg 340w\" sizes=\"auto, (max-width: 240px) 100vw, 240px\" \/><\/a><\/p>\n<p>Ordf\u00f6rande Lili Andre<\/p>\n<p>&nbsp;<\/p>\n<p><img loading=\"lazy\" decoding=\"async\" class=\"wp-image-1327 alignnone\" src=\"http:\/\/wp.kristdemokraterna.se\/gavleborg\/files\/2025\/06\/marcus-lof-hallstrom-utan-svart-rand-300x292.png\" alt=\"\" width=\"234\" height=\"228\" srcset=\"https:\/\/wp.kristdemokraterna.se\/gavleborg\/files\/2025\/06\/marcus-lof-hallstrom-utan-svart-rand-300x292.png 300w, https:\/\/wp.kristdemokraterna.se\/gavleborg\/files\/2025\/06\/marcus-lof-hallstrom-utan-svart-rand-205x200.png 205w, https:\/\/wp.kristdemokraterna.se\/gavleborg\/files\/2025\/06\/marcus-lof-hallstrom-utan-svart-rand-370x360.png 370w, https:\/\/wp.kristdemokraterna.se\/gavleborg\/files\/2025\/06\/marcus-lof-hallstrom-utan-svart-rand-280x273.png 280w, https:\/\/wp.kristdemokraterna.se\/gavleborg\/files\/2025\/06\/marcus-lof-hallstrom-utan-svart-rand-340x331.png 340w, https:\/\/wp.kristdemokraterna.se\/gavleborg\/files\/2025\/06\/marcus-lof-hallstrom-utan-svart-rand-200x195.png 200w, https:\/\/wp.kristdemokraterna.se\/gavleborg\/files\/2025\/06\/marcus-lof-hallstrom-utan-svart-rand-58x56.png 58w, https:\/\/wp.kristdemokraterna.se\/gavleborg\/files\/2025\/06\/marcus-lof-hallstrom-utan-svart-rand.png 414w\" sizes=\"auto, (max-width: 234px) 100vw, 234px\" \/><\/p>\n<p>Vice ordf\u00f6rande Marcus L\u00f6f H\u00e4llstr\u00f6m<\/p>\n<p>&nbsp;<\/p>\n<p>&nbsp;<\/p>\n<p>&nbsp;<\/p>\n<p>&nbsp;<\/p>\n<p>&nbsp;<\/p>\n<p>Andre vice ordf\u00f6rande Andreas Kissner<\/p>\n<p>&nbsp;<\/p>\n<p><a href=\"http:\/\/wp.kristdemokraterna.se\/gavleborg\/files\/2021\/11\/annika.jpeg\"><img loading=\"lazy\" decoding=\"async\" class=\"alignnone wp-image-610\" src=\"http:\/\/wp.kristdemokraterna.se\/gavleborg\/files\/2021\/11\/annika-300x300.jpeg\" alt=\"\" width=\"218\" height=\"218\" srcset=\"https:\/\/wp.kristdemokraterna.se\/gavleborg\/files\/2021\/11\/annika-300x300.jpeg 300w, https:\/\/wp.kristdemokraterna.se\/gavleborg\/files\/2021\/11\/annika-150x150.jpeg 150w, https:\/\/wp.kristdemokraterna.se\/gavleborg\/files\/2021\/11\/annika-200x200.jpeg 200w, https:\/\/wp.kristdemokraterna.se\/gavleborg\/files\/2021\/11\/annika-370x370.jpeg 370w, https:\/\/wp.kristdemokraterna.se\/gavleborg\/files\/2021\/11\/annika-90x90.jpeg 90w, https:\/\/wp.kristdemokraterna.se\/gavleborg\/files\/2021\/11\/annika-450x450.jpeg 450w, https:\/\/wp.kristdemokraterna.se\/gavleborg\/files\/2021\/11\/annika-280x280.jpeg 280w, https:\/\/wp.kristdemokraterna.se\/gavleborg\/files\/2021\/11\/annika-340x340.jpeg 340w, https:\/\/wp.kristdemokraterna.se\/gavleborg\/files\/2021\/11\/annika-56x56.jpeg 56w, https:\/\/wp.kristdemokraterna.se\/gavleborg\/files\/2021\/11\/annika.jpeg 750w\" sizes=\"auto, (max-width: 218px) 100vw, 218px\" \/><\/a><\/p>\n<p>Ombudsman Annika Sj\u00f6gren<\/p>\n<p>&nbsp;<\/p>\n","protected":false},"excerpt":{"rendered":"<p>Partidistriktets ledning Ordf\u00f6rande Lili Andre &nbsp; Vice ordf\u00f6rande Marcus L\u00f6f H\u00e4llstr\u00f6m &nbsp; &nbsp; &nbsp; &nbsp; &nbsp; Andre vice ordf\u00f6rande Andreas Kissner &nbsp; Ombudsman Annika Sj\u00f6gren &nbsp;<\/p>\n","protected":false},"author":537,"featured_media":0,"parent":0,"menu_order":0,"comment_status":"closed","ping_status":"closed","template":"page.php","meta":{"_acf_changed":false,"footnotes":""},"class_list":["post-269","page","type-page","status-publish","hentry"],"acf":[],"yoast_head":"<!-- This site is optimized with the Yoast SEO plugin v27.4 - https:\/\/yoast.com\/product\/yoast-seo-wordpress\/ -->\n<title>V\u00e5rt partidistrikt - G\u00e4vleborg - Kristdemokraterna G\u00e4vleborg<\/title>\n<meta name=\"robots\" content=\"index, follow, max-snippet:-1, max-image-preview:large, max-video-preview:-1\" \/>\n<link rel=\"canonical\" href=\"https:\/\/wp.kristdemokraterna.se\/gavleborg\/textsida-med-vanster-sidebar\/\" \/>\n<meta property=\"og:locale\" content=\"sv_SE\" \/>\n<meta property=\"og:type\" content=\"article\" \/>\n<meta property=\"og:title\" content=\"V\u00e5rt partidistrikt - G\u00e4vleborg - Kristdemokraterna G\u00e4vleborg\" \/>\n<meta property=\"og:description\" content=\"Partidistriktets ledning Ordf\u00f6rande Lili Andre &nbsp; Vice ordf\u00f6rande Marcus L\u00f6f H\u00e4llstr\u00f6m &nbsp; &nbsp; &nbsp; &nbsp; &nbsp; Andre vice ordf\u00f6rande Andreas Kissner &nbsp; Ombudsman Annika Sj\u00f6gren &nbsp;\" \/>\n<meta property=\"og:url\" content=\"https:\/\/wp.kristdemokraterna.se\/gavleborg\/textsida-med-vanster-sidebar\/\" \/>\n<meta property=\"og:site_name\" content=\"Kristdemokraterna G\u00e4vleborg\" \/>\n<meta property=\"article:modified_time\" content=\"2025-06-05T14:14:45+00:00\" \/>\n<meta property=\"og:image\" content=\"https:\/\/wp.kristdemokraterna.se\/gavleborg\/files\/2021\/11\/lili-andre.jpeg\" \/>\n\t<meta property=\"og:image:width\" content=\"340\" \/>\n\t<meta property=\"og:image:height\" content=\"407\" \/>\n\t<meta property=\"og:image:type\" content=\"image\/jpeg\" \/>\n<meta name=\"twitter:card\" content=\"summary_large_image\" \/>\n<meta name=\"twitter:label1\" content=\"Ber\u00e4knad l\u00e4stid\" \/>\n\t<meta name=\"twitter:data1\" content=\"1 minut\" \/>\n<script type=\"application\/ld+json\" class=\"yoast-schema-graph\">{\"@context\":\"https:\\\/\\\/schema.org\",\"@graph\":[{\"@type\":\"WebPage\",\"@id\":\"https:\\\/\\\/wp.kristdemokraterna.se\\\/gavleborg\\\/textsida-med-vanster-sidebar\\\/\",\"url\":\"https:\\\/\\\/wp.kristdemokraterna.se\\\/gavleborg\\\/textsida-med-vanster-sidebar\\\/\",\"name\":\"V\u00e5rt partidistrikt - G\u00e4vleborg - Kristdemokraterna G\u00e4vleborg\",\"isPartOf\":{\"@id\":\"https:\\\/\\\/wp.kristdemokraterna.se\\\/gavleborg\\\/#website\"},\"primaryImageOfPage\":{\"@id\":\"https:\\\/\\\/wp.kristdemokraterna.se\\\/gavleborg\\\/textsida-med-vanster-sidebar\\\/#primaryimage\"},\"image\":{\"@id\":\"https:\\\/\\\/wp.kristdemokraterna.se\\\/gavleborg\\\/textsida-med-vanster-sidebar\\\/#primaryimage\"},\"thumbnailUrl\":\"http:\\\/\\\/wp.kristdemokraterna.se\\\/gavleborg\\\/files\\\/2021\\\/11\\\/lili-andre-251x300.jpeg\",\"datePublished\":\"2017-11-29T15:48:28+00:00\",\"dateModified\":\"2025-06-05T14:14:45+00:00\",\"breadcrumb\":{\"@id\":\"https:\\\/\\\/wp.kristdemokraterna.se\\\/gavleborg\\\/textsida-med-vanster-sidebar\\\/#breadcrumb\"},\"inLanguage\":\"sv-SE\",\"potentialAction\":[{\"@type\":\"ReadAction\",\"target\":[\"https:\\\/\\\/wp.kristdemokraterna.se\\\/gavleborg\\\/textsida-med-vanster-sidebar\\\/\"]}]},{\"@type\":\"ImageObject\",\"inLanguage\":\"sv-SE\",\"@id\":\"https:\\\/\\\/wp.kristdemokraterna.se\\\/gavleborg\\\/textsida-med-vanster-sidebar\\\/#primaryimage\",\"url\":\"http:\\\/\\\/wp.kristdemokraterna.se\\\/gavleborg\\\/files\\\/2021\\\/11\\\/lili-andre-251x300.jpeg\",\"contentUrl\":\"http:\\\/\\\/wp.kristdemokraterna.se\\\/gavleborg\\\/files\\\/2021\\\/11\\\/lili-andre-251x300.jpeg\"},{\"@type\":\"BreadcrumbList\",\"@id\":\"https:\\\/\\\/wp.kristdemokraterna.se\\\/gavleborg\\\/textsida-med-vanster-sidebar\\\/#breadcrumb\",\"itemListElement\":[{\"@type\":\"ListItem\",\"position\":1,\"name\":\"Hem\",\"item\":\"https:\\\/\\\/wp.kristdemokraterna.se\\\/gavleborg\\\/\"},{\"@type\":\"ListItem\",\"position\":2,\"name\":\"V\u00e5rt partidistrikt &#8211; G\u00e4vleborg\"}]},{\"@type\":\"WebSite\",\"@id\":\"https:\\\/\\\/wp.kristdemokraterna.se\\\/gavleborg\\\/#website\",\"url\":\"https:\\\/\\\/wp.kristdemokraterna.se\\\/gavleborg\\\/\",\"name\":\"Kristdemokraterna G\u00e4vleborg\",\"description\":\"Ett tryggare G\u00e4vleborg\",\"inLanguage\":\"sv-SE\"}]}<\/script>\n<!-- \/ Yoast SEO plugin. -->","yoast_head_json":{"title":"V\u00e5rt partidistrikt - G\u00e4vleborg - Kristdemokraterna G\u00e4vleborg","robots":{"index":"index","follow":"follow","max-snippet":"max-snippet:-1","max-image-preview":"max-image-preview:large","max-video-preview":"max-video-preview:-1"},"canonical":"https:\/\/wp.kristdemokraterna.se\/gavleborg\/textsida-med-vanster-sidebar\/","og_locale":"sv_SE","og_type":"article","og_title":"V\u00e5rt partidistrikt - G\u00e4vleborg - Kristdemokraterna G\u00e4vleborg","og_description":"Partidistriktets ledning Ordf\u00f6rande Lili Andre &nbsp; Vice ordf\u00f6rande Marcus L\u00f6f H\u00e4llstr\u00f6m &nbsp; &nbsp; &nbsp; &nbsp; &nbsp; Andre vice ordf\u00f6rande Andreas Kissner &nbsp; Ombudsman Annika Sj\u00f6gren &nbsp;","og_url":"https:\/\/wp.kristdemokraterna.se\/gavleborg\/textsida-med-vanster-sidebar\/","og_site_name":"Kristdemokraterna G\u00e4vleborg","article_modified_time":"2025-06-05T14:14:45+00:00","og_image":[{"width":340,"height":407,"url":"https:\/\/wp.kristdemokraterna.se\/gavleborg\/files\/2021\/11\/lili-andre.jpeg","type":"image\/jpeg"}],"twitter_card":"summary_large_image","twitter_misc":{"Ber\u00e4knad l\u00e4stid":"1 minut"},"schema":{"@context":"https:\/\/schema.org","@graph":[{"@type":"WebPage","@id":"https:\/\/wp.kristdemokraterna.se\/gavleborg\/textsida-med-vanster-sidebar\/","url":"https:\/\/wp.kristdemokraterna.se\/gavleborg\/textsida-med-vanster-sidebar\/","name":"V\u00e5rt partidistrikt - G\u00e4vleborg - Kristdemokraterna G\u00e4vleborg","isPartOf":{"@id":"https:\/\/wp.kristdemokraterna.se\/gavleborg\/#website"},"primaryImageOfPage":{"@id":"https:\/\/wp.kristdemokraterna.se\/gavleborg\/textsida-med-vanster-sidebar\/#primaryimage"},"image":{"@id":"https:\/\/wp.kristdemokraterna.se\/gavleborg\/textsida-med-vanster-sidebar\/#primaryimage"},"thumbnailUrl":"http:\/\/wp.kristdemokraterna.se\/gavleborg\/files\/2021\/11\/lili-andre-251x300.jpeg","datePublished":"2017-11-29T15:48:28+00:00","dateModified":"2025-06-05T14:14:45+00:00","breadcrumb":{"@id":"https:\/\/wp.kristdemokraterna.se\/gavleborg\/textsida-med-vanster-sidebar\/#breadcrumb"},"inLanguage":"sv-SE","potentialAction":[{"@type":"ReadAction","target":["https:\/\/wp.kristdemokraterna.se\/gavleborg\/textsida-med-vanster-sidebar\/"]}]},{"@type":"ImageObject","inLanguage":"sv-SE","@id":"https:\/\/wp.kristdemokraterna.se\/gavleborg\/textsida-med-vanster-sidebar\/#primaryimage","url":"http:\/\/wp.kristdemokraterna.se\/gavleborg\/files\/2021\/11\/lili-andre-251x300.jpeg","contentUrl":"http:\/\/wp.kristdemokraterna.se\/gavleborg\/files\/2021\/11\/lili-andre-251x300.jpeg"},{"@type":"BreadcrumbList","@id":"https:\/\/wp.kristdemokraterna.se\/gavleborg\/textsida-med-vanster-sidebar\/#breadcrumb","itemListElement":[{"@type":"ListItem","position":1,"name":"Hem","item":"https:\/\/wp.kristdemokraterna.se\/gavleborg\/"},{"@type":"ListItem","position":2,"name":"V\u00e5rt partidistrikt &#8211; G\u00e4vleborg"}]},{"@type":"WebSite","@id":"https:\/\/wp.kristdemokraterna.se\/gavleborg\/#website","url":"https:\/\/wp.kristdemokraterna.se\/gavleborg\/","name":"Kristdemokraterna G\u00e4vleborg","description":"Ett tryggare G\u00e4vleborg","inLanguage":"sv-SE"}]}},"_links":{"self":[{"href":"https:\/\/wp.kristdemokraterna.se\/gavleborg\/wp-json\/wp\/v2\/pages\/269","targetHints":{"allow":["GET"]}}],"collection":[{"href":"https:\/\/wp.kristdemokraterna.se\/gavleborg\/wp-json\/wp\/v2\/pages"}],"about":[{"href":"https:\/\/wp.kristdemokraterna.se\/gavleborg\/wp-json\/wp\/v2\/types\/page"}],"author":[{"embeddable":true,"href":"https:\/\/wp.kristdemokraterna.se\/gavleborg\/wp-json\/wp\/v2\/users\/537"}],"replies":[{"embeddable":true,"href":"https:\/\/wp.kristdemokraterna.se\/gavleborg\/wp-json\/wp\/v2\/comments?post=269"}],"version-history":[{"count":20,"href":"https:\/\/wp.kristdemokraterna.se\/gavleborg\/wp-json\/wp\/v2\/pages\/269\/revisions"}],"predecessor-version":[{"id":1329,"href":"https:\/\/wp.kristdemokraterna.se\/gavleborg\/wp-json\/wp\/v2\/pages\/269\/revisions\/1329"}],"wp:attachment":[{"href":"https:\/\/wp.kristdemokraterna.se\/gavleborg\/wp-json\/wp\/v2\/media?parent=269"}],"curies":[{"name":"wp","href":"https:\/\/api.w.org\/{rel}","templated":true}]}}