{"id":361,"date":"2017-12-04T16:09:00","date_gmt":"2017-12-04T15:09:00","guid":{"rendered":"http:\/\/wp.kristdemokraterna.se\/gavleborg\/?page_id=361"},"modified":"2024-09-27T12:19:47","modified_gmt":"2024-09-27T10:19:47","slug":"arsmote","status":"publish","type":"page","link":"https:\/\/wp.kristdemokraterna.se\/gavleborg\/textsida-med-vanster-sidebar\/arsmote\/","title":{"rendered":"Partidistrikts\u00e5rsm\u00f6te"},"content":{"rendered":"<h3>Extra Partidistrikts\u00e5rsm\u00f6te 23 november 2024<\/h3>\n<h4>Plats: CFL S\u00f6derhamn (S\u00f6dra J\u00e4rnv\u00e4gsgatan 7)<\/h4>\n<h4>Starttid: kl. 09.30<\/h4>\n<h4>Anm\u00e4l dig till ombudsman, annika.sjogren@kristdemokraterna.se &#8211; g\u00e4rna samordnat per partiavdelning!<\/h4>\n<h4>Meddela \u00e4ven eventuell matallergi!<\/h4>\n<p><a href=\"http:\/\/wp.kristdemokraterna.se\/gavleborg\/files\/2022\/03\/kdlogga.jpg\"><img loading=\"lazy\" decoding=\"async\" class=\"alignnone size-full wp-image-834\" src=\"http:\/\/wp.kristdemokraterna.se\/gavleborg\/files\/2022\/03\/kdlogga.jpg\" alt=\"\" width=\"233\" height=\"216\" srcset=\"https:\/\/wp.kristdemokraterna.se\/gavleborg\/files\/2022\/03\/kdlogga.jpg 233w, https:\/\/wp.kristdemokraterna.se\/gavleborg\/files\/2022\/03\/kdlogga-216x200.jpg 216w, https:\/\/wp.kristdemokraterna.se\/gavleborg\/files\/2022\/03\/kdlogga-200x185.jpg 200w, https:\/\/wp.kristdemokraterna.se\/gavleborg\/files\/2022\/03\/kdlogga-60x56.jpg 60w\" sizes=\"auto, (max-width: 233px) 100vw, 233px\" \/><\/a><\/p>\n","protected":false},"excerpt":{"rendered":"<p>Extra Partidistrikts\u00e5rsm\u00f6te 23 november 2024 Plats: CFL S\u00f6derhamn (S\u00f6dra J\u00e4rnv\u00e4gsgatan 7) Starttid: kl. 09.30 Anm\u00e4l dig till ombudsman, annika.sjogren@kristdemokraterna.se &#8211; g\u00e4rna samordnat per partiavdelning! Meddela \u00e4ven eventuell matallergi!<\/p>\n","protected":false},"author":537,"featured_media":0,"parent":269,"menu_order":0,"comment_status":"closed","ping_status":"closed","template":"page.php","meta":{"_acf_changed":false,"footnotes":""},"class_list":["post-361","page","type-page","status-publish","hentry"],"acf":[],"yoast_head":"<!-- This site is optimized with the Yoast SEO plugin v27.3 - https:\/\/yoast.com\/product\/yoast-seo-wordpress\/ -->\n<title>Partidistrikts\u00e5rsm\u00f6te - Kristdemokraterna G\u00e4vleborg<\/title>\n<meta name=\"robots\" content=\"index, follow, max-snippet:-1, max-image-preview:large, max-video-preview:-1\" \/>\n<link rel=\"canonical\" href=\"https:\/\/wp.kristdemokraterna.se\/gavleborg\/textsida-med-vanster-sidebar\/arsmote\/\" \/>\n<meta property=\"og:locale\" content=\"sv_SE\" \/>\n<meta property=\"og:type\" content=\"article\" \/>\n<meta property=\"og:title\" content=\"Partidistrikts\u00e5rsm\u00f6te - Kristdemokraterna G\u00e4vleborg\" \/>\n<meta property=\"og:description\" content=\"Extra Partidistrikts\u00e5rsm\u00f6te 23 november 2024 Plats: CFL S\u00f6derhamn (S\u00f6dra J\u00e4rnv\u00e4gsgatan 7) Starttid: kl. 09.30 Anm\u00e4l dig till ombudsman, annika.sjogren@kristdemokraterna.se &#8211; g\u00e4rna samordnat per partiavdelning! Meddela \u00e4ven eventuell matallergi!\" \/>\n<meta property=\"og:url\" content=\"https:\/\/wp.kristdemokraterna.se\/gavleborg\/textsida-med-vanster-sidebar\/arsmote\/\" \/>\n<meta property=\"og:site_name\" content=\"Kristdemokraterna G\u00e4vleborg\" \/>\n<meta property=\"article:modified_time\" content=\"2024-09-27T10:19:47+00:00\" \/>\n<meta property=\"og:image\" content=\"http:\/\/wp.kristdemokraterna.se\/gavleborg\/files\/2022\/03\/kdlogga.jpg\" \/>\n<meta name=\"twitter:card\" content=\"summary_large_image\" \/>\n<meta name=\"twitter:label1\" content=\"Ber\u00e4knad l\u00e4stid\" \/>\n\t<meta name=\"twitter:data1\" content=\"1 minut\" \/>\n<script type=\"application\/ld+json\" class=\"yoast-schema-graph\">{\"@context\":\"https:\\\/\\\/schema.org\",\"@graph\":[{\"@type\":\"WebPage\",\"@id\":\"https:\\\/\\\/wp.kristdemokraterna.se\\\/gavleborg\\\/textsida-med-vanster-sidebar\\\/arsmote\\\/\",\"url\":\"https:\\\/\\\/wp.kristdemokraterna.se\\\/gavleborg\\\/textsida-med-vanster-sidebar\\\/arsmote\\\/\",\"name\":\"Partidistrikts\u00e5rsm\u00f6te - Kristdemokraterna G\u00e4vleborg\",\"isPartOf\":{\"@id\":\"https:\\\/\\\/wp.kristdemokraterna.se\\\/gavleborg\\\/#website\"},\"primaryImageOfPage\":{\"@id\":\"https:\\\/\\\/wp.kristdemokraterna.se\\\/gavleborg\\\/textsida-med-vanster-sidebar\\\/arsmote\\\/#primaryimage\"},\"image\":{\"@id\":\"https:\\\/\\\/wp.kristdemokraterna.se\\\/gavleborg\\\/textsida-med-vanster-sidebar\\\/arsmote\\\/#primaryimage\"},\"thumbnailUrl\":\"http:\\\/\\\/wp.kristdemokraterna.se\\\/gavleborg\\\/files\\\/2022\\\/03\\\/kdlogga.jpg\",\"datePublished\":\"2017-12-04T15:09:00+00:00\",\"dateModified\":\"2024-09-27T10:19:47+00:00\",\"breadcrumb\":{\"@id\":\"https:\\\/\\\/wp.kristdemokraterna.se\\\/gavleborg\\\/textsida-med-vanster-sidebar\\\/arsmote\\\/#breadcrumb\"},\"inLanguage\":\"sv-SE\",\"potentialAction\":[{\"@type\":\"ReadAction\",\"target\":[\"https:\\\/\\\/wp.kristdemokraterna.se\\\/gavleborg\\\/textsida-med-vanster-sidebar\\\/arsmote\\\/\"]}]},{\"@type\":\"ImageObject\",\"inLanguage\":\"sv-SE\",\"@id\":\"https:\\\/\\\/wp.kristdemokraterna.se\\\/gavleborg\\\/textsida-med-vanster-sidebar\\\/arsmote\\\/#primaryimage\",\"url\":\"http:\\\/\\\/wp.kristdemokraterna.se\\\/gavleborg\\\/files\\\/2022\\\/03\\\/kdlogga.jpg\",\"contentUrl\":\"http:\\\/\\\/wp.kristdemokraterna.se\\\/gavleborg\\\/files\\\/2022\\\/03\\\/kdlogga.jpg\"},{\"@type\":\"BreadcrumbList\",\"@id\":\"https:\\\/\\\/wp.kristdemokraterna.se\\\/gavleborg\\\/textsida-med-vanster-sidebar\\\/arsmote\\\/#breadcrumb\",\"itemListElement\":[{\"@type\":\"ListItem\",\"position\":1,\"name\":\"Hem\",\"item\":\"https:\\\/\\\/wp.kristdemokraterna.se\\\/gavleborg\\\/\"},{\"@type\":\"ListItem\",\"position\":2,\"name\":\"V\u00e5rt partidistrikt &#8211; G\u00e4vleborg\",\"item\":\"https:\\\/\\\/wp.kristdemokraterna.se\\\/gavleborg\\\/textsida-med-vanster-sidebar\\\/\"},{\"@type\":\"ListItem\",\"position\":3,\"name\":\"Partidistrikts\u00e5rsm\u00f6te\"}]},{\"@type\":\"WebSite\",\"@id\":\"https:\\\/\\\/wp.kristdemokraterna.se\\\/gavleborg\\\/#website\",\"url\":\"https:\\\/\\\/wp.kristdemokraterna.se\\\/gavleborg\\\/\",\"name\":\"Kristdemokraterna G\u00e4vleborg\",\"description\":\"Ett tryggare G\u00e4vleborg\",\"inLanguage\":\"sv-SE\"}]}<\/script>\n<!-- \/ Yoast SEO plugin. -->","yoast_head_json":{"title":"Partidistrikts\u00e5rsm\u00f6te - Kristdemokraterna G\u00e4vleborg","robots":{"index":"index","follow":"follow","max-snippet":"max-snippet:-1","max-image-preview":"max-image-preview:large","max-video-preview":"max-video-preview:-1"},"canonical":"https:\/\/wp.kristdemokraterna.se\/gavleborg\/textsida-med-vanster-sidebar\/arsmote\/","og_locale":"sv_SE","og_type":"article","og_title":"Partidistrikts\u00e5rsm\u00f6te - Kristdemokraterna G\u00e4vleborg","og_description":"Extra Partidistrikts\u00e5rsm\u00f6te 23 november 2024 Plats: CFL S\u00f6derhamn (S\u00f6dra J\u00e4rnv\u00e4gsgatan 7) Starttid: kl. 09.30 Anm\u00e4l dig till ombudsman, annika.sjogren@kristdemokraterna.se &#8211; g\u00e4rna samordnat per partiavdelning! Meddela \u00e4ven eventuell matallergi!","og_url":"https:\/\/wp.kristdemokraterna.se\/gavleborg\/textsida-med-vanster-sidebar\/arsmote\/","og_site_name":"Kristdemokraterna G\u00e4vleborg","article_modified_time":"2024-09-27T10:19:47+00:00","og_image":[{"url":"http:\/\/wp.kristdemokraterna.se\/gavleborg\/files\/2022\/03\/kdlogga.jpg","type":"","width":"","height":""}],"twitter_card":"summary_large_image","twitter_misc":{"Ber\u00e4knad l\u00e4stid":"1 minut"},"schema":{"@context":"https:\/\/schema.org","@graph":[{"@type":"WebPage","@id":"https:\/\/wp.kristdemokraterna.se\/gavleborg\/textsida-med-vanster-sidebar\/arsmote\/","url":"https:\/\/wp.kristdemokraterna.se\/gavleborg\/textsida-med-vanster-sidebar\/arsmote\/","name":"Partidistrikts\u00e5rsm\u00f6te - Kristdemokraterna G\u00e4vleborg","isPartOf":{"@id":"https:\/\/wp.kristdemokraterna.se\/gavleborg\/#website"},"primaryImageOfPage":{"@id":"https:\/\/wp.kristdemokraterna.se\/gavleborg\/textsida-med-vanster-sidebar\/arsmote\/#primaryimage"},"image":{"@id":"https:\/\/wp.kristdemokraterna.se\/gavleborg\/textsida-med-vanster-sidebar\/arsmote\/#primaryimage"},"thumbnailUrl":"http:\/\/wp.kristdemokraterna.se\/gavleborg\/files\/2022\/03\/kdlogga.jpg","datePublished":"2017-12-04T15:09:00+00:00","dateModified":"2024-09-27T10:19:47+00:00","breadcrumb":{"@id":"https:\/\/wp.kristdemokraterna.se\/gavleborg\/textsida-med-vanster-sidebar\/arsmote\/#breadcrumb"},"inLanguage":"sv-SE","potentialAction":[{"@type":"ReadAction","target":["https:\/\/wp.kristdemokraterna.se\/gavleborg\/textsida-med-vanster-sidebar\/arsmote\/"]}]},{"@type":"ImageObject","inLanguage":"sv-SE","@id":"https:\/\/wp.kristdemokraterna.se\/gavleborg\/textsida-med-vanster-sidebar\/arsmote\/#primaryimage","url":"http:\/\/wp.kristdemokraterna.se\/gavleborg\/files\/2022\/03\/kdlogga.jpg","contentUrl":"http:\/\/wp.kristdemokraterna.se\/gavleborg\/files\/2022\/03\/kdlogga.jpg"},{"@type":"BreadcrumbList","@id":"https:\/\/wp.kristdemokraterna.se\/gavleborg\/textsida-med-vanster-sidebar\/arsmote\/#breadcrumb","itemListElement":[{"@type":"ListItem","position":1,"name":"Hem","item":"https:\/\/wp.kristdemokraterna.se\/gavleborg\/"},{"@type":"ListItem","position":2,"name":"V\u00e5rt partidistrikt &#8211; G\u00e4vleborg","item":"https:\/\/wp.kristdemokraterna.se\/gavleborg\/textsida-med-vanster-sidebar\/"},{"@type":"ListItem","position":3,"name":"Partidistrikts\u00e5rsm\u00f6te"}]},{"@type":"WebSite","@id":"https:\/\/wp.kristdemokraterna.se\/gavleborg\/#website","url":"https:\/\/wp.kristdemokraterna.se\/gavleborg\/","name":"Kristdemokraterna G\u00e4vleborg","description":"Ett tryggare G\u00e4vleborg","inLanguage":"sv-SE"}]}},"_links":{"self":[{"href":"https:\/\/wp.kristdemokraterna.se\/gavleborg\/wp-json\/wp\/v2\/pages\/361","targetHints":{"allow":["GET"]}}],"collection":[{"href":"https:\/\/wp.kristdemokraterna.se\/gavleborg\/wp-json\/wp\/v2\/pages"}],"about":[{"href":"https:\/\/wp.kristdemokraterna.se\/gavleborg\/wp-json\/wp\/v2\/types\/page"}],"author":[{"embeddable":true,"href":"https:\/\/wp.kristdemokraterna.se\/gavleborg\/wp-json\/wp\/v2\/users\/537"}],"replies":[{"embeddable":true,"href":"https:\/\/wp.kristdemokraterna.se\/gavleborg\/wp-json\/wp\/v2\/comments?post=361"}],"version-history":[{"count":14,"href":"https:\/\/wp.kristdemokraterna.se\/gavleborg\/wp-json\/wp\/v2\/pages\/361\/revisions"}],"predecessor-version":[{"id":1231,"href":"https:\/\/wp.kristdemokraterna.se\/gavleborg\/wp-json\/wp\/v2\/pages\/361\/revisions\/1231"}],"up":[{"embeddable":true,"href":"https:\/\/wp.kristdemokraterna.se\/gavleborg\/wp-json\/wp\/v2\/pages\/269"}],"wp:attachment":[{"href":"https:\/\/wp.kristdemokraterna.se\/gavleborg\/wp-json\/wp\/v2\/media?parent=361"}],"curies":[{"name":"wp","href":"https:\/\/api.w.org\/{rel}","templated":true}]}}