{"id":342,"date":"2017-11-30T15:21:10","date_gmt":"2017-11-30T14:21:10","guid":{"rendered":"http:\/\/wp.kristdemokraterna.se\/goteborg\/?page_id=342"},"modified":"2026-02-19T13:45:44","modified_gmt":"2026-02-19T12:45:44","slug":"i-var-kommun","status":"publish","type":"page","link":"https:\/\/wp.kristdemokraterna.se\/goteborg\/i-var-kommun\/","title":{"rendered":"Med omsorg om G\u00f6teborg"},"content":{"rendered":"<h3>Med fokus p\u00e5 G\u00f6teborgarnas b\u00e4sta<\/h3>\n<p>Kristdemokraterna i G\u00f6teborg kommer\u00a0alltid att prioritera v\u00e4lf\u00e4rden \u2013 f\u00f6rskolan,\u00a0skolan och omsorgen. Vi \u00e4r redo att f\u00f6ra\u00a0kampen f\u00f6r ett samh\u00e4lle d\u00e4r alla f\u00e5r\u00a0m\u00f6jlighet att forma sitt eget liv och d\u00e4r\u00a0ingen l\u00e4mnas utanf\u00f6r. En r\u00f6st p\u00e5\u00a0Kristdemokraterna i G\u00f6teborg \u00e4r en r\u00f6st\u00a0f\u00f6r en p\u00e5litlig politik med g\u00f6teborgarnas\u00a0b\u00e4sta i fokus, d\u00e4r v\u00e4lf\u00e4rdens k\u00e4rna\u00a0prioriteras och d\u00e4r skattebetalarnas\u00a0pengar behandlas med respekt.<\/p>\n<h3><\/h3>\n<h3>Vi bygger samh\u00e4llet starkast n\u00e4r vi bygger det tillsammans<\/h3>\n<p>F\u00f6r att klara v\u00e4lf\u00e4rden \u00e4r vi redo att\u00a0prioritera. Mindre barngrupper i f\u00f6rskolan\u00a0\u00e4r f\u00f6r oss alltid viktigare \u00e4n exempelvis\u00a0bilfria s\u00f6ndagar. En kompetent l\u00e4rare i\u00a0klassrummet \u00e4r s\u00e5 mycket mer\u00a0betydelsefull \u00e4n kommunal personal p\u00e5\u00a0lekplatserna. En \u00e4ldreomsorg pr\u00e4glad av\u00a0v\u00e4rdighet och valfrihet g\u00e5r f\u00f6r oss alltid\u00a0f\u00f6re dyra skrytbyggen. D\u00e4rf\u00f6r s\u00e4ger vi nej\u00a0till Sveriges dyraste badhus och en helt ny\u00a0arena med skyh\u00f6ga driftskostnader.<\/p>\n<p>Kristdemokraterna kommer att forts\u00e4tta\u00a0st\u00e5 emot politisk kl\u00e5fingrighet med\u00a0detaljkrav och \u00f6kad administration som\u00a0resultat. Allt f\u00f6r m\u00e5nga styrdokument och\u00a0krav p\u00e5 \u00e5terrapportering riskerar att\u00a0dr\u00e4nera v\u00e4lf\u00e4rdens viktiga verksamheter\u00a0p\u00e5 b\u00e5de tid och pengar och det stj\u00e4l fokus\u00a0fr\u00e5n det som faktiskt skapar kvalitet och\u00a0v\u00e4rde f\u00f6r barnen, eleverna och\u00a0omsorgstagarna. Det skapar tr\u00f6ghet i\u00a0systemen och riskerar att f\u00f6rs\u00e4mra den\u00a0kommunala servicen gentemot\u00a0medborgarna, n\u00e4ringslivet och civilsamh\u00e4llet.<\/p>\n<p>Politiska beslut varken ska, eller kan, l\u00f6sa\u00a0alla samh\u00e4llsproblem. I st\u00e4llet ska\u00a0politiken skapa s\u00e5 goda f\u00f6ruts\u00e4ttningar\u00a0som m\u00f6jligt f\u00f6r enskilda m\u00e4nniskor,\u00a0f\u00f6reningar och f\u00f6retag att leva sina liv och\u00a0f\u00e5 sin verksamhet att fungera s\u00e5 bra som\u00a0m\u00f6jligt. Politiken beh\u00f6ver bli b\u00e4ttre p\u00e5 att\u00a0tillvarata alla goda krafter i v\u00e5r stad.\u00a0Tillsammans bygger vi v\u00e5r stad stark.<\/p>\n","protected":false},"excerpt":{"rendered":"<p>Med fokus p\u00e5 G\u00f6teborgarnas b\u00e4sta Kristdemokraterna i G\u00f6teborg kommer\u00a0alltid att prioritera v\u00e4lf\u00e4rden \u2013 f\u00f6rskolan,\u00a0skolan och omsorgen. Vi \u00e4r redo att f\u00f6ra\u00a0kampen f\u00f6r ett samh\u00e4lle d\u00e4r alla f\u00e5r\u00a0m\u00f6jlighet att forma sitt eget liv och d\u00e4r\u00a0ingen l\u00e4mnas utanf\u00f6r. En r\u00f6st p\u00e5\u00a0Kristdemokraterna i G\u00f6teborg \u00e4r en r\u00f6st\u00a0f\u00f6r en p\u00e5litlig politik med g\u00f6teborgarnas\u00a0b\u00e4sta i fokus, d\u00e4r v\u00e4lf\u00e4rdens k\u00e4rna\u00a0prioriteras och <a class=\"read-more-link\" href=\"https:\/\/wp.kristdemokraterna.se\/goteborg\/i-var-kommun\/\">L\u00e4s mer<\/a><\/p>\n","protected":false},"author":858,"featured_media":0,"parent":0,"menu_order":0,"comment_status":"closed","ping_status":"closed","template":"page.php","meta":{"_acf_changed":false,"footnotes":""},"class_list":["post-342","page","type-page","status-publish","hentry"],"acf":[],"yoast_head":"<!-- This site is optimized with the Yoast SEO plugin v27.4 - https:\/\/yoast.com\/product\/yoast-seo-wordpress\/ -->\n<title>Med omsorg om G\u00f6teborg - Kristdemokraterna | G\u00f6teborg<\/title>\n<meta name=\"robots\" content=\"index, follow, max-snippet:-1, max-image-preview:large, max-video-preview:-1\" \/>\n<link rel=\"canonical\" href=\"https:\/\/wp.kristdemokraterna.se\/goteborg\/i-var-kommun\/\" \/>\n<meta property=\"og:locale\" content=\"sv_SE\" \/>\n<meta property=\"og:type\" content=\"article\" \/>\n<meta property=\"og:title\" content=\"Med omsorg om G\u00f6teborg - Kristdemokraterna | G\u00f6teborg\" \/>\n<meta property=\"og:description\" content=\"Med fokus p\u00e5 G\u00f6teborgarnas b\u00e4sta Kristdemokraterna i G\u00f6teborg kommer\u00a0alltid att prioritera v\u00e4lf\u00e4rden \u2013 f\u00f6rskolan,\u00a0skolan och omsorgen. Vi \u00e4r redo att f\u00f6ra\u00a0kampen f\u00f6r ett samh\u00e4lle d\u00e4r alla f\u00e5r\u00a0m\u00f6jlighet att forma sitt eget liv och d\u00e4r\u00a0ingen l\u00e4mnas utanf\u00f6r. En r\u00f6st p\u00e5\u00a0Kristdemokraterna i G\u00f6teborg \u00e4r en r\u00f6st\u00a0f\u00f6r en p\u00e5litlig politik med g\u00f6teborgarnas\u00a0b\u00e4sta i fokus, d\u00e4r v\u00e4lf\u00e4rdens k\u00e4rna\u00a0prioriteras och L\u00e4s mer\" \/>\n<meta property=\"og:url\" content=\"https:\/\/wp.kristdemokraterna.se\/goteborg\/i-var-kommun\/\" \/>\n<meta property=\"og:site_name\" content=\"Kristdemokraterna | G\u00f6teborg\" \/>\n<meta property=\"article:modified_time\" content=\"2026-02-19T12:45:44+00:00\" \/>\n<meta name=\"twitter:card\" content=\"summary_large_image\" \/>\n<meta name=\"twitter:label1\" content=\"Ber\u00e4knad l\u00e4stid\" \/>\n\t<meta name=\"twitter:data1\" content=\"2 minuter\" \/>\n<script type=\"application\/ld+json\" class=\"yoast-schema-graph\">{\"@context\":\"https:\\\/\\\/schema.org\",\"@graph\":[{\"@type\":\"WebPage\",\"@id\":\"https:\\\/\\\/wp.kristdemokraterna.se\\\/goteborg\\\/i-var-kommun\\\/\",\"url\":\"https:\\\/\\\/wp.kristdemokraterna.se\\\/goteborg\\\/i-var-kommun\\\/\",\"name\":\"Med omsorg om G\u00f6teborg - Kristdemokraterna | G\u00f6teborg\",\"isPartOf\":{\"@id\":\"https:\\\/\\\/wp.kristdemokraterna.se\\\/goteborg\\\/#website\"},\"datePublished\":\"2017-11-30T14:21:10+00:00\",\"dateModified\":\"2026-02-19T12:45:44+00:00\",\"breadcrumb\":{\"@id\":\"https:\\\/\\\/wp.kristdemokraterna.se\\\/goteborg\\\/i-var-kommun\\\/#breadcrumb\"},\"inLanguage\":\"sv-SE\",\"potentialAction\":[{\"@type\":\"ReadAction\",\"target\":[\"https:\\\/\\\/wp.kristdemokraterna.se\\\/goteborg\\\/i-var-kommun\\\/\"]}]},{\"@type\":\"BreadcrumbList\",\"@id\":\"https:\\\/\\\/wp.kristdemokraterna.se\\\/goteborg\\\/i-var-kommun\\\/#breadcrumb\",\"itemListElement\":[{\"@type\":\"ListItem\",\"position\":1,\"name\":\"Hem\",\"item\":\"https:\\\/\\\/wp.kristdemokraterna.se\\\/goteborg\\\/\"},{\"@type\":\"ListItem\",\"position\":2,\"name\":\"Med omsorg om G\u00f6teborg\"}]},{\"@type\":\"WebSite\",\"@id\":\"https:\\\/\\\/wp.kristdemokraterna.se\\\/goteborg\\\/#website\",\"url\":\"https:\\\/\\\/wp.kristdemokraterna.se\\\/goteborg\\\/\",\"name\":\"Kristdemokraterna | G\u00f6teborg\",\"description\":\"Med omsorg om G\u00f6teborg\",\"inLanguage\":\"sv-SE\"}]}<\/script>\n<!-- \/ Yoast SEO plugin. -->","yoast_head_json":{"title":"Med omsorg om G\u00f6teborg - Kristdemokraterna | G\u00f6teborg","robots":{"index":"index","follow":"follow","max-snippet":"max-snippet:-1","max-image-preview":"max-image-preview:large","max-video-preview":"max-video-preview:-1"},"canonical":"https:\/\/wp.kristdemokraterna.se\/goteborg\/i-var-kommun\/","og_locale":"sv_SE","og_type":"article","og_title":"Med omsorg om G\u00f6teborg - Kristdemokraterna | G\u00f6teborg","og_description":"Med fokus p\u00e5 G\u00f6teborgarnas b\u00e4sta Kristdemokraterna i G\u00f6teborg kommer\u00a0alltid att prioritera v\u00e4lf\u00e4rden \u2013 f\u00f6rskolan,\u00a0skolan och omsorgen. Vi \u00e4r redo att f\u00f6ra\u00a0kampen f\u00f6r ett samh\u00e4lle d\u00e4r alla f\u00e5r\u00a0m\u00f6jlighet att forma sitt eget liv och d\u00e4r\u00a0ingen l\u00e4mnas utanf\u00f6r. En r\u00f6st p\u00e5\u00a0Kristdemokraterna i G\u00f6teborg \u00e4r en r\u00f6st\u00a0f\u00f6r en p\u00e5litlig politik med g\u00f6teborgarnas\u00a0b\u00e4sta i fokus, d\u00e4r v\u00e4lf\u00e4rdens k\u00e4rna\u00a0prioriteras och L\u00e4s mer","og_url":"https:\/\/wp.kristdemokraterna.se\/goteborg\/i-var-kommun\/","og_site_name":"Kristdemokraterna | G\u00f6teborg","article_modified_time":"2026-02-19T12:45:44+00:00","twitter_card":"summary_large_image","twitter_misc":{"Ber\u00e4knad l\u00e4stid":"2 minuter"},"schema":{"@context":"https:\/\/schema.org","@graph":[{"@type":"WebPage","@id":"https:\/\/wp.kristdemokraterna.se\/goteborg\/i-var-kommun\/","url":"https:\/\/wp.kristdemokraterna.se\/goteborg\/i-var-kommun\/","name":"Med omsorg om G\u00f6teborg - Kristdemokraterna | G\u00f6teborg","isPartOf":{"@id":"https:\/\/wp.kristdemokraterna.se\/goteborg\/#website"},"datePublished":"2017-11-30T14:21:10+00:00","dateModified":"2026-02-19T12:45:44+00:00","breadcrumb":{"@id":"https:\/\/wp.kristdemokraterna.se\/goteborg\/i-var-kommun\/#breadcrumb"},"inLanguage":"sv-SE","potentialAction":[{"@type":"ReadAction","target":["https:\/\/wp.kristdemokraterna.se\/goteborg\/i-var-kommun\/"]}]},{"@type":"BreadcrumbList","@id":"https:\/\/wp.kristdemokraterna.se\/goteborg\/i-var-kommun\/#breadcrumb","itemListElement":[{"@type":"ListItem","position":1,"name":"Hem","item":"https:\/\/wp.kristdemokraterna.se\/goteborg\/"},{"@type":"ListItem","position":2,"name":"Med omsorg om G\u00f6teborg"}]},{"@type":"WebSite","@id":"https:\/\/wp.kristdemokraterna.se\/goteborg\/#website","url":"https:\/\/wp.kristdemokraterna.se\/goteborg\/","name":"Kristdemokraterna | G\u00f6teborg","description":"Med omsorg om G\u00f6teborg","inLanguage":"sv-SE"}]}},"_links":{"self":[{"href":"https:\/\/wp.kristdemokraterna.se\/goteborg\/wp-json\/wp\/v2\/pages\/342","targetHints":{"allow":["GET"]}}],"collection":[{"href":"https:\/\/wp.kristdemokraterna.se\/goteborg\/wp-json\/wp\/v2\/pages"}],"about":[{"href":"https:\/\/wp.kristdemokraterna.se\/goteborg\/wp-json\/wp\/v2\/types\/page"}],"author":[{"embeddable":true,"href":"https:\/\/wp.kristdemokraterna.se\/goteborg\/wp-json\/wp\/v2\/users\/858"}],"replies":[{"embeddable":true,"href":"https:\/\/wp.kristdemokraterna.se\/goteborg\/wp-json\/wp\/v2\/comments?post=342"}],"version-history":[{"count":9,"href":"https:\/\/wp.kristdemokraterna.se\/goteborg\/wp-json\/wp\/v2\/pages\/342\/revisions"}],"predecessor-version":[{"id":685,"href":"https:\/\/wp.kristdemokraterna.se\/goteborg\/wp-json\/wp\/v2\/pages\/342\/revisions\/685"}],"wp:attachment":[{"href":"https:\/\/wp.kristdemokraterna.se\/goteborg\/wp-json\/wp\/v2\/media?parent=342"}],"curies":[{"name":"wp","href":"https:\/\/api.w.org\/{rel}","templated":true}]}}