{"id":352,"date":"2017-12-01T09:56:02","date_gmt":"2017-12-01T08:56:02","guid":{"rendered":"http:\/\/wp.kristdemokraterna.se\/goteborg\/?page_id=352"},"modified":"2026-02-19T14:23:07","modified_gmt":"2026-02-19T13:23:07","slug":"kontakta-oss","status":"publish","type":"page","link":"https:\/\/wp.kristdemokraterna.se\/goteborg\/kontakta-oss\/","title":{"rendered":"Kontakta oss!"},"content":{"rendered":"<h2><strong>Partikansli<\/strong><\/h2>\n<p>Kristdemokraterna<br \/>\nDrottninggatan 30<br \/>\n411 14 G\u00f6teborg<br \/>\narb: 031-13 89 30<br \/>\ne-post: gbg@kristdemokraterna.se<\/p>\n<p>&nbsp;<\/p>\n<h2><strong>Kommunstyrelsen<\/strong><\/h2>\n<p>Gustav Adolfs Torg 1<br \/>\n404 82 G\u00f6teborg<br \/>\ntel. 031-368 00 00<\/p>\n<p>&nbsp;<\/p>\n<p><strong><b>Dan-Ove Marcelind<br \/>\n<\/b><\/strong>Kommunalr\u00e5d, gruppledare<br \/>\nmobil: 070-419 65 63<br \/>\ne-post: dan-ove.marcelind@stadshuset.goteborg.se<\/p>\n<p>&nbsp;<\/p>\n<p><b>Sofia Agrell<br \/>\n<\/b>Budgetsekreterare, stabschef<br \/>\nmobil: 072-142 44 76<br \/>\ne-post: sofia.agrell@stadshuset.goteborg.se<\/p>\n<p>&nbsp;<\/p>\n<p><strong>Erik Palmgren<br \/>\n<\/strong>Stadssekreterare, pressansvarig<br \/>\nmobil: 072-856 54 94<br \/>\ne-post: erik.palmgren@stadshuset.goteborg.se<\/p>\n<p>&nbsp;<\/p>\n<p><b>Mathias Axelsson<br \/>\n<\/b>Stadssekreterare<br \/>\nmobil: 076-528 01 43<br \/>\nmathias.axelsson@stadshuset.goteborg.se<\/p>\n","protected":false},"excerpt":{"rendered":"<p>Partikansli Kristdemokraterna Drottninggatan 30 411 14 G\u00f6teborg arb: 031-13 89 30 e-post: gbg@kristdemokraterna.se &nbsp; Kommunstyrelsen Gustav Adolfs Torg 1 404 82 G\u00f6teborg tel. 031-368 00 00 &nbsp; Dan-Ove Marcelind Kommunalr\u00e5d, gruppledare mobil: 070-419 65 63 e-post: dan-ove.marcelind@stadshuset.goteborg.se &nbsp; Sofia Agrell Budgetsekreterare, stabschef mobil: 072-142 44 76 e-post: sofia.agrell@stadshuset.goteborg.se &nbsp; Erik Palmgren Stadssekreterare, pressansvarig mobil: 072-856 <a class=\"read-more-link\" href=\"https:\/\/wp.kristdemokraterna.se\/goteborg\/kontakta-oss\/\">L\u00e4s mer<\/a><\/p>\n","protected":false},"author":858,"featured_media":0,"parent":0,"menu_order":0,"comment_status":"closed","ping_status":"closed","template":"page.php","meta":{"_acf_changed":false,"footnotes":""},"class_list":["post-352","page","type-page","status-publish","hentry"],"acf":[],"yoast_head":"<!-- This site is optimized with the Yoast SEO plugin v27.4 - https:\/\/yoast.com\/product\/yoast-seo-wordpress\/ -->\n<title>Kontakta oss! - Kristdemokraterna | G\u00f6teborg<\/title>\n<meta name=\"robots\" content=\"index, follow, max-snippet:-1, max-image-preview:large, max-video-preview:-1\" \/>\n<link rel=\"canonical\" href=\"https:\/\/wp.kristdemokraterna.se\/goteborg\/kontakta-oss\/\" \/>\n<meta property=\"og:locale\" content=\"sv_SE\" \/>\n<meta property=\"og:type\" content=\"article\" \/>\n<meta property=\"og:title\" content=\"Kontakta oss! - Kristdemokraterna | G\u00f6teborg\" \/>\n<meta property=\"og:description\" content=\"Partikansli Kristdemokraterna Drottninggatan 30 411 14 G\u00f6teborg arb: 031-13 89 30 e-post: gbg@kristdemokraterna.se &nbsp; Kommunstyrelsen Gustav Adolfs Torg 1 404 82 G\u00f6teborg tel. 031-368 00 00 &nbsp; Dan-Ove Marcelind Kommunalr\u00e5d, gruppledare mobil: 070-419 65 63 e-post: dan-ove.marcelind@stadshuset.goteborg.se &nbsp; Sofia Agrell Budgetsekreterare, stabschef mobil: 072-142 44 76 e-post: sofia.agrell@stadshuset.goteborg.se &nbsp; Erik Palmgren Stadssekreterare, pressansvarig mobil: 072-856 L\u00e4s mer\" \/>\n<meta property=\"og:url\" content=\"https:\/\/wp.kristdemokraterna.se\/goteborg\/kontakta-oss\/\" \/>\n<meta property=\"og:site_name\" content=\"Kristdemokraterna | G\u00f6teborg\" \/>\n<meta property=\"article:modified_time\" content=\"2026-02-19T13:23:07+00:00\" \/>\n<meta name=\"twitter:card\" content=\"summary_large_image\" \/>\n<meta name=\"twitter:label1\" content=\"Ber\u00e4knad l\u00e4stid\" \/>\n\t<meta name=\"twitter:data1\" content=\"1 minut\" \/>\n<script type=\"application\/ld+json\" class=\"yoast-schema-graph\">{\"@context\":\"https:\\\/\\\/schema.org\",\"@graph\":[{\"@type\":\"WebPage\",\"@id\":\"https:\\\/\\\/wp.kristdemokraterna.se\\\/goteborg\\\/kontakta-oss\\\/\",\"url\":\"https:\\\/\\\/wp.kristdemokraterna.se\\\/goteborg\\\/kontakta-oss\\\/\",\"name\":\"Kontakta oss! - Kristdemokraterna | G\u00f6teborg\",\"isPartOf\":{\"@id\":\"https:\\\/\\\/wp.kristdemokraterna.se\\\/goteborg\\\/#website\"},\"datePublished\":\"2017-12-01T08:56:02+00:00\",\"dateModified\":\"2026-02-19T13:23:07+00:00\",\"breadcrumb\":{\"@id\":\"https:\\\/\\\/wp.kristdemokraterna.se\\\/goteborg\\\/kontakta-oss\\\/#breadcrumb\"},\"inLanguage\":\"sv-SE\",\"potentialAction\":[{\"@type\":\"ReadAction\",\"target\":[\"https:\\\/\\\/wp.kristdemokraterna.se\\\/goteborg\\\/kontakta-oss\\\/\"]}]},{\"@type\":\"BreadcrumbList\",\"@id\":\"https:\\\/\\\/wp.kristdemokraterna.se\\\/goteborg\\\/kontakta-oss\\\/#breadcrumb\",\"itemListElement\":[{\"@type\":\"ListItem\",\"position\":1,\"name\":\"Hem\",\"item\":\"https:\\\/\\\/wp.kristdemokraterna.se\\\/goteborg\\\/\"},{\"@type\":\"ListItem\",\"position\":2,\"name\":\"Kontakta oss!\"}]},{\"@type\":\"WebSite\",\"@id\":\"https:\\\/\\\/wp.kristdemokraterna.se\\\/goteborg\\\/#website\",\"url\":\"https:\\\/\\\/wp.kristdemokraterna.se\\\/goteborg\\\/\",\"name\":\"Kristdemokraterna | G\u00f6teborg\",\"description\":\"Med omsorg om G\u00f6teborg\",\"inLanguage\":\"sv-SE\"}]}<\/script>\n<!-- \/ Yoast SEO plugin. -->","yoast_head_json":{"title":"Kontakta oss! - Kristdemokraterna | G\u00f6teborg","robots":{"index":"index","follow":"follow","max-snippet":"max-snippet:-1","max-image-preview":"max-image-preview:large","max-video-preview":"max-video-preview:-1"},"canonical":"https:\/\/wp.kristdemokraterna.se\/goteborg\/kontakta-oss\/","og_locale":"sv_SE","og_type":"article","og_title":"Kontakta oss! - Kristdemokraterna | G\u00f6teborg","og_description":"Partikansli Kristdemokraterna Drottninggatan 30 411 14 G\u00f6teborg arb: 031-13 89 30 e-post: gbg@kristdemokraterna.se &nbsp; Kommunstyrelsen Gustav Adolfs Torg 1 404 82 G\u00f6teborg tel. 031-368 00 00 &nbsp; Dan-Ove Marcelind Kommunalr\u00e5d, gruppledare mobil: 070-419 65 63 e-post: dan-ove.marcelind@stadshuset.goteborg.se &nbsp; Sofia Agrell Budgetsekreterare, stabschef mobil: 072-142 44 76 e-post: sofia.agrell@stadshuset.goteborg.se &nbsp; Erik Palmgren Stadssekreterare, pressansvarig mobil: 072-856 L\u00e4s mer","og_url":"https:\/\/wp.kristdemokraterna.se\/goteborg\/kontakta-oss\/","og_site_name":"Kristdemokraterna | G\u00f6teborg","article_modified_time":"2026-02-19T13:23:07+00:00","twitter_card":"summary_large_image","twitter_misc":{"Ber\u00e4knad l\u00e4stid":"1 minut"},"schema":{"@context":"https:\/\/schema.org","@graph":[{"@type":"WebPage","@id":"https:\/\/wp.kristdemokraterna.se\/goteborg\/kontakta-oss\/","url":"https:\/\/wp.kristdemokraterna.se\/goteborg\/kontakta-oss\/","name":"Kontakta oss! - Kristdemokraterna | G\u00f6teborg","isPartOf":{"@id":"https:\/\/wp.kristdemokraterna.se\/goteborg\/#website"},"datePublished":"2017-12-01T08:56:02+00:00","dateModified":"2026-02-19T13:23:07+00:00","breadcrumb":{"@id":"https:\/\/wp.kristdemokraterna.se\/goteborg\/kontakta-oss\/#breadcrumb"},"inLanguage":"sv-SE","potentialAction":[{"@type":"ReadAction","target":["https:\/\/wp.kristdemokraterna.se\/goteborg\/kontakta-oss\/"]}]},{"@type":"BreadcrumbList","@id":"https:\/\/wp.kristdemokraterna.se\/goteborg\/kontakta-oss\/#breadcrumb","itemListElement":[{"@type":"ListItem","position":1,"name":"Hem","item":"https:\/\/wp.kristdemokraterna.se\/goteborg\/"},{"@type":"ListItem","position":2,"name":"Kontakta oss!"}]},{"@type":"WebSite","@id":"https:\/\/wp.kristdemokraterna.se\/goteborg\/#website","url":"https:\/\/wp.kristdemokraterna.se\/goteborg\/","name":"Kristdemokraterna | G\u00f6teborg","description":"Med omsorg om G\u00f6teborg","inLanguage":"sv-SE"}]}},"_links":{"self":[{"href":"https:\/\/wp.kristdemokraterna.se\/goteborg\/wp-json\/wp\/v2\/pages\/352","targetHints":{"allow":["GET"]}}],"collection":[{"href":"https:\/\/wp.kristdemokraterna.se\/goteborg\/wp-json\/wp\/v2\/pages"}],"about":[{"href":"https:\/\/wp.kristdemokraterna.se\/goteborg\/wp-json\/wp\/v2\/types\/page"}],"author":[{"embeddable":true,"href":"https:\/\/wp.kristdemokraterna.se\/goteborg\/wp-json\/wp\/v2\/users\/858"}],"replies":[{"embeddable":true,"href":"https:\/\/wp.kristdemokraterna.se\/goteborg\/wp-json\/wp\/v2\/comments?post=352"}],"version-history":[{"count":16,"href":"https:\/\/wp.kristdemokraterna.se\/goteborg\/wp-json\/wp\/v2\/pages\/352\/revisions"}],"predecessor-version":[{"id":695,"href":"https:\/\/wp.kristdemokraterna.se\/goteborg\/wp-json\/wp\/v2\/pages\/352\/revisions\/695"}],"wp:attachment":[{"href":"https:\/\/wp.kristdemokraterna.se\/goteborg\/wp-json\/wp\/v2\/media?parent=352"}],"curies":[{"name":"wp","href":"https:\/\/api.w.org\/{rel}","templated":true}]}}