{"id":368,"date":"2017-12-04T16:44:15","date_gmt":"2017-12-04T15:44:15","guid":{"rendered":"http:\/\/wp.kristdemokraterna.se\/goteborg\/?page_id=368"},"modified":"2026-02-19T13:53:25","modified_gmt":"2026-02-19T12:53:25","slug":"om-kristdemokraterna","status":"publish","type":"page","link":"https:\/\/wp.kristdemokraterna.se\/goteborg\/textsida-fullbredd\/om-kristdemokraterna\/","title":{"rendered":"Om Kristdemokraterna"},"content":{"rendered":"<p>&nbsp;<\/p>\n<p>Kristdemokraterna \u00e4r ett politiskt parti som bildades 1964. Partiordf\u00f6rande \u00e4r Ebba Busch sedan 2015. Kristdemokraterna s\u00e4tter m\u00e4nniskov\u00e4rdet fr\u00e4mst och vill prioritera det som \u00e4r n\u00f6dv\u00e4ndigt f\u00f6r att bygga ett samh\u00e4lle som h\u00e5ller ihop. V\u00e5rden, \u00e4ldrefr\u00e5gorna och tryggheten \u00e4r v\u00e5ra prioriterade fr\u00e5gor.<\/p>\n<p>\u2013 Kristdemokraterna i Sverige bildades 1964.<br \/>\n\u2013 Alf Svensson var partiledare mellan \u00e5ren 1973-2004.<br \/>\n\u2013 G\u00f6ran H\u00e4gglund valdes till partiledare 3 april 2004.I januari 2015 meddelade han sin avg\u00e5ng.<br \/>\n\u2013 Ebba Busch valdes till partiledare den 25 april 2015.<br \/>\n\u2013 I det senaste riksdagsvalet 2022 fick Kristdemokraterna 5,3 % av r\u00f6sterna.<\/p>\n<p>L\u00e4s mer p\u00e5: <a href=\"https:\/\/kristdemokraterna.se\/vart-parti\">https:\/\/kristdemokraterna.se\/vart-parti<\/a><\/p>\n","protected":false},"excerpt":{"rendered":"<p>&nbsp; Kristdemokraterna \u00e4r ett politiskt parti som bildades 1964. Partiordf\u00f6rande \u00e4r Ebba Busch sedan 2015. Kristdemokraterna s\u00e4tter m\u00e4nniskov\u00e4rdet fr\u00e4mst och vill prioritera det som \u00e4r n\u00f6dv\u00e4ndigt f\u00f6r att bygga ett samh\u00e4lle som h\u00e5ller ihop. V\u00e5rden, \u00e4ldrefr\u00e5gorna och tryggheten \u00e4r v\u00e5ra prioriterade fr\u00e5gor. \u2013 Kristdemokraterna i Sverige bildades 1964. \u2013 Alf Svensson var partiledare mellan \u00e5ren <a class=\"read-more-link\" href=\"https:\/\/wp.kristdemokraterna.se\/goteborg\/textsida-fullbredd\/om-kristdemokraterna\/\">L\u00e4s mer<\/a><\/p>\n","protected":false},"author":858,"featured_media":0,"parent":272,"menu_order":0,"comment_status":"closed","ping_status":"closed","template":"page.php","meta":{"_acf_changed":false,"footnotes":""},"class_list":["post-368","page","type-page","status-publish","hentry"],"acf":[],"yoast_head":"<!-- This site is optimized with the Yoast SEO plugin v27.4 - https:\/\/yoast.com\/product\/yoast-seo-wordpress\/ -->\n<title>Om Kristdemokraterna - Kristdemokraterna | G\u00f6teborg<\/title>\n<meta name=\"robots\" content=\"index, follow, max-snippet:-1, max-image-preview:large, max-video-preview:-1\" \/>\n<link rel=\"canonical\" href=\"https:\/\/wp.kristdemokraterna.se\/goteborg\/textsida-fullbredd\/om-kristdemokraterna\/\" \/>\n<meta property=\"og:locale\" content=\"sv_SE\" \/>\n<meta property=\"og:type\" content=\"article\" \/>\n<meta property=\"og:title\" content=\"Om Kristdemokraterna - Kristdemokraterna | G\u00f6teborg\" \/>\n<meta property=\"og:description\" content=\"&nbsp; Kristdemokraterna \u00e4r ett politiskt parti som bildades 1964. Partiordf\u00f6rande \u00e4r Ebba Busch sedan 2015. Kristdemokraterna s\u00e4tter m\u00e4nniskov\u00e4rdet fr\u00e4mst och vill prioritera det som \u00e4r n\u00f6dv\u00e4ndigt f\u00f6r att bygga ett samh\u00e4lle som h\u00e5ller ihop. V\u00e5rden, \u00e4ldrefr\u00e5gorna och tryggheten \u00e4r v\u00e5ra prioriterade fr\u00e5gor. \u2013 Kristdemokraterna i Sverige bildades 1964. \u2013 Alf Svensson var partiledare mellan \u00e5ren L\u00e4s mer\" \/>\n<meta property=\"og:url\" content=\"https:\/\/wp.kristdemokraterna.se\/goteborg\/textsida-fullbredd\/om-kristdemokraterna\/\" \/>\n<meta property=\"og:site_name\" content=\"Kristdemokraterna | G\u00f6teborg\" \/>\n<meta property=\"article:modified_time\" content=\"2026-02-19T12:53:25+00:00\" \/>\n<meta name=\"twitter:card\" content=\"summary_large_image\" \/>\n<meta name=\"twitter:label1\" content=\"Ber\u00e4knad l\u00e4stid\" \/>\n\t<meta name=\"twitter:data1\" content=\"1 minut\" \/>\n<script type=\"application\/ld+json\" class=\"yoast-schema-graph\">{\"@context\":\"https:\\\/\\\/schema.org\",\"@graph\":[{\"@type\":\"WebPage\",\"@id\":\"https:\\\/\\\/wp.kristdemokraterna.se\\\/goteborg\\\/textsida-fullbredd\\\/om-kristdemokraterna\\\/\",\"url\":\"https:\\\/\\\/wp.kristdemokraterna.se\\\/goteborg\\\/textsida-fullbredd\\\/om-kristdemokraterna\\\/\",\"name\":\"Om Kristdemokraterna - Kristdemokraterna | G\u00f6teborg\",\"isPartOf\":{\"@id\":\"https:\\\/\\\/wp.kristdemokraterna.se\\\/goteborg\\\/#website\"},\"datePublished\":\"2017-12-04T15:44:15+00:00\",\"dateModified\":\"2026-02-19T12:53:25+00:00\",\"breadcrumb\":{\"@id\":\"https:\\\/\\\/wp.kristdemokraterna.se\\\/goteborg\\\/textsida-fullbredd\\\/om-kristdemokraterna\\\/#breadcrumb\"},\"inLanguage\":\"sv-SE\",\"potentialAction\":[{\"@type\":\"ReadAction\",\"target\":[\"https:\\\/\\\/wp.kristdemokraterna.se\\\/goteborg\\\/textsida-fullbredd\\\/om-kristdemokraterna\\\/\"]}]},{\"@type\":\"BreadcrumbList\",\"@id\":\"https:\\\/\\\/wp.kristdemokraterna.se\\\/goteborg\\\/textsida-fullbredd\\\/om-kristdemokraterna\\\/#breadcrumb\",\"itemListElement\":[{\"@type\":\"ListItem\",\"position\":1,\"name\":\"Hem\",\"item\":\"https:\\\/\\\/wp.kristdemokraterna.se\\\/goteborg\\\/\"},{\"@type\":\"ListItem\",\"position\":2,\"name\":\"Vad vi st\u00e5r f\u00f6r!\",\"item\":\"https:\\\/\\\/wp.kristdemokraterna.se\\\/goteborg\\\/textsida-fullbredd\\\/\"},{\"@type\":\"ListItem\",\"position\":3,\"name\":\"Om Kristdemokraterna\"}]},{\"@type\":\"WebSite\",\"@id\":\"https:\\\/\\\/wp.kristdemokraterna.se\\\/goteborg\\\/#website\",\"url\":\"https:\\\/\\\/wp.kristdemokraterna.se\\\/goteborg\\\/\",\"name\":\"Kristdemokraterna | G\u00f6teborg\",\"description\":\"Med omsorg om G\u00f6teborg\",\"inLanguage\":\"sv-SE\"}]}<\/script>\n<!-- \/ Yoast SEO plugin. -->","yoast_head_json":{"title":"Om Kristdemokraterna - Kristdemokraterna | G\u00f6teborg","robots":{"index":"index","follow":"follow","max-snippet":"max-snippet:-1","max-image-preview":"max-image-preview:large","max-video-preview":"max-video-preview:-1"},"canonical":"https:\/\/wp.kristdemokraterna.se\/goteborg\/textsida-fullbredd\/om-kristdemokraterna\/","og_locale":"sv_SE","og_type":"article","og_title":"Om Kristdemokraterna - Kristdemokraterna | G\u00f6teborg","og_description":"&nbsp; Kristdemokraterna \u00e4r ett politiskt parti som bildades 1964. Partiordf\u00f6rande \u00e4r Ebba Busch sedan 2015. Kristdemokraterna s\u00e4tter m\u00e4nniskov\u00e4rdet fr\u00e4mst och vill prioritera det som \u00e4r n\u00f6dv\u00e4ndigt f\u00f6r att bygga ett samh\u00e4lle som h\u00e5ller ihop. V\u00e5rden, \u00e4ldrefr\u00e5gorna och tryggheten \u00e4r v\u00e5ra prioriterade fr\u00e5gor. \u2013 Kristdemokraterna i Sverige bildades 1964. \u2013 Alf Svensson var partiledare mellan \u00e5ren L\u00e4s mer","og_url":"https:\/\/wp.kristdemokraterna.se\/goteborg\/textsida-fullbredd\/om-kristdemokraterna\/","og_site_name":"Kristdemokraterna | G\u00f6teborg","article_modified_time":"2026-02-19T12:53:25+00:00","twitter_card":"summary_large_image","twitter_misc":{"Ber\u00e4knad l\u00e4stid":"1 minut"},"schema":{"@context":"https:\/\/schema.org","@graph":[{"@type":"WebPage","@id":"https:\/\/wp.kristdemokraterna.se\/goteborg\/textsida-fullbredd\/om-kristdemokraterna\/","url":"https:\/\/wp.kristdemokraterna.se\/goteborg\/textsida-fullbredd\/om-kristdemokraterna\/","name":"Om Kristdemokraterna - Kristdemokraterna | G\u00f6teborg","isPartOf":{"@id":"https:\/\/wp.kristdemokraterna.se\/goteborg\/#website"},"datePublished":"2017-12-04T15:44:15+00:00","dateModified":"2026-02-19T12:53:25+00:00","breadcrumb":{"@id":"https:\/\/wp.kristdemokraterna.se\/goteborg\/textsida-fullbredd\/om-kristdemokraterna\/#breadcrumb"},"inLanguage":"sv-SE","potentialAction":[{"@type":"ReadAction","target":["https:\/\/wp.kristdemokraterna.se\/goteborg\/textsida-fullbredd\/om-kristdemokraterna\/"]}]},{"@type":"BreadcrumbList","@id":"https:\/\/wp.kristdemokraterna.se\/goteborg\/textsida-fullbredd\/om-kristdemokraterna\/#breadcrumb","itemListElement":[{"@type":"ListItem","position":1,"name":"Hem","item":"https:\/\/wp.kristdemokraterna.se\/goteborg\/"},{"@type":"ListItem","position":2,"name":"Vad vi st\u00e5r f\u00f6r!","item":"https:\/\/wp.kristdemokraterna.se\/goteborg\/textsida-fullbredd\/"},{"@type":"ListItem","position":3,"name":"Om Kristdemokraterna"}]},{"@type":"WebSite","@id":"https:\/\/wp.kristdemokraterna.se\/goteborg\/#website","url":"https:\/\/wp.kristdemokraterna.se\/goteborg\/","name":"Kristdemokraterna | G\u00f6teborg","description":"Med omsorg om G\u00f6teborg","inLanguage":"sv-SE"}]}},"_links":{"self":[{"href":"https:\/\/wp.kristdemokraterna.se\/goteborg\/wp-json\/wp\/v2\/pages\/368","targetHints":{"allow":["GET"]}}],"collection":[{"href":"https:\/\/wp.kristdemokraterna.se\/goteborg\/wp-json\/wp\/v2\/pages"}],"about":[{"href":"https:\/\/wp.kristdemokraterna.se\/goteborg\/wp-json\/wp\/v2\/types\/page"}],"author":[{"embeddable":true,"href":"https:\/\/wp.kristdemokraterna.se\/goteborg\/wp-json\/wp\/v2\/users\/858"}],"replies":[{"embeddable":true,"href":"https:\/\/wp.kristdemokraterna.se\/goteborg\/wp-json\/wp\/v2\/comments?post=368"}],"version-history":[{"count":8,"href":"https:\/\/wp.kristdemokraterna.se\/goteborg\/wp-json\/wp\/v2\/pages\/368\/revisions"}],"predecessor-version":[{"id":687,"href":"https:\/\/wp.kristdemokraterna.se\/goteborg\/wp-json\/wp\/v2\/pages\/368\/revisions\/687"}],"up":[{"embeddable":true,"href":"https:\/\/wp.kristdemokraterna.se\/goteborg\/wp-json\/wp\/v2\/pages\/272"}],"wp:attachment":[{"href":"https:\/\/wp.kristdemokraterna.se\/goteborg\/wp-json\/wp\/v2\/media?parent=368"}],"curies":[{"name":"wp","href":"https:\/\/api.w.org\/{rel}","templated":true}]}}