{"id":373,"date":"2017-12-04T16:47:18","date_gmt":"2017-12-04T15:47:18","guid":{"rendered":"http:\/\/wp.kristdemokraterna.se\/goteborg\/?page_id=373"},"modified":"2022-08-17T17:04:39","modified_gmt":"2022-08-17T15:04:39","slug":"var-politik-i-kommunen","status":"publish","type":"page","link":"https:\/\/wp.kristdemokraterna.se\/goteborg\/textsida-fullbredd\/var-politik-i-kommunen\/","title":{"rendered":"V\u00e5r politik i kommunen"},"content":{"rendered":"<p><strong>Redo att ta strid f\u00f6r v\u00e4lf\u00e4rden<\/strong><\/p>\n<p>\u2022 Vi vill bygga en stad f\u00f6r g\u00f6teborgarna, befriad fr\u00e5n skrytbyggen, politisk prestige och offentlig kl\u00e5fingrighet<span class=\"Apple-converted-space\">\u00a0<\/span><\/p>\n<p>\u2022 Vi vill att G\u00f6teborg ska pr\u00e4glas av \u00f6ppenhet, transparens och mindre byr\u00e5krati<span class=\"Apple-converted-space\">\u00a0<\/span><\/p>\n<p>\u2022 Vi kommer alltid att vara ansvarsfulla och tydliga med hur vi anv\u00e4nder skattebetalarnas pengar<span class=\"Apple-converted-space\">\u00a0<\/span><\/p>\n<p>&nbsp;<\/p>\n<p><strong><br \/>\n<\/strong><b>Redo att bygga en trygg stad<\/b><\/p>\n<p>\u2022 Vi vill bygga en trygg stad, krossa de sl\u00e4ktbaserade kriminella n\u00e4tverken och skapa f\u00f6ruts\u00e4ttningar f\u00f6r fler trygga familjer<span class=\"Apple-converted-space\">\u00a0<\/span><\/p>\n<p>\u2022 Vi vill bygga en stad som h\u00e5ller ihop, d\u00e4r alla f\u00e5r m\u00f6jlighet att k\u00e4nna sig inkluderade och forma sina egna liv och d\u00e4r ingen l\u00e4mnas utanf\u00f6r<span class=\"Apple-converted-space\">\u00a0<\/span><\/p>\n<p>\u2022 Vi vill bygga staden s\u00e5v\u00e4l fysiskt som socialt d\u00e4r fler g\u00f6teborgare f\u00e5r m\u00f6jlighet att \u00e4ga sitt boende eftersom det kan bidra till att bryta utanf\u00f6rskap och segregation<span class=\"Apple-converted-space\">\u00a0<\/span><\/p>\n<p>&nbsp;<\/p>\n<p><strong>Redo att bek\u00e4mpa \u00e5lderismen<\/strong><\/p>\n<p>\u2022 Vi k\u00e4mpar f\u00f6r varje m\u00e4nniskas r\u00e4tt till ett tryggt och v\u00e4rdigt \u00e5ldrande och \u00e4r garanten f\u00f6r att alla \u00e4ldre ska kunna v\u00e4lja var och hur man vill bo<span class=\"Apple-converted-space\">\u00a0<\/span><\/p>\n<p>\u2022 Vi vill att G\u00f6teborg ska vara en \u00e5ldersv\u00e4nlig stad \u2013 f\u00f6r alla, hela livet<span class=\"Apple-converted-space\">\u00a0<\/span><\/p>\n<p>\u2022 Vi vill synligg\u00f6ra \u00e4ldre, motverka ensamheten och s\u00e4tta omsorgstagarens fysiska och psykiska h\u00e4lsa i fokus<span class=\"Apple-converted-space\">\u00a0<\/span><\/p>\n<p>&nbsp;<\/p>\n<p><strong>Redo att bygga samh\u00e4llet starkt<\/strong><\/p>\n<p>\u2022 Vi vill st\u00e4rka samh\u00e4llsgemenskaper, fr\u00e5n innerstaden till sk\u00e4rg\u00e5rden, och fr\u00e4mja breddidrott och civilsamh\u00e4lle genom mindre byr\u00e5krati och minskad politisk kl\u00e5fingrighet<span class=\"Apple-converted-space\">\u00a0<\/span><\/p>\n<p>\u2022 Vi vill skapa en ny egnahemsr\u00f6relse, genom att bygga fler sm\u00e5hus och radhus f\u00f6r att ge f\u00f6ruts\u00e4ttningarna f\u00f6r barnfamiljer att skaffa egen bostad<span class=\"Apple-converted-space\">\u00a0<\/span><\/p>\n<p>\u2022 Vi vill st\u00e4rka samverkan mellan myndigheter, skola, familj, civilsamh\u00e4lle och n\u00e4ringsliv<span class=\"Apple-converted-space\">\u00a0<\/span><\/p>\n<p>&nbsp;<\/p>\n","protected":false},"excerpt":{"rendered":"<p>Redo att ta strid f\u00f6r v\u00e4lf\u00e4rden \u2022 Vi vill bygga en stad f\u00f6r g\u00f6teborgarna, befriad fr\u00e5n skrytbyggen, politisk prestige och offentlig kl\u00e5fingrighet\u00a0 \u2022 Vi vill att G\u00f6teborg ska pr\u00e4glas av \u00f6ppenhet, transparens och mindre byr\u00e5krati\u00a0 \u2022 Vi kommer alltid att vara ansvarsfulla och tydliga med hur vi anv\u00e4nder skattebetalarnas pengar\u00a0 &nbsp; Redo att bygga en <a class=\"read-more-link\" href=\"https:\/\/wp.kristdemokraterna.se\/goteborg\/textsida-fullbredd\/var-politik-i-kommunen\/\">L\u00e4s mer<\/a><\/p>\n","protected":false},"author":858,"featured_media":0,"parent":272,"menu_order":0,"comment_status":"closed","ping_status":"closed","template":"page.php","meta":{"_acf_changed":false,"footnotes":""},"class_list":["post-373","page","type-page","status-publish","hentry"],"acf":[],"yoast_head":"<!-- This site is optimized with the Yoast SEO plugin v27.4 - https:\/\/yoast.com\/product\/yoast-seo-wordpress\/ -->\n<title>V\u00e5r politik i kommunen - Kristdemokraterna | G\u00f6teborg<\/title>\n<meta name=\"robots\" content=\"index, follow, max-snippet:-1, max-image-preview:large, max-video-preview:-1\" \/>\n<link rel=\"canonical\" href=\"https:\/\/wp.kristdemokraterna.se\/goteborg\/textsida-fullbredd\/var-politik-i-kommunen\/\" \/>\n<meta property=\"og:locale\" content=\"sv_SE\" \/>\n<meta property=\"og:type\" content=\"article\" \/>\n<meta property=\"og:title\" content=\"V\u00e5r politik i kommunen - Kristdemokraterna | G\u00f6teborg\" \/>\n<meta property=\"og:description\" content=\"Redo att ta strid f\u00f6r v\u00e4lf\u00e4rden \u2022 Vi vill bygga en stad f\u00f6r g\u00f6teborgarna, befriad fr\u00e5n skrytbyggen, politisk prestige och offentlig kl\u00e5fingrighet\u00a0 \u2022 Vi vill att G\u00f6teborg ska pr\u00e4glas av \u00f6ppenhet, transparens och mindre byr\u00e5krati\u00a0 \u2022 Vi kommer alltid att vara ansvarsfulla och tydliga med hur vi anv\u00e4nder skattebetalarnas pengar\u00a0 &nbsp; Redo att bygga en L\u00e4s mer\" \/>\n<meta property=\"og:url\" content=\"https:\/\/wp.kristdemokraterna.se\/goteborg\/textsida-fullbredd\/var-politik-i-kommunen\/\" \/>\n<meta property=\"og:site_name\" content=\"Kristdemokraterna | G\u00f6teborg\" \/>\n<meta property=\"article:modified_time\" content=\"2022-08-17T15:04:39+00:00\" \/>\n<meta name=\"twitter:card\" content=\"summary_large_image\" \/>\n<meta name=\"twitter:label1\" content=\"Ber\u00e4knad l\u00e4stid\" \/>\n\t<meta name=\"twitter:data1\" content=\"2 minuter\" \/>\n<script type=\"application\/ld+json\" class=\"yoast-schema-graph\">{\"@context\":\"https:\\\/\\\/schema.org\",\"@graph\":[{\"@type\":\"WebPage\",\"@id\":\"https:\\\/\\\/wp.kristdemokraterna.se\\\/goteborg\\\/textsida-fullbredd\\\/var-politik-i-kommunen\\\/\",\"url\":\"https:\\\/\\\/wp.kristdemokraterna.se\\\/goteborg\\\/textsida-fullbredd\\\/var-politik-i-kommunen\\\/\",\"name\":\"V\u00e5r politik i kommunen - Kristdemokraterna | G\u00f6teborg\",\"isPartOf\":{\"@id\":\"https:\\\/\\\/wp.kristdemokraterna.se\\\/goteborg\\\/#website\"},\"datePublished\":\"2017-12-04T15:47:18+00:00\",\"dateModified\":\"2022-08-17T15:04:39+00:00\",\"breadcrumb\":{\"@id\":\"https:\\\/\\\/wp.kristdemokraterna.se\\\/goteborg\\\/textsida-fullbredd\\\/var-politik-i-kommunen\\\/#breadcrumb\"},\"inLanguage\":\"sv-SE\",\"potentialAction\":[{\"@type\":\"ReadAction\",\"target\":[\"https:\\\/\\\/wp.kristdemokraterna.se\\\/goteborg\\\/textsida-fullbredd\\\/var-politik-i-kommunen\\\/\"]}]},{\"@type\":\"BreadcrumbList\",\"@id\":\"https:\\\/\\\/wp.kristdemokraterna.se\\\/goteborg\\\/textsida-fullbredd\\\/var-politik-i-kommunen\\\/#breadcrumb\",\"itemListElement\":[{\"@type\":\"ListItem\",\"position\":1,\"name\":\"Hem\",\"item\":\"https:\\\/\\\/wp.kristdemokraterna.se\\\/goteborg\\\/\"},{\"@type\":\"ListItem\",\"position\":2,\"name\":\"Vad vi st\u00e5r f\u00f6r!\",\"item\":\"https:\\\/\\\/wp.kristdemokraterna.se\\\/goteborg\\\/textsida-fullbredd\\\/\"},{\"@type\":\"ListItem\",\"position\":3,\"name\":\"V\u00e5r politik i kommunen\"}]},{\"@type\":\"WebSite\",\"@id\":\"https:\\\/\\\/wp.kristdemokraterna.se\\\/goteborg\\\/#website\",\"url\":\"https:\\\/\\\/wp.kristdemokraterna.se\\\/goteborg\\\/\",\"name\":\"Kristdemokraterna | G\u00f6teborg\",\"description\":\"Med omsorg om G\u00f6teborg\",\"inLanguage\":\"sv-SE\"}]}<\/script>\n<!-- \/ Yoast SEO plugin. -->","yoast_head_json":{"title":"V\u00e5r politik i kommunen - Kristdemokraterna | G\u00f6teborg","robots":{"index":"index","follow":"follow","max-snippet":"max-snippet:-1","max-image-preview":"max-image-preview:large","max-video-preview":"max-video-preview:-1"},"canonical":"https:\/\/wp.kristdemokraterna.se\/goteborg\/textsida-fullbredd\/var-politik-i-kommunen\/","og_locale":"sv_SE","og_type":"article","og_title":"V\u00e5r politik i kommunen - Kristdemokraterna | G\u00f6teborg","og_description":"Redo att ta strid f\u00f6r v\u00e4lf\u00e4rden \u2022 Vi vill bygga en stad f\u00f6r g\u00f6teborgarna, befriad fr\u00e5n skrytbyggen, politisk prestige och offentlig kl\u00e5fingrighet\u00a0 \u2022 Vi vill att G\u00f6teborg ska pr\u00e4glas av \u00f6ppenhet, transparens och mindre byr\u00e5krati\u00a0 \u2022 Vi kommer alltid att vara ansvarsfulla och tydliga med hur vi anv\u00e4nder skattebetalarnas pengar\u00a0 &nbsp; Redo att bygga en L\u00e4s mer","og_url":"https:\/\/wp.kristdemokraterna.se\/goteborg\/textsida-fullbredd\/var-politik-i-kommunen\/","og_site_name":"Kristdemokraterna | G\u00f6teborg","article_modified_time":"2022-08-17T15:04:39+00:00","twitter_card":"summary_large_image","twitter_misc":{"Ber\u00e4knad l\u00e4stid":"2 minuter"},"schema":{"@context":"https:\/\/schema.org","@graph":[{"@type":"WebPage","@id":"https:\/\/wp.kristdemokraterna.se\/goteborg\/textsida-fullbredd\/var-politik-i-kommunen\/","url":"https:\/\/wp.kristdemokraterna.se\/goteborg\/textsida-fullbredd\/var-politik-i-kommunen\/","name":"V\u00e5r politik i kommunen - Kristdemokraterna | G\u00f6teborg","isPartOf":{"@id":"https:\/\/wp.kristdemokraterna.se\/goteborg\/#website"},"datePublished":"2017-12-04T15:47:18+00:00","dateModified":"2022-08-17T15:04:39+00:00","breadcrumb":{"@id":"https:\/\/wp.kristdemokraterna.se\/goteborg\/textsida-fullbredd\/var-politik-i-kommunen\/#breadcrumb"},"inLanguage":"sv-SE","potentialAction":[{"@type":"ReadAction","target":["https:\/\/wp.kristdemokraterna.se\/goteborg\/textsida-fullbredd\/var-politik-i-kommunen\/"]}]},{"@type":"BreadcrumbList","@id":"https:\/\/wp.kristdemokraterna.se\/goteborg\/textsida-fullbredd\/var-politik-i-kommunen\/#breadcrumb","itemListElement":[{"@type":"ListItem","position":1,"name":"Hem","item":"https:\/\/wp.kristdemokraterna.se\/goteborg\/"},{"@type":"ListItem","position":2,"name":"Vad vi st\u00e5r f\u00f6r!","item":"https:\/\/wp.kristdemokraterna.se\/goteborg\/textsida-fullbredd\/"},{"@type":"ListItem","position":3,"name":"V\u00e5r politik i kommunen"}]},{"@type":"WebSite","@id":"https:\/\/wp.kristdemokraterna.se\/goteborg\/#website","url":"https:\/\/wp.kristdemokraterna.se\/goteborg\/","name":"Kristdemokraterna | G\u00f6teborg","description":"Med omsorg om G\u00f6teborg","inLanguage":"sv-SE"}]}},"_links":{"self":[{"href":"https:\/\/wp.kristdemokraterna.se\/goteborg\/wp-json\/wp\/v2\/pages\/373","targetHints":{"allow":["GET"]}}],"collection":[{"href":"https:\/\/wp.kristdemokraterna.se\/goteborg\/wp-json\/wp\/v2\/pages"}],"about":[{"href":"https:\/\/wp.kristdemokraterna.se\/goteborg\/wp-json\/wp\/v2\/types\/page"}],"author":[{"embeddable":true,"href":"https:\/\/wp.kristdemokraterna.se\/goteborg\/wp-json\/wp\/v2\/users\/858"}],"replies":[{"embeddable":true,"href":"https:\/\/wp.kristdemokraterna.se\/goteborg\/wp-json\/wp\/v2\/comments?post=373"}],"version-history":[{"count":3,"href":"https:\/\/wp.kristdemokraterna.se\/goteborg\/wp-json\/wp\/v2\/pages\/373\/revisions"}],"predecessor-version":[{"id":580,"href":"https:\/\/wp.kristdemokraterna.se\/goteborg\/wp-json\/wp\/v2\/pages\/373\/revisions\/580"}],"up":[{"embeddable":true,"href":"https:\/\/wp.kristdemokraterna.se\/goteborg\/wp-json\/wp\/v2\/pages\/272"}],"wp:attachment":[{"href":"https:\/\/wp.kristdemokraterna.se\/goteborg\/wp-json\/wp\/v2\/media?parent=373"}],"curies":[{"name":"wp","href":"https:\/\/api.w.org\/{rel}","templated":true}]}}