{"id":375,"date":"2017-12-04T16:48:06","date_gmt":"2017-12-04T15:48:06","guid":{"rendered":"http:\/\/wp.kristdemokraterna.se\/goteborg\/?page_id=375"},"modified":"2022-08-18T15:23:14","modified_gmt":"2022-08-18T13:23:14","slug":"var-politik-i-landstinget","status":"publish","type":"page","link":"https:\/\/wp.kristdemokraterna.se\/goteborg\/textsida-fullbredd\/var-politik-i-landstinget\/","title":{"rendered":"V\u00e5r politik i regionen"},"content":{"rendered":"<div class=\"page\" title=\"Page 2\">\n<div class=\"layoutArea\">\n<div class=\"column\">\n<p>Va\u030ar politik utga\u030ar fra\u030an att varje ma\u0308nniska a\u0308r unik och att alla ma\u0308nniskor har samma absoluta och okra\u0308nkbara va\u0308rde. Alla regionens verksamheter ska ka\u0308nnetecknas av va\u0308rdighet, kvalitet, tillga\u0308nglighet och ja\u0308mlikhet. Det ska vara en sja\u0308lvklarhet att ha\u0308nsyn alltid tas till ma\u0308nniskors olika fo\u0308rutsa\u0308ttningar. Hinder fo\u0308r delaktighet bland personer med funktionsnedsa\u0308ttningar ma\u030aste rivas.<\/p>\n<\/div>\n<\/div>\n<\/div>\n<div class=\"page\" title=\"Page 2\">\n<div class=\"layoutArea\">\n<div class=\"column\">\n<p>Den solidariskt finansierade ha\u0308lso- och sjukva\u030arden a\u0308r va\u0308lfa\u0308rdens ka\u0308rna och den som har sto\u0308rst behov ska ges fo\u0308retra\u0308de i va\u030arden. Vi driver en framtidsinriktad politik med ma\u030alet att skapa en effektiv och ko\u0308fri va\u030ard av ho\u0308gsta kvalitet. Denenskildepatientenskaalltidsta\u030aifokus.Dettaa\u0308rocksa\u030a en grundsats i den omsta\u0308llning sjukva\u030arden genomga\u030ar, med en fo\u0308rsta\u0308rkt prima\u0308rva\u030ard som flyttar va\u030arden na\u0308rmare patienten. Ha\u0308lsofra\u0308mjande och fo\u0308rebyggande behandling ska prioriteras och vara en naturlig del i alla va\u030ardmo\u0308ten.<\/p>\n<div class=\"page\" title=\"Page 2\">\n<div class=\"layoutArea\">\n<div class=\"column\">\n<p>Va\u030arden och omsorgenska tillgodose ma\u0308nniskans fysiska, psykiska,socialaochandligadimension.Detfinnsstora andliga och sja\u0308lsliga behov som inte alltid hinner mo\u0308tas i den ordinarie sjukva\u030ardsverksamheten. Ha\u0308r har sjukhuskyrkan en betydelsefull roll i att mo\u0308ta ma\u0308nniskor som genomga\u030ar sjukdom, ensamhet och kriser.<\/p>\n<div class=\"page\" title=\"Page 2\">\n<div class=\"layoutArea\">\n<div class=\"column\">\n<p>Kristdemokraterna vill att staten tar ansvar fo\u0308r sjukva\u030arden sa\u030a att en ho\u0308gkvalitativ, effektiv och ja\u0308mlik va\u030ard kan ges pa\u030a lika villkor till hela Sveriges befolkning. I avvaktan pa\u030a en sa\u030adanreformarbetarvifo\u0308rattregionenskaerbjudaba\u0308sta mo\u0308jliga va\u030ard och omsorg.<\/p>\n<div class=\"page\" title=\"Page 3\">\n<div class=\"layoutArea\">\n<div class=\"column\">\n<p>Va\u0308stra Go\u0308talandsregionen ska vara starkt rustat vid pandemi eller annan samha\u0308llskris. Snabba och effektiva insatser ska, vid sa\u030adana situationer, kunna sa\u0308ttas in fo\u0308r att minska de negativa konsekvenserna fo\u0308r individer och samha\u0308lle.<\/p>\n<div class=\"page\" title=\"Page 3\">\n<div class=\"layoutArea\">\n<div class=\"column\">\n<p>Vi verkar fo\u0308r en trygg och va\u0308lfungerande kollektivtrafik, godakommunikationer,ettriktkulturliv,framstegpa\u030amiljo\u0308- och klimatomra\u030adet och ett gynnsamt fo\u0308retagsklimat. Detta a\u0308r viktiga fra\u030agor fo\u0308r att skapa ett mer attraktivt, konkurrenskraftigt och ha\u030allbart Va\u0308stra Go\u0308taland.<\/p>\n<p>Va\u030arpolitikva\u0308rnara\u0308venomattskapagodafo\u0308rutsa\u0308ttningar fo\u0308r lands- och kustbygden samt fo\u0308r att den ideella sektorn att utvecklas.<\/p>\n<p>L\u00e4s mer om v\u00e5r regionpolitik h\u00e4r: https:\/\/wp.kristdemokraterna.se\/vg\/files\/2022\/06\/valprogram-2022-kd.pdf<\/p>\n<\/div>\n<\/div>\n<\/div>\n<\/div>\n<\/div>\n<\/div>\n<\/div>\n<\/div>\n<\/div>\n<\/div>\n<\/div>\n<\/div>\n<\/div>\n<\/div>\n<\/div>\n","protected":false},"excerpt":{"rendered":"<p>Va\u030ar politik utga\u030ar fra\u030an att varje ma\u0308nniska a\u0308r unik och att alla ma\u0308nniskor har samma absoluta och okra\u0308nkbara va\u0308rde. Alla regionens verksamheter ska ka\u0308nnetecknas av va\u0308rdighet, kvalitet, tillga\u0308nglighet och ja\u0308mlikhet. Det ska vara en sja\u0308lvklarhet att ha\u0308nsyn alltid tas till ma\u0308nniskors olika fo\u0308rutsa\u0308ttningar. Hinder fo\u0308r delaktighet bland personer med funktionsnedsa\u0308ttningar ma\u030aste rivas. Den solidariskt finansierade <a class=\"read-more-link\" href=\"https:\/\/wp.kristdemokraterna.se\/goteborg\/textsida-fullbredd\/var-politik-i-landstinget\/\">L\u00e4s mer<\/a><\/p>\n","protected":false},"author":858,"featured_media":0,"parent":272,"menu_order":0,"comment_status":"closed","ping_status":"closed","template":"page.php","meta":{"_acf_changed":false,"footnotes":""},"class_list":["post-375","page","type-page","status-publish","hentry"],"acf":[],"yoast_head":"<!-- This site is optimized with the Yoast SEO plugin v27.4 - https:\/\/yoast.com\/product\/yoast-seo-wordpress\/ -->\n<title>V\u00e5r politik i regionen - Kristdemokraterna | G\u00f6teborg<\/title>\n<meta name=\"robots\" content=\"index, follow, max-snippet:-1, max-image-preview:large, max-video-preview:-1\" \/>\n<link rel=\"canonical\" href=\"https:\/\/wp.kristdemokraterna.se\/goteborg\/textsida-fullbredd\/var-politik-i-landstinget\/\" \/>\n<meta property=\"og:locale\" content=\"sv_SE\" \/>\n<meta property=\"og:type\" content=\"article\" \/>\n<meta property=\"og:title\" content=\"V\u00e5r politik i regionen - Kristdemokraterna | G\u00f6teborg\" \/>\n<meta property=\"og:description\" content=\"Va\u030ar politik utga\u030ar fra\u030an att varje ma\u0308nniska a\u0308r unik och att alla ma\u0308nniskor har samma absoluta och okra\u0308nkbara va\u0308rde. Alla regionens verksamheter ska ka\u0308nnetecknas av va\u0308rdighet, kvalitet, tillga\u0308nglighet och ja\u0308mlikhet. Det ska vara en sja\u0308lvklarhet att ha\u0308nsyn alltid tas till ma\u0308nniskors olika fo\u0308rutsa\u0308ttningar. Hinder fo\u0308r delaktighet bland personer med funktionsnedsa\u0308ttningar ma\u030aste rivas. Den solidariskt finansierade L\u00e4s mer\" \/>\n<meta property=\"og:url\" content=\"https:\/\/wp.kristdemokraterna.se\/goteborg\/textsida-fullbredd\/var-politik-i-landstinget\/\" \/>\n<meta property=\"og:site_name\" content=\"Kristdemokraterna | G\u00f6teborg\" \/>\n<meta property=\"article:modified_time\" content=\"2022-08-18T13:23:14+00:00\" \/>\n<meta name=\"twitter:card\" content=\"summary_large_image\" \/>\n<meta name=\"twitter:label1\" content=\"Ber\u00e4knad l\u00e4stid\" \/>\n\t<meta name=\"twitter:data1\" content=\"2 minuter\" \/>\n<script type=\"application\/ld+json\" class=\"yoast-schema-graph\">{\"@context\":\"https:\\\/\\\/schema.org\",\"@graph\":[{\"@type\":\"WebPage\",\"@id\":\"https:\\\/\\\/wp.kristdemokraterna.se\\\/goteborg\\\/textsida-fullbredd\\\/var-politik-i-landstinget\\\/\",\"url\":\"https:\\\/\\\/wp.kristdemokraterna.se\\\/goteborg\\\/textsida-fullbredd\\\/var-politik-i-landstinget\\\/\",\"name\":\"V\u00e5r politik i regionen - Kristdemokraterna | G\u00f6teborg\",\"isPartOf\":{\"@id\":\"https:\\\/\\\/wp.kristdemokraterna.se\\\/goteborg\\\/#website\"},\"datePublished\":\"2017-12-04T15:48:06+00:00\",\"dateModified\":\"2022-08-18T13:23:14+00:00\",\"breadcrumb\":{\"@id\":\"https:\\\/\\\/wp.kristdemokraterna.se\\\/goteborg\\\/textsida-fullbredd\\\/var-politik-i-landstinget\\\/#breadcrumb\"},\"inLanguage\":\"sv-SE\",\"potentialAction\":[{\"@type\":\"ReadAction\",\"target\":[\"https:\\\/\\\/wp.kristdemokraterna.se\\\/goteborg\\\/textsida-fullbredd\\\/var-politik-i-landstinget\\\/\"]}]},{\"@type\":\"BreadcrumbList\",\"@id\":\"https:\\\/\\\/wp.kristdemokraterna.se\\\/goteborg\\\/textsida-fullbredd\\\/var-politik-i-landstinget\\\/#breadcrumb\",\"itemListElement\":[{\"@type\":\"ListItem\",\"position\":1,\"name\":\"Hem\",\"item\":\"https:\\\/\\\/wp.kristdemokraterna.se\\\/goteborg\\\/\"},{\"@type\":\"ListItem\",\"position\":2,\"name\":\"Vad vi st\u00e5r f\u00f6r!\",\"item\":\"https:\\\/\\\/wp.kristdemokraterna.se\\\/goteborg\\\/textsida-fullbredd\\\/\"},{\"@type\":\"ListItem\",\"position\":3,\"name\":\"V\u00e5r politik i regionen\"}]},{\"@type\":\"WebSite\",\"@id\":\"https:\\\/\\\/wp.kristdemokraterna.se\\\/goteborg\\\/#website\",\"url\":\"https:\\\/\\\/wp.kristdemokraterna.se\\\/goteborg\\\/\",\"name\":\"Kristdemokraterna | G\u00f6teborg\",\"description\":\"Med omsorg om G\u00f6teborg\",\"inLanguage\":\"sv-SE\"}]}<\/script>\n<!-- \/ Yoast SEO plugin. -->","yoast_head_json":{"title":"V\u00e5r politik i regionen - Kristdemokraterna | G\u00f6teborg","robots":{"index":"index","follow":"follow","max-snippet":"max-snippet:-1","max-image-preview":"max-image-preview:large","max-video-preview":"max-video-preview:-1"},"canonical":"https:\/\/wp.kristdemokraterna.se\/goteborg\/textsida-fullbredd\/var-politik-i-landstinget\/","og_locale":"sv_SE","og_type":"article","og_title":"V\u00e5r politik i regionen - Kristdemokraterna | G\u00f6teborg","og_description":"Va\u030ar politik utga\u030ar fra\u030an att varje ma\u0308nniska a\u0308r unik och att alla ma\u0308nniskor har samma absoluta och okra\u0308nkbara va\u0308rde. Alla regionens verksamheter ska ka\u0308nnetecknas av va\u0308rdighet, kvalitet, tillga\u0308nglighet och ja\u0308mlikhet. Det ska vara en sja\u0308lvklarhet att ha\u0308nsyn alltid tas till ma\u0308nniskors olika fo\u0308rutsa\u0308ttningar. Hinder fo\u0308r delaktighet bland personer med funktionsnedsa\u0308ttningar ma\u030aste rivas. Den solidariskt finansierade L\u00e4s mer","og_url":"https:\/\/wp.kristdemokraterna.se\/goteborg\/textsida-fullbredd\/var-politik-i-landstinget\/","og_site_name":"Kristdemokraterna | G\u00f6teborg","article_modified_time":"2022-08-18T13:23:14+00:00","twitter_card":"summary_large_image","twitter_misc":{"Ber\u00e4knad l\u00e4stid":"2 minuter"},"schema":{"@context":"https:\/\/schema.org","@graph":[{"@type":"WebPage","@id":"https:\/\/wp.kristdemokraterna.se\/goteborg\/textsida-fullbredd\/var-politik-i-landstinget\/","url":"https:\/\/wp.kristdemokraterna.se\/goteborg\/textsida-fullbredd\/var-politik-i-landstinget\/","name":"V\u00e5r politik i regionen - Kristdemokraterna | G\u00f6teborg","isPartOf":{"@id":"https:\/\/wp.kristdemokraterna.se\/goteborg\/#website"},"datePublished":"2017-12-04T15:48:06+00:00","dateModified":"2022-08-18T13:23:14+00:00","breadcrumb":{"@id":"https:\/\/wp.kristdemokraterna.se\/goteborg\/textsida-fullbredd\/var-politik-i-landstinget\/#breadcrumb"},"inLanguage":"sv-SE","potentialAction":[{"@type":"ReadAction","target":["https:\/\/wp.kristdemokraterna.se\/goteborg\/textsida-fullbredd\/var-politik-i-landstinget\/"]}]},{"@type":"BreadcrumbList","@id":"https:\/\/wp.kristdemokraterna.se\/goteborg\/textsida-fullbredd\/var-politik-i-landstinget\/#breadcrumb","itemListElement":[{"@type":"ListItem","position":1,"name":"Hem","item":"https:\/\/wp.kristdemokraterna.se\/goteborg\/"},{"@type":"ListItem","position":2,"name":"Vad vi st\u00e5r f\u00f6r!","item":"https:\/\/wp.kristdemokraterna.se\/goteborg\/textsida-fullbredd\/"},{"@type":"ListItem","position":3,"name":"V\u00e5r politik i regionen"}]},{"@type":"WebSite","@id":"https:\/\/wp.kristdemokraterna.se\/goteborg\/#website","url":"https:\/\/wp.kristdemokraterna.se\/goteborg\/","name":"Kristdemokraterna | G\u00f6teborg","description":"Med omsorg om G\u00f6teborg","inLanguage":"sv-SE"}]}},"_links":{"self":[{"href":"https:\/\/wp.kristdemokraterna.se\/goteborg\/wp-json\/wp\/v2\/pages\/375","targetHints":{"allow":["GET"]}}],"collection":[{"href":"https:\/\/wp.kristdemokraterna.se\/goteborg\/wp-json\/wp\/v2\/pages"}],"about":[{"href":"https:\/\/wp.kristdemokraterna.se\/goteborg\/wp-json\/wp\/v2\/types\/page"}],"author":[{"embeddable":true,"href":"https:\/\/wp.kristdemokraterna.se\/goteborg\/wp-json\/wp\/v2\/users\/858"}],"replies":[{"embeddable":true,"href":"https:\/\/wp.kristdemokraterna.se\/goteborg\/wp-json\/wp\/v2\/comments?post=375"}],"version-history":[{"count":4,"href":"https:\/\/wp.kristdemokraterna.se\/goteborg\/wp-json\/wp\/v2\/pages\/375\/revisions"}],"predecessor-version":[{"id":592,"href":"https:\/\/wp.kristdemokraterna.se\/goteborg\/wp-json\/wp\/v2\/pages\/375\/revisions\/592"}],"up":[{"embeddable":true,"href":"https:\/\/wp.kristdemokraterna.se\/goteborg\/wp-json\/wp\/v2\/pages\/272"}],"wp:attachment":[{"href":"https:\/\/wp.kristdemokraterna.se\/goteborg\/wp-json\/wp\/v2\/media?parent=375"}],"curies":[{"name":"wp","href":"https:\/\/api.w.org\/{rel}","templated":true}]}}