{"id":342,"date":"2017-11-30T15:21:10","date_gmt":"2017-11-30T14:21:10","guid":{"rendered":"http:\/\/wp.kristdemokraterna.se\/gotene\/?page_id=342"},"modified":"2019-06-25T11:13:33","modified_gmt":"2019-06-25T09:13:33","slug":"i-var-kommun","status":"publish","type":"page","link":"https:\/\/wp.kristdemokraterna.se\/gotene\/i-var-kommun\/","title":{"rendered":"Vad vill vi i v\u00e5r kommun"},"content":{"rendered":"<p><strong>Vi Kristdemokrater har de senaste \u00e5ren \u00e5stadkommit mycket som vi \u00e4r stolta \u00f6ver. Vi har bidragit till att G\u00f6tene kommun g\u00e5tt fr\u00e5n att vara en utflyttningskommun till att vara en v\u00e4xande kommun med god ekonomi. Barnomsorg och skola f\u00e5r goda betyg och vi har f\u00e5tt pris som b\u00e4sta seniorkommun i landet.<\/strong><\/p>\n<p><strong>Ska vi vara n\u00f6jda d\u00e5? Vi tycker inte det. Att folk i genomsnitt har f\u00e5tt det b\u00e4ttre betyder inte att alla har det bra. Kristdemokraterna i G\u00f6tene vill d\u00e4rf\u00f6r jobba f\u00f6r f\u00f6ljande viktiga punkter:<\/strong><\/p>\n<p><strong>ETT M\u00c4NSKLIGARE SAMH\u00c4LLE<\/strong><\/p>\n<p>Vi tror p\u00e5 f\u00e4rre pekpinnar och mer valfrihet. Vi vill forts\u00e4tta och utveckla v\u00e5rdnadsbidraget s\u00e5 det passar fler familjer. Vi vill g\u00f6ra det l\u00e4ttare f\u00f6r familjer att sj\u00e4lva planera sin vardag. Alla familjer ska f\u00e5 st\u00f6d i den utstr\u00e4ckning som beh\u00f6vs f\u00f6r att klara vardagen. Barnfamiljer skall uppleva en trygg och harmonisk uppv\u00e4xtmilj\u00f6 med bra skolor, s\u00e4kra f\u00e4rdv\u00e4gar, barnv\u00e4nliga omr\u00e5den och ett rikt utbud av fritidsaktiviteter. Varfrihet n\u00e4r det g\u00e4ller barnomsorg, skola och boende f\u00f6r barnfamiljer tycker vi \u00e4r viktigt.<\/p>\n<p><strong>TRYGGARE BARN L\u00c4R SIG MER<\/strong><\/p>\n<p>Skolan skall handla om kunskap. Det beh\u00f6vs tydliga m\u00e5l och undervisning som passar varje elev. Vi vet att barn \u00e4r olika och l\u00e4r sig p\u00e5 olika s\u00e4tt. D\u00e4rf\u00f6r m\u00e5ste skolan tidigt uppm\u00e4rksamma de barn som har behov av s\u00e4rskilt st\u00f6d. Skolan ska ha en tydlig v\u00e4rdegrund som baseras p\u00e5 respekt f\u00f6r att m\u00e4nniskor \u00e4r olika, men lika mycket v\u00e4rda. Barnen f\u00f6rtj\u00e4nar trivsamma lokaler, bra mat och l\u00e4rare som tar krafttag mot mobbning.<\/p>\n<p>Alla barn \u00e4r v\u00e4rda en bra skolg\u00e5ng.<\/p>\n<p>En f\u00f6ruts\u00e4ttning f\u00f6r att skolan ska bli trygg \u00e4r att ha fler vuxna p\u00e5 plats, inte enbart l\u00e4rare utan \u00e4ven elevh\u00e4lsov\u00e5rd, kuratorer och annan personal. Dessutom \u00e4r det n\u00f6dv\u00e4ndigt med engagerade f\u00f6r\u00e4ldrar som st\u00f6ttar och uppmuntrar, skapar f\u00f6ruts\u00e4ttningar f\u00f6r att l\u00e4xorna blir gjorda och bryr sig om vad som h\u00e4nder i skolan.<\/p>\n<p><strong>MER RESPEKT F\u00d6R DE \u00c4LDRE<\/strong><\/p>\n<p>Kristdemokraterna vill att de \u00e4ldre ska forts\u00e4tta uppfatta G\u00f6tene kommun som den mest seniorv\u00e4nliga kommunen. F\u00f6r att leva v\u00e4rdiga liv beh\u00f6ver \u00e4ldre m\u00e4nniskor bem\u00f6tas med respekt. Vi vill \u00f6ka valfriheten och inf\u00f6ra fler boendeformer. Alla \u00e4ldre beh\u00f6ver inte v\u00e5rd \u2013 vi har fler friska och aktiva pension\u00e4rer i Sverige \u00e4n n\u00e5gonsin tidigare, och antalet kommer att forts\u00e4tta att stiga. Det vore galenskap att inte f\u00f6rvalta den resurs som \u00e4ldres energi, erfarenhet och kompetens kan tillf\u00f6ra samh\u00e4llet. Vi tycker att Sveriges \u00e4ldre f\u00f6rtj\u00e4nar mer respekt.<\/p>\n<p>V\u00e5r grundsyn p\u00e5 \u00e4ldreomsorgen \u00e4r att den m\u00e5ste vara s\u00e5 personligt anpassad som m\u00f6jligt. M\u00e4nniskor blir inte mer lika bara f\u00f6r att de blir \u00e4ldre. F\u00f6r Kristdemokraterna \u00e4r det sj\u00e4lvklart att vi gemensamt ska betala f\u00f6r \u00e4ldreomsorgen via skatten, men lika sj\u00e4lvklart att du sj\u00e4lv ska f\u00e5 v\u00e4lja var du vill bo eller vem som skall hj\u00e4lpa dig hemma. Ingen ska beh\u00f6va vara r\u00e4dd f\u00f6r att inte f\u00e5 det boende eller den omsorg man beh\u00f6ver.<\/p>\n<p><strong>FLER F\u00d6RETAG GER FLER JOBB<\/strong><\/p>\n<p>Politiker kan inte skapa jobb i n\u00e5gon st\u00f6rre utstr\u00e4ckning, men vi kan skapa bra, rimliga och l\u00e5ngsiktiga f\u00f6ruts\u00e4ttningar f\u00f6r f\u00f6retagande i v\u00e5r kommun. Avg\u00f6rande f\u00f6r allas v\u00e5r framtid \u00e4r att det finns arbete s\u00e5 att vi kan f\u00f6rs\u00f6rja oss sj\u00e4lva, men ocks\u00e5 vara solidariska med dem som inte kan arbeta av olika sk\u00e4l. M\u00e4nniskor kan inte alltid vara starka. Vem som helst kan drabbas av sjukdom, f\u00f6rlora jobbet eller r\u00e5ka ut f\u00f6r andra saker som g\u00f6r att man beh\u00f6ver st\u00f6d. Kristdemokraterna menar att ett m\u00e4nskligt samh\u00e4lle m\u00e5ste bygga p\u00e5 en solidaritetsprincip som ser till att alla m\u00e4nniskor kan k\u00e4nna sig trygga. Alla m\u00e5ste f\u00e5 k\u00e4nna sig beh\u00f6vda. Vi vill ha ett samh\u00e4lle som tar vara p\u00e5 m\u00e4nniskors m\u00f6jligheter och inneboende f\u00f6rm\u00e5ga.<\/p>\n<p>Vi vill forts\u00e4tta v\u00e5ra anstr\u00e4ngningar f\u00f6r fler inv\u00e5nare, livskraftiga f\u00f6retag och en v\u00e4xande turistn\u00e4ring. Milj\u00f6arbetet skall vara i fokus f\u00f6r en h\u00e5llbar utveckling. G\u00f6tene kommun visar v\u00e4gen genom milj\u00f6f\u00f6rb\u00e4ttrande \u00e5tg\u00e4rder och ny teknik. P\u00e5 ett ekonomiskt h\u00e5llbart s\u00e4tt vill vi f\u00f6rvalta kommunens resurser f\u00f6r kommande generationer. Genom fortsatta satsningar p\u00e5 v\u00e5r milj\u00f6 ska G\u00f6tene bidra till en b\u00e4ttre v\u00e4rld.<\/p>\n","protected":false},"excerpt":{"rendered":"<p>Vi Kristdemokrater har de senaste \u00e5ren \u00e5stadkommit mycket som vi \u00e4r stolta \u00f6ver. Vi har bidragit till att G\u00f6tene kommun g\u00e5tt fr\u00e5n att vara en utflyttningskommun till att vara en v\u00e4xande kommun med god ekonomi. Barnomsorg och skola f\u00e5r goda betyg och vi har f\u00e5tt pris som b\u00e4sta seniorkommun i landet. Ska vi vara n\u00f6jda <a class=\"read-more-link\" href=\"https:\/\/wp.kristdemokraterna.se\/gotene\/i-var-kommun\/\">L\u00e4s mer<\/a><\/p>\n","protected":false},"author":842,"featured_media":0,"parent":0,"menu_order":0,"comment_status":"closed","ping_status":"closed","template":"page.php","meta":{"_acf_changed":false,"footnotes":""},"class_list":["post-342","page","type-page","status-publish","hentry"],"acf":[],"yoast_head":"<!-- This site is optimized with the Yoast SEO plugin v27.4 - https:\/\/yoast.com\/product\/yoast-seo-wordpress\/ -->\n<title>Vad vill vi i v\u00e5r kommun - Kristdemokraterna | G\u00f6tene<\/title>\n<meta name=\"robots\" content=\"index, follow, max-snippet:-1, max-image-preview:large, max-video-preview:-1\" \/>\n<link rel=\"canonical\" href=\"https:\/\/wp.kristdemokraterna.se\/gotene\/i-var-kommun\/\" \/>\n<meta property=\"og:locale\" content=\"sv_SE\" \/>\n<meta property=\"og:type\" content=\"article\" \/>\n<meta property=\"og:title\" content=\"Vad vill vi i v\u00e5r kommun - Kristdemokraterna | G\u00f6tene\" \/>\n<meta property=\"og:description\" content=\"Vi Kristdemokrater har de senaste \u00e5ren \u00e5stadkommit mycket som vi \u00e4r stolta \u00f6ver. Vi har bidragit till att G\u00f6tene kommun g\u00e5tt fr\u00e5n att vara en utflyttningskommun till att vara en v\u00e4xande kommun med god ekonomi. Barnomsorg och skola f\u00e5r goda betyg och vi har f\u00e5tt pris som b\u00e4sta seniorkommun i landet. Ska vi vara n\u00f6jda L\u00e4s mer\" \/>\n<meta property=\"og:url\" content=\"https:\/\/wp.kristdemokraterna.se\/gotene\/i-var-kommun\/\" \/>\n<meta property=\"og:site_name\" content=\"Kristdemokraterna | G\u00f6tene\" \/>\n<meta property=\"article:modified_time\" content=\"2019-06-25T09:13:33+00:00\" \/>\n<meta name=\"twitter:card\" content=\"summary_large_image\" \/>\n<meta name=\"twitter:label1\" content=\"Ber\u00e4knad l\u00e4stid\" \/>\n\t<meta name=\"twitter:data1\" content=\"4 minuter\" \/>\n<script type=\"application\/ld+json\" class=\"yoast-schema-graph\">{\"@context\":\"https:\\\/\\\/schema.org\",\"@graph\":[{\"@type\":\"WebPage\",\"@id\":\"https:\\\/\\\/wp.kristdemokraterna.se\\\/gotene\\\/i-var-kommun\\\/\",\"url\":\"https:\\\/\\\/wp.kristdemokraterna.se\\\/gotene\\\/i-var-kommun\\\/\",\"name\":\"Vad vill vi i v\u00e5r kommun - Kristdemokraterna | G\u00f6tene\",\"isPartOf\":{\"@id\":\"https:\\\/\\\/wp.kristdemokraterna.se\\\/gotene\\\/#website\"},\"datePublished\":\"2017-11-30T14:21:10+00:00\",\"dateModified\":\"2019-06-25T09:13:33+00:00\",\"breadcrumb\":{\"@id\":\"https:\\\/\\\/wp.kristdemokraterna.se\\\/gotene\\\/i-var-kommun\\\/#breadcrumb\"},\"inLanguage\":\"sv-SE\",\"potentialAction\":[{\"@type\":\"ReadAction\",\"target\":[\"https:\\\/\\\/wp.kristdemokraterna.se\\\/gotene\\\/i-var-kommun\\\/\"]}]},{\"@type\":\"BreadcrumbList\",\"@id\":\"https:\\\/\\\/wp.kristdemokraterna.se\\\/gotene\\\/i-var-kommun\\\/#breadcrumb\",\"itemListElement\":[{\"@type\":\"ListItem\",\"position\":1,\"name\":\"Hem\",\"item\":\"https:\\\/\\\/wp.kristdemokraterna.se\\\/gotene\\\/\"},{\"@type\":\"ListItem\",\"position\":2,\"name\":\"Vad vill vi i v\u00e5r kommun\"}]},{\"@type\":\"WebSite\",\"@id\":\"https:\\\/\\\/wp.kristdemokraterna.se\\\/gotene\\\/#website\",\"url\":\"https:\\\/\\\/wp.kristdemokraterna.se\\\/gotene\\\/\",\"name\":\"Kristdemokraterna | G\u00f6tene\",\"description\":\"En till Kristdemokraterna webbplats\",\"inLanguage\":\"sv-SE\"}]}<\/script>\n<!-- \/ Yoast SEO plugin. -->","yoast_head_json":{"title":"Vad vill vi i v\u00e5r kommun - Kristdemokraterna | G\u00f6tene","robots":{"index":"index","follow":"follow","max-snippet":"max-snippet:-1","max-image-preview":"max-image-preview:large","max-video-preview":"max-video-preview:-1"},"canonical":"https:\/\/wp.kristdemokraterna.se\/gotene\/i-var-kommun\/","og_locale":"sv_SE","og_type":"article","og_title":"Vad vill vi i v\u00e5r kommun - Kristdemokraterna | G\u00f6tene","og_description":"Vi Kristdemokrater har de senaste \u00e5ren \u00e5stadkommit mycket som vi \u00e4r stolta \u00f6ver. Vi har bidragit till att G\u00f6tene kommun g\u00e5tt fr\u00e5n att vara en utflyttningskommun till att vara en v\u00e4xande kommun med god ekonomi. Barnomsorg och skola f\u00e5r goda betyg och vi har f\u00e5tt pris som b\u00e4sta seniorkommun i landet. Ska vi vara n\u00f6jda L\u00e4s mer","og_url":"https:\/\/wp.kristdemokraterna.se\/gotene\/i-var-kommun\/","og_site_name":"Kristdemokraterna | G\u00f6tene","article_modified_time":"2019-06-25T09:13:33+00:00","twitter_card":"summary_large_image","twitter_misc":{"Ber\u00e4knad l\u00e4stid":"4 minuter"},"schema":{"@context":"https:\/\/schema.org","@graph":[{"@type":"WebPage","@id":"https:\/\/wp.kristdemokraterna.se\/gotene\/i-var-kommun\/","url":"https:\/\/wp.kristdemokraterna.se\/gotene\/i-var-kommun\/","name":"Vad vill vi i v\u00e5r kommun - Kristdemokraterna | G\u00f6tene","isPartOf":{"@id":"https:\/\/wp.kristdemokraterna.se\/gotene\/#website"},"datePublished":"2017-11-30T14:21:10+00:00","dateModified":"2019-06-25T09:13:33+00:00","breadcrumb":{"@id":"https:\/\/wp.kristdemokraterna.se\/gotene\/i-var-kommun\/#breadcrumb"},"inLanguage":"sv-SE","potentialAction":[{"@type":"ReadAction","target":["https:\/\/wp.kristdemokraterna.se\/gotene\/i-var-kommun\/"]}]},{"@type":"BreadcrumbList","@id":"https:\/\/wp.kristdemokraterna.se\/gotene\/i-var-kommun\/#breadcrumb","itemListElement":[{"@type":"ListItem","position":1,"name":"Hem","item":"https:\/\/wp.kristdemokraterna.se\/gotene\/"},{"@type":"ListItem","position":2,"name":"Vad vill vi i v\u00e5r kommun"}]},{"@type":"WebSite","@id":"https:\/\/wp.kristdemokraterna.se\/gotene\/#website","url":"https:\/\/wp.kristdemokraterna.se\/gotene\/","name":"Kristdemokraterna | G\u00f6tene","description":"En till Kristdemokraterna webbplats","inLanguage":"sv-SE"}]}},"_links":{"self":[{"href":"https:\/\/wp.kristdemokraterna.se\/gotene\/wp-json\/wp\/v2\/pages\/342","targetHints":{"allow":["GET"]}}],"collection":[{"href":"https:\/\/wp.kristdemokraterna.se\/gotene\/wp-json\/wp\/v2\/pages"}],"about":[{"href":"https:\/\/wp.kristdemokraterna.se\/gotene\/wp-json\/wp\/v2\/types\/page"}],"author":[{"embeddable":true,"href":"https:\/\/wp.kristdemokraterna.se\/gotene\/wp-json\/wp\/v2\/users\/842"}],"replies":[{"embeddable":true,"href":"https:\/\/wp.kristdemokraterna.se\/gotene\/wp-json\/wp\/v2\/comments?post=342"}],"version-history":[{"count":4,"href":"https:\/\/wp.kristdemokraterna.se\/gotene\/wp-json\/wp\/v2\/pages\/342\/revisions"}],"predecessor-version":[{"id":500,"href":"https:\/\/wp.kristdemokraterna.se\/gotene\/wp-json\/wp\/v2\/pages\/342\/revisions\/500"}],"wp:attachment":[{"href":"https:\/\/wp.kristdemokraterna.se\/gotene\/wp-json\/wp\/v2\/media?parent=342"}],"curies":[{"name":"wp","href":"https:\/\/api.w.org\/{rel}","templated":true}]}}