{"id":1377,"date":"2022-06-18T20:21:25","date_gmt":"2022-06-18T18:21:25","guid":{"rendered":"https:\/\/wp.kristdemokraterna.se\/gotland\/?page_id=1377"},"modified":"2024-05-21T22:32:36","modified_gmt":"2024-05-21T20:32:36","slug":"vad-menar-vi-med-pa-egna-ben","status":"publish","type":"page","link":"https:\/\/wp.kristdemokraterna.se\/gotland\/val-2022\/ett-gotland-som-star-pa-egna-ben-valprogram-2022\/vad-menar-vi-med-pa-egna-ben\/","title":{"rendered":"Vad menar vi med &#8221;P\u00e5 egna ben&#8221;?"},"content":{"rendered":"<p>Gotland \u00e4r en \u00f6, men inte en isolerad s\u00e5dan. Gotland har, och ska ha, f\u00f6rbindelser med resten av Sverige och omv\u00e4rlden p\u00e5 olika s\u00e4tt. Elkablar, b\u00e5t- och flyglinjer och andra kommunikationer \u00e4r livsviktiga f\u00f6r oss. Vi beh\u00f6ver ett nationellt ansvar f\u00f6r sjukv\u00e5rd, r\u00e4ttsv\u00e4sende och m\u00e5nga andra omr\u00e5den. Men vi m\u00e5ste, b\u00e5de som region och som individer, vara beredda att st\u00e5 p\u00e5 egna ben.<\/p>\n<p>Tillg\u00e5ng till vatten, mat, drivmedel och el beh\u00f6ver s\u00e4kras, oavsett om omv\u00e4rlden \u00e4r lugn eller orolig. Lantbruk, skogsbruk, civilsamh\u00e4lle, n\u00e4ringsliv, infrastruktur och f\u00f6rsvar \u00e4r d\u00e5 viktiga pusselbitar. Ekonomisk stabilitet \u00e4r en f\u00f6ruts\u00e4ttning f\u00f6r att kunna ta h\u00f6jd f\u00f6r det v\u00e4ntade eller ov\u00e4ntade.<\/p>\n<p>F\u00f6r var och en, som bor h\u00e4r p\u00e5 Gotland, ska det vara m\u00f6jligt att arbeta eller ha en annan syssels\u00e4ttning utifr\u00e5n den egna f\u00f6rm\u00e5gan. Att ge en m\u00e4nniska ansvar \u00e4r att tro p\u00e5 den m\u00e4nniskan. Att ge en m\u00e4nniska valfrihet \u00e4r att erk\u00e4nna att vi alla \u00e4r olika.<\/p>\n<p><img loading=\"lazy\" decoding=\"async\" class=\"size-medium wp-image-1468 alignnone\" src=\"http:\/\/wp.kristdemokraterna.se\/gotland\/files\/2022\/08\/paegnaben-300x174.jpg\" alt=\"\" width=\"300\" height=\"174\" srcset=\"https:\/\/wp.kristdemokraterna.se\/gotland\/files\/2022\/08\/paegnaben-300x174.jpg 300w, https:\/\/wp.kristdemokraterna.se\/gotland\/files\/2022\/08\/paegnaben-346x200.jpg 346w, https:\/\/wp.kristdemokraterna.se\/gotland\/files\/2022\/08\/paegnaben-370x214.jpg 370w, https:\/\/wp.kristdemokraterna.se\/gotland\/files\/2022\/08\/paegnaben-450x260.jpg 450w, https:\/\/wp.kristdemokraterna.se\/gotland\/files\/2022\/08\/paegnaben-280x162.jpg 280w, https:\/\/wp.kristdemokraterna.se\/gotland\/files\/2022\/08\/paegnaben-340x197.jpg 340w, https:\/\/wp.kristdemokraterna.se\/gotland\/files\/2022\/08\/paegnaben-200x116.jpg 200w, https:\/\/wp.kristdemokraterna.se\/gotland\/files\/2022\/08\/paegnaben-97x56.jpg 97w, https:\/\/wp.kristdemokraterna.se\/gotland\/files\/2022\/08\/paegnaben.jpg 517w\" sizes=\"auto, (max-width: 300px) 100vw, 300px\" \/><\/p>\n","protected":false},"excerpt":{"rendered":"<p>Gotland \u00e4r en \u00f6, men inte en isolerad s\u00e5dan. Gotland har, och ska ha, f\u00f6rbindelser med resten av Sverige och omv\u00e4rlden p\u00e5 olika s\u00e4tt. Elkablar, b\u00e5t- och flyglinjer och andra kommunikationer \u00e4r livsviktiga f\u00f6r oss. Vi beh\u00f6ver ett nationellt ansvar f\u00f6r sjukv\u00e5rd, r\u00e4ttsv\u00e4sende och m\u00e5nga andra omr\u00e5den. Men vi m\u00e5ste, b\u00e5de som region och som <a class=\"read-more-link\" href=\"https:\/\/wp.kristdemokraterna.se\/gotland\/val-2022\/ett-gotland-som-star-pa-egna-ben-valprogram-2022\/vad-menar-vi-med-pa-egna-ben\/\">Read More<\/a><\/p>\n","protected":false},"author":408,"featured_media":0,"parent":1369,"menu_order":6,"comment_status":"closed","ping_status":"closed","template":"","meta":{"_acf_changed":false,"footnotes":""},"class_list":["post-1377","page","type-page","status-publish","hentry"],"acf":[],"yoast_head":"<!-- This site is optimized with the Yoast SEO plugin v27.4 - https:\/\/yoast.com\/product\/yoast-seo-wordpress\/ -->\n<title>Vad menar vi med &quot;P\u00e5 egna ben&quot;? - Kristdemokraterna Gotland<\/title>\n<meta name=\"robots\" content=\"index, follow, max-snippet:-1, max-image-preview:large, max-video-preview:-1\" \/>\n<link rel=\"canonical\" href=\"https:\/\/wp.kristdemokraterna.se\/gotland\/val-2022\/ett-gotland-som-star-pa-egna-ben-valprogram-2022\/vad-menar-vi-med-pa-egna-ben\/\" \/>\n<meta property=\"og:locale\" content=\"sv_SE\" \/>\n<meta property=\"og:type\" content=\"article\" \/>\n<meta property=\"og:title\" content=\"Vad menar vi med &quot;P\u00e5 egna ben&quot;? - Kristdemokraterna Gotland\" \/>\n<meta property=\"og:description\" content=\"Gotland \u00e4r en \u00f6, men inte en isolerad s\u00e5dan. Gotland har, och ska ha, f\u00f6rbindelser med resten av Sverige och omv\u00e4rlden p\u00e5 olika s\u00e4tt. Elkablar, b\u00e5t- och flyglinjer och andra kommunikationer \u00e4r livsviktiga f\u00f6r oss. Vi beh\u00f6ver ett nationellt ansvar f\u00f6r sjukv\u00e5rd, r\u00e4ttsv\u00e4sende och m\u00e5nga andra omr\u00e5den. Men vi m\u00e5ste, b\u00e5de som region och som Read More\" \/>\n<meta property=\"og:url\" content=\"https:\/\/wp.kristdemokraterna.se\/gotland\/val-2022\/ett-gotland-som-star-pa-egna-ben-valprogram-2022\/vad-menar-vi-med-pa-egna-ben\/\" \/>\n<meta property=\"og:site_name\" content=\"Kristdemokraterna Gotland\" \/>\n<meta property=\"article:modified_time\" content=\"2024-05-21T20:32:36+00:00\" \/>\n<meta property=\"og:image\" content=\"http:\/\/wp.kristdemokraterna.se\/gotland\/files\/2022\/08\/paegnaben-300x174.jpg\" \/>\n<meta name=\"twitter:card\" content=\"summary_large_image\" \/>\n<meta name=\"twitter:label1\" content=\"Ber\u00e4knad l\u00e4stid\" \/>\n\t<meta name=\"twitter:data1\" content=\"1 minut\" \/>\n<script type=\"application\/ld+json\" class=\"yoast-schema-graph\">{\"@context\":\"https:\\\/\\\/schema.org\",\"@graph\":[{\"@type\":\"WebPage\",\"@id\":\"https:\\\/\\\/wp.kristdemokraterna.se\\\/gotland\\\/val-2022\\\/ett-gotland-som-star-pa-egna-ben-valprogram-2022\\\/vad-menar-vi-med-pa-egna-ben\\\/\",\"url\":\"https:\\\/\\\/wp.kristdemokraterna.se\\\/gotland\\\/val-2022\\\/ett-gotland-som-star-pa-egna-ben-valprogram-2022\\\/vad-menar-vi-med-pa-egna-ben\\\/\",\"name\":\"Vad menar vi med \\\"P\u00e5 egna ben\\\"? - Kristdemokraterna Gotland\",\"isPartOf\":{\"@id\":\"https:\\\/\\\/wp.kristdemokraterna.se\\\/gotland\\\/#website\"},\"primaryImageOfPage\":{\"@id\":\"https:\\\/\\\/wp.kristdemokraterna.se\\\/gotland\\\/val-2022\\\/ett-gotland-som-star-pa-egna-ben-valprogram-2022\\\/vad-menar-vi-med-pa-egna-ben\\\/#primaryimage\"},\"image\":{\"@id\":\"https:\\\/\\\/wp.kristdemokraterna.se\\\/gotland\\\/val-2022\\\/ett-gotland-som-star-pa-egna-ben-valprogram-2022\\\/vad-menar-vi-med-pa-egna-ben\\\/#primaryimage\"},\"thumbnailUrl\":\"http:\\\/\\\/wp.kristdemokraterna.se\\\/gotland\\\/files\\\/2022\\\/08\\\/paegnaben-300x174.jpg\",\"datePublished\":\"2022-06-18T18:21:25+00:00\",\"dateModified\":\"2024-05-21T20:32:36+00:00\",\"breadcrumb\":{\"@id\":\"https:\\\/\\\/wp.kristdemokraterna.se\\\/gotland\\\/val-2022\\\/ett-gotland-som-star-pa-egna-ben-valprogram-2022\\\/vad-menar-vi-med-pa-egna-ben\\\/#breadcrumb\"},\"inLanguage\":\"sv-SE\",\"potentialAction\":[{\"@type\":\"ReadAction\",\"target\":[\"https:\\\/\\\/wp.kristdemokraterna.se\\\/gotland\\\/val-2022\\\/ett-gotland-som-star-pa-egna-ben-valprogram-2022\\\/vad-menar-vi-med-pa-egna-ben\\\/\"]}]},{\"@type\":\"ImageObject\",\"inLanguage\":\"sv-SE\",\"@id\":\"https:\\\/\\\/wp.kristdemokraterna.se\\\/gotland\\\/val-2022\\\/ett-gotland-som-star-pa-egna-ben-valprogram-2022\\\/vad-menar-vi-med-pa-egna-ben\\\/#primaryimage\",\"url\":\"http:\\\/\\\/wp.kristdemokraterna.se\\\/gotland\\\/files\\\/2022\\\/08\\\/paegnaben-300x174.jpg\",\"contentUrl\":\"http:\\\/\\\/wp.kristdemokraterna.se\\\/gotland\\\/files\\\/2022\\\/08\\\/paegnaben-300x174.jpg\"},{\"@type\":\"BreadcrumbList\",\"@id\":\"https:\\\/\\\/wp.kristdemokraterna.se\\\/gotland\\\/val-2022\\\/ett-gotland-som-star-pa-egna-ben-valprogram-2022\\\/vad-menar-vi-med-pa-egna-ben\\\/#breadcrumb\",\"itemListElement\":[{\"@type\":\"ListItem\",\"position\":1,\"name\":\"Hem\",\"item\":\"https:\\\/\\\/wp.kristdemokraterna.se\\\/gotland\\\/\"},{\"@type\":\"ListItem\",\"position\":2,\"name\":\"Val 2022\",\"item\":\"https:\\\/\\\/wp.kristdemokraterna.se\\\/gotland\\\/?page_id=847\"},{\"@type\":\"ListItem\",\"position\":3,\"name\":\"Ett Gotland som st\u00e5r p\u00e5 egna ben &#8211; valprogram 2022\",\"item\":\"https:\\\/\\\/wp.kristdemokraterna.se\\\/gotland\\\/val-2022\\\/ett-gotland-som-star-pa-egna-ben-valprogram-2022\\\/\"},{\"@type\":\"ListItem\",\"position\":4,\"name\":\"Vad menar vi med &#8221;P\u00e5 egna ben&#8221;?\"}]},{\"@type\":\"WebSite\",\"@id\":\"https:\\\/\\\/wp.kristdemokraterna.se\\\/gotland\\\/#website\",\"url\":\"https:\\\/\\\/wp.kristdemokraterna.se\\\/gotland\\\/\",\"name\":\"Kristdemokraterna Gotland\",\"description\":\"Kristdemokraterna p\u00e5 Gotland\",\"inLanguage\":\"sv-SE\"}]}<\/script>\n<!-- \/ Yoast SEO plugin. -->","yoast_head_json":{"title":"Vad menar vi med \"P\u00e5 egna ben\"? - Kristdemokraterna Gotland","robots":{"index":"index","follow":"follow","max-snippet":"max-snippet:-1","max-image-preview":"max-image-preview:large","max-video-preview":"max-video-preview:-1"},"canonical":"https:\/\/wp.kristdemokraterna.se\/gotland\/val-2022\/ett-gotland-som-star-pa-egna-ben-valprogram-2022\/vad-menar-vi-med-pa-egna-ben\/","og_locale":"sv_SE","og_type":"article","og_title":"Vad menar vi med \"P\u00e5 egna ben\"? - Kristdemokraterna Gotland","og_description":"Gotland \u00e4r en \u00f6, men inte en isolerad s\u00e5dan. Gotland har, och ska ha, f\u00f6rbindelser med resten av Sverige och omv\u00e4rlden p\u00e5 olika s\u00e4tt. Elkablar, b\u00e5t- och flyglinjer och andra kommunikationer \u00e4r livsviktiga f\u00f6r oss. Vi beh\u00f6ver ett nationellt ansvar f\u00f6r sjukv\u00e5rd, r\u00e4ttsv\u00e4sende och m\u00e5nga andra omr\u00e5den. Men vi m\u00e5ste, b\u00e5de som region och som Read More","og_url":"https:\/\/wp.kristdemokraterna.se\/gotland\/val-2022\/ett-gotland-som-star-pa-egna-ben-valprogram-2022\/vad-menar-vi-med-pa-egna-ben\/","og_site_name":"Kristdemokraterna Gotland","article_modified_time":"2024-05-21T20:32:36+00:00","og_image":[{"url":"http:\/\/wp.kristdemokraterna.se\/gotland\/files\/2022\/08\/paegnaben-300x174.jpg","type":"","width":"","height":""}],"twitter_card":"summary_large_image","twitter_misc":{"Ber\u00e4knad l\u00e4stid":"1 minut"},"schema":{"@context":"https:\/\/schema.org","@graph":[{"@type":"WebPage","@id":"https:\/\/wp.kristdemokraterna.se\/gotland\/val-2022\/ett-gotland-som-star-pa-egna-ben-valprogram-2022\/vad-menar-vi-med-pa-egna-ben\/","url":"https:\/\/wp.kristdemokraterna.se\/gotland\/val-2022\/ett-gotland-som-star-pa-egna-ben-valprogram-2022\/vad-menar-vi-med-pa-egna-ben\/","name":"Vad menar vi med \"P\u00e5 egna ben\"? - Kristdemokraterna Gotland","isPartOf":{"@id":"https:\/\/wp.kristdemokraterna.se\/gotland\/#website"},"primaryImageOfPage":{"@id":"https:\/\/wp.kristdemokraterna.se\/gotland\/val-2022\/ett-gotland-som-star-pa-egna-ben-valprogram-2022\/vad-menar-vi-med-pa-egna-ben\/#primaryimage"},"image":{"@id":"https:\/\/wp.kristdemokraterna.se\/gotland\/val-2022\/ett-gotland-som-star-pa-egna-ben-valprogram-2022\/vad-menar-vi-med-pa-egna-ben\/#primaryimage"},"thumbnailUrl":"http:\/\/wp.kristdemokraterna.se\/gotland\/files\/2022\/08\/paegnaben-300x174.jpg","datePublished":"2022-06-18T18:21:25+00:00","dateModified":"2024-05-21T20:32:36+00:00","breadcrumb":{"@id":"https:\/\/wp.kristdemokraterna.se\/gotland\/val-2022\/ett-gotland-som-star-pa-egna-ben-valprogram-2022\/vad-menar-vi-med-pa-egna-ben\/#breadcrumb"},"inLanguage":"sv-SE","potentialAction":[{"@type":"ReadAction","target":["https:\/\/wp.kristdemokraterna.se\/gotland\/val-2022\/ett-gotland-som-star-pa-egna-ben-valprogram-2022\/vad-menar-vi-med-pa-egna-ben\/"]}]},{"@type":"ImageObject","inLanguage":"sv-SE","@id":"https:\/\/wp.kristdemokraterna.se\/gotland\/val-2022\/ett-gotland-som-star-pa-egna-ben-valprogram-2022\/vad-menar-vi-med-pa-egna-ben\/#primaryimage","url":"http:\/\/wp.kristdemokraterna.se\/gotland\/files\/2022\/08\/paegnaben-300x174.jpg","contentUrl":"http:\/\/wp.kristdemokraterna.se\/gotland\/files\/2022\/08\/paegnaben-300x174.jpg"},{"@type":"BreadcrumbList","@id":"https:\/\/wp.kristdemokraterna.se\/gotland\/val-2022\/ett-gotland-som-star-pa-egna-ben-valprogram-2022\/vad-menar-vi-med-pa-egna-ben\/#breadcrumb","itemListElement":[{"@type":"ListItem","position":1,"name":"Hem","item":"https:\/\/wp.kristdemokraterna.se\/gotland\/"},{"@type":"ListItem","position":2,"name":"Val 2022","item":"https:\/\/wp.kristdemokraterna.se\/gotland\/?page_id=847"},{"@type":"ListItem","position":3,"name":"Ett Gotland som st\u00e5r p\u00e5 egna ben &#8211; valprogram 2022","item":"https:\/\/wp.kristdemokraterna.se\/gotland\/val-2022\/ett-gotland-som-star-pa-egna-ben-valprogram-2022\/"},{"@type":"ListItem","position":4,"name":"Vad menar vi med &#8221;P\u00e5 egna ben&#8221;?"}]},{"@type":"WebSite","@id":"https:\/\/wp.kristdemokraterna.se\/gotland\/#website","url":"https:\/\/wp.kristdemokraterna.se\/gotland\/","name":"Kristdemokraterna Gotland","description":"Kristdemokraterna p\u00e5 Gotland","inLanguage":"sv-SE"}]}},"_links":{"self":[{"href":"https:\/\/wp.kristdemokraterna.se\/gotland\/wp-json\/wp\/v2\/pages\/1377","targetHints":{"allow":["GET"]}}],"collection":[{"href":"https:\/\/wp.kristdemokraterna.se\/gotland\/wp-json\/wp\/v2\/pages"}],"about":[{"href":"https:\/\/wp.kristdemokraterna.se\/gotland\/wp-json\/wp\/v2\/types\/page"}],"author":[{"embeddable":true,"href":"https:\/\/wp.kristdemokraterna.se\/gotland\/wp-json\/wp\/v2\/users\/408"}],"replies":[{"embeddable":true,"href":"https:\/\/wp.kristdemokraterna.se\/gotland\/wp-json\/wp\/v2\/comments?post=1377"}],"version-history":[{"count":2,"href":"https:\/\/wp.kristdemokraterna.se\/gotland\/wp-json\/wp\/v2\/pages\/1377\/revisions"}],"predecessor-version":[{"id":1473,"href":"https:\/\/wp.kristdemokraterna.se\/gotland\/wp-json\/wp\/v2\/pages\/1377\/revisions\/1473"}],"up":[{"embeddable":true,"href":"https:\/\/wp.kristdemokraterna.se\/gotland\/wp-json\/wp\/v2\/pages\/1369"}],"wp:attachment":[{"href":"https:\/\/wp.kristdemokraterna.se\/gotland\/wp-json\/wp\/v2\/media?parent=1377"}],"curies":[{"name":"wp","href":"https:\/\/api.w.org\/{rel}","templated":true}]}}