{"id":1379,"date":"2022-06-18T20:22:33","date_gmt":"2022-06-18T18:22:33","guid":{"rendered":"https:\/\/wp.kristdemokraterna.se\/gotland\/?page_id=1379"},"modified":"2024-05-21T22:32:36","modified_gmt":"2024-05-21T20:32:36","slug":"vara-viktigaste-valfragor-2022","status":"publish","type":"page","link":"https:\/\/wp.kristdemokraterna.se\/gotland\/val-2022\/ett-gotland-som-star-pa-egna-ben-valprogram-2022\/vara-viktigaste-valfragor-2022\/","title":{"rendered":"V\u00e5ra viktigaste valfr\u00e5gor 2022"},"content":{"rendered":"<h3>Bost\u00e4der<\/h3>\n<p>Alla beh\u00f6ver n\u00e5got att kalla hem. Oavsett dina behov och var i livet du \u00e4r. Och oavsett var p\u00e5 Gotland du vill bo. Bost\u00e4der \u00e4r f\u00f6ruts\u00e4ttningen f\u00f6r ett fungerande samh\u00e4lle. F\u00f6r de allra mest utsatta, ska \u201dBostad f\u00f6rst\u201d inf\u00f6ras som modell.<\/p>\n<h3><\/h3>\n<h3>Sj\u00e4lvf\u00f6rs\u00f6rjning<\/h3>\n<p>Vi m\u00e5ste s\u00e4kra tillg\u00e5ngen till drivmedel, el, vatten och mat p\u00e5 Gotland. Den lokala livsmedelsproduktionen m\u00e5ste st\u00e4rkas. Vi beh\u00f6ver ocks\u00e5 inse att v\u00e4derberoende vind- och solenergi inte \u00e4r hela svaret p\u00e5 energi- och klimatutmaningarna.<\/p>\n<h3><\/h3>\n<h3>Trygg \u00e5lderdom<\/h3>\n<p>F\u00f6rloras r\u00e4tten att best\u00e4mma n\u00e4r du blir \u00e4ldre? Naturligtvis inte! Trygghet och omsorg ska finnas d\u00e4r du \u00e4r och vill vara. Samh\u00e4llsservicen ska vara god, och m\u00f6jligheterna att leva ett aktivt liv ska vara m\u00e5nga. Kristdemokraterna v\u00e4grar klumpa ihop \u201d\u00e4ldre\u201d till en homogen grupp.<\/p>\n<p>&nbsp;<\/p>\n","protected":false},"excerpt":{"rendered":"<p>Bost\u00e4der Alla beh\u00f6ver n\u00e5got att kalla hem. Oavsett dina behov och var i livet du \u00e4r. Och oavsett var p\u00e5 Gotland du vill bo. Bost\u00e4der \u00e4r f\u00f6ruts\u00e4ttningen f\u00f6r ett fungerande samh\u00e4lle. F\u00f6r de allra mest utsatta, ska \u201dBostad f\u00f6rst\u201d inf\u00f6ras som modell. Sj\u00e4lvf\u00f6rs\u00f6rjning Vi m\u00e5ste s\u00e4kra tillg\u00e5ngen till drivmedel, el, vatten och mat p\u00e5 Gotland. <a class=\"read-more-link\" href=\"https:\/\/wp.kristdemokraterna.se\/gotland\/val-2022\/ett-gotland-som-star-pa-egna-ben-valprogram-2022\/vara-viktigaste-valfragor-2022\/\">Read More<\/a><\/p>\n","protected":false},"author":408,"featured_media":0,"parent":1369,"menu_order":7,"comment_status":"closed","ping_status":"closed","template":"","meta":{"_acf_changed":false,"footnotes":""},"class_list":["post-1379","page","type-page","status-publish","hentry"],"acf":[],"yoast_head":"<!-- This site is optimized with the Yoast SEO plugin v27.3 - https:\/\/yoast.com\/product\/yoast-seo-wordpress\/ -->\n<title>V\u00e5ra viktigaste valfr\u00e5gor 2022 - Kristdemokraterna Gotland<\/title>\n<meta name=\"robots\" content=\"index, follow, max-snippet:-1, max-image-preview:large, max-video-preview:-1\" \/>\n<link rel=\"canonical\" href=\"https:\/\/wp.kristdemokraterna.se\/gotland\/val-2022\/ett-gotland-som-star-pa-egna-ben-valprogram-2022\/vara-viktigaste-valfragor-2022\/\" \/>\n<meta property=\"og:locale\" content=\"sv_SE\" \/>\n<meta property=\"og:type\" content=\"article\" \/>\n<meta property=\"og:title\" content=\"V\u00e5ra viktigaste valfr\u00e5gor 2022 - Kristdemokraterna Gotland\" \/>\n<meta property=\"og:description\" content=\"Bost\u00e4der Alla beh\u00f6ver n\u00e5got att kalla hem. Oavsett dina behov och var i livet du \u00e4r. Och oavsett var p\u00e5 Gotland du vill bo. Bost\u00e4der \u00e4r f\u00f6ruts\u00e4ttningen f\u00f6r ett fungerande samh\u00e4lle. F\u00f6r de allra mest utsatta, ska \u201dBostad f\u00f6rst\u201d inf\u00f6ras som modell. Sj\u00e4lvf\u00f6rs\u00f6rjning Vi m\u00e5ste s\u00e4kra tillg\u00e5ngen till drivmedel, el, vatten och mat p\u00e5 Gotland. Read More\" \/>\n<meta property=\"og:url\" content=\"https:\/\/wp.kristdemokraterna.se\/gotland\/val-2022\/ett-gotland-som-star-pa-egna-ben-valprogram-2022\/vara-viktigaste-valfragor-2022\/\" \/>\n<meta property=\"og:site_name\" content=\"Kristdemokraterna Gotland\" \/>\n<meta property=\"article:modified_time\" content=\"2024-05-21T20:32:36+00:00\" \/>\n<meta name=\"twitter:card\" content=\"summary_large_image\" \/>\n<meta name=\"twitter:label1\" content=\"Ber\u00e4knad l\u00e4stid\" \/>\n\t<meta name=\"twitter:data1\" content=\"1 minut\" \/>\n<script type=\"application\/ld+json\" class=\"yoast-schema-graph\">{\"@context\":\"https:\\\/\\\/schema.org\",\"@graph\":[{\"@type\":\"WebPage\",\"@id\":\"https:\\\/\\\/wp.kristdemokraterna.se\\\/gotland\\\/val-2022\\\/ett-gotland-som-star-pa-egna-ben-valprogram-2022\\\/vara-viktigaste-valfragor-2022\\\/\",\"url\":\"https:\\\/\\\/wp.kristdemokraterna.se\\\/gotland\\\/val-2022\\\/ett-gotland-som-star-pa-egna-ben-valprogram-2022\\\/vara-viktigaste-valfragor-2022\\\/\",\"name\":\"V\u00e5ra viktigaste valfr\u00e5gor 2022 - Kristdemokraterna Gotland\",\"isPartOf\":{\"@id\":\"https:\\\/\\\/wp.kristdemokraterna.se\\\/gotland\\\/#website\"},\"datePublished\":\"2022-06-18T18:22:33+00:00\",\"dateModified\":\"2024-05-21T20:32:36+00:00\",\"breadcrumb\":{\"@id\":\"https:\\\/\\\/wp.kristdemokraterna.se\\\/gotland\\\/val-2022\\\/ett-gotland-som-star-pa-egna-ben-valprogram-2022\\\/vara-viktigaste-valfragor-2022\\\/#breadcrumb\"},\"inLanguage\":\"sv-SE\",\"potentialAction\":[{\"@type\":\"ReadAction\",\"target\":[\"https:\\\/\\\/wp.kristdemokraterna.se\\\/gotland\\\/val-2022\\\/ett-gotland-som-star-pa-egna-ben-valprogram-2022\\\/vara-viktigaste-valfragor-2022\\\/\"]}]},{\"@type\":\"BreadcrumbList\",\"@id\":\"https:\\\/\\\/wp.kristdemokraterna.se\\\/gotland\\\/val-2022\\\/ett-gotland-som-star-pa-egna-ben-valprogram-2022\\\/vara-viktigaste-valfragor-2022\\\/#breadcrumb\",\"itemListElement\":[{\"@type\":\"ListItem\",\"position\":1,\"name\":\"Hem\",\"item\":\"https:\\\/\\\/wp.kristdemokraterna.se\\\/gotland\\\/\"},{\"@type\":\"ListItem\",\"position\":2,\"name\":\"Val 2022\",\"item\":\"https:\\\/\\\/wp.kristdemokraterna.se\\\/gotland\\\/?page_id=847\"},{\"@type\":\"ListItem\",\"position\":3,\"name\":\"Ett Gotland som st\u00e5r p\u00e5 egna ben &#8211; valprogram 2022\",\"item\":\"https:\\\/\\\/wp.kristdemokraterna.se\\\/gotland\\\/val-2022\\\/ett-gotland-som-star-pa-egna-ben-valprogram-2022\\\/\"},{\"@type\":\"ListItem\",\"position\":4,\"name\":\"V\u00e5ra viktigaste valfr\u00e5gor 2022\"}]},{\"@type\":\"WebSite\",\"@id\":\"https:\\\/\\\/wp.kristdemokraterna.se\\\/gotland\\\/#website\",\"url\":\"https:\\\/\\\/wp.kristdemokraterna.se\\\/gotland\\\/\",\"name\":\"Kristdemokraterna Gotland\",\"description\":\"Kristdemokraterna p\u00e5 Gotland\",\"inLanguage\":\"sv-SE\"}]}<\/script>\n<!-- \/ Yoast SEO plugin. -->","yoast_head_json":{"title":"V\u00e5ra viktigaste valfr\u00e5gor 2022 - Kristdemokraterna Gotland","robots":{"index":"index","follow":"follow","max-snippet":"max-snippet:-1","max-image-preview":"max-image-preview:large","max-video-preview":"max-video-preview:-1"},"canonical":"https:\/\/wp.kristdemokraterna.se\/gotland\/val-2022\/ett-gotland-som-star-pa-egna-ben-valprogram-2022\/vara-viktigaste-valfragor-2022\/","og_locale":"sv_SE","og_type":"article","og_title":"V\u00e5ra viktigaste valfr\u00e5gor 2022 - Kristdemokraterna Gotland","og_description":"Bost\u00e4der Alla beh\u00f6ver n\u00e5got att kalla hem. Oavsett dina behov och var i livet du \u00e4r. Och oavsett var p\u00e5 Gotland du vill bo. Bost\u00e4der \u00e4r f\u00f6ruts\u00e4ttningen f\u00f6r ett fungerande samh\u00e4lle. F\u00f6r de allra mest utsatta, ska \u201dBostad f\u00f6rst\u201d inf\u00f6ras som modell. Sj\u00e4lvf\u00f6rs\u00f6rjning Vi m\u00e5ste s\u00e4kra tillg\u00e5ngen till drivmedel, el, vatten och mat p\u00e5 Gotland. Read More","og_url":"https:\/\/wp.kristdemokraterna.se\/gotland\/val-2022\/ett-gotland-som-star-pa-egna-ben-valprogram-2022\/vara-viktigaste-valfragor-2022\/","og_site_name":"Kristdemokraterna Gotland","article_modified_time":"2024-05-21T20:32:36+00:00","twitter_card":"summary_large_image","twitter_misc":{"Ber\u00e4knad l\u00e4stid":"1 minut"},"schema":{"@context":"https:\/\/schema.org","@graph":[{"@type":"WebPage","@id":"https:\/\/wp.kristdemokraterna.se\/gotland\/val-2022\/ett-gotland-som-star-pa-egna-ben-valprogram-2022\/vara-viktigaste-valfragor-2022\/","url":"https:\/\/wp.kristdemokraterna.se\/gotland\/val-2022\/ett-gotland-som-star-pa-egna-ben-valprogram-2022\/vara-viktigaste-valfragor-2022\/","name":"V\u00e5ra viktigaste valfr\u00e5gor 2022 - Kristdemokraterna Gotland","isPartOf":{"@id":"https:\/\/wp.kristdemokraterna.se\/gotland\/#website"},"datePublished":"2022-06-18T18:22:33+00:00","dateModified":"2024-05-21T20:32:36+00:00","breadcrumb":{"@id":"https:\/\/wp.kristdemokraterna.se\/gotland\/val-2022\/ett-gotland-som-star-pa-egna-ben-valprogram-2022\/vara-viktigaste-valfragor-2022\/#breadcrumb"},"inLanguage":"sv-SE","potentialAction":[{"@type":"ReadAction","target":["https:\/\/wp.kristdemokraterna.se\/gotland\/val-2022\/ett-gotland-som-star-pa-egna-ben-valprogram-2022\/vara-viktigaste-valfragor-2022\/"]}]},{"@type":"BreadcrumbList","@id":"https:\/\/wp.kristdemokraterna.se\/gotland\/val-2022\/ett-gotland-som-star-pa-egna-ben-valprogram-2022\/vara-viktigaste-valfragor-2022\/#breadcrumb","itemListElement":[{"@type":"ListItem","position":1,"name":"Hem","item":"https:\/\/wp.kristdemokraterna.se\/gotland\/"},{"@type":"ListItem","position":2,"name":"Val 2022","item":"https:\/\/wp.kristdemokraterna.se\/gotland\/?page_id=847"},{"@type":"ListItem","position":3,"name":"Ett Gotland som st\u00e5r p\u00e5 egna ben &#8211; valprogram 2022","item":"https:\/\/wp.kristdemokraterna.se\/gotland\/val-2022\/ett-gotland-som-star-pa-egna-ben-valprogram-2022\/"},{"@type":"ListItem","position":4,"name":"V\u00e5ra viktigaste valfr\u00e5gor 2022"}]},{"@type":"WebSite","@id":"https:\/\/wp.kristdemokraterna.se\/gotland\/#website","url":"https:\/\/wp.kristdemokraterna.se\/gotland\/","name":"Kristdemokraterna Gotland","description":"Kristdemokraterna p\u00e5 Gotland","inLanguage":"sv-SE"}]}},"_links":{"self":[{"href":"https:\/\/wp.kristdemokraterna.se\/gotland\/wp-json\/wp\/v2\/pages\/1379","targetHints":{"allow":["GET"]}}],"collection":[{"href":"https:\/\/wp.kristdemokraterna.se\/gotland\/wp-json\/wp\/v2\/pages"}],"about":[{"href":"https:\/\/wp.kristdemokraterna.se\/gotland\/wp-json\/wp\/v2\/types\/page"}],"author":[{"embeddable":true,"href":"https:\/\/wp.kristdemokraterna.se\/gotland\/wp-json\/wp\/v2\/users\/408"}],"replies":[{"embeddable":true,"href":"https:\/\/wp.kristdemokraterna.se\/gotland\/wp-json\/wp\/v2\/comments?post=1379"}],"version-history":[{"count":3,"href":"https:\/\/wp.kristdemokraterna.se\/gotland\/wp-json\/wp\/v2\/pages\/1379\/revisions"}],"predecessor-version":[{"id":1737,"href":"https:\/\/wp.kristdemokraterna.se\/gotland\/wp-json\/wp\/v2\/pages\/1379\/revisions\/1737"}],"up":[{"embeddable":true,"href":"https:\/\/wp.kristdemokraterna.se\/gotland\/wp-json\/wp\/v2\/pages\/1369"}],"wp:attachment":[{"href":"https:\/\/wp.kristdemokraterna.se\/gotland\/wp-json\/wp\/v2\/media?parent=1379"}],"curies":[{"name":"wp","href":"https:\/\/api.w.org\/{rel}","templated":true}]}}