{"id":1381,"date":"2022-06-18T20:23:31","date_gmt":"2022-06-18T18:23:31","guid":{"rendered":"https:\/\/wp.kristdemokraterna.se\/gotland\/?page_id=1381"},"modified":"2024-05-21T22:32:36","modified_gmt":"2024-05-21T20:32:36","slug":"barn-familj-amp-skola","status":"publish","type":"page","link":"https:\/\/wp.kristdemokraterna.se\/gotland\/val-2022\/ett-gotland-som-star-pa-egna-ben-valprogram-2022\/barn-familj-amp-skola\/","title":{"rendered":"Barn, familj &amp; skola"},"content":{"rendered":"<p>Trygga familjer och andra n\u00e4ra gemenskaper \u00e4r en f\u00f6ruts\u00e4ttning f\u00f6r ett v\u00e4l fungerande samh\u00e4lle. V\u00e5r utg\u00e5ngspunkt \u00e4r att familjen, oavsett hur den ser ut, ska ha makt att utforma sin vardag. Det offentligas uppgift \u00e4r att ge familjen det st\u00f6d som beh\u00f6vs s\u00e5 att stress, tidsbrist och upplevelser av otillr\u00e4cklighet motverkas.<\/p>\n<ul>\n<li>\u00d6ka m\u00f6jligheten f\u00f6r familjedaghem\/pedagogisk omsorg f\u00f6r barn i \u00e5ldrarna 1-12 \u00e5r.<\/li>\n<li>Begr\u00e4nsa grupperna i f\u00f6rskolan till max 12 barn f\u00f6r sm\u00e5barnsgrupper och 15 barn f\u00f6r de \u00e4ldre barnen.<\/li>\n<li>V\u00e4rna lokala skolor.<\/li>\n<li>Forts\u00e4tt med f\u00f6rebyggande satsningar inom elevh\u00e4lsan.<\/li>\n<li>Skapa trygga och flexibla transportv\u00e4gar f\u00f6r skoltid och fritid.<\/li>\n<\/ul>\n<p><img loading=\"lazy\" decoding=\"async\" class=\"size-medium wp-image-1463 alignnone\" src=\"http:\/\/wp.kristdemokraterna.se\/gotland\/files\/2022\/08\/barnfamiljskola-295x300.jpg\" alt=\"\" width=\"295\" height=\"300\" srcset=\"https:\/\/wp.kristdemokraterna.se\/gotland\/files\/2022\/08\/barnfamiljskola-295x300.jpg 295w, https:\/\/wp.kristdemokraterna.se\/gotland\/files\/2022\/08\/barnfamiljskola-197x200.jpg 197w, https:\/\/wp.kristdemokraterna.se\/gotland\/files\/2022\/08\/barnfamiljskola-370x376.jpg 370w, https:\/\/wp.kristdemokraterna.se\/gotland\/files\/2022\/08\/barnfamiljskola-450x458.jpg 450w, https:\/\/wp.kristdemokraterna.se\/gotland\/files\/2022\/08\/barnfamiljskola-280x285.jpg 280w, https:\/\/wp.kristdemokraterna.se\/gotland\/files\/2022\/08\/barnfamiljskola-340x346.jpg 340w, https:\/\/wp.kristdemokraterna.se\/gotland\/files\/2022\/08\/barnfamiljskola-55x56.jpg 55w, https:\/\/wp.kristdemokraterna.se\/gotland\/files\/2022\/08\/barnfamiljskola.jpg 514w\" sizes=\"auto, (max-width: 295px) 100vw, 295px\" \/><\/p>\n","protected":false},"excerpt":{"rendered":"<p>Trygga familjer och andra n\u00e4ra gemenskaper \u00e4r en f\u00f6ruts\u00e4ttning f\u00f6r ett v\u00e4l fungerande samh\u00e4lle. V\u00e5r utg\u00e5ngspunkt \u00e4r att familjen, oavsett hur den ser ut, ska ha makt att utforma sin vardag. Det offentligas uppgift \u00e4r att ge familjen det st\u00f6d som beh\u00f6vs s\u00e5 att stress, tidsbrist och upplevelser av otillr\u00e4cklighet motverkas. \u00d6ka m\u00f6jligheten f\u00f6r familjedaghem\/pedagogisk <a class=\"read-more-link\" href=\"https:\/\/wp.kristdemokraterna.se\/gotland\/val-2022\/ett-gotland-som-star-pa-egna-ben-valprogram-2022\/barn-familj-amp-skola\/\">Read More<\/a><\/p>\n","protected":false},"author":408,"featured_media":0,"parent":1369,"menu_order":1,"comment_status":"closed","ping_status":"closed","template":"","meta":{"_acf_changed":false,"footnotes":""},"class_list":["post-1381","page","type-page","status-publish","hentry"],"acf":[],"yoast_head":"<!-- This site is optimized with the Yoast SEO plugin v27.3 - https:\/\/yoast.com\/product\/yoast-seo-wordpress\/ -->\n<title>Barn, familj &amp; skola - Kristdemokraterna Gotland<\/title>\n<meta name=\"robots\" content=\"index, follow, max-snippet:-1, max-image-preview:large, max-video-preview:-1\" \/>\n<link rel=\"canonical\" href=\"https:\/\/wp.kristdemokraterna.se\/gotland\/val-2022\/ett-gotland-som-star-pa-egna-ben-valprogram-2022\/barn-familj-amp-skola\/\" \/>\n<meta property=\"og:locale\" content=\"sv_SE\" \/>\n<meta property=\"og:type\" content=\"article\" \/>\n<meta property=\"og:title\" content=\"Barn, familj &amp; skola - Kristdemokraterna Gotland\" \/>\n<meta property=\"og:description\" content=\"Trygga familjer och andra n\u00e4ra gemenskaper \u00e4r en f\u00f6ruts\u00e4ttning f\u00f6r ett v\u00e4l fungerande samh\u00e4lle. V\u00e5r utg\u00e5ngspunkt \u00e4r att familjen, oavsett hur den ser ut, ska ha makt att utforma sin vardag. Det offentligas uppgift \u00e4r att ge familjen det st\u00f6d som beh\u00f6vs s\u00e5 att stress, tidsbrist och upplevelser av otillr\u00e4cklighet motverkas. \u00d6ka m\u00f6jligheten f\u00f6r familjedaghem\/pedagogisk Read More\" \/>\n<meta property=\"og:url\" content=\"https:\/\/wp.kristdemokraterna.se\/gotland\/val-2022\/ett-gotland-som-star-pa-egna-ben-valprogram-2022\/barn-familj-amp-skola\/\" \/>\n<meta property=\"og:site_name\" content=\"Kristdemokraterna Gotland\" \/>\n<meta property=\"article:modified_time\" content=\"2024-05-21T20:32:36+00:00\" \/>\n<meta property=\"og:image\" content=\"http:\/\/wp.kristdemokraterna.se\/gotland\/files\/2022\/08\/barnfamiljskola-295x300.jpg\" \/>\n<meta name=\"twitter:card\" content=\"summary_large_image\" \/>\n<meta name=\"twitter:label1\" content=\"Ber\u00e4knad l\u00e4stid\" \/>\n\t<meta name=\"twitter:data1\" content=\"1 minut\" \/>\n<script type=\"application\/ld+json\" class=\"yoast-schema-graph\">{\"@context\":\"https:\\\/\\\/schema.org\",\"@graph\":[{\"@type\":\"WebPage\",\"@id\":\"https:\\\/\\\/wp.kristdemokraterna.se\\\/gotland\\\/val-2022\\\/ett-gotland-som-star-pa-egna-ben-valprogram-2022\\\/barn-familj-amp-skola\\\/\",\"url\":\"https:\\\/\\\/wp.kristdemokraterna.se\\\/gotland\\\/val-2022\\\/ett-gotland-som-star-pa-egna-ben-valprogram-2022\\\/barn-familj-amp-skola\\\/\",\"name\":\"Barn, familj &amp; skola - Kristdemokraterna Gotland\",\"isPartOf\":{\"@id\":\"https:\\\/\\\/wp.kristdemokraterna.se\\\/gotland\\\/#website\"},\"primaryImageOfPage\":{\"@id\":\"https:\\\/\\\/wp.kristdemokraterna.se\\\/gotland\\\/val-2022\\\/ett-gotland-som-star-pa-egna-ben-valprogram-2022\\\/barn-familj-amp-skola\\\/#primaryimage\"},\"image\":{\"@id\":\"https:\\\/\\\/wp.kristdemokraterna.se\\\/gotland\\\/val-2022\\\/ett-gotland-som-star-pa-egna-ben-valprogram-2022\\\/barn-familj-amp-skola\\\/#primaryimage\"},\"thumbnailUrl\":\"http:\\\/\\\/wp.kristdemokraterna.se\\\/gotland\\\/files\\\/2022\\\/08\\\/barnfamiljskola-295x300.jpg\",\"datePublished\":\"2022-06-18T18:23:31+00:00\",\"dateModified\":\"2024-05-21T20:32:36+00:00\",\"breadcrumb\":{\"@id\":\"https:\\\/\\\/wp.kristdemokraterna.se\\\/gotland\\\/val-2022\\\/ett-gotland-som-star-pa-egna-ben-valprogram-2022\\\/barn-familj-amp-skola\\\/#breadcrumb\"},\"inLanguage\":\"sv-SE\",\"potentialAction\":[{\"@type\":\"ReadAction\",\"target\":[\"https:\\\/\\\/wp.kristdemokraterna.se\\\/gotland\\\/val-2022\\\/ett-gotland-som-star-pa-egna-ben-valprogram-2022\\\/barn-familj-amp-skola\\\/\"]}]},{\"@type\":\"ImageObject\",\"inLanguage\":\"sv-SE\",\"@id\":\"https:\\\/\\\/wp.kristdemokraterna.se\\\/gotland\\\/val-2022\\\/ett-gotland-som-star-pa-egna-ben-valprogram-2022\\\/barn-familj-amp-skola\\\/#primaryimage\",\"url\":\"http:\\\/\\\/wp.kristdemokraterna.se\\\/gotland\\\/files\\\/2022\\\/08\\\/barnfamiljskola-295x300.jpg\",\"contentUrl\":\"http:\\\/\\\/wp.kristdemokraterna.se\\\/gotland\\\/files\\\/2022\\\/08\\\/barnfamiljskola-295x300.jpg\"},{\"@type\":\"BreadcrumbList\",\"@id\":\"https:\\\/\\\/wp.kristdemokraterna.se\\\/gotland\\\/val-2022\\\/ett-gotland-som-star-pa-egna-ben-valprogram-2022\\\/barn-familj-amp-skola\\\/#breadcrumb\",\"itemListElement\":[{\"@type\":\"ListItem\",\"position\":1,\"name\":\"Hem\",\"item\":\"https:\\\/\\\/wp.kristdemokraterna.se\\\/gotland\\\/\"},{\"@type\":\"ListItem\",\"position\":2,\"name\":\"Val 2022\",\"item\":\"https:\\\/\\\/wp.kristdemokraterna.se\\\/gotland\\\/?page_id=847\"},{\"@type\":\"ListItem\",\"position\":3,\"name\":\"Ett Gotland som st\u00e5r p\u00e5 egna ben &#8211; valprogram 2022\",\"item\":\"https:\\\/\\\/wp.kristdemokraterna.se\\\/gotland\\\/val-2022\\\/ett-gotland-som-star-pa-egna-ben-valprogram-2022\\\/\"},{\"@type\":\"ListItem\",\"position\":4,\"name\":\"Barn, familj &amp; skola\"}]},{\"@type\":\"WebSite\",\"@id\":\"https:\\\/\\\/wp.kristdemokraterna.se\\\/gotland\\\/#website\",\"url\":\"https:\\\/\\\/wp.kristdemokraterna.se\\\/gotland\\\/\",\"name\":\"Kristdemokraterna Gotland\",\"description\":\"Kristdemokraterna p\u00e5 Gotland\",\"inLanguage\":\"sv-SE\"}]}<\/script>\n<!-- \/ Yoast SEO plugin. -->","yoast_head_json":{"title":"Barn, familj &amp; skola - Kristdemokraterna Gotland","robots":{"index":"index","follow":"follow","max-snippet":"max-snippet:-1","max-image-preview":"max-image-preview:large","max-video-preview":"max-video-preview:-1"},"canonical":"https:\/\/wp.kristdemokraterna.se\/gotland\/val-2022\/ett-gotland-som-star-pa-egna-ben-valprogram-2022\/barn-familj-amp-skola\/","og_locale":"sv_SE","og_type":"article","og_title":"Barn, familj &amp; skola - Kristdemokraterna Gotland","og_description":"Trygga familjer och andra n\u00e4ra gemenskaper \u00e4r en f\u00f6ruts\u00e4ttning f\u00f6r ett v\u00e4l fungerande samh\u00e4lle. V\u00e5r utg\u00e5ngspunkt \u00e4r att familjen, oavsett hur den ser ut, ska ha makt att utforma sin vardag. Det offentligas uppgift \u00e4r att ge familjen det st\u00f6d som beh\u00f6vs s\u00e5 att stress, tidsbrist och upplevelser av otillr\u00e4cklighet motverkas. \u00d6ka m\u00f6jligheten f\u00f6r familjedaghem\/pedagogisk Read More","og_url":"https:\/\/wp.kristdemokraterna.se\/gotland\/val-2022\/ett-gotland-som-star-pa-egna-ben-valprogram-2022\/barn-familj-amp-skola\/","og_site_name":"Kristdemokraterna Gotland","article_modified_time":"2024-05-21T20:32:36+00:00","og_image":[{"url":"http:\/\/wp.kristdemokraterna.se\/gotland\/files\/2022\/08\/barnfamiljskola-295x300.jpg","type":"","width":"","height":""}],"twitter_card":"summary_large_image","twitter_misc":{"Ber\u00e4knad l\u00e4stid":"1 minut"},"schema":{"@context":"https:\/\/schema.org","@graph":[{"@type":"WebPage","@id":"https:\/\/wp.kristdemokraterna.se\/gotland\/val-2022\/ett-gotland-som-star-pa-egna-ben-valprogram-2022\/barn-familj-amp-skola\/","url":"https:\/\/wp.kristdemokraterna.se\/gotland\/val-2022\/ett-gotland-som-star-pa-egna-ben-valprogram-2022\/barn-familj-amp-skola\/","name":"Barn, familj &amp; skola - Kristdemokraterna Gotland","isPartOf":{"@id":"https:\/\/wp.kristdemokraterna.se\/gotland\/#website"},"primaryImageOfPage":{"@id":"https:\/\/wp.kristdemokraterna.se\/gotland\/val-2022\/ett-gotland-som-star-pa-egna-ben-valprogram-2022\/barn-familj-amp-skola\/#primaryimage"},"image":{"@id":"https:\/\/wp.kristdemokraterna.se\/gotland\/val-2022\/ett-gotland-som-star-pa-egna-ben-valprogram-2022\/barn-familj-amp-skola\/#primaryimage"},"thumbnailUrl":"http:\/\/wp.kristdemokraterna.se\/gotland\/files\/2022\/08\/barnfamiljskola-295x300.jpg","datePublished":"2022-06-18T18:23:31+00:00","dateModified":"2024-05-21T20:32:36+00:00","breadcrumb":{"@id":"https:\/\/wp.kristdemokraterna.se\/gotland\/val-2022\/ett-gotland-som-star-pa-egna-ben-valprogram-2022\/barn-familj-amp-skola\/#breadcrumb"},"inLanguage":"sv-SE","potentialAction":[{"@type":"ReadAction","target":["https:\/\/wp.kristdemokraterna.se\/gotland\/val-2022\/ett-gotland-som-star-pa-egna-ben-valprogram-2022\/barn-familj-amp-skola\/"]}]},{"@type":"ImageObject","inLanguage":"sv-SE","@id":"https:\/\/wp.kristdemokraterna.se\/gotland\/val-2022\/ett-gotland-som-star-pa-egna-ben-valprogram-2022\/barn-familj-amp-skola\/#primaryimage","url":"http:\/\/wp.kristdemokraterna.se\/gotland\/files\/2022\/08\/barnfamiljskola-295x300.jpg","contentUrl":"http:\/\/wp.kristdemokraterna.se\/gotland\/files\/2022\/08\/barnfamiljskola-295x300.jpg"},{"@type":"BreadcrumbList","@id":"https:\/\/wp.kristdemokraterna.se\/gotland\/val-2022\/ett-gotland-som-star-pa-egna-ben-valprogram-2022\/barn-familj-amp-skola\/#breadcrumb","itemListElement":[{"@type":"ListItem","position":1,"name":"Hem","item":"https:\/\/wp.kristdemokraterna.se\/gotland\/"},{"@type":"ListItem","position":2,"name":"Val 2022","item":"https:\/\/wp.kristdemokraterna.se\/gotland\/?page_id=847"},{"@type":"ListItem","position":3,"name":"Ett Gotland som st\u00e5r p\u00e5 egna ben &#8211; valprogram 2022","item":"https:\/\/wp.kristdemokraterna.se\/gotland\/val-2022\/ett-gotland-som-star-pa-egna-ben-valprogram-2022\/"},{"@type":"ListItem","position":4,"name":"Barn, familj &amp; skola"}]},{"@type":"WebSite","@id":"https:\/\/wp.kristdemokraterna.se\/gotland\/#website","url":"https:\/\/wp.kristdemokraterna.se\/gotland\/","name":"Kristdemokraterna Gotland","description":"Kristdemokraterna p\u00e5 Gotland","inLanguage":"sv-SE"}]}},"_links":{"self":[{"href":"https:\/\/wp.kristdemokraterna.se\/gotland\/wp-json\/wp\/v2\/pages\/1381","targetHints":{"allow":["GET"]}}],"collection":[{"href":"https:\/\/wp.kristdemokraterna.se\/gotland\/wp-json\/wp\/v2\/pages"}],"about":[{"href":"https:\/\/wp.kristdemokraterna.se\/gotland\/wp-json\/wp\/v2\/types\/page"}],"author":[{"embeddable":true,"href":"https:\/\/wp.kristdemokraterna.se\/gotland\/wp-json\/wp\/v2\/users\/408"}],"replies":[{"embeddable":true,"href":"https:\/\/wp.kristdemokraterna.se\/gotland\/wp-json\/wp\/v2\/comments?post=1381"}],"version-history":[{"count":2,"href":"https:\/\/wp.kristdemokraterna.se\/gotland\/wp-json\/wp\/v2\/pages\/1381\/revisions"}],"predecessor-version":[{"id":1475,"href":"https:\/\/wp.kristdemokraterna.se\/gotland\/wp-json\/wp\/v2\/pages\/1381\/revisions\/1475"}],"up":[{"embeddable":true,"href":"https:\/\/wp.kristdemokraterna.se\/gotland\/wp-json\/wp\/v2\/pages\/1369"}],"wp:attachment":[{"href":"https:\/\/wp.kristdemokraterna.se\/gotland\/wp-json\/wp\/v2\/media?parent=1381"}],"curies":[{"name":"wp","href":"https:\/\/api.w.org\/{rel}","templated":true}]}}