{"id":1383,"date":"2022-06-18T20:24:43","date_gmt":"2022-06-18T18:24:43","guid":{"rendered":"https:\/\/wp.kristdemokraterna.se\/gotland\/?page_id=1383"},"modified":"2024-05-21T22:32:36","modified_gmt":"2024-05-21T20:32:36","slug":"omsorg-amp-vard","status":"publish","type":"page","link":"https:\/\/wp.kristdemokraterna.se\/gotland\/val-2022\/ett-gotland-som-star-pa-egna-ben-valprogram-2022\/omsorg-amp-vard\/","title":{"rendered":"Omsorg &amp; v\u00e5rd"},"content":{"rendered":"<p>\u00c4ldreomsorg och omsorg om personer med funktionsneds\u00e4ttning ska pr\u00e4glas av trygghet, v\u00e4rdighet och delaktighet. Varje person, oavsett \u00e5lder, k\u00e4nner b\u00e4st sina egna behov. Inflytandet och valfriheten ska d\u00e4rf\u00f6r vara stor. Sjukv\u00e5rden ska erbjuda tillg\u00e4nglig och v\u00e4rdig v\u00e5rd av god kvalitet, d\u00e4r h\u00e4lsofr\u00e4mjande och f\u00f6rebyggande v\u00e5rd \u00e4r en naturlig del.<\/p>\n<ul>\n<li>Inf\u00f6r valfrihet inom s\u00e4rskilt boende f\u00f6r \u00e4ldre och beh\u00e5ll valfrihet inom hemtj\u00e4nst och daglig verksamhet.<\/li>\n<li>V\u00e4xla upp arbetet f\u00f6r motverkande av ofrivillig ensamhet.<\/li>\n<li>M\u00f6jligg\u00f6r st\u00f6d till b\u00e5de kvinnor och m\u00e4n som uts\u00e4tts f\u00f6r hot och v\u00e5ld i n\u00e4ra relationer.<\/li>\n<li>B\u00f6rja planera f\u00f6r ett nytt lasarett.<\/li>\n<li>Flytta huvudmannaskapet f\u00f6r sjukv\u00e5rden till statlig niv\u00e5, avveckla regionerna och st\u00e4rk prim\u00e4rv\u00e5rden.<\/li>\n<\/ul>\n<p><img loading=\"lazy\" decoding=\"async\" class=\"size-medium wp-image-1467 alignnone\" src=\"http:\/\/wp.kristdemokraterna.se\/gotland\/files\/2022\/08\/omsorgvard-296x300.jpg\" alt=\"\" width=\"296\" height=\"300\" srcset=\"https:\/\/wp.kristdemokraterna.se\/gotland\/files\/2022\/08\/omsorgvard-296x300.jpg 296w, https:\/\/wp.kristdemokraterna.se\/gotland\/files\/2022\/08\/omsorgvard-198x200.jpg 198w, https:\/\/wp.kristdemokraterna.se\/gotland\/files\/2022\/08\/omsorgvard-370x375.jpg 370w, https:\/\/wp.kristdemokraterna.se\/gotland\/files\/2022\/08\/omsorgvard-90x90.jpg 90w, https:\/\/wp.kristdemokraterna.se\/gotland\/files\/2022\/08\/omsorgvard-280x283.jpg 280w, https:\/\/wp.kristdemokraterna.se\/gotland\/files\/2022\/08\/omsorgvard-340x344.jpg 340w, https:\/\/wp.kristdemokraterna.se\/gotland\/files\/2022\/08\/omsorgvard-55x56.jpg 55w, https:\/\/wp.kristdemokraterna.se\/gotland\/files\/2022\/08\/omsorgvard.jpg 406w\" sizes=\"auto, (max-width: 296px) 100vw, 296px\" \/><\/p>\n","protected":false},"excerpt":{"rendered":"<p>\u00c4ldreomsorg och omsorg om personer med funktionsneds\u00e4ttning ska pr\u00e4glas av trygghet, v\u00e4rdighet och delaktighet. Varje person, oavsett \u00e5lder, k\u00e4nner b\u00e4st sina egna behov. Inflytandet och valfriheten ska d\u00e4rf\u00f6r vara stor. Sjukv\u00e5rden ska erbjuda tillg\u00e4nglig och v\u00e4rdig v\u00e5rd av god kvalitet, d\u00e4r h\u00e4lsofr\u00e4mjande och f\u00f6rebyggande v\u00e5rd \u00e4r en naturlig del. Inf\u00f6r valfrihet inom s\u00e4rskilt boende f\u00f6r <a class=\"read-more-link\" href=\"https:\/\/wp.kristdemokraterna.se\/gotland\/val-2022\/ett-gotland-som-star-pa-egna-ben-valprogram-2022\/omsorg-amp-vard\/\">Read More<\/a><\/p>\n","protected":false},"author":408,"featured_media":0,"parent":1369,"menu_order":5,"comment_status":"closed","ping_status":"closed","template":"","meta":{"_acf_changed":false,"footnotes":""},"class_list":["post-1383","page","type-page","status-publish","hentry"],"acf":[],"yoast_head":"<!-- This site is optimized with the Yoast SEO plugin v27.4 - https:\/\/yoast.com\/product\/yoast-seo-wordpress\/ -->\n<title>Omsorg &amp; v\u00e5rd - Kristdemokraterna Gotland<\/title>\n<meta name=\"robots\" content=\"index, follow, max-snippet:-1, max-image-preview:large, max-video-preview:-1\" \/>\n<link rel=\"canonical\" href=\"https:\/\/wp.kristdemokraterna.se\/gotland\/val-2022\/ett-gotland-som-star-pa-egna-ben-valprogram-2022\/omsorg-amp-vard\/\" \/>\n<meta property=\"og:locale\" content=\"sv_SE\" \/>\n<meta property=\"og:type\" content=\"article\" \/>\n<meta property=\"og:title\" content=\"Omsorg &amp; v\u00e5rd - Kristdemokraterna Gotland\" \/>\n<meta property=\"og:description\" content=\"\u00c4ldreomsorg och omsorg om personer med funktionsneds\u00e4ttning ska pr\u00e4glas av trygghet, v\u00e4rdighet och delaktighet. Varje person, oavsett \u00e5lder, k\u00e4nner b\u00e4st sina egna behov. Inflytandet och valfriheten ska d\u00e4rf\u00f6r vara stor. Sjukv\u00e5rden ska erbjuda tillg\u00e4nglig och v\u00e4rdig v\u00e5rd av god kvalitet, d\u00e4r h\u00e4lsofr\u00e4mjande och f\u00f6rebyggande v\u00e5rd \u00e4r en naturlig del. Inf\u00f6r valfrihet inom s\u00e4rskilt boende f\u00f6r Read More\" \/>\n<meta property=\"og:url\" content=\"https:\/\/wp.kristdemokraterna.se\/gotland\/val-2022\/ett-gotland-som-star-pa-egna-ben-valprogram-2022\/omsorg-amp-vard\/\" \/>\n<meta property=\"og:site_name\" content=\"Kristdemokraterna Gotland\" \/>\n<meta property=\"article:modified_time\" content=\"2024-05-21T20:32:36+00:00\" \/>\n<meta property=\"og:image\" content=\"http:\/\/wp.kristdemokraterna.se\/gotland\/files\/2022\/08\/omsorgvard-296x300.jpg\" \/>\n<meta name=\"twitter:card\" content=\"summary_large_image\" \/>\n<meta name=\"twitter:label1\" content=\"Ber\u00e4knad l\u00e4stid\" \/>\n\t<meta name=\"twitter:data1\" content=\"1 minut\" \/>\n<script type=\"application\/ld+json\" class=\"yoast-schema-graph\">{\"@context\":\"https:\\\/\\\/schema.org\",\"@graph\":[{\"@type\":\"WebPage\",\"@id\":\"https:\\\/\\\/wp.kristdemokraterna.se\\\/gotland\\\/val-2022\\\/ett-gotland-som-star-pa-egna-ben-valprogram-2022\\\/omsorg-amp-vard\\\/\",\"url\":\"https:\\\/\\\/wp.kristdemokraterna.se\\\/gotland\\\/val-2022\\\/ett-gotland-som-star-pa-egna-ben-valprogram-2022\\\/omsorg-amp-vard\\\/\",\"name\":\"Omsorg &amp; v\u00e5rd - Kristdemokraterna Gotland\",\"isPartOf\":{\"@id\":\"https:\\\/\\\/wp.kristdemokraterna.se\\\/gotland\\\/#website\"},\"primaryImageOfPage\":{\"@id\":\"https:\\\/\\\/wp.kristdemokraterna.se\\\/gotland\\\/val-2022\\\/ett-gotland-som-star-pa-egna-ben-valprogram-2022\\\/omsorg-amp-vard\\\/#primaryimage\"},\"image\":{\"@id\":\"https:\\\/\\\/wp.kristdemokraterna.se\\\/gotland\\\/val-2022\\\/ett-gotland-som-star-pa-egna-ben-valprogram-2022\\\/omsorg-amp-vard\\\/#primaryimage\"},\"thumbnailUrl\":\"http:\\\/\\\/wp.kristdemokraterna.se\\\/gotland\\\/files\\\/2022\\\/08\\\/omsorgvard-296x300.jpg\",\"datePublished\":\"2022-06-18T18:24:43+00:00\",\"dateModified\":\"2024-05-21T20:32:36+00:00\",\"breadcrumb\":{\"@id\":\"https:\\\/\\\/wp.kristdemokraterna.se\\\/gotland\\\/val-2022\\\/ett-gotland-som-star-pa-egna-ben-valprogram-2022\\\/omsorg-amp-vard\\\/#breadcrumb\"},\"inLanguage\":\"sv-SE\",\"potentialAction\":[{\"@type\":\"ReadAction\",\"target\":[\"https:\\\/\\\/wp.kristdemokraterna.se\\\/gotland\\\/val-2022\\\/ett-gotland-som-star-pa-egna-ben-valprogram-2022\\\/omsorg-amp-vard\\\/\"]}]},{\"@type\":\"ImageObject\",\"inLanguage\":\"sv-SE\",\"@id\":\"https:\\\/\\\/wp.kristdemokraterna.se\\\/gotland\\\/val-2022\\\/ett-gotland-som-star-pa-egna-ben-valprogram-2022\\\/omsorg-amp-vard\\\/#primaryimage\",\"url\":\"http:\\\/\\\/wp.kristdemokraterna.se\\\/gotland\\\/files\\\/2022\\\/08\\\/omsorgvard-296x300.jpg\",\"contentUrl\":\"http:\\\/\\\/wp.kristdemokraterna.se\\\/gotland\\\/files\\\/2022\\\/08\\\/omsorgvard-296x300.jpg\"},{\"@type\":\"BreadcrumbList\",\"@id\":\"https:\\\/\\\/wp.kristdemokraterna.se\\\/gotland\\\/val-2022\\\/ett-gotland-som-star-pa-egna-ben-valprogram-2022\\\/omsorg-amp-vard\\\/#breadcrumb\",\"itemListElement\":[{\"@type\":\"ListItem\",\"position\":1,\"name\":\"Hem\",\"item\":\"https:\\\/\\\/wp.kristdemokraterna.se\\\/gotland\\\/\"},{\"@type\":\"ListItem\",\"position\":2,\"name\":\"Val 2022\",\"item\":\"https:\\\/\\\/wp.kristdemokraterna.se\\\/gotland\\\/?page_id=847\"},{\"@type\":\"ListItem\",\"position\":3,\"name\":\"Ett Gotland som st\u00e5r p\u00e5 egna ben &#8211; valprogram 2022\",\"item\":\"https:\\\/\\\/wp.kristdemokraterna.se\\\/gotland\\\/val-2022\\\/ett-gotland-som-star-pa-egna-ben-valprogram-2022\\\/\"},{\"@type\":\"ListItem\",\"position\":4,\"name\":\"Omsorg &amp; v\u00e5rd\"}]},{\"@type\":\"WebSite\",\"@id\":\"https:\\\/\\\/wp.kristdemokraterna.se\\\/gotland\\\/#website\",\"url\":\"https:\\\/\\\/wp.kristdemokraterna.se\\\/gotland\\\/\",\"name\":\"Kristdemokraterna Gotland\",\"description\":\"Kristdemokraterna p\u00e5 Gotland\",\"inLanguage\":\"sv-SE\"}]}<\/script>\n<!-- \/ Yoast SEO plugin. -->","yoast_head_json":{"title":"Omsorg &amp; v\u00e5rd - Kristdemokraterna Gotland","robots":{"index":"index","follow":"follow","max-snippet":"max-snippet:-1","max-image-preview":"max-image-preview:large","max-video-preview":"max-video-preview:-1"},"canonical":"https:\/\/wp.kristdemokraterna.se\/gotland\/val-2022\/ett-gotland-som-star-pa-egna-ben-valprogram-2022\/omsorg-amp-vard\/","og_locale":"sv_SE","og_type":"article","og_title":"Omsorg &amp; v\u00e5rd - Kristdemokraterna Gotland","og_description":"\u00c4ldreomsorg och omsorg om personer med funktionsneds\u00e4ttning ska pr\u00e4glas av trygghet, v\u00e4rdighet och delaktighet. Varje person, oavsett \u00e5lder, k\u00e4nner b\u00e4st sina egna behov. Inflytandet och valfriheten ska d\u00e4rf\u00f6r vara stor. Sjukv\u00e5rden ska erbjuda tillg\u00e4nglig och v\u00e4rdig v\u00e5rd av god kvalitet, d\u00e4r h\u00e4lsofr\u00e4mjande och f\u00f6rebyggande v\u00e5rd \u00e4r en naturlig del. Inf\u00f6r valfrihet inom s\u00e4rskilt boende f\u00f6r Read More","og_url":"https:\/\/wp.kristdemokraterna.se\/gotland\/val-2022\/ett-gotland-som-star-pa-egna-ben-valprogram-2022\/omsorg-amp-vard\/","og_site_name":"Kristdemokraterna Gotland","article_modified_time":"2024-05-21T20:32:36+00:00","og_image":[{"url":"http:\/\/wp.kristdemokraterna.se\/gotland\/files\/2022\/08\/omsorgvard-296x300.jpg","type":"","width":"","height":""}],"twitter_card":"summary_large_image","twitter_misc":{"Ber\u00e4knad l\u00e4stid":"1 minut"},"schema":{"@context":"https:\/\/schema.org","@graph":[{"@type":"WebPage","@id":"https:\/\/wp.kristdemokraterna.se\/gotland\/val-2022\/ett-gotland-som-star-pa-egna-ben-valprogram-2022\/omsorg-amp-vard\/","url":"https:\/\/wp.kristdemokraterna.se\/gotland\/val-2022\/ett-gotland-som-star-pa-egna-ben-valprogram-2022\/omsorg-amp-vard\/","name":"Omsorg &amp; v\u00e5rd - Kristdemokraterna Gotland","isPartOf":{"@id":"https:\/\/wp.kristdemokraterna.se\/gotland\/#website"},"primaryImageOfPage":{"@id":"https:\/\/wp.kristdemokraterna.se\/gotland\/val-2022\/ett-gotland-som-star-pa-egna-ben-valprogram-2022\/omsorg-amp-vard\/#primaryimage"},"image":{"@id":"https:\/\/wp.kristdemokraterna.se\/gotland\/val-2022\/ett-gotland-som-star-pa-egna-ben-valprogram-2022\/omsorg-amp-vard\/#primaryimage"},"thumbnailUrl":"http:\/\/wp.kristdemokraterna.se\/gotland\/files\/2022\/08\/omsorgvard-296x300.jpg","datePublished":"2022-06-18T18:24:43+00:00","dateModified":"2024-05-21T20:32:36+00:00","breadcrumb":{"@id":"https:\/\/wp.kristdemokraterna.se\/gotland\/val-2022\/ett-gotland-som-star-pa-egna-ben-valprogram-2022\/omsorg-amp-vard\/#breadcrumb"},"inLanguage":"sv-SE","potentialAction":[{"@type":"ReadAction","target":["https:\/\/wp.kristdemokraterna.se\/gotland\/val-2022\/ett-gotland-som-star-pa-egna-ben-valprogram-2022\/omsorg-amp-vard\/"]}]},{"@type":"ImageObject","inLanguage":"sv-SE","@id":"https:\/\/wp.kristdemokraterna.se\/gotland\/val-2022\/ett-gotland-som-star-pa-egna-ben-valprogram-2022\/omsorg-amp-vard\/#primaryimage","url":"http:\/\/wp.kristdemokraterna.se\/gotland\/files\/2022\/08\/omsorgvard-296x300.jpg","contentUrl":"http:\/\/wp.kristdemokraterna.se\/gotland\/files\/2022\/08\/omsorgvard-296x300.jpg"},{"@type":"BreadcrumbList","@id":"https:\/\/wp.kristdemokraterna.se\/gotland\/val-2022\/ett-gotland-som-star-pa-egna-ben-valprogram-2022\/omsorg-amp-vard\/#breadcrumb","itemListElement":[{"@type":"ListItem","position":1,"name":"Hem","item":"https:\/\/wp.kristdemokraterna.se\/gotland\/"},{"@type":"ListItem","position":2,"name":"Val 2022","item":"https:\/\/wp.kristdemokraterna.se\/gotland\/?page_id=847"},{"@type":"ListItem","position":3,"name":"Ett Gotland som st\u00e5r p\u00e5 egna ben &#8211; valprogram 2022","item":"https:\/\/wp.kristdemokraterna.se\/gotland\/val-2022\/ett-gotland-som-star-pa-egna-ben-valprogram-2022\/"},{"@type":"ListItem","position":4,"name":"Omsorg &amp; v\u00e5rd"}]},{"@type":"WebSite","@id":"https:\/\/wp.kristdemokraterna.se\/gotland\/#website","url":"https:\/\/wp.kristdemokraterna.se\/gotland\/","name":"Kristdemokraterna Gotland","description":"Kristdemokraterna p\u00e5 Gotland","inLanguage":"sv-SE"}]}},"_links":{"self":[{"href":"https:\/\/wp.kristdemokraterna.se\/gotland\/wp-json\/wp\/v2\/pages\/1383","targetHints":{"allow":["GET"]}}],"collection":[{"href":"https:\/\/wp.kristdemokraterna.se\/gotland\/wp-json\/wp\/v2\/pages"}],"about":[{"href":"https:\/\/wp.kristdemokraterna.se\/gotland\/wp-json\/wp\/v2\/types\/page"}],"author":[{"embeddable":true,"href":"https:\/\/wp.kristdemokraterna.se\/gotland\/wp-json\/wp\/v2\/users\/408"}],"replies":[{"embeddable":true,"href":"https:\/\/wp.kristdemokraterna.se\/gotland\/wp-json\/wp\/v2\/comments?post=1383"}],"version-history":[{"count":2,"href":"https:\/\/wp.kristdemokraterna.se\/gotland\/wp-json\/wp\/v2\/pages\/1383\/revisions"}],"predecessor-version":[{"id":1476,"href":"https:\/\/wp.kristdemokraterna.se\/gotland\/wp-json\/wp\/v2\/pages\/1383\/revisions\/1476"}],"up":[{"embeddable":true,"href":"https:\/\/wp.kristdemokraterna.se\/gotland\/wp-json\/wp\/v2\/pages\/1369"}],"wp:attachment":[{"href":"https:\/\/wp.kristdemokraterna.se\/gotland\/wp-json\/wp\/v2\/media?parent=1383"}],"curies":[{"name":"wp","href":"https:\/\/api.w.org\/{rel}","templated":true}]}}