{"id":1486,"date":"2022-10-25T09:02:30","date_gmt":"2022-10-25T07:02:30","guid":{"rendered":"https:\/\/wp.kristdemokraterna.se\/gotland\/?page_id=1486"},"modified":"2026-03-11T17:49:17","modified_gmt":"2026-03-11T16:49:17","slug":"motioner","status":"publish","type":"page","link":"https:\/\/wp.kristdemokraterna.se\/gotland\/var-politik\/motioner\/","title":{"rendered":"Motioner"},"content":{"rendered":"<p>En motion \u00e4r ett f\u00f6rslag som l\u00e4mnas till regionfullm\u00e4ktiges sammantr\u00e4de. Motionen tas emot av regionstyrelsen och f\u00f6rdelas ibland vidare till en eller flera n\u00e4mnder som \u00e4r ber\u00f6rda av det f\u00f6rslag som st\u00e4lls. Beslut om motionen fattas sedan av regionfullm\u00e4ktige.<\/p>\n<p><a href=\"http:\/\/wp.kristdemokraterna.se\/gotland\/files\/2022\/10\/motion-kd-infor-ratt-att-valja-aldreboende.pdf\">Inf\u00f6r r\u00e4tt att v\u00e4lja \u00e4ldreboende<\/a> &#8211; motion l\u00e4mnad till regionfullm\u00e4ktige 221024<\/p>\n<p><a href=\"https:\/\/wp.kristdemokraterna.se\/gotland\/motion-uppforandekod\/\">Inf\u00f6r en uppf\u00f6randekod f\u00f6r f\u00f6rtroendevalda<\/a> &#8211; motion l\u00e4mnad till regionfullm\u00e4ktige 240222<\/p>\n<p><a href=\"https:\/\/wp.kristdemokraterna.se\/gotland\/motion-ungdomsmottagning-i-hemse\/\">\u00d6ppna en ungdomsmottagning p\u00e5 Hemse<\/a> &#8211; motion inl\u00e4mnad till regionfullm\u00e4ktige 240429 tillsammans med Liberalerna<\/p>\n<p><a href=\"https:\/\/wp.kristdemokraterna.se\/gotland\/motion-gruppstorlek-i-forskolan\/\">Inf\u00f6r ett maxtak f\u00f6r gruppstorleken i f\u00f6rskolorna<\/a> &#8211; motion l\u00e4mnad till regionfullm\u00e4ktige 240929<\/p>\n<p><a href=\"https:\/\/wp.kristdemokraterna.se\/gotland\/motion-utveckla-pedagogisk-omsorg-pa-gotland\/\">Utveckla pedagogisk omsorg p\u00e5 Gotland<\/a> &#8211; motion l\u00e4mnad till regionfullm\u00e4ktige 250616<\/p>\n<p><a href=\"https:\/\/wp.kristdemokraterna.se\/gotland\/motion-kompiskort\/\">Inf\u00f6r ett kompiskort<\/a> &#8211; motion l\u00e4mnad till regionfullm\u00e4ktige 250922<\/p>\n","protected":false},"excerpt":{"rendered":"<p>En motion \u00e4r ett f\u00f6rslag som l\u00e4mnas till regionfullm\u00e4ktiges sammantr\u00e4de. Motionen tas emot av regionstyrelsen och f\u00f6rdelas ibland vidare till en eller flera n\u00e4mnder som \u00e4r ber\u00f6rda av det f\u00f6rslag som st\u00e4lls. Beslut om motionen fattas sedan av regionfullm\u00e4ktige. Inf\u00f6r r\u00e4tt att v\u00e4lja \u00e4ldreboende &#8211; motion l\u00e4mnad till regionfullm\u00e4ktige 221024 Inf\u00f6r en uppf\u00f6randekod f\u00f6r f\u00f6rtroendevalda <a class=\"read-more-link\" href=\"https:\/\/wp.kristdemokraterna.se\/gotland\/var-politik\/motioner\/\">Read More<\/a><\/p>\n","protected":false},"author":408,"featured_media":0,"parent":1483,"menu_order":3,"comment_status":"closed","ping_status":"closed","template":"","meta":{"_acf_changed":false,"footnotes":""},"class_list":["post-1486","page","type-page","status-publish","hentry"],"acf":[],"yoast_head":"<!-- This site is optimized with the Yoast SEO plugin v27.4 - https:\/\/yoast.com\/product\/yoast-seo-wordpress\/ -->\n<title>Motioner - Kristdemokraterna Gotland<\/title>\n<meta name=\"robots\" content=\"index, follow, max-snippet:-1, max-image-preview:large, max-video-preview:-1\" \/>\n<link rel=\"canonical\" href=\"https:\/\/wp.kristdemokraterna.se\/gotland\/var-politik\/motioner\/\" \/>\n<meta property=\"og:locale\" content=\"sv_SE\" \/>\n<meta property=\"og:type\" content=\"article\" \/>\n<meta property=\"og:title\" content=\"Motioner - Kristdemokraterna Gotland\" \/>\n<meta property=\"og:description\" content=\"En motion \u00e4r ett f\u00f6rslag som l\u00e4mnas till regionfullm\u00e4ktiges sammantr\u00e4de. Motionen tas emot av regionstyrelsen och f\u00f6rdelas ibland vidare till en eller flera n\u00e4mnder som \u00e4r ber\u00f6rda av det f\u00f6rslag som st\u00e4lls. Beslut om motionen fattas sedan av regionfullm\u00e4ktige. Inf\u00f6r r\u00e4tt att v\u00e4lja \u00e4ldreboende &#8211; motion l\u00e4mnad till regionfullm\u00e4ktige 221024 Inf\u00f6r en uppf\u00f6randekod f\u00f6r f\u00f6rtroendevalda Read More\" \/>\n<meta property=\"og:url\" content=\"https:\/\/wp.kristdemokraterna.se\/gotland\/var-politik\/motioner\/\" \/>\n<meta property=\"og:site_name\" content=\"Kristdemokraterna Gotland\" \/>\n<meta property=\"article:modified_time\" content=\"2026-03-11T16:49:17+00:00\" \/>\n<meta name=\"twitter:card\" content=\"summary_large_image\" \/>\n<meta name=\"twitter:label1\" content=\"Ber\u00e4knad l\u00e4stid\" \/>\n\t<meta name=\"twitter:data1\" content=\"1 minut\" \/>\n<script type=\"application\/ld+json\" class=\"yoast-schema-graph\">{\"@context\":\"https:\\\/\\\/schema.org\",\"@graph\":[{\"@type\":\"WebPage\",\"@id\":\"https:\\\/\\\/wp.kristdemokraterna.se\\\/gotland\\\/var-politik\\\/motioner\\\/\",\"url\":\"https:\\\/\\\/wp.kristdemokraterna.se\\\/gotland\\\/var-politik\\\/motioner\\\/\",\"name\":\"Motioner - Kristdemokraterna Gotland\",\"isPartOf\":{\"@id\":\"https:\\\/\\\/wp.kristdemokraterna.se\\\/gotland\\\/#website\"},\"datePublished\":\"2022-10-25T07:02:30+00:00\",\"dateModified\":\"2026-03-11T16:49:17+00:00\",\"breadcrumb\":{\"@id\":\"https:\\\/\\\/wp.kristdemokraterna.se\\\/gotland\\\/var-politik\\\/motioner\\\/#breadcrumb\"},\"inLanguage\":\"sv-SE\",\"potentialAction\":[{\"@type\":\"ReadAction\",\"target\":[\"https:\\\/\\\/wp.kristdemokraterna.se\\\/gotland\\\/var-politik\\\/motioner\\\/\"]}]},{\"@type\":\"BreadcrumbList\",\"@id\":\"https:\\\/\\\/wp.kristdemokraterna.se\\\/gotland\\\/var-politik\\\/motioner\\\/#breadcrumb\",\"itemListElement\":[{\"@type\":\"ListItem\",\"position\":1,\"name\":\"Hem\",\"item\":\"https:\\\/\\\/wp.kristdemokraterna.se\\\/gotland\\\/\"},{\"@type\":\"ListItem\",\"position\":2,\"name\":\"V\u00e5r politik\",\"item\":\"https:\\\/\\\/wp.kristdemokraterna.se\\\/gotland\\\/var-politik\\\/\"},{\"@type\":\"ListItem\",\"position\":3,\"name\":\"Motioner\"}]},{\"@type\":\"WebSite\",\"@id\":\"https:\\\/\\\/wp.kristdemokraterna.se\\\/gotland\\\/#website\",\"url\":\"https:\\\/\\\/wp.kristdemokraterna.se\\\/gotland\\\/\",\"name\":\"Kristdemokraterna Gotland\",\"description\":\"Kristdemokraterna p\u00e5 Gotland\",\"inLanguage\":\"sv-SE\"}]}<\/script>\n<!-- \/ Yoast SEO plugin. -->","yoast_head_json":{"title":"Motioner - Kristdemokraterna Gotland","robots":{"index":"index","follow":"follow","max-snippet":"max-snippet:-1","max-image-preview":"max-image-preview:large","max-video-preview":"max-video-preview:-1"},"canonical":"https:\/\/wp.kristdemokraterna.se\/gotland\/var-politik\/motioner\/","og_locale":"sv_SE","og_type":"article","og_title":"Motioner - Kristdemokraterna Gotland","og_description":"En motion \u00e4r ett f\u00f6rslag som l\u00e4mnas till regionfullm\u00e4ktiges sammantr\u00e4de. Motionen tas emot av regionstyrelsen och f\u00f6rdelas ibland vidare till en eller flera n\u00e4mnder som \u00e4r ber\u00f6rda av det f\u00f6rslag som st\u00e4lls. Beslut om motionen fattas sedan av regionfullm\u00e4ktige. Inf\u00f6r r\u00e4tt att v\u00e4lja \u00e4ldreboende &#8211; motion l\u00e4mnad till regionfullm\u00e4ktige 221024 Inf\u00f6r en uppf\u00f6randekod f\u00f6r f\u00f6rtroendevalda Read More","og_url":"https:\/\/wp.kristdemokraterna.se\/gotland\/var-politik\/motioner\/","og_site_name":"Kristdemokraterna Gotland","article_modified_time":"2026-03-11T16:49:17+00:00","twitter_card":"summary_large_image","twitter_misc":{"Ber\u00e4knad l\u00e4stid":"1 minut"},"schema":{"@context":"https:\/\/schema.org","@graph":[{"@type":"WebPage","@id":"https:\/\/wp.kristdemokraterna.se\/gotland\/var-politik\/motioner\/","url":"https:\/\/wp.kristdemokraterna.se\/gotland\/var-politik\/motioner\/","name":"Motioner - Kristdemokraterna Gotland","isPartOf":{"@id":"https:\/\/wp.kristdemokraterna.se\/gotland\/#website"},"datePublished":"2022-10-25T07:02:30+00:00","dateModified":"2026-03-11T16:49:17+00:00","breadcrumb":{"@id":"https:\/\/wp.kristdemokraterna.se\/gotland\/var-politik\/motioner\/#breadcrumb"},"inLanguage":"sv-SE","potentialAction":[{"@type":"ReadAction","target":["https:\/\/wp.kristdemokraterna.se\/gotland\/var-politik\/motioner\/"]}]},{"@type":"BreadcrumbList","@id":"https:\/\/wp.kristdemokraterna.se\/gotland\/var-politik\/motioner\/#breadcrumb","itemListElement":[{"@type":"ListItem","position":1,"name":"Hem","item":"https:\/\/wp.kristdemokraterna.se\/gotland\/"},{"@type":"ListItem","position":2,"name":"V\u00e5r politik","item":"https:\/\/wp.kristdemokraterna.se\/gotland\/var-politik\/"},{"@type":"ListItem","position":3,"name":"Motioner"}]},{"@type":"WebSite","@id":"https:\/\/wp.kristdemokraterna.se\/gotland\/#website","url":"https:\/\/wp.kristdemokraterna.se\/gotland\/","name":"Kristdemokraterna Gotland","description":"Kristdemokraterna p\u00e5 Gotland","inLanguage":"sv-SE"}]}},"_links":{"self":[{"href":"https:\/\/wp.kristdemokraterna.se\/gotland\/wp-json\/wp\/v2\/pages\/1486","targetHints":{"allow":["GET"]}}],"collection":[{"href":"https:\/\/wp.kristdemokraterna.se\/gotland\/wp-json\/wp\/v2\/pages"}],"about":[{"href":"https:\/\/wp.kristdemokraterna.se\/gotland\/wp-json\/wp\/v2\/types\/page"}],"author":[{"embeddable":true,"href":"https:\/\/wp.kristdemokraterna.se\/gotland\/wp-json\/wp\/v2\/users\/408"}],"replies":[{"embeddable":true,"href":"https:\/\/wp.kristdemokraterna.se\/gotland\/wp-json\/wp\/v2\/comments?post=1486"}],"version-history":[{"count":9,"href":"https:\/\/wp.kristdemokraterna.se\/gotland\/wp-json\/wp\/v2\/pages\/1486\/revisions"}],"predecessor-version":[{"id":1917,"href":"https:\/\/wp.kristdemokraterna.se\/gotland\/wp-json\/wp\/v2\/pages\/1486\/revisions\/1917"}],"up":[{"embeddable":true,"href":"https:\/\/wp.kristdemokraterna.se\/gotland\/wp-json\/wp\/v2\/pages\/1483"}],"wp:attachment":[{"href":"https:\/\/wp.kristdemokraterna.se\/gotland\/wp-json\/wp\/v2\/media?parent=1486"}],"curies":[{"name":"wp","href":"https:\/\/api.w.org\/{rel}","templated":true}]}}