{"id":1488,"date":"2022-10-25T22:13:02","date_gmt":"2022-10-25T20:13:02","guid":{"rendered":"https:\/\/wp.kristdemokraterna.se\/gotland\/?page_id=1488"},"modified":"2026-04-11T22:47:34","modified_gmt":"2026-04-11T20:47:34","slug":"insandare","status":"publish","type":"page","link":"https:\/\/wp.kristdemokraterna.se\/gotland\/var-politik\/insandare\/","title":{"rendered":"Ins\u00e4ndare"},"content":{"rendered":"<p>Att skriva ins\u00e4ndare \u00e4r ett av Kristdemokraternas s\u00e4tt att f\u00f6ra fram f\u00f6rslag, synpunkter och framg\u00e5ngar i den lokala och nationella politiken. Oftast publiceras ins\u00e4ndarna p\u00e5 <a href=\"http:\/\/www.helagotland.se\">helagotland.se<\/a> och i tidningarna Gotlands Allehanda och Gotlands Tidningar.<\/p>\n<p><strong>221020:<\/strong> <a href=\"http:\/\/wp.kristdemokraterna.se\/gotland\/files\/2022\/10\/infor-ratt-att-valja-aldreboende-221020.pdf\">Inf\u00f6r r\u00e4tt att v\u00e4lja \u00e4ldreboende<\/a><\/p>\n<p><strong>221018<\/strong>: <a href=\"http:\/\/wp.kristdemokraterna.se\/gotland\/files\/2022\/10\/en-regering-med-mycket-kristdemokrati.pdf\">En regering med mycket kristdemokrati<\/a><\/p>\n<p><strong>221016<\/strong>: <a href=\"http:\/\/wp.kristdemokraterna.se\/gotland\/files\/2022\/10\/framgang-for-kvinnovarden.pdf\">Framg\u00e5ng f\u00f6r kvinnov\u00e5rden<\/a><\/p>\n<p><strong>230216<\/strong>: <a href=\"https:\/\/wp.kristdemokraterna.se\/gotland\/nu-kommer-elstodet-till-gotlands-hushall\/\">Nu kommer elst\u00f6det till Gotlands hush\u00e5ll<\/a><\/p>\n<p><strong>230220<\/strong>: <a href=\"https:\/\/wp.kristdemokraterna.se\/gotland\/bromma-flygplats-blir-kvar\/\">Bromma flygplats blir kvar!<\/a><\/p>\n<p><strong>230225<\/strong>: <a href=\"https:\/\/wp.kristdemokraterna.se\/gotland\/att-parkera-eller-inte-parkera\/\">Att parkera eller inte parkera<\/a><\/p>\n<p><strong>230323:<\/strong> <a href=\"https:\/\/wp.kristdemokraterna.se\/gotland\/hojt-bostadsbidrag-till-utsatta-familjer\/\">H\u00f6jt bostadsbidrag till utsatta familjer<\/a><\/p>\n<p><strong>230401<\/strong>: <a href=\"https:\/\/wp.kristdemokraterna.se\/gotland\/uppmaning-till-s-bjud-in-till-samtal-om-lasarett\/\">Bjud in till samtal om lasarett<\/a><\/p>\n<p><strong>230419:<\/strong> <a href=\"https:\/\/wp.kristdemokraterna.se\/gotland\/budget-med-ansvar-och-hjarta\/\">Budget med ansvar och hj\u00e4rta<\/a><\/p>\n<p><strong>230530<\/strong>: <a href=\"https:\/\/wp.kristdemokraterna.se\/gotland\/grattis-gotland-robust-elsystem-pa-vag\/\">Grattis Gotland &#8211; robust elsystem p\u00e5 v\u00e4g<\/a><\/p>\n<p><strong>230601:<\/strong> <a href=\"https:\/\/wp.kristdemokraterna.se\/gotland\/regeringen-paborjar-arhundradets-vardreform\/\">Regeringen p\u00e5b\u00f6rjar \u00e5rhundradets v\u00e5rdreform<\/a><\/p>\n<p><strong>230826:<\/strong> <a href=\"https:\/\/wp.kristdemokraterna.se\/gotland\/57-or-som-kommit-i-klam-kompenseras\/\">57-or som kommit i kl\u00e4m kompenseras<\/a><\/p>\n<p><strong>230826:<\/strong> <a href=\"https:\/\/wp.kristdemokraterna.se\/gotland\/sluta-skrammas-om-angiverilag\/\">Sluta skr\u00e4mmas om angiverilag<\/a><\/p>\n<p><strong>230915:<\/strong> <a href=\"https:\/\/wp.kristdemokraterna.se\/gotland\/kd-bakom-stora-satsningar-pa-varden\/\">KD bakom stora satsningar p\u00e5 v\u00e5rden<\/a><\/p>\n<p><strong>231003:<\/strong> <a href=\"https:\/\/wp.kristdemokraterna.se\/gotland\/stark-kd-pragel-med-satsningar-pa-aldre-i-regeringens-budget\/\">Stark KD-pr\u00e4gel med satsningar p\u00e5 \u00e4ldre i regeringens budget<\/a><\/p>\n<p><strong>231006:<\/strong> <a href=\"https:\/\/wp.kristdemokraterna.se\/gotland\/nu-hojs-tillfalligt-taket-for-rotavdraget\/\">Nu h\u00f6js tillf\u00e4lligt taket f\u00f6r rotavdraget<\/a><\/p>\n<p><strong>231010:<\/strong> <a href=\"https:\/\/wp.kristdemokraterna.se\/gotland\/fortsatta-prioriteringar-pa-sjukvarden-med-kd-i-regeringen\/\">Fortsatta prioriteringar p\u00e5 sjukv\u00e5rden med KD i regeringen<\/a><\/p>\n<p><strong>231010:<\/strong> <a href=\"https:\/\/wp.kristdemokraterna.se\/gotland\/bostadsdrommen-blir-ett-steg-narmare\/\">Bostadsdr\u00f6mmen blir ett steg n\u00e4rmare<\/a><\/p>\n<p><strong>231027:<\/strong> <a href=\"https:\/\/wp.kristdemokraterna.se\/gotland\/hela-gotlands-landsbygd-maste-fa-leva\/\">Hela Gotlands landsbygd m\u00e5ste f\u00e5 leva!<\/a><\/p>\n<p><strong>231105:<\/strong> <a href=\"https:\/\/wp.kristdemokraterna.se\/gotland\/bussiga-kortet-ska-utvecklas-inte-avvecklas\/\">Bussiga kortet ska utvecklas &#8211; inte avveckla<\/a>s<\/p>\n<p><strong>231212:<\/strong> <a href=\"https:\/\/wp.kristdemokraterna.se\/gotland\/kristdemokraterna-starker-familjerna\/\">Kristdemokraterna st\u00e4rker familjerna<\/a><\/p>\n<p><strong>240103:<\/strong> <a href=\"https:\/\/wp.kristdemokraterna.se\/gotland\/vi-framjar-okad-rorelse-for-alla-aldrar\/\">Vi fr\u00e4mjar \u00f6kad r\u00f6relse &#8211; f\u00f6r alla \u00e5ldrar<\/a><\/p>\n<p><strong>240126:<\/strong> <a href=\"https:\/\/wp.kristdemokraterna.se\/gotland\/hog-tid-att-investera-i-sverige\/\">H\u00f6g tid att investera i Sverige<\/a><\/p>\n<p><strong>240305:<\/strong> <a href=\"https:\/\/wp.kristdemokraterna.se\/gotland\/mer-pengar-till-den-gotlandska-varden\/\">Mer pengar till den gotl\u00e4ndska v\u00e5rden<\/a><\/p>\n<p><strong>240321: <\/strong><a href=\"https:\/\/wp.kristdemokraterna.se\/gotland\/vi-maste-alla-gora-oss-beredda\/\">Vi m\u00e5ste alla g\u00f6ra oss beredda<\/a><\/p>\n<p><strong>240408:<\/strong> <a href=\"https:\/\/wp.kristdemokraterna.se\/gotland\/nytt-steg-for-reservhamn-pa-gotland\/\">Nytt steg f\u00f6r reservhamn p\u00e5 Gotland<\/a><\/p>\n<p><strong>240423:<\/strong> <a href=\"https:\/\/wp.kristdemokraterna.se\/gotland\/manga-fragetecken-kring-ishallsbygge\/\">M\u00e5nga fr\u00e5getecken kring ishallsbygge<\/a><\/p>\n<p><strong>241129:<\/strong> <a href=\"https:\/\/wp.kristdemokraterna.se\/gotland\/backa-bandet-gallande-ridanlaggning-vid-ravhagen\/\">Backa bandet g\u00e4llande ridanl\u00e4ggning vid R\u00e4vhagen<\/a><\/p>\n<p><strong>250102:<\/strong> <a href=\"https:\/\/wp.kristdemokraterna.se\/gotland\/krafttag-for-okad-fysisk-halsa\/\">Krafttag f\u00f6r \u00f6kad fysisk h\u00e4lsa<\/a><\/p>\n<p><strong>250125:<\/strong> <a href=\"https:\/\/wp.kristdemokraterna.se\/gotland\/regeringen-mojliggor-mindre-barngrupper-i-forskolan\/\">Regeringen m\u00f6jligg\u00f6r mindre barngrupper i f\u00f6rskolan<\/a><\/p>\n<p><strong>250127:<\/strong> <a href=\"https:\/\/wp.kristdemokraterna.se\/gotland\/mer-pengar-till-den-gotlandska-varden-tack-vare-kd\/\">Mer pengar till den gotl\u00e4ndska v\u00e5rden &#8211; tack vare KD<\/a><\/p>\n<p><strong>250210:<\/strong> <a href=\"https:\/\/wp.kristdemokraterna.se\/gotland\/sluta-forsvara-for-familjer-pa-landsbygden\/\">Sluta f\u00f6rsv\u00e5ra f\u00f6r familjer p\u00e5 landsbygden<\/a><\/p>\n<p><strong>250321:<\/strong> <a href=\"https:\/\/wp.kristdemokraterna.se\/gotland\/nu-raddar-vi-gotlands-almar\/\">Nu r\u00e4ddar vi Gotlands almar!<\/a><\/p>\n<p><strong>250411:<\/strong> <a href=\"https:\/\/wp.kristdemokraterna.se\/gotland\/kd-s-lofte-till-gotlands-landsbygdsfamiljer\/\">KD:s l\u00f6fte till Gotlands landsbygdsfamiljer<\/a><\/p>\n<p><strong>250412:<\/strong> <a href=\"https:\/\/wp.kristdemokraterna.se\/gotland\/en-battre-atstorningsvard\/\">En b\u00e4ttre \u00e4tst\u00f6rningsv\u00e5rd<\/a><\/p>\n<p><strong>250523:<\/strong> <a href=\"https:\/\/wp.kristdemokraterna.se\/gotland\/region-gotlands-budget-2026-med-ansvar-for-framtiden\/\">Region Gotlands budget 2026 &#8211; med ansvar f\u00f6r framtiden<\/a><\/p>\n<p><strong>250523:<\/strong> <a href=\"https:\/\/wp.kristdemokraterna.se\/gotland\/vill-ovriga-partier-ha-en-jamlik-vard\/\">Vill \u00f6vriga partier ha en j\u00e4mlik v\u00e5rd?<\/a><\/p>\n<p><strong>250609:<\/strong> <a href=\"https:\/\/wp.kristdemokraterna.se\/gotland\/tydliga-steg-mot-statlig-vard-tack-vare-kd\/\">Tydliga steg mot statlig v\u00e5rd &#8211; tack vare KD<\/a><\/p>\n<p><strong>251107: <\/strong><a href=\"https:\/\/wp.kristdemokraterna.se\/gotland\/farjetrafiken-tillsammans-gor-vi-skillnad-for-gotland\/\">F\u00e4rjetrafiken: tillsammans g\u00f6r vi skillnad f\u00f6r Gotland<\/a><\/p>\n<p><strong>251113:<\/strong> <a href=\"https:\/\/wp.kristdemokraterna.se\/gotland\/sank-reavinstskatten\/\">S\u00e4nk reavinstskatten<\/a><\/p>\n<p><strong>251130:<\/strong> <a href=\"https:\/\/wp.kristdemokraterna.se\/gotland\/vem-ska-man-rosta-pa\/\">Vem ska man r\u00f6sta p\u00e5?<\/a><\/p>\n<p><strong>251215:<\/strong> <a href=\"https:\/\/wp.kristdemokraterna.se\/gotland\/bevara-landsbygdens-skolor\/\">Bevara landsbygdens skolor<\/a><\/p>\n<p><strong>260314:<\/strong> <a href=\"https:\/\/wp.kristdemokraterna.se\/gotland\/kristdemokraterna-gar-framat-pa-gotland\/\">Kristdemokraterna g\u00e5r fram\u00e5t p\u00e5 Gotland<\/a><\/p>\n<p><strong>260407:<\/strong> <a href=\"https:\/\/wp.kristdemokraterna.se\/gotland\/bidragslandet-sverige\/\">Bidragslandet Sverige<\/a><\/p>\n","protected":false},"excerpt":{"rendered":"<p>Att skriva ins\u00e4ndare \u00e4r ett av Kristdemokraternas s\u00e4tt att f\u00f6ra fram f\u00f6rslag, synpunkter och framg\u00e5ngar i den lokala och nationella politiken. Oftast publiceras ins\u00e4ndarna p\u00e5 helagotland.se och i tidningarna Gotlands Allehanda och Gotlands Tidningar. 221020: Inf\u00f6r r\u00e4tt att v\u00e4lja \u00e4ldreboende 221018: En regering med mycket kristdemokrati 221016: Framg\u00e5ng f\u00f6r kvinnov\u00e5rden 230216: Nu kommer elst\u00f6det till <a class=\"read-more-link\" href=\"https:\/\/wp.kristdemokraterna.se\/gotland\/var-politik\/insandare\/\">Read More<\/a><\/p>\n","protected":false},"author":408,"featured_media":0,"parent":1483,"menu_order":1,"comment_status":"closed","ping_status":"closed","template":"","meta":{"_acf_changed":false,"footnotes":""},"class_list":["post-1488","page","type-page","status-publish","hentry"],"acf":[],"yoast_head":"<!-- This site is optimized with the Yoast SEO plugin v27.4 - https:\/\/yoast.com\/product\/yoast-seo-wordpress\/ -->\n<title>Ins\u00e4ndare - Kristdemokraterna Gotland<\/title>\n<meta name=\"robots\" content=\"index, follow, max-snippet:-1, max-image-preview:large, max-video-preview:-1\" \/>\n<link rel=\"canonical\" href=\"https:\/\/wp.kristdemokraterna.se\/gotland\/var-politik\/insandare\/\" \/>\n<meta property=\"og:locale\" content=\"sv_SE\" \/>\n<meta property=\"og:type\" content=\"article\" \/>\n<meta property=\"og:title\" content=\"Ins\u00e4ndare - Kristdemokraterna Gotland\" \/>\n<meta property=\"og:description\" content=\"Att skriva ins\u00e4ndare \u00e4r ett av Kristdemokraternas s\u00e4tt att f\u00f6ra fram f\u00f6rslag, synpunkter och framg\u00e5ngar i den lokala och nationella politiken. Oftast publiceras ins\u00e4ndarna p\u00e5 helagotland.se och i tidningarna Gotlands Allehanda och Gotlands Tidningar. 221020: Inf\u00f6r r\u00e4tt att v\u00e4lja \u00e4ldreboende 221018: En regering med mycket kristdemokrati 221016: Framg\u00e5ng f\u00f6r kvinnov\u00e5rden 230216: Nu kommer elst\u00f6det till Read More\" \/>\n<meta property=\"og:url\" content=\"https:\/\/wp.kristdemokraterna.se\/gotland\/var-politik\/insandare\/\" \/>\n<meta property=\"og:site_name\" content=\"Kristdemokraterna Gotland\" \/>\n<meta property=\"article:modified_time\" content=\"2026-04-11T20:47:34+00:00\" \/>\n<meta name=\"twitter:card\" content=\"summary_large_image\" \/>\n<meta name=\"twitter:label1\" content=\"Ber\u00e4knad l\u00e4stid\" \/>\n\t<meta name=\"twitter:data1\" content=\"2 minuter\" \/>\n<script type=\"application\/ld+json\" class=\"yoast-schema-graph\">{\"@context\":\"https:\\\/\\\/schema.org\",\"@graph\":[{\"@type\":\"WebPage\",\"@id\":\"https:\\\/\\\/wp.kristdemokraterna.se\\\/gotland\\\/var-politik\\\/insandare\\\/\",\"url\":\"https:\\\/\\\/wp.kristdemokraterna.se\\\/gotland\\\/var-politik\\\/insandare\\\/\",\"name\":\"Ins\u00e4ndare - Kristdemokraterna Gotland\",\"isPartOf\":{\"@id\":\"https:\\\/\\\/wp.kristdemokraterna.se\\\/gotland\\\/#website\"},\"datePublished\":\"2022-10-25T20:13:02+00:00\",\"dateModified\":\"2026-04-11T20:47:34+00:00\",\"breadcrumb\":{\"@id\":\"https:\\\/\\\/wp.kristdemokraterna.se\\\/gotland\\\/var-politik\\\/insandare\\\/#breadcrumb\"},\"inLanguage\":\"sv-SE\",\"potentialAction\":[{\"@type\":\"ReadAction\",\"target\":[\"https:\\\/\\\/wp.kristdemokraterna.se\\\/gotland\\\/var-politik\\\/insandare\\\/\"]}]},{\"@type\":\"BreadcrumbList\",\"@id\":\"https:\\\/\\\/wp.kristdemokraterna.se\\\/gotland\\\/var-politik\\\/insandare\\\/#breadcrumb\",\"itemListElement\":[{\"@type\":\"ListItem\",\"position\":1,\"name\":\"Hem\",\"item\":\"https:\\\/\\\/wp.kristdemokraterna.se\\\/gotland\\\/\"},{\"@type\":\"ListItem\",\"position\":2,\"name\":\"V\u00e5r politik\",\"item\":\"https:\\\/\\\/wp.kristdemokraterna.se\\\/gotland\\\/var-politik\\\/\"},{\"@type\":\"ListItem\",\"position\":3,\"name\":\"Ins\u00e4ndare\"}]},{\"@type\":\"WebSite\",\"@id\":\"https:\\\/\\\/wp.kristdemokraterna.se\\\/gotland\\\/#website\",\"url\":\"https:\\\/\\\/wp.kristdemokraterna.se\\\/gotland\\\/\",\"name\":\"Kristdemokraterna Gotland\",\"description\":\"Kristdemokraterna p\u00e5 Gotland\",\"inLanguage\":\"sv-SE\"}]}<\/script>\n<!-- \/ Yoast SEO plugin. -->","yoast_head_json":{"title":"Ins\u00e4ndare - Kristdemokraterna Gotland","robots":{"index":"index","follow":"follow","max-snippet":"max-snippet:-1","max-image-preview":"max-image-preview:large","max-video-preview":"max-video-preview:-1"},"canonical":"https:\/\/wp.kristdemokraterna.se\/gotland\/var-politik\/insandare\/","og_locale":"sv_SE","og_type":"article","og_title":"Ins\u00e4ndare - Kristdemokraterna Gotland","og_description":"Att skriva ins\u00e4ndare \u00e4r ett av Kristdemokraternas s\u00e4tt att f\u00f6ra fram f\u00f6rslag, synpunkter och framg\u00e5ngar i den lokala och nationella politiken. Oftast publiceras ins\u00e4ndarna p\u00e5 helagotland.se och i tidningarna Gotlands Allehanda och Gotlands Tidningar. 221020: Inf\u00f6r r\u00e4tt att v\u00e4lja \u00e4ldreboende 221018: En regering med mycket kristdemokrati 221016: Framg\u00e5ng f\u00f6r kvinnov\u00e5rden 230216: Nu kommer elst\u00f6det till Read More","og_url":"https:\/\/wp.kristdemokraterna.se\/gotland\/var-politik\/insandare\/","og_site_name":"Kristdemokraterna Gotland","article_modified_time":"2026-04-11T20:47:34+00:00","twitter_card":"summary_large_image","twitter_misc":{"Ber\u00e4knad l\u00e4stid":"2 minuter"},"schema":{"@context":"https:\/\/schema.org","@graph":[{"@type":"WebPage","@id":"https:\/\/wp.kristdemokraterna.se\/gotland\/var-politik\/insandare\/","url":"https:\/\/wp.kristdemokraterna.se\/gotland\/var-politik\/insandare\/","name":"Ins\u00e4ndare - Kristdemokraterna Gotland","isPartOf":{"@id":"https:\/\/wp.kristdemokraterna.se\/gotland\/#website"},"datePublished":"2022-10-25T20:13:02+00:00","dateModified":"2026-04-11T20:47:34+00:00","breadcrumb":{"@id":"https:\/\/wp.kristdemokraterna.se\/gotland\/var-politik\/insandare\/#breadcrumb"},"inLanguage":"sv-SE","potentialAction":[{"@type":"ReadAction","target":["https:\/\/wp.kristdemokraterna.se\/gotland\/var-politik\/insandare\/"]}]},{"@type":"BreadcrumbList","@id":"https:\/\/wp.kristdemokraterna.se\/gotland\/var-politik\/insandare\/#breadcrumb","itemListElement":[{"@type":"ListItem","position":1,"name":"Hem","item":"https:\/\/wp.kristdemokraterna.se\/gotland\/"},{"@type":"ListItem","position":2,"name":"V\u00e5r politik","item":"https:\/\/wp.kristdemokraterna.se\/gotland\/var-politik\/"},{"@type":"ListItem","position":3,"name":"Ins\u00e4ndare"}]},{"@type":"WebSite","@id":"https:\/\/wp.kristdemokraterna.se\/gotland\/#website","url":"https:\/\/wp.kristdemokraterna.se\/gotland\/","name":"Kristdemokraterna Gotland","description":"Kristdemokraterna p\u00e5 Gotland","inLanguage":"sv-SE"}]}},"_links":{"self":[{"href":"https:\/\/wp.kristdemokraterna.se\/gotland\/wp-json\/wp\/v2\/pages\/1488","targetHints":{"allow":["GET"]}}],"collection":[{"href":"https:\/\/wp.kristdemokraterna.se\/gotland\/wp-json\/wp\/v2\/pages"}],"about":[{"href":"https:\/\/wp.kristdemokraterna.se\/gotland\/wp-json\/wp\/v2\/types\/page"}],"author":[{"embeddable":true,"href":"https:\/\/wp.kristdemokraterna.se\/gotland\/wp-json\/wp\/v2\/users\/408"}],"replies":[{"embeddable":true,"href":"https:\/\/wp.kristdemokraterna.se\/gotland\/wp-json\/wp\/v2\/comments?post=1488"}],"version-history":[{"count":35,"href":"https:\/\/wp.kristdemokraterna.se\/gotland\/wp-json\/wp\/v2\/pages\/1488\/revisions"}],"predecessor-version":[{"id":1966,"href":"https:\/\/wp.kristdemokraterna.se\/gotland\/wp-json\/wp\/v2\/pages\/1488\/revisions\/1966"}],"up":[{"embeddable":true,"href":"https:\/\/wp.kristdemokraterna.se\/gotland\/wp-json\/wp\/v2\/pages\/1483"}],"wp:attachment":[{"href":"https:\/\/wp.kristdemokraterna.se\/gotland\/wp-json\/wp\/v2\/media?parent=1488"}],"curies":[{"name":"wp","href":"https:\/\/api.w.org\/{rel}","templated":true}]}}