{"id":1490,"date":"2024-03-09T11:31:37","date_gmt":"2024-03-09T10:31:37","guid":{"rendered":"https:\/\/wp.kristdemokraterna.se\/gotland\/?page_id=1490"},"modified":"2025-06-13T13:11:38","modified_gmt":"2025-06-13T11:11:38","slug":"interpellationer","status":"publish","type":"page","link":"https:\/\/wp.kristdemokraterna.se\/gotland\/var-politik\/interpellationer\/","title":{"rendered":"Interpellationer"},"content":{"rendered":"<p>En interpellation \u00e4r en skriftlig fr\u00e5ga till regionstyrelsens ordf\u00f6rande eller n\u00e4mndsordf\u00f6rande i Region Gotland, och st\u00e4lls i samband med samband med regionfullm\u00e4ktiges sammantr\u00e4de. Interpellationen besvaras skriftligt av den som interpellationen \u00e4r st\u00e4lld till, och sedan debatteras den vid ett av regionfullm\u00e4ktiges sammantr\u00e4den. Interpellationer \u00e4r ett verktyg f\u00f6r Kristdemokraterna att st\u00e4lla den styrande majoriteten p\u00e5 Gotland till svars f\u00f6r politiska beslut och de verksamheter som de ansvarar f\u00f6r.<\/p>\n<p><a href=\"http:\/\/wp.kristdemokraterna.se\/gotland\/files\/2024\/03\/interpellation-kd-visby-lasarett-stalld-rf221121.pdf\">Visby lasarett<\/a> &#8211; interpellation st\u00e4lld av Sara Lidqvist till regionstyrelsens ordf\u00f6rande 221121<\/p>\n<p><a href=\"http:\/\/wp.kristdemokraterna.se\/gotland\/files\/2024\/03\/interpellation-kd-valdtaktsoffers-kostnader.pdf\">V\u00e5ldt\u00e4ktsoffers kostnader<\/a> &#8211; interpellation st\u00e4lld av Johan Asplund till regionstyrelsens ordf\u00f6rande 221212<\/p>\n<p><a href=\"http:\/\/wp.kristdemokraterna.se\/gotland\/files\/2024\/03\/interpellation-kd-gotlands-filmfond-ab.pdf\">Gotlands Filmfond AB<\/a> &#8211; interpellation st\u00e4lld av Johan Asplund till regionstyrelsen ordf\u00f6rande 221212<\/p>\n<p><a href=\"http:\/\/wp.kristdemokraterna.se\/gotland\/files\/2024\/03\/interpellation-kd-pedagogisk-omsorg-stalld-rf230327-besvarad-rf230424.pdf\">Pedagogisk omsorg<\/a> &#8211; interpellation st\u00e4lld av Sara Lidqvist till barn- och utbildningsn\u00e4mndens ordf\u00f6rande 230327<\/p>\n<p><a href=\"http:\/\/wp.kristdemokraterna.se\/gotland\/files\/2024\/03\/interpellation-kd-bostad-forst.pdf\">Bostad f\u00f6rst<\/a> &#8211; interpellation st\u00e4lld av Sara Lidqvist till regionstyrelsens ordf\u00f6rande 240221<\/p>\n<p><a href=\"http:\/\/wp.kristdemokraterna.se\/gotland\/files\/2024\/03\/interpellation-kd-bostadsbyggande.pdf\">Bostadsbyggande<\/a> &#8211; interpellation st\u00e4lld av Sara Lidqvist till milj\u00f6- och byggn\u00e4mndens ordf\u00f6rande 240221<\/p>\n<p><a href=\"http:\/\/wp.kristdemokraterna.se\/gotland\/files\/2024\/03\/interpellation-kd-krankande-behandling.pdf\">Kr\u00e4nkande behandling<\/a> &#8211; interpellation st\u00e4lld av Sara Lidqvist till gymnasie- och vuxenutbildningsn\u00e4mndens ordf\u00f6rande 240221<\/p>\n<p><a href=\"http:\/\/wp.kristdemokraterna.se\/gotland\/files\/2024\/11\/interpellation-kd-resekostnader-gallande-hansan-inskickad-till-rf-240930.pdf\">Resekostnader kopplade till Hansan<\/a> &#8211; interpellation st\u00e4lld av Sara Lidqvist till regionstyrelsens ordf\u00f6rande 241118, uppskjuten till 241216 och d\u00e4refter till 250217<\/p>\n<p><a href=\"http:\/\/wp.kristdemokraterna.se\/gotland\/files\/2024\/11\/interpellation-kd-foretagsklimat-inskickad-till-rf-240930.pdf\">F\u00f6retagsklimat<\/a> &#8211; interpellation st\u00e4lld av Sara Lidqvist till regionstyrelsens ordf\u00f6rande 241216, uppskjuten till 241216 och d\u00e4refter nedlagd<\/p>\n<p><a href=\"http:\/\/wp.kristdemokraterna.se\/gotland\/files\/2025\/01\/interpellation-gallande-planerna-pa-kommunal-ridanlaggning-vid-ravhagen-kristdemokraterna.pdf\">Kommunal ridanl\u00e4ggning vid R\u00e4vhagen<\/a> &#8211; interpellation st\u00e4lld av Sara Lidqvist till regionstyrelsens ordf\u00f6rande 250217<\/p>\n<p><a href=\"http:\/\/wp.kristdemokraterna.se\/gotland\/files\/2025\/06\/interpellation-om-forsaljning-av-vardkapacitet-till-andra-regioner-sara-lidqvist-kristdemokraterna.pdf\">F\u00f6rs\u00e4ljning av v\u00e5rdkapacitet till andra regioner<\/a> &#8211; interpellation st\u00e4lld av Sara Lidqvist till h\u00e4lso- och sjukv\u00e5rdsn\u00e4mndens ordf\u00f6rande 250616<\/p>\n","protected":false},"excerpt":{"rendered":"<p>En interpellation \u00e4r en skriftlig fr\u00e5ga till regionstyrelsens ordf\u00f6rande eller n\u00e4mndsordf\u00f6rande i Region Gotland, och st\u00e4lls i samband med samband med regionfullm\u00e4ktiges sammantr\u00e4de. Interpellationen besvaras skriftligt av den som interpellationen \u00e4r st\u00e4lld till, och sedan debatteras den vid ett av regionfullm\u00e4ktiges sammantr\u00e4den. Interpellationer \u00e4r ett verktyg f\u00f6r Kristdemokraterna att st\u00e4lla den styrande majoriteten p\u00e5 Gotland <a class=\"read-more-link\" href=\"https:\/\/wp.kristdemokraterna.se\/gotland\/var-politik\/interpellationer\/\">Read More<\/a><\/p>\n","protected":false},"author":408,"featured_media":0,"parent":1483,"menu_order":2,"comment_status":"closed","ping_status":"closed","template":"","meta":{"_acf_changed":false,"footnotes":""},"class_list":["post-1490","page","type-page","status-publish","hentry"],"acf":[],"yoast_head":"<!-- This site is optimized with the Yoast SEO plugin v27.5 - https:\/\/yoast.com\/product\/yoast-seo-wordpress\/ -->\n<title>Interpellationer - Kristdemokraterna Gotland<\/title>\n<meta name=\"robots\" content=\"index, follow, max-snippet:-1, max-image-preview:large, max-video-preview:-1\" \/>\n<link rel=\"canonical\" href=\"https:\/\/wp.kristdemokraterna.se\/gotland\/var-politik\/interpellationer\/\" \/>\n<meta property=\"og:locale\" content=\"sv_SE\" \/>\n<meta property=\"og:type\" content=\"article\" \/>\n<meta property=\"og:title\" content=\"Interpellationer - Kristdemokraterna Gotland\" \/>\n<meta property=\"og:description\" content=\"En interpellation \u00e4r en skriftlig fr\u00e5ga till regionstyrelsens ordf\u00f6rande eller n\u00e4mndsordf\u00f6rande i Region Gotland, och st\u00e4lls i samband med samband med regionfullm\u00e4ktiges sammantr\u00e4de. Interpellationen besvaras skriftligt av den som interpellationen \u00e4r st\u00e4lld till, och sedan debatteras den vid ett av regionfullm\u00e4ktiges sammantr\u00e4den. Interpellationer \u00e4r ett verktyg f\u00f6r Kristdemokraterna att st\u00e4lla den styrande majoriteten p\u00e5 Gotland Read More\" \/>\n<meta property=\"og:url\" content=\"https:\/\/wp.kristdemokraterna.se\/gotland\/var-politik\/interpellationer\/\" \/>\n<meta property=\"og:site_name\" content=\"Kristdemokraterna Gotland\" \/>\n<meta property=\"article:modified_time\" content=\"2025-06-13T11:11:38+00:00\" \/>\n<meta name=\"twitter:card\" content=\"summary_large_image\" \/>\n<meta name=\"twitter:label1\" content=\"Ber\u00e4knad l\u00e4stid\" \/>\n\t<meta name=\"twitter:data1\" content=\"2 minuter\" \/>\n<script type=\"application\/ld+json\" class=\"yoast-schema-graph\">{\"@context\":\"https:\\\/\\\/schema.org\",\"@graph\":[{\"@type\":\"WebPage\",\"@id\":\"https:\\\/\\\/wp.kristdemokraterna.se\\\/gotland\\\/var-politik\\\/interpellationer\\\/\",\"url\":\"https:\\\/\\\/wp.kristdemokraterna.se\\\/gotland\\\/var-politik\\\/interpellationer\\\/\",\"name\":\"Interpellationer - Kristdemokraterna Gotland\",\"isPartOf\":{\"@id\":\"https:\\\/\\\/wp.kristdemokraterna.se\\\/gotland\\\/#website\"},\"datePublished\":\"2024-03-09T10:31:37+00:00\",\"dateModified\":\"2025-06-13T11:11:38+00:00\",\"breadcrumb\":{\"@id\":\"https:\\\/\\\/wp.kristdemokraterna.se\\\/gotland\\\/var-politik\\\/interpellationer\\\/#breadcrumb\"},\"inLanguage\":\"sv-SE\",\"potentialAction\":[{\"@type\":\"ReadAction\",\"target\":[\"https:\\\/\\\/wp.kristdemokraterna.se\\\/gotland\\\/var-politik\\\/interpellationer\\\/\"]}]},{\"@type\":\"BreadcrumbList\",\"@id\":\"https:\\\/\\\/wp.kristdemokraterna.se\\\/gotland\\\/var-politik\\\/interpellationer\\\/#breadcrumb\",\"itemListElement\":[{\"@type\":\"ListItem\",\"position\":1,\"name\":\"Hem\",\"item\":\"https:\\\/\\\/wp.kristdemokraterna.se\\\/gotland\\\/\"},{\"@type\":\"ListItem\",\"position\":2,\"name\":\"V\u00e5r politik\",\"item\":\"https:\\\/\\\/wp.kristdemokraterna.se\\\/gotland\\\/var-politik\\\/\"},{\"@type\":\"ListItem\",\"position\":3,\"name\":\"Interpellationer\"}]},{\"@type\":\"WebSite\",\"@id\":\"https:\\\/\\\/wp.kristdemokraterna.se\\\/gotland\\\/#website\",\"url\":\"https:\\\/\\\/wp.kristdemokraterna.se\\\/gotland\\\/\",\"name\":\"Kristdemokraterna Gotland\",\"description\":\"Kristdemokraterna p\u00e5 Gotland\",\"inLanguage\":\"sv-SE\"}]}<\/script>\n<!-- \/ Yoast SEO plugin. -->","yoast_head_json":{"title":"Interpellationer - Kristdemokraterna Gotland","robots":{"index":"index","follow":"follow","max-snippet":"max-snippet:-1","max-image-preview":"max-image-preview:large","max-video-preview":"max-video-preview:-1"},"canonical":"https:\/\/wp.kristdemokraterna.se\/gotland\/var-politik\/interpellationer\/","og_locale":"sv_SE","og_type":"article","og_title":"Interpellationer - Kristdemokraterna Gotland","og_description":"En interpellation \u00e4r en skriftlig fr\u00e5ga till regionstyrelsens ordf\u00f6rande eller n\u00e4mndsordf\u00f6rande i Region Gotland, och st\u00e4lls i samband med samband med regionfullm\u00e4ktiges sammantr\u00e4de. Interpellationen besvaras skriftligt av den som interpellationen \u00e4r st\u00e4lld till, och sedan debatteras den vid ett av regionfullm\u00e4ktiges sammantr\u00e4den. Interpellationer \u00e4r ett verktyg f\u00f6r Kristdemokraterna att st\u00e4lla den styrande majoriteten p\u00e5 Gotland Read More","og_url":"https:\/\/wp.kristdemokraterna.se\/gotland\/var-politik\/interpellationer\/","og_site_name":"Kristdemokraterna Gotland","article_modified_time":"2025-06-13T11:11:38+00:00","twitter_card":"summary_large_image","twitter_misc":{"Ber\u00e4knad l\u00e4stid":"2 minuter"},"schema":{"@context":"https:\/\/schema.org","@graph":[{"@type":"WebPage","@id":"https:\/\/wp.kristdemokraterna.se\/gotland\/var-politik\/interpellationer\/","url":"https:\/\/wp.kristdemokraterna.se\/gotland\/var-politik\/interpellationer\/","name":"Interpellationer - Kristdemokraterna Gotland","isPartOf":{"@id":"https:\/\/wp.kristdemokraterna.se\/gotland\/#website"},"datePublished":"2024-03-09T10:31:37+00:00","dateModified":"2025-06-13T11:11:38+00:00","breadcrumb":{"@id":"https:\/\/wp.kristdemokraterna.se\/gotland\/var-politik\/interpellationer\/#breadcrumb"},"inLanguage":"sv-SE","potentialAction":[{"@type":"ReadAction","target":["https:\/\/wp.kristdemokraterna.se\/gotland\/var-politik\/interpellationer\/"]}]},{"@type":"BreadcrumbList","@id":"https:\/\/wp.kristdemokraterna.se\/gotland\/var-politik\/interpellationer\/#breadcrumb","itemListElement":[{"@type":"ListItem","position":1,"name":"Hem","item":"https:\/\/wp.kristdemokraterna.se\/gotland\/"},{"@type":"ListItem","position":2,"name":"V\u00e5r politik","item":"https:\/\/wp.kristdemokraterna.se\/gotland\/var-politik\/"},{"@type":"ListItem","position":3,"name":"Interpellationer"}]},{"@type":"WebSite","@id":"https:\/\/wp.kristdemokraterna.se\/gotland\/#website","url":"https:\/\/wp.kristdemokraterna.se\/gotland\/","name":"Kristdemokraterna Gotland","description":"Kristdemokraterna p\u00e5 Gotland","inLanguage":"sv-SE"}]}},"_links":{"self":[{"href":"https:\/\/wp.kristdemokraterna.se\/gotland\/wp-json\/wp\/v2\/pages\/1490","targetHints":{"allow":["GET"]}}],"collection":[{"href":"https:\/\/wp.kristdemokraterna.se\/gotland\/wp-json\/wp\/v2\/pages"}],"about":[{"href":"https:\/\/wp.kristdemokraterna.se\/gotland\/wp-json\/wp\/v2\/types\/page"}],"author":[{"embeddable":true,"href":"https:\/\/wp.kristdemokraterna.se\/gotland\/wp-json\/wp\/v2\/users\/408"}],"replies":[{"embeddable":true,"href":"https:\/\/wp.kristdemokraterna.se\/gotland\/wp-json\/wp\/v2\/comments?post=1490"}],"version-history":[{"count":12,"href":"https:\/\/wp.kristdemokraterna.se\/gotland\/wp-json\/wp\/v2\/pages\/1490\/revisions"}],"predecessor-version":[{"id":1858,"href":"https:\/\/wp.kristdemokraterna.se\/gotland\/wp-json\/wp\/v2\/pages\/1490\/revisions\/1858"}],"up":[{"embeddable":true,"href":"https:\/\/wp.kristdemokraterna.se\/gotland\/wp-json\/wp\/v2\/pages\/1483"}],"wp:attachment":[{"href":"https:\/\/wp.kristdemokraterna.se\/gotland\/wp-json\/wp\/v2\/media?parent=1490"}],"curies":[{"name":"wp","href":"https:\/\/api.w.org\/{rel}","templated":true}]}}