{"id":1880,"date":"2026-03-11T13:48:56","date_gmt":"2026-03-11T12:48:56","guid":{"rendered":"https:\/\/wp.kristdemokraterna.se\/gotland\/?page_id=1880"},"modified":"2026-03-11T13:48:56","modified_gmt":"2026-03-11T12:48:56","slug":"valsedel-till-riksdagen-2026","status":"publish","type":"page","link":"https:\/\/wp.kristdemokraterna.se\/gotland\/val-2026\/valsedel-till-riksdagen-2026\/","title":{"rendered":"Valsedel till riksdagen 2026"},"content":{"rendered":"<p>1. Ebba Busch, 39 \u00e5r, partiledare, Uppsala<br \/>\n2. Grym Sara Westberger, 39 \u00e5r, sm\u00e5barnsf\u00f6r\u00e4lder, Visby<br \/>\n3. Peter Kullgren, 45 \u00e5r, landsbygdsminister, Karlstad<br \/>\n4. Joel Segersam, 23 \u00e5r, studerande, Visby<br \/>\n5. Kjell-Arne Ottosson, 51 \u00e5r, riksdagsledamot, T\u00f6cksfors<br \/>\n6. Mats Hedqvist, 63 \u00e5r, f\u00f6retagare, Visby<br \/>\n7. Leif Nellmer, 65 \u00e5r, reservofficer, F\u00e5r\u00f6sund<br \/>\n8. Sara Lidqvist, 48 \u00e5r, ingenj\u00f6r, Hemse<\/p>\n","protected":false},"excerpt":{"rendered":"<p>1. Ebba Busch, 39 \u00e5r, partiledare, Uppsala 2. Grym Sara Westberger, 39 \u00e5r, sm\u00e5barnsf\u00f6r\u00e4lder, Visby 3. Peter Kullgren, 45 \u00e5r, landsbygdsminister, Karlstad 4. Joel Segersam, 23 \u00e5r, studerande, Visby 5. Kjell-Arne Ottosson, 51 \u00e5r, riksdagsledamot, T\u00f6cksfors 6. Mats Hedqvist, 63 \u00e5r, f\u00f6retagare, Visby 7. Leif Nellmer, 65 \u00e5r, reservofficer, F\u00e5r\u00f6sund 8. Sara Lidqvist, 48 \u00e5r, <a class=\"read-more-link\" href=\"https:\/\/wp.kristdemokraterna.se\/gotland\/val-2026\/valsedel-till-riksdagen-2026\/\">Read More<\/a><\/p>\n","protected":false},"author":422,"featured_media":0,"parent":1787,"menu_order":0,"comment_status":"closed","ping_status":"closed","template":"","meta":{"_acf_changed":false,"footnotes":""},"class_list":["post-1880","page","type-page","status-publish","hentry"],"acf":[],"yoast_head":"<!-- This site is optimized with the Yoast SEO plugin v27.4 - https:\/\/yoast.com\/product\/yoast-seo-wordpress\/ -->\n<title>Valsedel till riksdagen 2026 - Kristdemokraterna Gotland<\/title>\n<meta name=\"robots\" content=\"index, follow, max-snippet:-1, max-image-preview:large, max-video-preview:-1\" \/>\n<link rel=\"canonical\" href=\"https:\/\/wp.kristdemokraterna.se\/gotland\/val-2026\/valsedel-till-riksdagen-2026\/\" \/>\n<meta property=\"og:locale\" content=\"sv_SE\" \/>\n<meta property=\"og:type\" content=\"article\" \/>\n<meta property=\"og:title\" content=\"Valsedel till riksdagen 2026 - Kristdemokraterna Gotland\" \/>\n<meta property=\"og:description\" content=\"1. Ebba Busch, 39 \u00e5r, partiledare, Uppsala 2. Grym Sara Westberger, 39 \u00e5r, sm\u00e5barnsf\u00f6r\u00e4lder, Visby 3. Peter Kullgren, 45 \u00e5r, landsbygdsminister, Karlstad 4. Joel Segersam, 23 \u00e5r, studerande, Visby 5. Kjell-Arne Ottosson, 51 \u00e5r, riksdagsledamot, T\u00f6cksfors 6. Mats Hedqvist, 63 \u00e5r, f\u00f6retagare, Visby 7. Leif Nellmer, 65 \u00e5r, reservofficer, F\u00e5r\u00f6sund 8. Sara Lidqvist, 48 \u00e5r, Read More\" \/>\n<meta property=\"og:url\" content=\"https:\/\/wp.kristdemokraterna.se\/gotland\/val-2026\/valsedel-till-riksdagen-2026\/\" \/>\n<meta property=\"og:site_name\" content=\"Kristdemokraterna Gotland\" \/>\n<meta name=\"twitter:card\" content=\"summary_large_image\" \/>\n<meta name=\"twitter:label1\" content=\"Ber\u00e4knad l\u00e4stid\" \/>\n\t<meta name=\"twitter:data1\" content=\"1 minut\" \/>\n<script type=\"application\/ld+json\" class=\"yoast-schema-graph\">{\"@context\":\"https:\\\/\\\/schema.org\",\"@graph\":[{\"@type\":\"WebPage\",\"@id\":\"https:\\\/\\\/wp.kristdemokraterna.se\\\/gotland\\\/val-2026\\\/valsedel-till-riksdagen-2026\\\/\",\"url\":\"https:\\\/\\\/wp.kristdemokraterna.se\\\/gotland\\\/val-2026\\\/valsedel-till-riksdagen-2026\\\/\",\"name\":\"Valsedel till riksdagen 2026 - Kristdemokraterna Gotland\",\"isPartOf\":{\"@id\":\"https:\\\/\\\/wp.kristdemokraterna.se\\\/gotland\\\/#website\"},\"datePublished\":\"2026-03-11T12:48:56+00:00\",\"breadcrumb\":{\"@id\":\"https:\\\/\\\/wp.kristdemokraterna.se\\\/gotland\\\/val-2026\\\/valsedel-till-riksdagen-2026\\\/#breadcrumb\"},\"inLanguage\":\"sv-SE\",\"potentialAction\":[{\"@type\":\"ReadAction\",\"target\":[\"https:\\\/\\\/wp.kristdemokraterna.se\\\/gotland\\\/val-2026\\\/valsedel-till-riksdagen-2026\\\/\"]}]},{\"@type\":\"BreadcrumbList\",\"@id\":\"https:\\\/\\\/wp.kristdemokraterna.se\\\/gotland\\\/val-2026\\\/valsedel-till-riksdagen-2026\\\/#breadcrumb\",\"itemListElement\":[{\"@type\":\"ListItem\",\"position\":1,\"name\":\"Hem\",\"item\":\"https:\\\/\\\/wp.kristdemokraterna.se\\\/gotland\\\/\"},{\"@type\":\"ListItem\",\"position\":2,\"name\":\"Val 2026\",\"item\":\"https:\\\/\\\/wp.kristdemokraterna.se\\\/gotland\\\/val-2026\\\/\"},{\"@type\":\"ListItem\",\"position\":3,\"name\":\"Valsedel till riksdagen 2026\"}]},{\"@type\":\"WebSite\",\"@id\":\"https:\\\/\\\/wp.kristdemokraterna.se\\\/gotland\\\/#website\",\"url\":\"https:\\\/\\\/wp.kristdemokraterna.se\\\/gotland\\\/\",\"name\":\"Kristdemokraterna Gotland\",\"description\":\"Kristdemokraterna p\u00e5 Gotland\",\"inLanguage\":\"sv-SE\"}]}<\/script>\n<!-- \/ Yoast SEO plugin. -->","yoast_head_json":{"title":"Valsedel till riksdagen 2026 - Kristdemokraterna Gotland","robots":{"index":"index","follow":"follow","max-snippet":"max-snippet:-1","max-image-preview":"max-image-preview:large","max-video-preview":"max-video-preview:-1"},"canonical":"https:\/\/wp.kristdemokraterna.se\/gotland\/val-2026\/valsedel-till-riksdagen-2026\/","og_locale":"sv_SE","og_type":"article","og_title":"Valsedel till riksdagen 2026 - Kristdemokraterna Gotland","og_description":"1. Ebba Busch, 39 \u00e5r, partiledare, Uppsala 2. Grym Sara Westberger, 39 \u00e5r, sm\u00e5barnsf\u00f6r\u00e4lder, Visby 3. Peter Kullgren, 45 \u00e5r, landsbygdsminister, Karlstad 4. Joel Segersam, 23 \u00e5r, studerande, Visby 5. Kjell-Arne Ottosson, 51 \u00e5r, riksdagsledamot, T\u00f6cksfors 6. Mats Hedqvist, 63 \u00e5r, f\u00f6retagare, Visby 7. Leif Nellmer, 65 \u00e5r, reservofficer, F\u00e5r\u00f6sund 8. Sara Lidqvist, 48 \u00e5r, Read More","og_url":"https:\/\/wp.kristdemokraterna.se\/gotland\/val-2026\/valsedel-till-riksdagen-2026\/","og_site_name":"Kristdemokraterna Gotland","twitter_card":"summary_large_image","twitter_misc":{"Ber\u00e4knad l\u00e4stid":"1 minut"},"schema":{"@context":"https:\/\/schema.org","@graph":[{"@type":"WebPage","@id":"https:\/\/wp.kristdemokraterna.se\/gotland\/val-2026\/valsedel-till-riksdagen-2026\/","url":"https:\/\/wp.kristdemokraterna.se\/gotland\/val-2026\/valsedel-till-riksdagen-2026\/","name":"Valsedel till riksdagen 2026 - Kristdemokraterna Gotland","isPartOf":{"@id":"https:\/\/wp.kristdemokraterna.se\/gotland\/#website"},"datePublished":"2026-03-11T12:48:56+00:00","breadcrumb":{"@id":"https:\/\/wp.kristdemokraterna.se\/gotland\/val-2026\/valsedel-till-riksdagen-2026\/#breadcrumb"},"inLanguage":"sv-SE","potentialAction":[{"@type":"ReadAction","target":["https:\/\/wp.kristdemokraterna.se\/gotland\/val-2026\/valsedel-till-riksdagen-2026\/"]}]},{"@type":"BreadcrumbList","@id":"https:\/\/wp.kristdemokraterna.se\/gotland\/val-2026\/valsedel-till-riksdagen-2026\/#breadcrumb","itemListElement":[{"@type":"ListItem","position":1,"name":"Hem","item":"https:\/\/wp.kristdemokraterna.se\/gotland\/"},{"@type":"ListItem","position":2,"name":"Val 2026","item":"https:\/\/wp.kristdemokraterna.se\/gotland\/val-2026\/"},{"@type":"ListItem","position":3,"name":"Valsedel till riksdagen 2026"}]},{"@type":"WebSite","@id":"https:\/\/wp.kristdemokraterna.se\/gotland\/#website","url":"https:\/\/wp.kristdemokraterna.se\/gotland\/","name":"Kristdemokraterna Gotland","description":"Kristdemokraterna p\u00e5 Gotland","inLanguage":"sv-SE"}]}},"_links":{"self":[{"href":"https:\/\/wp.kristdemokraterna.se\/gotland\/wp-json\/wp\/v2\/pages\/1880","targetHints":{"allow":["GET"]}}],"collection":[{"href":"https:\/\/wp.kristdemokraterna.se\/gotland\/wp-json\/wp\/v2\/pages"}],"about":[{"href":"https:\/\/wp.kristdemokraterna.se\/gotland\/wp-json\/wp\/v2\/types\/page"}],"author":[{"embeddable":true,"href":"https:\/\/wp.kristdemokraterna.se\/gotland\/wp-json\/wp\/v2\/users\/422"}],"replies":[{"embeddable":true,"href":"https:\/\/wp.kristdemokraterna.se\/gotland\/wp-json\/wp\/v2\/comments?post=1880"}],"version-history":[{"count":1,"href":"https:\/\/wp.kristdemokraterna.se\/gotland\/wp-json\/wp\/v2\/pages\/1880\/revisions"}],"predecessor-version":[{"id":1881,"href":"https:\/\/wp.kristdemokraterna.se\/gotland\/wp-json\/wp\/v2\/pages\/1880\/revisions\/1881"}],"up":[{"embeddable":true,"href":"https:\/\/wp.kristdemokraterna.se\/gotland\/wp-json\/wp\/v2\/pages\/1787"}],"wp:attachment":[{"href":"https:\/\/wp.kristdemokraterna.se\/gotland\/wp-json\/wp\/v2\/media?parent=1880"}],"curies":[{"name":"wp","href":"https:\/\/api.w.org\/{rel}","templated":true}]}}