{"id":43,"date":"2013-02-12T21:33:10","date_gmt":"2013-02-12T20:33:10","guid":{"rendered":"http:\/\/wp.kristdemokraterna.se\/gotland\/?page_id=43"},"modified":"2025-04-29T15:09:56","modified_gmt":"2025-04-29T13:09:56","slug":"engagera-dig","status":"publish","type":"page","link":"https:\/\/wp.kristdemokraterna.se\/gotland\/engagera-dig\/","title":{"rendered":"Engagera dig"},"content":{"rendered":"<p><strong><br \/>\nVem kan bli medlem?<\/strong><br \/>\nAlla som tycker att Kristdemokraterna har en bra politik och som f\u00f6ljer partiets interna arbetsregler kan bli medlem.<\/p>\n<p><strong>Vad inneb\u00e4r ett medlemskap hos Kristdemokraterna?<\/strong><br \/>\nMedlem blir du lokalt, i det h\u00e4r fallet i Kristdemokraterna p\u00e5 Gotland, men samtidigt \u00e4r du medlem i hela den kristdemokratiska r\u00f6relsen. Att bli medlem i Kristdemokraterna inneb\u00e4r att du kan vara med och driva partiets viktiga fr\u00e5gor, men du kan genom ditt medlemskap ocks\u00e5 v\u00e4lja att enbart st\u00f6dja det arbete partiet g\u00f6r. Hur aktiv du vill vara avg\u00f6r du sj\u00e4lv. Som medlem kan du vara med och p\u00e5verka vilken politik partiet ska driva b\u00e5de p\u00e5 lokal, nationell och internationell niv\u00e5.<\/p>\n<p><strong>Hur blir jag medlem?<\/strong><br \/>\n<a href=\"https:\/\/kd.nu\/blimedlem\">Bli medlem h\u00e4r<\/a><\/p>\n<hr \/>\n<p>Kristdemokraterna p\u00e5 Gotland tar tacksamt emot g\u00e5vor till v\u00e5r verksamhet till bankgiro 5265-3391 eller till swishnummer 123 206 4327.<\/p>\n<p><a href=\"http:\/\/wp.kristdemokraterna.se\/gotland\/files\/2013\/02\/swish_logo.jpg\"><img loading=\"lazy\" decoding=\"async\" class=\"wp-image-338 alignnone\" src=\"http:\/\/wp.kristdemokraterna.se\/gotland\/files\/2013\/02\/swish_logo-300x99.jpg\" alt=\"swish_logo\" width=\"129\" height=\"53\" \/><\/a><\/p>\n<p><strong>123 206 4327<\/strong><\/p>\n<p>&nbsp;<\/p>\n<p><span style=\"color: #000000\"><em>Uppgifter som registreras i v\u00e5ra dataregister behandlas enligt EU:s dataskyddsf\u00f6rordning (GDPR). Vi anv\u00e4nder inte personnummer som medlemsnummer, utan bara f\u00f6r att kunna identifiera en person. Uppgifterna kommer inte att l\u00e4mnas ut till utomst\u00e5ende personer\/organisationer och kommer bara att anv\u00e4ndas f\u00f6r partianknuten verksamhet. F\u00f6r mer information, kontakta helpdesk@kristdemokraterna.se eller 08-723 25 55.<br \/>\n<\/em><\/span><span style=\"color: #000000\"><em>Registeransvarig f\u00f6r Kristdemokraterna p\u00e5 Gotland \u00e4r Sara Lidqvist, partidistriktsordf\u00f6rande.<\/em><\/span><\/p>\n","protected":false},"excerpt":{"rendered":"<p>Vem kan bli medlem? Alla som tycker att Kristdemokraterna har en bra politik och som f\u00f6ljer partiets interna arbetsregler kan bli medlem. Vad inneb\u00e4r ett medlemskap hos Kristdemokraterna? Medlem blir du lokalt, i det h\u00e4r fallet i Kristdemokraterna p\u00e5 Gotland, men samtidigt \u00e4r du medlem i hela den kristdemokratiska r\u00f6relsen. Att bli medlem i Kristdemokraterna <a class=\"read-more-link\" href=\"https:\/\/wp.kristdemokraterna.se\/gotland\/engagera-dig\/\">Read More<\/a><\/p>\n","protected":false},"author":422,"featured_media":0,"parent":0,"menu_order":5,"comment_status":"closed","ping_status":"closed","template":"","meta":{"_acf_changed":false,"footnotes":""},"class_list":["post-43","page","type-page","status-publish","hentry"],"acf":[],"yoast_head":"<!-- This site is optimized with the Yoast SEO plugin v27.4 - https:\/\/yoast.com\/product\/yoast-seo-wordpress\/ -->\n<title>Engagera dig - Kristdemokraterna Gotland<\/title>\n<meta name=\"robots\" content=\"index, follow, max-snippet:-1, max-image-preview:large, max-video-preview:-1\" \/>\n<link rel=\"canonical\" href=\"https:\/\/wp.kristdemokraterna.se\/gotland\/engagera-dig\/\" \/>\n<meta property=\"og:locale\" content=\"sv_SE\" \/>\n<meta property=\"og:type\" content=\"article\" \/>\n<meta property=\"og:title\" content=\"Engagera dig - Kristdemokraterna Gotland\" \/>\n<meta property=\"og:description\" content=\"Vem kan bli medlem? Alla som tycker att Kristdemokraterna har en bra politik och som f\u00f6ljer partiets interna arbetsregler kan bli medlem. Vad inneb\u00e4r ett medlemskap hos Kristdemokraterna? Medlem blir du lokalt, i det h\u00e4r fallet i Kristdemokraterna p\u00e5 Gotland, men samtidigt \u00e4r du medlem i hela den kristdemokratiska r\u00f6relsen. Att bli medlem i Kristdemokraterna Read More\" \/>\n<meta property=\"og:url\" content=\"https:\/\/wp.kristdemokraterna.se\/gotland\/engagera-dig\/\" \/>\n<meta property=\"og:site_name\" content=\"Kristdemokraterna Gotland\" \/>\n<meta property=\"article:modified_time\" content=\"2025-04-29T13:09:56+00:00\" \/>\n<meta property=\"og:image\" content=\"https:\/\/wp.kristdemokraterna.se\/gotland\/files\/2013\/02\/swish_logo.jpg\" \/>\n\t<meta property=\"og:image:width\" content=\"2984\" \/>\n\t<meta property=\"og:image:height\" content=\"985\" \/>\n\t<meta property=\"og:image:type\" content=\"image\/jpeg\" \/>\n<meta name=\"twitter:card\" content=\"summary_large_image\" \/>\n<meta name=\"twitter:label1\" content=\"Ber\u00e4knad l\u00e4stid\" \/>\n\t<meta name=\"twitter:data1\" content=\"2 minuter\" \/>\n<script type=\"application\/ld+json\" class=\"yoast-schema-graph\">{\"@context\":\"https:\\\/\\\/schema.org\",\"@graph\":[{\"@type\":\"WebPage\",\"@id\":\"https:\\\/\\\/wp.kristdemokraterna.se\\\/gotland\\\/engagera-dig\\\/\",\"url\":\"https:\\\/\\\/wp.kristdemokraterna.se\\\/gotland\\\/engagera-dig\\\/\",\"name\":\"Engagera dig - Kristdemokraterna Gotland\",\"isPartOf\":{\"@id\":\"https:\\\/\\\/wp.kristdemokraterna.se\\\/gotland\\\/#website\"},\"primaryImageOfPage\":{\"@id\":\"https:\\\/\\\/wp.kristdemokraterna.se\\\/gotland\\\/engagera-dig\\\/#primaryimage\"},\"image\":{\"@id\":\"https:\\\/\\\/wp.kristdemokraterna.se\\\/gotland\\\/engagera-dig\\\/#primaryimage\"},\"thumbnailUrl\":\"http:\\\/\\\/wp.kristdemokraterna.se\\\/gotland\\\/files\\\/2013\\\/02\\\/swish_logo-300x99.jpg\",\"datePublished\":\"2013-02-12T20:33:10+00:00\",\"dateModified\":\"2025-04-29T13:09:56+00:00\",\"breadcrumb\":{\"@id\":\"https:\\\/\\\/wp.kristdemokraterna.se\\\/gotland\\\/engagera-dig\\\/#breadcrumb\"},\"inLanguage\":\"sv-SE\",\"potentialAction\":[{\"@type\":\"ReadAction\",\"target\":[\"https:\\\/\\\/wp.kristdemokraterna.se\\\/gotland\\\/engagera-dig\\\/\"]}]},{\"@type\":\"ImageObject\",\"inLanguage\":\"sv-SE\",\"@id\":\"https:\\\/\\\/wp.kristdemokraterna.se\\\/gotland\\\/engagera-dig\\\/#primaryimage\",\"url\":\"http:\\\/\\\/wp.kristdemokraterna.se\\\/gotland\\\/files\\\/2013\\\/02\\\/swish_logo-300x99.jpg\",\"contentUrl\":\"http:\\\/\\\/wp.kristdemokraterna.se\\\/gotland\\\/files\\\/2013\\\/02\\\/swish_logo-300x99.jpg\"},{\"@type\":\"BreadcrumbList\",\"@id\":\"https:\\\/\\\/wp.kristdemokraterna.se\\\/gotland\\\/engagera-dig\\\/#breadcrumb\",\"itemListElement\":[{\"@type\":\"ListItem\",\"position\":1,\"name\":\"Hem\",\"item\":\"https:\\\/\\\/wp.kristdemokraterna.se\\\/gotland\\\/\"},{\"@type\":\"ListItem\",\"position\":2,\"name\":\"Engagera dig\"}]},{\"@type\":\"WebSite\",\"@id\":\"https:\\\/\\\/wp.kristdemokraterna.se\\\/gotland\\\/#website\",\"url\":\"https:\\\/\\\/wp.kristdemokraterna.se\\\/gotland\\\/\",\"name\":\"Kristdemokraterna Gotland\",\"description\":\"Kristdemokraterna p\u00e5 Gotland\",\"inLanguage\":\"sv-SE\"}]}<\/script>\n<!-- \/ Yoast SEO plugin. -->","yoast_head_json":{"title":"Engagera dig - Kristdemokraterna Gotland","robots":{"index":"index","follow":"follow","max-snippet":"max-snippet:-1","max-image-preview":"max-image-preview:large","max-video-preview":"max-video-preview:-1"},"canonical":"https:\/\/wp.kristdemokraterna.se\/gotland\/engagera-dig\/","og_locale":"sv_SE","og_type":"article","og_title":"Engagera dig - Kristdemokraterna Gotland","og_description":"Vem kan bli medlem? Alla som tycker att Kristdemokraterna har en bra politik och som f\u00f6ljer partiets interna arbetsregler kan bli medlem. Vad inneb\u00e4r ett medlemskap hos Kristdemokraterna? Medlem blir du lokalt, i det h\u00e4r fallet i Kristdemokraterna p\u00e5 Gotland, men samtidigt \u00e4r du medlem i hela den kristdemokratiska r\u00f6relsen. Att bli medlem i Kristdemokraterna Read More","og_url":"https:\/\/wp.kristdemokraterna.se\/gotland\/engagera-dig\/","og_site_name":"Kristdemokraterna Gotland","article_modified_time":"2025-04-29T13:09:56+00:00","og_image":[{"width":2984,"height":985,"url":"https:\/\/wp.kristdemokraterna.se\/gotland\/files\/2013\/02\/swish_logo.jpg","type":"image\/jpeg"}],"twitter_card":"summary_large_image","twitter_misc":{"Ber\u00e4knad l\u00e4stid":"2 minuter"},"schema":{"@context":"https:\/\/schema.org","@graph":[{"@type":"WebPage","@id":"https:\/\/wp.kristdemokraterna.se\/gotland\/engagera-dig\/","url":"https:\/\/wp.kristdemokraterna.se\/gotland\/engagera-dig\/","name":"Engagera dig - Kristdemokraterna Gotland","isPartOf":{"@id":"https:\/\/wp.kristdemokraterna.se\/gotland\/#website"},"primaryImageOfPage":{"@id":"https:\/\/wp.kristdemokraterna.se\/gotland\/engagera-dig\/#primaryimage"},"image":{"@id":"https:\/\/wp.kristdemokraterna.se\/gotland\/engagera-dig\/#primaryimage"},"thumbnailUrl":"http:\/\/wp.kristdemokraterna.se\/gotland\/files\/2013\/02\/swish_logo-300x99.jpg","datePublished":"2013-02-12T20:33:10+00:00","dateModified":"2025-04-29T13:09:56+00:00","breadcrumb":{"@id":"https:\/\/wp.kristdemokraterna.se\/gotland\/engagera-dig\/#breadcrumb"},"inLanguage":"sv-SE","potentialAction":[{"@type":"ReadAction","target":["https:\/\/wp.kristdemokraterna.se\/gotland\/engagera-dig\/"]}]},{"@type":"ImageObject","inLanguage":"sv-SE","@id":"https:\/\/wp.kristdemokraterna.se\/gotland\/engagera-dig\/#primaryimage","url":"http:\/\/wp.kristdemokraterna.se\/gotland\/files\/2013\/02\/swish_logo-300x99.jpg","contentUrl":"http:\/\/wp.kristdemokraterna.se\/gotland\/files\/2013\/02\/swish_logo-300x99.jpg"},{"@type":"BreadcrumbList","@id":"https:\/\/wp.kristdemokraterna.se\/gotland\/engagera-dig\/#breadcrumb","itemListElement":[{"@type":"ListItem","position":1,"name":"Hem","item":"https:\/\/wp.kristdemokraterna.se\/gotland\/"},{"@type":"ListItem","position":2,"name":"Engagera dig"}]},{"@type":"WebSite","@id":"https:\/\/wp.kristdemokraterna.se\/gotland\/#website","url":"https:\/\/wp.kristdemokraterna.se\/gotland\/","name":"Kristdemokraterna Gotland","description":"Kristdemokraterna p\u00e5 Gotland","inLanguage":"sv-SE"}]}},"_links":{"self":[{"href":"https:\/\/wp.kristdemokraterna.se\/gotland\/wp-json\/wp\/v2\/pages\/43","targetHints":{"allow":["GET"]}}],"collection":[{"href":"https:\/\/wp.kristdemokraterna.se\/gotland\/wp-json\/wp\/v2\/pages"}],"about":[{"href":"https:\/\/wp.kristdemokraterna.se\/gotland\/wp-json\/wp\/v2\/types\/page"}],"author":[{"embeddable":true,"href":"https:\/\/wp.kristdemokraterna.se\/gotland\/wp-json\/wp\/v2\/users\/422"}],"replies":[{"embeddable":true,"href":"https:\/\/wp.kristdemokraterna.se\/gotland\/wp-json\/wp\/v2\/comments?post=43"}],"version-history":[{"count":58,"href":"https:\/\/wp.kristdemokraterna.se\/gotland\/wp-json\/wp\/v2\/pages\/43\/revisions"}],"predecessor-version":[{"id":1842,"href":"https:\/\/wp.kristdemokraterna.se\/gotland\/wp-json\/wp\/v2\/pages\/43\/revisions\/1842"}],"wp:attachment":[{"href":"https:\/\/wp.kristdemokraterna.se\/gotland\/wp-json\/wp\/v2\/media?parent=43"}],"curies":[{"name":"wp","href":"https:\/\/api.w.org\/{rel}","templated":true}]}}