{"id":455,"date":"2017-08-10T14:02:52","date_gmt":"2017-08-10T12:02:52","guid":{"rendered":"http:\/\/wp.kristdemokraterna.se\/gotland\/?page_id=455"},"modified":"2020-12-10T14:32:55","modified_gmt":"2020-12-10T13:32:55","slug":"val","status":"publish","type":"page","link":"https:\/\/wp.kristdemokraterna.se\/gotland\/arkiv\/val\/","title":{"rendered":"Val 2018"},"content":{"rendered":"<p><strong>Valprogram<\/strong><\/p>\n<p>Kristdemokraterna beh\u00f6vs p\u00e5 Gotland. Vi \u00e4r Alliansens sociala r\u00f6st som s\u00e4tter m\u00e4nniskov\u00e4rdet fr\u00e4mst. D\u00e4rf\u00f6r oroar det oss n\u00e4r vi ser hur v\u00e4lf\u00e4rden sviker. Vi kristdemokrater driver inte ett parti f\u00f6r v\u00e5r egen skull. Vi jobbar f\u00f6r ett b\u00e4ttre Sverige och Gotland, d\u00e4r goda v\u00e4rderingar och tillit byggs genom relationer. 2018 ska bli det \u00e5r d\u00e5 vi \u00e5teruppr\u00e4ttar ett v\u00e4lf\u00e4rdsl\u00f6fte.<\/p>\n<p>Vi vill bland annat satsa p\u00e5<\/p>\n<ul>\n<li>mindre grupper i f\u00f6rskolan<\/li>\n<li>alternativ barnomsorg<\/li>\n<li>\u00f6kat st\u00f6d till barn, unga och vuxna som drabbas av psykisk oh\u00e4lsa<\/li>\n<li>trygg och v\u00e4rdig \u00e4ldreomsorg<\/li>\n<li>fler s\u00e4rskilda boenden och trygghetsboenden f\u00f6r \u00e4ldre p\u00e5 flera platser p\u00e5 Gotland<\/li>\n<li>\u00f6kad tillg\u00e5ng till prim\u00e4rv\u00e5rd<\/li>\n<li>fortsatt utbyggnad av v\u00e5rdn\u00e4ra service p\u00e5 Visby lasarett<\/li>\n<li>n\u00e4rproducerad och antibiotikafri mat i skolor och \u00e4ldreomsorg<\/li>\n<li>\u00f6kat samarbete mellan regionen och n\u00e4ringslivet p\u00e5 hela Gotland<\/li>\n<li>\u00f6kat st\u00f6d till ideella organisationer<\/li>\n<li>fler studentbost\u00e4der f\u00f6r \u00e5retruntboende<\/li>\n<li>bostadsbyggande, v\u00e4l fungerande kollektivtrafik och god kommunal service<\/li>\n<li>bygge av parkeringsd\u00e4ck vid Visby lasarett<\/li>\n<\/ul>\n<p><a href=\"http:\/\/wp.kristdemokraterna.se\/gotland\/val-2018\/valprogram-2018\/\">L\u00e4s hela v\u00e5rt valprogram h\u00e4r<\/a><\/p>\n<p><a href=\"http:\/\/wp.kristdemokraterna.se\/gotland\/files\/2018\/06\/valfolder-2018.pdf\" target=\"_blank\" rel=\"noopener\">Se v\u00e5r lokala valfolder h\u00e4r<\/a><\/p>\n<p><a href=\"http:\/\/wp.kristdemokraterna.se\/gotland\/val-2018\/kandidater-2018\/\">Se n\u00e5gra av v\u00e5ra kandidater h\u00e4r<\/a><\/p>\n<p><strong>Valsedlar<\/strong><\/p>\n<p class=\"western\">Val till riksdag:<\/p>\n<p>Ebba Busch Thor, partiledare<br \/>\nMagnus Oscarsson, riksdagsledamot<br \/>\nSara Lidqvist, verksamhetsutvecklare<br \/>\nOla Bj\u00f6rkqvist, lantbrukare<br \/>\nLinn\u00e9a H\u00f6gberg, sjuksk\u00f6terska<br \/>\nRut Smeds, socionom<br \/>\nHelena Emilsson, VD<br \/>\nEO Backlund, professor emeritus<\/p>\n<p>Val till regionfullm\u00e4ktige:<\/p>\n<p>Sara Lidqvist, verksamhetsutvecklare<br \/>\nOla Bj\u00f6rkqvist, lantbrukare<br \/>\nLinn\u00e9a H\u00f6gberg, sjuksk\u00f6terska<br \/>\nAnna Haack, redovisningskonsult<br \/>\nRut Smeds, socionom<br \/>\nPrimus Falk, studerande<br \/>\nPeder Fohlin, lanthandlare<br \/>\nInge B\u00e4ckstr\u00f6m, l\u00e4kare<br \/>\nYngve Andersson, ingenj\u00f6r<br \/>\nHelena Emilsson, VD<br \/>\nGunnar Lindby, lantbrukare<br \/>\nJohan Asplund, filmarbetare<br \/>\nJohannes Offermans, pension\u00e4r<\/p>\n<p><a href=\"http:\/\/wp.kristdemokraterna.se\/gotland\/files\/2018\/08\/grupp_webb_2.jpg\"><img loading=\"lazy\" decoding=\"async\" class=\"alignleft size-large wp-image-631\" src=\"http:\/\/wp.kristdemokraterna.se\/gotland\/files\/2018\/08\/grupp_webb_2-540x283.jpg\" alt=\"\" width=\"540\" height=\"283\" srcset=\"https:\/\/wp.kristdemokraterna.se\/gotland\/files\/2018\/08\/grupp_webb_2-540x283.jpg 540w, https:\/\/wp.kristdemokraterna.se\/gotland\/files\/2018\/08\/grupp_webb_2-300x157.jpg 300w, https:\/\/wp.kristdemokraterna.se\/gotland\/files\/2018\/08\/grupp_webb_2-768x402.jpg 768w, https:\/\/wp.kristdemokraterna.se\/gotland\/files\/2018\/08\/grupp_webb_2-576x301.jpg 576w, https:\/\/wp.kristdemokraterna.se\/gotland\/files\/2018\/08\/grupp_webb_2-186x97.jpg 186w\" sizes=\"auto, (max-width: 540px) 100vw, 540px\" \/><\/a><\/p>\n","protected":false},"excerpt":{"rendered":"<p>Valprogram Kristdemokraterna beh\u00f6vs p\u00e5 Gotland. Vi \u00e4r Alliansens sociala r\u00f6st som s\u00e4tter m\u00e4nniskov\u00e4rdet fr\u00e4mst. D\u00e4rf\u00f6r oroar det oss n\u00e4r vi ser hur v\u00e4lf\u00e4rden sviker. Vi kristdemokrater driver inte ett parti f\u00f6r v\u00e5r egen skull. Vi jobbar f\u00f6r ett b\u00e4ttre Sverige och Gotland, d\u00e4r goda v\u00e4rderingar och tillit byggs genom relationer. 2018 ska bli det \u00e5r <a class=\"read-more-link\" href=\"https:\/\/wp.kristdemokraterna.se\/gotland\/arkiv\/val\/\">Read More<\/a><\/p>\n","protected":false},"author":422,"featured_media":0,"parent":851,"menu_order":11,"comment_status":"closed","ping_status":"closed","template":"","meta":{"_acf_changed":false,"footnotes":""},"class_list":["post-455","page","type-page","status-publish","hentry"],"acf":[],"yoast_head":"<!-- This site is optimized with the Yoast SEO plugin v27.3 - https:\/\/yoast.com\/product\/yoast-seo-wordpress\/ -->\n<title>Val 2018 - Kristdemokraterna Gotland<\/title>\n<meta name=\"robots\" content=\"index, follow, max-snippet:-1, max-image-preview:large, max-video-preview:-1\" \/>\n<link rel=\"canonical\" href=\"https:\/\/wp.kristdemokraterna.se\/gotland\/arkiv\/val\/\" \/>\n<meta property=\"og:locale\" content=\"sv_SE\" \/>\n<meta property=\"og:type\" content=\"article\" \/>\n<meta property=\"og:title\" content=\"Val 2018 - Kristdemokraterna Gotland\" \/>\n<meta property=\"og:description\" content=\"Valprogram Kristdemokraterna beh\u00f6vs p\u00e5 Gotland. Vi \u00e4r Alliansens sociala r\u00f6st som s\u00e4tter m\u00e4nniskov\u00e4rdet fr\u00e4mst. D\u00e4rf\u00f6r oroar det oss n\u00e4r vi ser hur v\u00e4lf\u00e4rden sviker. Vi kristdemokrater driver inte ett parti f\u00f6r v\u00e5r egen skull. Vi jobbar f\u00f6r ett b\u00e4ttre Sverige och Gotland, d\u00e4r goda v\u00e4rderingar och tillit byggs genom relationer. 2018 ska bli det \u00e5r Read More\" \/>\n<meta property=\"og:url\" content=\"https:\/\/wp.kristdemokraterna.se\/gotland\/arkiv\/val\/\" \/>\n<meta property=\"og:site_name\" content=\"Kristdemokraterna Gotland\" \/>\n<meta property=\"article:modified_time\" content=\"2020-12-10T13:32:55+00:00\" \/>\n<meta property=\"og:image\" content=\"http:\/\/wp.kristdemokraterna.se\/gotland\/files\/2018\/08\/grupp_webb_2-540x283.jpg\" \/>\n<meta name=\"twitter:card\" content=\"summary_large_image\" \/>\n<meta name=\"twitter:label1\" content=\"Ber\u00e4knad l\u00e4stid\" \/>\n\t<meta name=\"twitter:data1\" content=\"2 minuter\" \/>\n<script type=\"application\/ld+json\" class=\"yoast-schema-graph\">{\"@context\":\"https:\\\/\\\/schema.org\",\"@graph\":[{\"@type\":\"WebPage\",\"@id\":\"https:\\\/\\\/wp.kristdemokraterna.se\\\/gotland\\\/arkiv\\\/val\\\/\",\"url\":\"https:\\\/\\\/wp.kristdemokraterna.se\\\/gotland\\\/arkiv\\\/val\\\/\",\"name\":\"Val 2018 - Kristdemokraterna Gotland\",\"isPartOf\":{\"@id\":\"https:\\\/\\\/wp.kristdemokraterna.se\\\/gotland\\\/#website\"},\"primaryImageOfPage\":{\"@id\":\"https:\\\/\\\/wp.kristdemokraterna.se\\\/gotland\\\/arkiv\\\/val\\\/#primaryimage\"},\"image\":{\"@id\":\"https:\\\/\\\/wp.kristdemokraterna.se\\\/gotland\\\/arkiv\\\/val\\\/#primaryimage\"},\"thumbnailUrl\":\"http:\\\/\\\/wp.kristdemokraterna.se\\\/gotland\\\/files\\\/2018\\\/08\\\/grupp_webb_2-540x283.jpg\",\"datePublished\":\"2017-08-10T12:02:52+00:00\",\"dateModified\":\"2020-12-10T13:32:55+00:00\",\"breadcrumb\":{\"@id\":\"https:\\\/\\\/wp.kristdemokraterna.se\\\/gotland\\\/arkiv\\\/val\\\/#breadcrumb\"},\"inLanguage\":\"sv-SE\",\"potentialAction\":[{\"@type\":\"ReadAction\",\"target\":[\"https:\\\/\\\/wp.kristdemokraterna.se\\\/gotland\\\/arkiv\\\/val\\\/\"]}]},{\"@type\":\"ImageObject\",\"inLanguage\":\"sv-SE\",\"@id\":\"https:\\\/\\\/wp.kristdemokraterna.se\\\/gotland\\\/arkiv\\\/val\\\/#primaryimage\",\"url\":\"http:\\\/\\\/wp.kristdemokraterna.se\\\/gotland\\\/files\\\/2018\\\/08\\\/grupp_webb_2-540x283.jpg\",\"contentUrl\":\"http:\\\/\\\/wp.kristdemokraterna.se\\\/gotland\\\/files\\\/2018\\\/08\\\/grupp_webb_2-540x283.jpg\"},{\"@type\":\"BreadcrumbList\",\"@id\":\"https:\\\/\\\/wp.kristdemokraterna.se\\\/gotland\\\/arkiv\\\/val\\\/#breadcrumb\",\"itemListElement\":[{\"@type\":\"ListItem\",\"position\":1,\"name\":\"Hem\",\"item\":\"https:\\\/\\\/wp.kristdemokraterna.se\\\/gotland\\\/\"},{\"@type\":\"ListItem\",\"position\":2,\"name\":\"Arkiv\",\"item\":\"https:\\\/\\\/wp.kristdemokraterna.se\\\/gotland\\\/arkiv\\\/\"},{\"@type\":\"ListItem\",\"position\":3,\"name\":\"Val 2018\"}]},{\"@type\":\"WebSite\",\"@id\":\"https:\\\/\\\/wp.kristdemokraterna.se\\\/gotland\\\/#website\",\"url\":\"https:\\\/\\\/wp.kristdemokraterna.se\\\/gotland\\\/\",\"name\":\"Kristdemokraterna Gotland\",\"description\":\"Kristdemokraterna p\u00e5 Gotland\",\"inLanguage\":\"sv-SE\"}]}<\/script>\n<!-- \/ Yoast SEO plugin. -->","yoast_head_json":{"title":"Val 2018 - Kristdemokraterna Gotland","robots":{"index":"index","follow":"follow","max-snippet":"max-snippet:-1","max-image-preview":"max-image-preview:large","max-video-preview":"max-video-preview:-1"},"canonical":"https:\/\/wp.kristdemokraterna.se\/gotland\/arkiv\/val\/","og_locale":"sv_SE","og_type":"article","og_title":"Val 2018 - Kristdemokraterna Gotland","og_description":"Valprogram Kristdemokraterna beh\u00f6vs p\u00e5 Gotland. Vi \u00e4r Alliansens sociala r\u00f6st som s\u00e4tter m\u00e4nniskov\u00e4rdet fr\u00e4mst. D\u00e4rf\u00f6r oroar det oss n\u00e4r vi ser hur v\u00e4lf\u00e4rden sviker. Vi kristdemokrater driver inte ett parti f\u00f6r v\u00e5r egen skull. Vi jobbar f\u00f6r ett b\u00e4ttre Sverige och Gotland, d\u00e4r goda v\u00e4rderingar och tillit byggs genom relationer. 2018 ska bli det \u00e5r Read More","og_url":"https:\/\/wp.kristdemokraterna.se\/gotland\/arkiv\/val\/","og_site_name":"Kristdemokraterna Gotland","article_modified_time":"2020-12-10T13:32:55+00:00","og_image":[{"url":"http:\/\/wp.kristdemokraterna.se\/gotland\/files\/2018\/08\/grupp_webb_2-540x283.jpg","type":"","width":"","height":""}],"twitter_card":"summary_large_image","twitter_misc":{"Ber\u00e4knad l\u00e4stid":"2 minuter"},"schema":{"@context":"https:\/\/schema.org","@graph":[{"@type":"WebPage","@id":"https:\/\/wp.kristdemokraterna.se\/gotland\/arkiv\/val\/","url":"https:\/\/wp.kristdemokraterna.se\/gotland\/arkiv\/val\/","name":"Val 2018 - Kristdemokraterna Gotland","isPartOf":{"@id":"https:\/\/wp.kristdemokraterna.se\/gotland\/#website"},"primaryImageOfPage":{"@id":"https:\/\/wp.kristdemokraterna.se\/gotland\/arkiv\/val\/#primaryimage"},"image":{"@id":"https:\/\/wp.kristdemokraterna.se\/gotland\/arkiv\/val\/#primaryimage"},"thumbnailUrl":"http:\/\/wp.kristdemokraterna.se\/gotland\/files\/2018\/08\/grupp_webb_2-540x283.jpg","datePublished":"2017-08-10T12:02:52+00:00","dateModified":"2020-12-10T13:32:55+00:00","breadcrumb":{"@id":"https:\/\/wp.kristdemokraterna.se\/gotland\/arkiv\/val\/#breadcrumb"},"inLanguage":"sv-SE","potentialAction":[{"@type":"ReadAction","target":["https:\/\/wp.kristdemokraterna.se\/gotland\/arkiv\/val\/"]}]},{"@type":"ImageObject","inLanguage":"sv-SE","@id":"https:\/\/wp.kristdemokraterna.se\/gotland\/arkiv\/val\/#primaryimage","url":"http:\/\/wp.kristdemokraterna.se\/gotland\/files\/2018\/08\/grupp_webb_2-540x283.jpg","contentUrl":"http:\/\/wp.kristdemokraterna.se\/gotland\/files\/2018\/08\/grupp_webb_2-540x283.jpg"},{"@type":"BreadcrumbList","@id":"https:\/\/wp.kristdemokraterna.se\/gotland\/arkiv\/val\/#breadcrumb","itemListElement":[{"@type":"ListItem","position":1,"name":"Hem","item":"https:\/\/wp.kristdemokraterna.se\/gotland\/"},{"@type":"ListItem","position":2,"name":"Arkiv","item":"https:\/\/wp.kristdemokraterna.se\/gotland\/arkiv\/"},{"@type":"ListItem","position":3,"name":"Val 2018"}]},{"@type":"WebSite","@id":"https:\/\/wp.kristdemokraterna.se\/gotland\/#website","url":"https:\/\/wp.kristdemokraterna.se\/gotland\/","name":"Kristdemokraterna Gotland","description":"Kristdemokraterna p\u00e5 Gotland","inLanguage":"sv-SE"}]}},"_links":{"self":[{"href":"https:\/\/wp.kristdemokraterna.se\/gotland\/wp-json\/wp\/v2\/pages\/455","targetHints":{"allow":["GET"]}}],"collection":[{"href":"https:\/\/wp.kristdemokraterna.se\/gotland\/wp-json\/wp\/v2\/pages"}],"about":[{"href":"https:\/\/wp.kristdemokraterna.se\/gotland\/wp-json\/wp\/v2\/types\/page"}],"author":[{"embeddable":true,"href":"https:\/\/wp.kristdemokraterna.se\/gotland\/wp-json\/wp\/v2\/users\/422"}],"replies":[{"embeddable":true,"href":"https:\/\/wp.kristdemokraterna.se\/gotland\/wp-json\/wp\/v2\/comments?post=455"}],"version-history":[{"count":14,"href":"https:\/\/wp.kristdemokraterna.se\/gotland\/wp-json\/wp\/v2\/pages\/455\/revisions"}],"predecessor-version":[{"id":632,"href":"https:\/\/wp.kristdemokraterna.se\/gotland\/wp-json\/wp\/v2\/pages\/455\/revisions\/632"}],"up":[{"embeddable":true,"href":"https:\/\/wp.kristdemokraterna.se\/gotland\/wp-json\/wp\/v2\/pages\/851"}],"wp:attachment":[{"href":"https:\/\/wp.kristdemokraterna.se\/gotland\/wp-json\/wp\/v2\/media?parent=455"}],"curies":[{"name":"wp","href":"https:\/\/api.w.org\/{rel}","templated":true}]}}