{"id":566,"date":"2018-06-06T21:00:42","date_gmt":"2018-06-06T19:00:42","guid":{"rendered":"http:\/\/wp.kristdemokraterna.se\/gotland\/?page_id=566"},"modified":"2020-12-10T14:36:47","modified_gmt":"2020-12-10T13:36:47","slug":"valprogram-2018","status":"publish","type":"page","link":"https:\/\/wp.kristdemokraterna.se\/gotland\/arkiv\/val\/valprogram-2018\/","title":{"rendered":"Valprogram 2018"},"content":{"rendered":"<p>&nbsp;<\/p>\n<p><strong>Barn, familj och skola<\/strong><\/p>\n<p>Familjer kan se olika ut, men \u00e4r alltid viktiga. Trygga familjer och andra n\u00e4ra gemenskaper \u00e4r en f\u00f6ruts\u00e4ttning f\u00f6r ett v\u00e4l fungerande samh\u00e4lle. V\u00e5r utg\u00e5ngspunkt \u00e4r att familjen sj\u00e4lv s\u00e5 l\u00e5ngt som m\u00f6jligt ska ha makt att utforma sin egen vardag s\u00e5 att stress, tidsbrist och upplevelser av otillr\u00e4cklighet motverkas. Det offentligas uppgift \u00e4r att ge st\u00f6d i detta.<\/p>\n<p>\u2022 Kommunala och enskilda f\u00f6rskolor och skolor ska ges likv\u00e4rdiga f\u00f6ruts\u00e4ttningar, s\u00e5v\u00e4l ekonomiskt som verksamhetsm\u00e4ssigt.<br \/>\n\u2022 Storleken p\u00e5 barngrupper i f\u00f6rskolan ska vara max 12 barn i sm\u00e5barnsgrupper (1-3 \u00e5r) och max 15 barn i \u00f6vriga grupper.<br \/>\n\u2022 Alternativ barnomsorg, till exempel pedagogisk omsorg, ska erbjudas barn 1-12 \u00e5r.<br \/>\n\u2022 Familjer ska kunna utnyttja barnomsorgspengen f\u00f6r att ta hand om egna och anh\u00f6rigas barn.<br \/>\n\u2022 Region Gotland ska aktivt informera om m\u00f6jlighet till alternativ barnomsorg.<br \/>\n\u2022 I Region Gotlands skolor ska fysisk aktivitet st\u00e5 p\u00e5 schemat varje dag.<br \/>\n\u2022 Gymnasieskolan ska snabbt och aktivt f\u00f6lja upp de elever som har h\u00f6g fr\u00e5nvaro.<br \/>\n\u2022 Gymnasieskolan ska uppmuntra till ideellt engagemang i f\u00f6reningar och idrottsorganisationer.<br \/>\n\u2022 Gymnasieskolan ska ha ett n\u00e4ra samarbete med Gotlands n\u00e4ringsliv, exempelvis vad g\u00e4ller l\u00e4rlingsutbildningar.<\/p>\n<p><strong>V\u00e5rd och omsorg<\/strong><\/p>\n<p>\u00c4ldreomsorg ska pr\u00e4glas av trygghet, v\u00e4rdighet och delaktighet. V\u00e5r utg\u00e5ngspunkt \u00e4r att varje person, oavsett \u00e5lder, b\u00e4st k\u00e4nner sina egna behov och att m\u00f6jligheten till inflytande och valfrihet d\u00e4rf\u00f6r ska vara stor. Sjukv\u00e5rden ska erbjuda tillg\u00e4nglig och v\u00e4rdig v\u00e5rd av god kvalitet d\u00e4r h\u00e4lsofr\u00e4mjande och f\u00f6rebyggande v\u00e5rd prioriteras och \u00e4r en naturlig del.<\/p>\n<p>\u2022 Sk\u00e4rp v\u00e4rdighetsgarantierna \u2013 om erbjudande om plats i anpassat boende dr\u00f6jer mer \u00e4n 60 dagar ska full ers\u00e4ttning ges f\u00f6r anh\u00f6rigv\u00e5rd.<br \/>\n\u2022 Bygg trygghetsboenden f\u00f6r \u00e4ldre i Hemse och Slite.<br \/>\n\u2022 M\u00f6jligg\u00f6r matdistribution till \u00e4ldre p\u00e5 landsbygden.<br \/>\n\u2022 Inf\u00f6r funktionen Medicinskt ansvarig f\u00f6r rehabilitering (MAR) inom \u00e4ldreomsorgen.<br \/>\n\u2022 Antalet personer som ger omv\u00e5rdnad till en hemtj\u00e4nsttagare ska vara maximalt 10 personer p\u00e5 14 dagar.<br \/>\n\u2022 Skapa b\u00e4ttre f\u00f6ruts\u00e4ttningar f\u00f6r ideellt driven och id\u00e9buren v\u00e5rd och omsorg.<br \/>\n\u2022 Utveckla den palliativa v\u00e5rden f\u00f6r att garantera en v\u00e4rdig v\u00e5rd i livets slutskede.<br \/>\n\u2022 Inf\u00f6r Akademisk specialisttj\u00e4nstg\u00f6ring (AST) s\u00e5 att sjuksk\u00f6terskor som vidareutbildar sig till specialistsjuksk\u00f6terskor har likv\u00e4rdiga villkor som l\u00e4kare som genomg\u00e5r ST-utbildning.<br \/>\n\u2022 F\u00f6rst\u00e4rk karri\u00e4r- och utvecklingsm\u00f6jligheter f\u00f6r f\u00f6rlossningspersonal genom m\u00f6jlighet till specialistutbildning med bibeh\u00e5llen l\u00f6n.<br \/>\n\u2022 Utforma ett patienthotell d\u00e4r plats, i v\u00e4ntan p\u00e5 f\u00f6rlossning och annan h\u00e4lso- och sjukv\u00e5rd, kan erbjudas f\u00f6r personer som har l\u00e5ngt till lasarettet.<br \/>\n\u2022 Utveckla den v\u00e5rdn\u00e4ra servicen s\u00e5 att v\u00e5rd- och omsorgspersonal avlastas i arbetsuppgifter som r\u00f6r administration och service.<br \/>\n\u2022 Prim\u00e4rv\u00e5rden ska vara f\u00f6rsta linjens sjukv\u00e5rd f\u00f6r att ta emot och uppt\u00e4cka psykisk oh\u00e4lsa. Prim\u00e4rv\u00e5rden ska jobba mer aktivt f\u00f6r att identifiera psykisk oh\u00e4lsa och ge st\u00f6d till den som visar stressymtom.<br \/>\n\u2022 Inget barn ska v\u00e4nta mer \u00e4n 30 dagar p\u00e5 utredning inom barn- och ungdomspsykiatrin.<br \/>\n\u2022 G\u00f6r r\u00f6ntgen m\u00f6jlig vid v\u00e5rdcentralerna i Hemse och Slite.<br \/>\n\u2022 Alla personer \u00f6ver 75 \u00e5r ska erbjudas \u00e5rligen \u00e5terkommande h\u00e4lsosamtal och h\u00e4lsokontroll samt ges information om \u00e4ldreomsorg.<\/p>\n<p><strong>Trygghet och samh\u00e4llsgemenskap<\/strong><\/p>\n<p>Varje m\u00e4nniska har ett absolut och okr\u00e4nkbart v\u00e4rde och \u00e4r samtidigt unik vad g\u00e4ller beg\u00e5vning, intressen och f\u00f6ruts\u00e4ttningar. Det \u00e4r utg\u00e5ngspunkten f\u00f6r kristdemokratisk politik. Vi vill skapa ett samh\u00e4lle d\u00e4r medborgarna k\u00e4nner tillit till varandra och till samh\u00e4llets institutioner. H\u00e4r fyller det civila samh\u00e4llet en betydelsefull roll. I f\u00f6reningsengagemang fostras vi till tillit, ansvarstagande och civilkurage. Idrottsf\u00f6reningar, studief\u00f6rbund, scoutverksamhet, samfund och andra organisationer ska ha en betydande roll i att bedriva kultur- och fritidsverksamhet.<\/p>\n<p>\u2022 Det sociala arbetet ska ha fokus p\u00e5 att f\u00f6rebygga och hj\u00e4lpa personer att inte hamna i ett beroende av f\u00f6rs\u00f6rjningsst\u00f6d.<br \/>\n\u2022 F\u00f6rs\u00f6rjningsst\u00f6d ska kombineras med aktivitetskrav.<br \/>\n\u2022 N\u00e4tverket Tryggare Gotland ska forts\u00e4tta utvecklas f\u00f6r att st\u00e4rka det f\u00f6rebyggande och trygghetsskapande arbetet.<br \/>\n\u2022 Till varje grundskola ska det finnas en specifik polis knuten, som eleverna k\u00e4nner igen.<br \/>\n\u2022 SFI-undervisning ska kombineras med praktik.<br \/>\n\u2022 Samh\u00e4llsorienteringen f\u00f6r nyanl\u00e4nda ska inneh\u00e5lla omfattande undervisning om v\u00e4rderingar, j\u00e4mst\u00e4lldhet och sociala och etiska koder i Sverige.<br \/>\n\u2022 St\u00f6det till civilsamh\u00e4llet ska utformas s\u00e5 att det inte inskr\u00e4nker organisationernas sj\u00e4lvbest\u00e4mmande, f\u00f6rutsatt att organisationerna st\u00e5r upp f\u00f6r demokrati och m\u00e4nskliga r\u00e4ttigheter.<br \/>\n\u2022 Region Gotland ska \u00e5terinf\u00f6ra en fritidspeng som kan s\u00f6kas av barnfamiljer med f\u00f6rs\u00f6rjningsst\u00f6d.<\/p>\n<p><strong>Samh\u00e4llsplanering, milj\u00f6, n\u00e4ringsliv och ekonomi<\/strong><\/p>\n<p>Landsbygd har en viktig roll i samh\u00e4llsbyggandet. Service i form av v\u00e4gh\u00e5llning, sn\u00f6r\u00f6jning, belysning, skolor, v\u00e5rd, omsorg, bibliotek, kollektivtrafik och annan samh\u00e4llsservice \u00e4r n\u00f6dv\u00e4ndigt. Region Gotland ska ha l\u00e5ngsiktiga planer f\u00f6r utveckling av landsbygd, serviceorter och stad d\u00e4r f\u00f6rvaltarskapstanken \u00e4r b\u00e4rande.<\/p>\n<p>\u2022 Hela Gotland ska ha en v\u00e4l fungerande kollektivtrafik med t\u00e4t trafik p\u00e5 stomlinjer och smidiga anslutningar b\u00e5de p\u00e5 landet och i stan.<br \/>\n\u2022 Region Gotland ska uppmuntra och samverka med andra akt\u00f6rer f\u00f6r att bygga enkla bost\u00e4der enligt liknande koncept som Sabos Kombohus.<br \/>\n\u2022 GotlandsHem ska f\u00e5 i uppdrag att tillhandah\u00e5lla fler studentbost\u00e4der f\u00f6r \u00e5retruntboende.<br \/>\n\u2022 F\u00f6ruts\u00e4ttningar f\u00f6r bostadsbyggande ska ges p\u00e5 m\u00e5nga platser p\u00e5 Gotland, inte bara koncentrerat till Visby.<br \/>\n\u2022 Detaljplanearbetet ska prioriteras och gamla detaljplaner ers\u00e4ttas med nya d\u00e4r behov finns, till exempel i Hemse.<br \/>\n\u2022 Ett parkeringsd\u00e4ck ska byggas vid Visby lasarett.<br \/>\n\u2022 Region Gotland ska uppmuntra till h\u00e5llbara resvanor genom god tillg\u00e5ng till kollektivtrafik och trygga cykelv\u00e4gar.<br \/>\n\u2022 R\u00e5varorna i den mat som serveras inom Region Gotlands verksamheter ska vara producerad enligt regler i svensk lagstiftning.<br \/>\n\u2022 N\u00e4rproducerade livsmedel ska fr\u00e4mjas genom mindre omfattande upphandlingar f\u00f6r att fler och mindre leverant\u00f6rer ska kunna medverka.<br \/>\n\u2022 Region Gotlands reningsverk ska investera i teknik f\u00f6r att reducera l\u00e4kemedelsrester och andra sv\u00e5rrenade produkter.<br \/>\n\u2022 Region Gotlands service till f\u00f6retag och inv\u00e5nare ska tydligg\u00f6ras genom servicegarantier med besked om vilka effekterna blir f\u00f6r Region Gotland om garantierna inte uppfylls.<br \/>\n\u2022 Region Gotland ska utveckla samarbetet med n\u00e4ringslivet p\u00e5 hela Gotland.<\/p>\n<p><strong>Dessutom vill vi p\u00e5 ett nationellt plan<\/strong><\/p>\n<p>\u2022 F\u00f6rstatliga sjukhusv\u00e5rden.<br \/>\n\u2022 Garantera varje person \u00f6ver 85 \u00e5r plats i anpassat boende utan bist\u00e5ndsbed\u00f6mning.<br \/>\n\u2022 Utradera pension\u00e4rsskatten helt.<br \/>\n\u2022 F\u00f6rb\u00e4ttra barnfamiljers ekonomi.<br \/>\n\u2022 R\u00e4dda LSS!<\/p>\n","protected":false},"excerpt":{"rendered":"<p>&nbsp; Barn, familj och skola Familjer kan se olika ut, men \u00e4r alltid viktiga. Trygga familjer och andra n\u00e4ra gemenskaper \u00e4r en f\u00f6ruts\u00e4ttning f\u00f6r ett v\u00e4l fungerande samh\u00e4lle. V\u00e5r utg\u00e5ngspunkt \u00e4r att familjen sj\u00e4lv s\u00e5 l\u00e5ngt som m\u00f6jligt ska ha makt att utforma sin egen vardag s\u00e5 att stress, tidsbrist och upplevelser av otillr\u00e4cklighet motverkas. <a class=\"read-more-link\" href=\"https:\/\/wp.kristdemokraterna.se\/gotland\/arkiv\/val\/valprogram-2018\/\">Read More<\/a><\/p>\n","protected":false},"author":422,"featured_media":0,"parent":455,"menu_order":1,"comment_status":"closed","ping_status":"closed","template":"","meta":{"_acf_changed":false,"footnotes":""},"class_list":["post-566","page","type-page","status-publish","hentry"],"acf":[],"yoast_head":"<!-- This site is optimized with the Yoast SEO plugin v27.3 - https:\/\/yoast.com\/product\/yoast-seo-wordpress\/ -->\n<title>Valprogram 2018 - Kristdemokraterna Gotland<\/title>\n<meta name=\"robots\" content=\"index, follow, max-snippet:-1, max-image-preview:large, max-video-preview:-1\" \/>\n<link rel=\"canonical\" href=\"https:\/\/wp.kristdemokraterna.se\/gotland\/arkiv\/val\/valprogram-2018\/\" \/>\n<meta property=\"og:locale\" content=\"sv_SE\" \/>\n<meta property=\"og:type\" content=\"article\" \/>\n<meta property=\"og:title\" content=\"Valprogram 2018 - Kristdemokraterna Gotland\" \/>\n<meta property=\"og:description\" content=\"&nbsp; Barn, familj och skola Familjer kan se olika ut, men \u00e4r alltid viktiga. Trygga familjer och andra n\u00e4ra gemenskaper \u00e4r en f\u00f6ruts\u00e4ttning f\u00f6r ett v\u00e4l fungerande samh\u00e4lle. V\u00e5r utg\u00e5ngspunkt \u00e4r att familjen sj\u00e4lv s\u00e5 l\u00e5ngt som m\u00f6jligt ska ha makt att utforma sin egen vardag s\u00e5 att stress, tidsbrist och upplevelser av otillr\u00e4cklighet motverkas. Read More\" \/>\n<meta property=\"og:url\" content=\"https:\/\/wp.kristdemokraterna.se\/gotland\/arkiv\/val\/valprogram-2018\/\" \/>\n<meta property=\"og:site_name\" content=\"Kristdemokraterna Gotland\" \/>\n<meta property=\"article:modified_time\" content=\"2020-12-10T13:36:47+00:00\" \/>\n<meta name=\"twitter:card\" content=\"summary_large_image\" \/>\n<meta name=\"twitter:label1\" content=\"Ber\u00e4knad l\u00e4stid\" \/>\n\t<meta name=\"twitter:data1\" content=\"6 minuter\" \/>\n<script type=\"application\/ld+json\" class=\"yoast-schema-graph\">{\"@context\":\"https:\\\/\\\/schema.org\",\"@graph\":[{\"@type\":\"WebPage\",\"@id\":\"https:\\\/\\\/wp.kristdemokraterna.se\\\/gotland\\\/arkiv\\\/val\\\/valprogram-2018\\\/\",\"url\":\"https:\\\/\\\/wp.kristdemokraterna.se\\\/gotland\\\/arkiv\\\/val\\\/valprogram-2018\\\/\",\"name\":\"Valprogram 2018 - Kristdemokraterna Gotland\",\"isPartOf\":{\"@id\":\"https:\\\/\\\/wp.kristdemokraterna.se\\\/gotland\\\/#website\"},\"datePublished\":\"2018-06-06T19:00:42+00:00\",\"dateModified\":\"2020-12-10T13:36:47+00:00\",\"breadcrumb\":{\"@id\":\"https:\\\/\\\/wp.kristdemokraterna.se\\\/gotland\\\/arkiv\\\/val\\\/valprogram-2018\\\/#breadcrumb\"},\"inLanguage\":\"sv-SE\",\"potentialAction\":[{\"@type\":\"ReadAction\",\"target\":[\"https:\\\/\\\/wp.kristdemokraterna.se\\\/gotland\\\/arkiv\\\/val\\\/valprogram-2018\\\/\"]}]},{\"@type\":\"BreadcrumbList\",\"@id\":\"https:\\\/\\\/wp.kristdemokraterna.se\\\/gotland\\\/arkiv\\\/val\\\/valprogram-2018\\\/#breadcrumb\",\"itemListElement\":[{\"@type\":\"ListItem\",\"position\":1,\"name\":\"Hem\",\"item\":\"https:\\\/\\\/wp.kristdemokraterna.se\\\/gotland\\\/\"},{\"@type\":\"ListItem\",\"position\":2,\"name\":\"Arkiv\",\"item\":\"https:\\\/\\\/wp.kristdemokraterna.se\\\/gotland\\\/arkiv\\\/\"},{\"@type\":\"ListItem\",\"position\":3,\"name\":\"Val 2018\",\"item\":\"https:\\\/\\\/wp.kristdemokraterna.se\\\/gotland\\\/arkiv\\\/val\\\/\"},{\"@type\":\"ListItem\",\"position\":4,\"name\":\"Valprogram 2018\"}]},{\"@type\":\"WebSite\",\"@id\":\"https:\\\/\\\/wp.kristdemokraterna.se\\\/gotland\\\/#website\",\"url\":\"https:\\\/\\\/wp.kristdemokraterna.se\\\/gotland\\\/\",\"name\":\"Kristdemokraterna Gotland\",\"description\":\"Kristdemokraterna p\u00e5 Gotland\",\"inLanguage\":\"sv-SE\"}]}<\/script>\n<!-- \/ Yoast SEO plugin. -->","yoast_head_json":{"title":"Valprogram 2018 - Kristdemokraterna Gotland","robots":{"index":"index","follow":"follow","max-snippet":"max-snippet:-1","max-image-preview":"max-image-preview:large","max-video-preview":"max-video-preview:-1"},"canonical":"https:\/\/wp.kristdemokraterna.se\/gotland\/arkiv\/val\/valprogram-2018\/","og_locale":"sv_SE","og_type":"article","og_title":"Valprogram 2018 - Kristdemokraterna Gotland","og_description":"&nbsp; Barn, familj och skola Familjer kan se olika ut, men \u00e4r alltid viktiga. Trygga familjer och andra n\u00e4ra gemenskaper \u00e4r en f\u00f6ruts\u00e4ttning f\u00f6r ett v\u00e4l fungerande samh\u00e4lle. V\u00e5r utg\u00e5ngspunkt \u00e4r att familjen sj\u00e4lv s\u00e5 l\u00e5ngt som m\u00f6jligt ska ha makt att utforma sin egen vardag s\u00e5 att stress, tidsbrist och upplevelser av otillr\u00e4cklighet motverkas. Read More","og_url":"https:\/\/wp.kristdemokraterna.se\/gotland\/arkiv\/val\/valprogram-2018\/","og_site_name":"Kristdemokraterna Gotland","article_modified_time":"2020-12-10T13:36:47+00:00","twitter_card":"summary_large_image","twitter_misc":{"Ber\u00e4knad l\u00e4stid":"6 minuter"},"schema":{"@context":"https:\/\/schema.org","@graph":[{"@type":"WebPage","@id":"https:\/\/wp.kristdemokraterna.se\/gotland\/arkiv\/val\/valprogram-2018\/","url":"https:\/\/wp.kristdemokraterna.se\/gotland\/arkiv\/val\/valprogram-2018\/","name":"Valprogram 2018 - Kristdemokraterna Gotland","isPartOf":{"@id":"https:\/\/wp.kristdemokraterna.se\/gotland\/#website"},"datePublished":"2018-06-06T19:00:42+00:00","dateModified":"2020-12-10T13:36:47+00:00","breadcrumb":{"@id":"https:\/\/wp.kristdemokraterna.se\/gotland\/arkiv\/val\/valprogram-2018\/#breadcrumb"},"inLanguage":"sv-SE","potentialAction":[{"@type":"ReadAction","target":["https:\/\/wp.kristdemokraterna.se\/gotland\/arkiv\/val\/valprogram-2018\/"]}]},{"@type":"BreadcrumbList","@id":"https:\/\/wp.kristdemokraterna.se\/gotland\/arkiv\/val\/valprogram-2018\/#breadcrumb","itemListElement":[{"@type":"ListItem","position":1,"name":"Hem","item":"https:\/\/wp.kristdemokraterna.se\/gotland\/"},{"@type":"ListItem","position":2,"name":"Arkiv","item":"https:\/\/wp.kristdemokraterna.se\/gotland\/arkiv\/"},{"@type":"ListItem","position":3,"name":"Val 2018","item":"https:\/\/wp.kristdemokraterna.se\/gotland\/arkiv\/val\/"},{"@type":"ListItem","position":4,"name":"Valprogram 2018"}]},{"@type":"WebSite","@id":"https:\/\/wp.kristdemokraterna.se\/gotland\/#website","url":"https:\/\/wp.kristdemokraterna.se\/gotland\/","name":"Kristdemokraterna Gotland","description":"Kristdemokraterna p\u00e5 Gotland","inLanguage":"sv-SE"}]}},"_links":{"self":[{"href":"https:\/\/wp.kristdemokraterna.se\/gotland\/wp-json\/wp\/v2\/pages\/566","targetHints":{"allow":["GET"]}}],"collection":[{"href":"https:\/\/wp.kristdemokraterna.se\/gotland\/wp-json\/wp\/v2\/pages"}],"about":[{"href":"https:\/\/wp.kristdemokraterna.se\/gotland\/wp-json\/wp\/v2\/types\/page"}],"author":[{"embeddable":true,"href":"https:\/\/wp.kristdemokraterna.se\/gotland\/wp-json\/wp\/v2\/users\/422"}],"replies":[{"embeddable":true,"href":"https:\/\/wp.kristdemokraterna.se\/gotland\/wp-json\/wp\/v2\/comments?post=566"}],"version-history":[{"count":9,"href":"https:\/\/wp.kristdemokraterna.se\/gotland\/wp-json\/wp\/v2\/pages\/566\/revisions"}],"predecessor-version":[{"id":575,"href":"https:\/\/wp.kristdemokraterna.se\/gotland\/wp-json\/wp\/v2\/pages\/566\/revisions\/575"}],"up":[{"embeddable":true,"href":"https:\/\/wp.kristdemokraterna.se\/gotland\/wp-json\/wp\/v2\/pages\/455"}],"wp:attachment":[{"href":"https:\/\/wp.kristdemokraterna.se\/gotland\/wp-json\/wp\/v2\/media?parent=566"}],"curies":[{"name":"wp","href":"https:\/\/api.w.org\/{rel}","templated":true}]}}